{"id":3,"date":"2022-10-24T23:31:41","date_gmt":"2022-10-24T23:31:41","guid":{"rendered":"https:\/\/justmobs.com\/?page_id=3"},"modified":"2024-05-14T21:54:35","modified_gmt":"2024-05-14T21:54:35","slug":"zasady-ochrany-osobnich-udaju","status":"publish","type":"page","link":"https:\/\/justmobs.com\/cs\/zasady-ochrany-osobnich-udaju\/","title":{"rendered":"Z\u00e1sady ochrany osobn\u00edch \u00fadaj\u016f"},"content":{"rendered":"<p>Justmobs provozuje\u00a0<a href=\"https:\/\/gohow.co\/\" target=\"_blank\" rel=\"noreferrer noopener\"><\/a><a href=\"https:\/\/justmobs.com\/cs\/\">justmobs.com<\/a>\u00a0webov\u00e9 str\u00e1nky, kter\u00e9 SLU\u017dBU poskytuj\u00ed.<\/p>\n\n\n\n<p>Tato str\u00e1nka slou\u017e\u00ed k informov\u00e1n\u00ed n\u00e1v\u0161t\u011bvn\u00edk\u016f webov\u00fdch str\u00e1nek o na\u0161ich z\u00e1sad\u00e1ch se shroma\u017e\u010fov\u00e1n\u00edm, pou\u017e\u00edv\u00e1n\u00edm a zve\u0159ej\u0148ov\u00e1n\u00edm osobn\u00edch \u00fadaj\u016f, pokud se n\u011bkdo rozhodne pou\u017e\u00edvat na\u0161i slu\u017ebu, web mobzin.<\/p>\n\n\n\n<p>Pokud se rozhodnete pou\u017e\u00edvat na\u0161i Slu\u017ebu, souhlas\u00edte se shroma\u017e\u010fov\u00e1n\u00edm a pou\u017e\u00edv\u00e1n\u00edm informac\u00ed v souvislosti s t\u011bmito z\u00e1sadami. Osobn\u00ed \u00fadaje, kter\u00e9 shroma\u017e\u010fujeme, slou\u017e\u00ed k poskytov\u00e1n\u00ed a zlep\u0161ov\u00e1n\u00ed Slu\u017eby. Nebudeme pou\u017e\u00edvat ani sd\u00edlet va\u0161e informace s nik\u00fdm jin\u00fdm, ne\u017e je pops\u00e1no v t\u011bchto Z\u00e1sad\u00e1ch ochrany osobn\u00edch \u00fadaj\u016f.<\/p>\n\n\n\n<p>Pojmy pou\u017eit\u00e9 v t\u011bchto Z\u00e1sad\u00e1ch ochrany osobn\u00edch \u00fadaj\u016f maj\u00ed stejn\u00fd v\u00fdznam jako v na\u0161ich Podm\u00ednk\u00e1ch a podm\u00ednk\u00e1ch, kter\u00e9 jsou dostupn\u00e9 na\u00a0<a href=\"https:\/\/justmobs.com\/cs\/\">justmobs.com<\/a>, pokud nen\u00ed v t\u011bchto Z\u00e1sad\u00e1ch ochrany osobn\u00edch \u00fadaj\u016f uvedeno jinak.<\/p>\n\n\n\n<h2 class=\"wp-block-heading\">Shroma\u017e\u010fov\u00e1n\u00ed a pou\u017e\u00edv\u00e1n\u00ed informac\u00ed<\/h2>\n\n\n\n<p>Pro lep\u0161\u00ed z\u00e1\u017eitek z pou\u017e\u00edv\u00e1n\u00ed na\u0161\u00ed slu\u017eby m\u016f\u017eeme po\u017eadovat, abyste n\u00e1m poskytli ur\u010dit\u00e9 osobn\u00ed \u00fadaje, v\u010detn\u011b, ale nejen, va\u0161eho jm\u00e9na, telefonn\u00edho \u010d\u00edsla a po\u0161tovn\u00ed adresy. \u00dadaje, kter\u00e9 shroma\u017e\u010fujeme, budou pou\u017eity k tomu, abychom v\u00e1s kontaktovali nebo identifikovali.<\/p>\n\n\n\n<h2 class=\"wp-block-heading\">Log Data<\/h2>\n\n\n\n<p>Chceme v\u00e1s informovat, \u017ee kdykoli nav\u0161t\u00edv\u00edte na\u0161i Slu\u017ebu, shroma\u017e\u010fujeme informace, kter\u00e9 n\u00e1m zas\u00edl\u00e1 v\u00e1\u0161 prohl\u00ed\u017ee\u010d, kter\u00e9 se naz\u00fdvaj\u00ed Log Data. Tato data protokolu mohou obsahovat informace, jako je adresa internetov\u00e9ho protokolu (\u201cIP\u201d) va\u0161eho po\u010d\u00edta\u010de, verze prohl\u00ed\u017ee\u010de, str\u00e1nky na\u0161\u00ed slu\u017eby, kter\u00e9 nav\u0161t\u00edv\u00edte, \u010das a datum va\u0161\u00ed n\u00e1v\u0161t\u011bvy, \u010das str\u00e1ven\u00fd na t\u011bchto str\u00e1nk\u00e1ch a dal\u0161\u00ed statistiky.<\/p>\n\n\n\n<h2 class=\"wp-block-heading\">Soubory cookie<\/h2>\n\n\n\n<p>Cookies jsou soubory s mal\u00fdm mno\u017estv\u00edm dat, kter\u00e9 se b\u011b\u017en\u011b pou\u017e\u00edvaj\u00ed jako anonymn\u00ed jedine\u010dn\u00fd identifik\u00e1tor. Ty jsou odes\u00edl\u00e1ny do va\u0161eho prohl\u00ed\u017ee\u010de z webov\u00e9 str\u00e1nky, kterou nav\u0161t\u00edv\u00edte, a jsou ulo\u017eeny na pevn\u00e9m disku va\u0161eho po\u010d\u00edta\u010de.<\/p>\n\n\n\n<p>Na\u0161e webov\u00e9 str\u00e1nky pou\u017e\u00edvaj\u00ed tyto \u201ecookies\u201c ke shroma\u017e\u010fov\u00e1n\u00ed informac\u00ed a zlep\u0161ov\u00e1n\u00ed na\u0161ich slu\u017eeb. M\u00e1te mo\u017enost tyto soubory cookie p\u0159ijmout nebo odm\u00edtnout a v\u011bd\u011bt, kdy je soubor cookie odesl\u00e1n do va\u0161eho po\u010d\u00edta\u010de. Pokud se rozhodnete odm\u00edtnout na\u0161e soubory cookie, mo\u017en\u00e1 nebudete moci pou\u017e\u00edvat n\u011bkter\u00e9 \u010d\u00e1sti na\u0161\u00ed slu\u017eby.<\/p>\n\n\n\n<h2 class=\"wp-block-heading\">Poskytovatel\u00e9 slu\u017eeb<\/h2>\n\n\n\n<p>M\u016f\u017eeme zam\u011bstn\u00e1vat spole\u010dnosti a jednotlivce t\u0159et\u00edch stran z n\u00e1sleduj\u00edc\u00edch d\u016fvod\u016f:<\/p>\n\n\n\n<ul class=\"wp-block-list\">\n<li>Pro usnadn\u011bn\u00ed na\u0161\u00ed Slu\u017eby;<\/li>\n\n\n\n<li>poskytovat Slu\u017ebu na\u0161\u00edm jm\u00e9nem;<\/li>\n\n\n\n<li>K prov\u00e1d\u011bn\u00ed slu\u017eeb souvisej\u00edc\u00edch se slu\u017ebou; nebo<\/li>\n\n\n\n<li>Abychom n\u00e1m pomohli analyzovat, jak je na\u0161e slu\u017eba pou\u017e\u00edv\u00e1na.<\/li>\n<\/ul>\n\n\n\n<p>Chceme informovat u\u017eivatele na\u0161ich slu\u017eeb, \u017ee tyto t\u0159et\u00ed strany maj\u00ed p\u0159\u00edstup k va\u0161im Osobn\u00edm \u00fadaj\u016fm. D\u016fvodem je pln\u011bn\u00ed jim sv\u011b\u0159en\u00fdch \u00fakol\u016f na\u0161\u00edm jm\u00e9nem. Jsou v\u0161ak povinni tyto informace nezve\u0159ej\u0148ovat ani pou\u017e\u00edvat k \u017e\u00e1dn\u00e9mu jin\u00e9mu \u00fa\u010delu.<\/p>\n\n\n\n<h2 class=\"wp-block-heading\">Bezpe\u010dnostn\u00ed<\/h2>\n\n\n\n<p>V\u00e1\u017e\u00edme si va\u0161\u00ed d\u016fv\u011bry, \u017ee n\u00e1m poskytujete va\u0161e osobn\u00ed \u00fadaje, a proto se sna\u017e\u00edme pou\u017e\u00edvat komer\u010dn\u011b p\u0159ijateln\u00e9 prost\u0159edky k jejich ochran\u011b. Pamatujte v\u0161ak, \u017ee \u017e\u00e1dn\u00fd zp\u016fsob p\u0159enosu p\u0159es internet nebo zp\u016fsob elektronick\u00e9ho ukl\u00e1d\u00e1n\u00ed nen\u00ed 100% bezpe\u010dn\u00fd a spolehliv\u00fd a nem\u016f\u017eeme zaru\u010dit jeho absolutn\u00ed bezpe\u010dnost.<\/p>\n\n\n\n<h2 class=\"wp-block-heading\">Odkazy na jin\u00e9 str\u00e1nky<\/h2>\n\n\n\n<p>Na\u0161e slu\u017eba m\u016f\u017ee obsahovat odkazy na jin\u00e9 str\u00e1nky. Pokud kliknete na odkaz t\u0159et\u00ed strany, budete p\u0159esm\u011brov\u00e1ni na dan\u00fd web. Upozor\u0148ujeme, \u017ee tyto extern\u00ed str\u00e1nky neprovozujeme. Proto v\u00e1m d\u016frazn\u011b doporu\u010dujeme, abyste si prostudovali Z\u00e1sady ochrany osobn\u00edch \u00fadaj\u016f t\u011bchto webov\u00fdch str\u00e1nek. Nem\u00e1me \u017e\u00e1dnou kontrolu a nep\u0159eb\u00edr\u00e1me \u017e\u00e1dnou odpov\u011bdnost za obsah, z\u00e1sady ochrany osobn\u00edch \u00fadaj\u016f nebo postupy jak\u00fdchkoli str\u00e1nek nebo slu\u017eeb t\u0159et\u00edch stran.<\/p>\n\n\n\n<p>Soukrom\u00ed d\u011bt\u00ed<\/p>\n\n\n\n<p>Na\u0161e slu\u017eby neoslovuj\u00ed nikoho mlad\u0161\u00edho 13 let. V\u011bdom\u011b neshroma\u017e\u010fujeme osobn\u00ed \u00fadaje od d\u011bt\u00ed mlad\u0161\u00edch 13 let. V p\u0159\u00edpad\u011b, \u017ee zjist\u00edme, \u017ee n\u00e1m osobn\u00ed \u00fadaje poskytlo d\u00edt\u011b mlad\u0161\u00ed 13 let, okam\u017eit\u011b je sma\u017eeme z na\u0161ich server\u016f. Pokud jste rodi\u010d nebo opatrovn\u00edk a v\u00edte, \u017ee n\u00e1m va\u0161e d\u00edt\u011b poskytlo osobn\u00ed \u00fadaje, kontaktujte n\u00e1s, abychom mohli prov\u00e9st pot\u0159ebn\u00e9 kroky.<\/p>\n\n\n\n<h2 class=\"wp-block-heading\">Zm\u011bny t\u011bchto z\u00e1sad ochrany osobn\u00edch \u00fadaj\u016f<\/h2>\n\n\n\n<p>Na\u0161e Z\u00e1sady ochrany osobn\u00edch \u00fadaj\u016f m\u016f\u017eeme \u010das od \u010dasu aktualizovat. Proto v\u00e1m doporu\u010dujeme, abyste na t\u00e9to str\u00e1nce pravideln\u011b kontrolovali jak\u00e9koli zm\u011bny. O jak\u00fdchkoli zm\u011bn\u00e1ch v\u00e1s budeme informovat zve\u0159ejn\u011bn\u00edm nov\u00fdch Z\u00e1sad ochrany osobn\u00edch \u00fadaj\u016f na t\u00e9to str\u00e1nce. Tyto zm\u011bny jsou \u00fa\u010dinn\u00e9 okam\u017eit\u011b po jejich zve\u0159ejn\u011bn\u00ed na t\u00e9to str\u00e1nce.<\/p>\n\n\n\n<h2 class=\"wp-block-heading\">Kontaktujte n\u00e1s<\/h2>\n\n\n\n<p>M\u00e1te-li jak\u00e9koli dotazy nebo n\u00e1vrhy t\u00fdkaj\u00edc\u00ed se na\u0161ich Z\u00e1sad ochrany osobn\u00edch \u00fadaj\u016f, nev\u00e1hejte n\u00e1s kontaktovat.<\/p>","protected":false},"excerpt":{"rendered":"<p>Justmobs operates the\u00a0justmobs.com\u00a0website, which provides the SERVICE. This page is used to inform website visitors regarding our policies with the collection, use, and disclosure of Personal Information if anyone decided to use our Service, the mobzin website. If you choose to use our Service, then you agree to the collection and use of information in [&hellip;]<\/p>\n","protected":false},"author":4,"featured_media":0,"parent":0,"menu_order":0,"comment_status":"closed","ping_status":"open","template":"","meta":{"footnotes":""},"class_list":["post-3","page","type-page","status-publish"],"_links":{"self":[{"href":"https:\/\/justmobs.com\/cs\/wp-json\/wp\/v2\/pages\/3","targetHints":{"allow":["GET"]}}],"collection":[{"href":"https:\/\/justmobs.com\/cs\/wp-json\/wp\/v2\/pages"}],"about":[{"href":"https:\/\/justmobs.com\/cs\/wp-json\/wp\/v2\/types\/page"}],"author":[{"embeddable":true,"href":"https:\/\/justmobs.com\/cs\/wp-json\/wp\/v2\/users\/4"}],"replies":[{"embeddable":true,"href":"https:\/\/justmobs.com\/cs\/wp-json\/wp\/v2\/comments?post=3"}],"version-history":[{"count":2,"href":"https:\/\/justmobs.com\/cs\/wp-json\/wp\/v2\/pages\/3\/revisions"}],"predecessor-version":[{"id":5125,"href":"https:\/\/justmobs.com\/cs\/wp-json\/wp\/v2\/pages\/3\/revisions\/5125"}],"wp:attachment":[{"href":"https:\/\/justmobs.com\/cs\/wp-json\/wp\/v2\/media?parent=3"}],"curies":[{"name":"wp","href":"https:\/\/api.w.org\/{rel}","templated":true}]}}