{"id":4507,"date":"2021-01-15T11:45:26","date_gmt":"2021-01-15T11:45:26","guid":{"rendered":"https:\/\/smartmag.theme-sphere.com\/health\/typography-post-elements\/"},"modified":"2021-01-15T11:45:26","modified_gmt":"2021-01-15T11:45:26","slug":"prvky-typografickeho-prispevku","status":"publish","type":"page","link":"https:\/\/justmobs.com\/cs\/prvky-typografickeho-prispevku\/","title":{"rendered":"Prvky typografie"},"content":{"rendered":"<p>Tato str\u00e1nka zobrazuje typografii a textov\u00e9 prvky p\u0159\u00edsp\u011bvk\u016f a str\u00e1nek ve v\u00fdchoz\u00edm editoru WordPressu. Dal\u0161\u00ed prvky si m\u016f\u017eete prohl\u00e9dnout v <a href=\"https:\/\/smartmag.theme-sphere.com\/good-news\/welcome-to-the-future-of-wordpress-with-gutenberg\/\" target=\"_blank\" rel=\"noreferrer noopener\"><strong>Gutenbergovy styly<\/strong><\/a> zve\u0159ejnit.<\/p>\n\n\n\n<p>Fotobudka s cvi\u010den\u00edm, ta\u0161ka ve Stumptownu, Banksy, elitn\u00ed mal\u00e1 d\u00e1vka freegan sed. \u0158emesln\u00e9 pivo elitn\u00ed seitan. <a href=\"#\">cvi\u010den\u00ed<\/a>, fotobudka a 8bitov\u00e9 kale chips proident chillwave deep v laborum.<\/p>\n\n\n\n<hr class=\"wp-block-separator is-style-wide\"\/>\n\n\n\n<p><strong>1. V\u00fdchoz\u00ed citace<\/strong><\/p>\n\n\n\n<figure class=\"wp-block-pullquote\"><blockquote><p>Finan\u010dn\u011b gramotn\u00e1 je jen \u010dtvrtina mlad\u00fdch dosp\u011bl\u00fdch. Nechcete je zahltit hrozn\u00fdmi radami.<\/p><cite>James Matthews<\/cite><\/blockquote><\/figure>\n\n\n\n<p>Norm\u00e1ln\u00ed styl pullquote je k dispozici pouze v editoru Gutenberg.<\/p>\n\n\n\n<p><strong>2. Pullquotes Modern<\/strong><\/p>\n\n\n\n<p>Modern\u00ed citace je k dispozici v klasick\u00e9m i Gutenberg editoru. V Gutenberg editoru je k dispozici jako velk\u00e1 varianta stylu, zat\u00edmco v klasick\u00e9m editoru je k dispozici v sekci Dal\u0161\u00ed styly jako Modern\u00ed citace.<\/p>\n\n\n\n<figure class=\"wp-block-pullquote is-style-modern\"><blockquote><p>Lid\u00e9 si mysl\u00ed, \u017ee soust\u0159ed\u011bn\u00ed znamen\u00e1 \u0159\u00edct ano v\u011bci, na kterou se mus\u00edte soust\u0159edit. Ale to v\u016fbec nen\u00ed ono. Znamen\u00e1 to \u0159\u00edct ne stovce dal\u0161\u00edch dobr\u00fdch n\u00e1pad\u016f, kter\u00e9 existuj\u00ed. Mus\u00edte si pe\u010dliv\u011b vybrat.<\/p><cite>Shane Doe<\/cite><\/blockquote><\/figure>\n\n\n\n<p><strong>3. Barevn\u00e9 citace<\/strong><\/p>\n\n\n\n<p>S touto mo\u017enost\u00ed v Gutenbergu m\u016f\u017eete pou\u017e\u00edt libovolnou z barevn\u00fdch mo\u017enost\u00ed jak na pozad\u00ed, tak na barvu textu.<\/p>\n\n\n\n<figure class=\"wp-block-pullquote has-background has-vivid-red-background-color is-style-solid-color\" style=\"background-color:#00789a\"><blockquote class=\"has-text-color has-white-color\"><p>Finan\u010dn\u011b gramotn\u00e1 je jen \u010dtvrtina mlad\u00fdch dosp\u011bl\u00fdch. Nechcete je zahltit hrozn\u00fdmi radami.<\/p><cite><span class=\"has-inline-color has-white-color\">Shane Doe<\/span><\/cite><\/blockquote><\/figure>\n\n\n\n<p><strong>4. V\u00fdchoz\u00ed nastaven\u00ed blokov\u00e9 citace<\/strong><\/p>\n\n\n\n<blockquote class=\"wp-block-quote is-layout-flow wp-block-quote-is-layout-flow\"><p>Lid\u00e9 si mysl\u00ed, \u017ee soust\u0159ed\u011bn\u00ed znamen\u00e1 \u0159\u00edct ano v\u011bci, na kterou se mus\u00edte soust\u0159edit. Ale to v\u016fbec nen\u00ed ono. Znamen\u00e1 to \u0159\u00edct ne stovce dal\u0161\u00edch dobr\u00fdch n\u00e1pad\u016f, kter\u00e9 existuj\u00ed. Mus\u00edte si pe\u010dliv\u011b vybrat.<\/p><cite>Shane Doe<\/cite><\/blockquote>\n\n\n\n<p><strong>5. Velk\u00fd blokov\u00fd cit\u00e1t<\/strong><\/p>\n\n\n\n<blockquote class=\"wp-block-quote is-style-large is-layout-flow wp-block-quote-is-layout-flow\"><p>Lid\u00e9 si mysl\u00ed, \u017ee soust\u0159ed\u011bn\u00ed znamen\u00e1 \u0159\u00edct ano v\u011bci, na kterou se mus\u00edte soust\u0159edit. Ale to v\u016fbec neznamen\u00e1. <\/p><\/blockquote>\n\n\n\n<p>Tonx cray commodo, cvi\u010den\u00ed, o kter\u00e9m jste pravd\u011bpodobn\u011b nesly\u0161eli, vousy, kredit. Selfie pro iPhone na Kickstarteru, pit\u00ed octa, d\u017e\u00ednov\u00e9 kra\u0165asy, fixie consequat.<\/p>\n\n\n\n<hr class=\"wp-block-separator is-style-dots\"\/>\n\n\n\n<figure class=\"wp-block-pullquote alignright\"><blockquote><p>Zde je citace zarovnan\u00e1 vpravo, kter\u00e1 ukazuje n\u011bco z \u010dl\u00e1nku.<\/p><cite>Shane Doe<\/cite><\/blockquote><\/figure>\n\n\n\n<p><strong>Citace zarovn\u00e1na vpravo<\/strong>\u201eDoktor Spectrum Kilowog Lieberman Flash Gordon Wasp R\u016f\u017ee Guy Gardner Deadpool Spawn Master Chief Guardian, Magog Ant-Man.\u201c Metamorpho Trey Langstrom Red Guardian, \u201eHellcat, Jane Foster Betty Brant Stacy x Hellcat Emma Frost Inertia Toad Quasar?\u201c Deadpool, \u201eFancy Dan Crimson Crusader, Carnage White queen Hyperion.\u201c <\/p>\n\n\n\n<p>Arcanna kapit\u00e1n It\u00e1lie v\u011bc Phoenix Jennifer Kale Robbie Burchill, \u201eR\u016f\u017eov\u00fd pot\u011br, jednoro\u017eec Elektra.\u201c<\/p>\n\n\n\n<h2 class=\"wp-block-heading\">Norm\u00e1ln\u00ed seznamy<\/h2>\n\n\n\n<p>Fotobudka s cvi\u010den\u00edm, ta\u0161ka ve Stumptownu, Banksy, elitn\u00ed mal\u00e1 d\u00e1vka freegan sed. \u0158emesln\u00e9 pivo elitn\u00ed seitan.&nbsp;<a href=\"#\">cvi\u010den\u00ed<\/a>, fotobudka a 8bitov\u00e9 kale chips proident chillwave deep v laborum.<\/p>\n\n\n\n<ul class=\"wp-block-list\"><li>Aliquam erat volutpat<\/li><li>Cvi\u010den\u00ed fotobudka stumptown tote bag Banksy<\/li><li>Jednozlo\u017ekov\u00e1 k\u00e1va Tempor duis<\/li><li>Magnis dis porodn\u00ed m\u011bs\u00edce<\/li><\/ul>\n\n\n\n<h2 class=\"wp-block-heading\">\u010c\u00edslovan\u00e9 seznamy<\/h2>\n\n\n\n<p>Pl\u00e9d ve stylu Stumptown, mini vousy z bionafty, High Life, incidence, retro, udr\u017eiteln\u00fd styl z 90. let, Echo Park, Tumblr. Fotobudka a 8bitov\u00e9 kapustov\u00e9 chipsy, proident chillwave, deep v laborum.<\/p>\n\n\n\n<ol class=\"wp-block-list\"><li>Aliquam erat volutpat<\/li><li>Cvi\u010den\u00ed fotobudka stumptown tote bag Banksy<\/li><li>Jednozlo\u017ekov\u00e1 k\u00e1va Tempor duis<\/li><li>Magnis dis porodn\u00ed m\u011bs\u00edce<\/li><\/ol>\n\n\n\n<h1 class=\"wp-block-heading\">Nadpis 1<\/h1>\n\n\n\n<p>Meh synth Schlitz, dv\u011b single-origin k\u00e1vy Tempor a ledvinka next level ethnic fingerstache fanny bag nostrud.<\/p>\n\n\n\n<h2 class=\"wp-block-heading\">Nadpis 2<\/h2>\n\n\n\n<p>Sed ut perspiciatis unde omnis iste natus error sit voluptatem accusantium doloremque laudantium, totam rem aperiam, eaque ipsa.<\/p>\n\n\n\n<h3 class=\"wp-block-heading\">Nadpis 3<\/h3>\n\n\n\n<p>Sed ut perspiciatis unde omnis iste natus error sit voluptatem accusantium doloremque laudantium, totam rem aperiam, eaque ipsa.<\/p>\n\n\n\n<h4 class=\"wp-block-heading\">Nadpis 4<\/h4>\n\n\n\n<p>Cvi\u010den\u00ed fotobudka Stumptown ta\u0161ka Banksy, elitn\u00ed mal\u00e1 d\u00e1vka freegan sed.<\/p>\n\n\n\n<h5 class=\"wp-block-heading\">Nadpis 5<\/h5>\n\n\n\n<p>Fotobudka animace 8bitov\u00e1 Hella, PBR 3 vlk m\u011bs\u00ed\u010dn\u00ed vousy Helvetica.<\/p>\n\n\n\n<h6 class=\"wp-block-heading\">Nadpis 6<\/h6>\n\n\n\n<p>Meh synth Schlitz, dv\u011b single-origin k\u00e1vy Tempor a ledvinka next level ethnic fingerstache fanny bag nostrud.<\/p>\n\n\n\n<h3 class=\"wp-block-heading\">B\u011b\u017en\u00e9 z\u00e1kladn\u00ed styly<\/h3>\n\n\n\n<p>Cvi\u010dn\u00e1 fotografie&nbsp;<strong>tu\u010dn\u00fd text<\/strong>&nbsp;ta\u0161ka&nbsp;<em>kurz\u00edva<\/em>, elitn\u00ed mal\u00e9 barevn\u00e9 sed.&nbsp;<a href=\"#\">Odkaz zde<\/a>&nbsp;elitn\u00ed seitan&nbsp;<a href=\"#\">cvi\u010den\u00ed<\/a>, fotografie&nbsp;<del>p\u0159e\u0161krtnut\u00e9<\/del>&nbsp;et 8bitov\u00fd k\u00f3d v k\u00f3du kapusty:&nbsp;<code>strip_tags()<\/code>&nbsp;a jdeme d\u00e1l.<\/p>\n\n\n\n<pre class=\"wp-block-preformatted\">k\u00f3d funkce_vzorek($text) { $text = v\u00fdpo\u010det_vzorek($text); vr\u00e1tit $text; }<\/pre>\n\n\n\n<p class=\"has-drop-cap\">P\u0159\u00edklad s inici\u00e1lami zde. \u0160arlatov\u00e1 \u010darod\u011bjnice, Fenris, kolos, lockjaw, Wolverine, abomination, the new Sentinels, tul\u00e1k, z\u00e1zra\u010dn\u00e1 d\u00edvka, dreadknight, Shriek Ahab. Temn\u00fd mu\u017e, kr\u00e1l st\u00edn\u016f, Ghost Rider, Falcon, neuropat, tvar Montany, Baron Zemo?<\/p>\n\n\n\n<p>Hled\u00e1te dal\u0161\u00ed styly a prvky? Viz <a href=\"https:\/\/smartmag.theme-sphere.com\/good-news\/welcome-to-the-future-of-wordpress-with-gutenberg\/\" target=\"_blank\" rel=\"noreferrer noopener\"><strong>Gutenbergovy styly<\/strong><\/a> zve\u0159ejnit.<\/p>","protected":false},"excerpt":{"rendered":"<p>This page shows typography and text related elements of the posts and pages in the default WordPress editor. You can see other elements in the Gutenberg Styles post. Exercitation photo booth stumptown tote bag Banksy, elit small batch freegan sed. Craft beer elit seitan exercitation, photo booth et 8-bit kale chips proident chillwave deep v [&hellip;]<\/p>\n","protected":false},"author":4,"featured_media":0,"parent":0,"menu_order":0,"comment_status":"closed","ping_status":"closed","template":"","meta":{"footnotes":""},"class_list":["post-4507","page","type-page","status-publish"],"_links":{"self":[{"href":"https:\/\/justmobs.com\/cs\/wp-json\/wp\/v2\/pages\/4507","targetHints":{"allow":["GET"]}}],"collection":[{"href":"https:\/\/justmobs.com\/cs\/wp-json\/wp\/v2\/pages"}],"about":[{"href":"https:\/\/justmobs.com\/cs\/wp-json\/wp\/v2\/types\/page"}],"author":[{"embeddable":true,"href":"https:\/\/justmobs.com\/cs\/wp-json\/wp\/v2\/users\/4"}],"replies":[{"embeddable":true,"href":"https:\/\/justmobs.com\/cs\/wp-json\/wp\/v2\/comments?post=4507"}],"version-history":[{"count":0,"href":"https:\/\/justmobs.com\/cs\/wp-json\/wp\/v2\/pages\/4507\/revisions"}],"wp:attachment":[{"href":"https:\/\/justmobs.com\/cs\/wp-json\/wp\/v2\/media?parent=4507"}],"curies":[{"name":"wp","href":"https:\/\/api.w.org\/{rel}","templated":true}]}}