{"id":3,"date":"2022-10-24T23:31:41","date_gmt":"2022-10-24T23:31:41","guid":{"rendered":"https:\/\/justmobs.com\/?page_id=3"},"modified":"2024-05-14T21:54:35","modified_gmt":"2024-05-14T21:54:35","slug":"datenschutzrichtlinie","status":"publish","type":"page","link":"https:\/\/justmobs.com\/de\/datenschutzrichtlinie\/","title":{"rendered":"Datenschutzrichtlinie"},"content":{"rendered":"<p>Justmobs betreibt die\u00a0<a href=\"https:\/\/gohow.co\/\" target=\"_blank\" rel=\"noreferrer noopener\"><\/a><a href=\"https:\/\/justmobs.com\/de\/\">justmobs.com<\/a>\u00a0Website, die den SERVICE bereitstellt.<\/p>\n\n\n\n<p>Diese Seite wird verwendet, um Website-Besucher \u00fcber unsere Richtlinien zur Erfassung, Verwendung und Offenlegung personenbezogener Daten zu informieren, falls sich jemand f\u00fcr die Nutzung unseres Dienstes, der Mobzin-Website, entscheidet.<\/p>\n\n\n\n<p>Wenn Sie sich f\u00fcr die Nutzung unseres Dienstes entscheiden, stimmen Sie der Erfassung und Nutzung von Informationen im Zusammenhang mit dieser Richtlinie zu. Die von uns erfassten personenbezogenen Daten werden zur Bereitstellung und Verbesserung des Dienstes verwendet. Wir werden Ihre Daten nicht verwenden oder an Dritte weitergeben, au\u00dfer wie in dieser Datenschutzrichtlinie beschrieben.<\/p>\n\n\n\n<p>Die in dieser Datenschutzrichtlinie verwendeten Begriffe haben die gleiche Bedeutung wie in unseren Allgemeinen Gesch\u00e4ftsbedingungen, die unter abrufbar sind\u00a0<a href=\"https:\/\/justmobs.com\/de\/\">justmobs.com<\/a>, sofern in dieser Datenschutzrichtlinie nichts anderes definiert ist.<\/p>\n\n\n\n<h2 class=\"wp-block-heading\">Sammlung und Nutzung von Informationen<\/h2>\n\n\n\n<p>F\u00fcr ein besseres Erlebnis bei der Nutzung unseres Dienstes kann es sein, dass wir Sie auffordern, uns bestimmte pers\u00f6nlich identifizierbare Informationen zur Verf\u00fcgung zu stellen, einschlie\u00dflich, aber nicht beschr\u00e4nkt auf, Ihren Namen, Ihre Telefonnummer und Ihre Postanschrift. Die von uns erfassten Informationen werden dazu verwendet, Sie zu kontaktieren oder zu identifizieren.<\/p>\n\n\n\n<h2 class=\"wp-block-heading\">Logdaten<\/h2>\n\n\n\n<p>Wir m\u00f6chten Sie dar\u00fcber informieren, dass wir bei jedem Besuch unseres Dienstes Informationen sammeln, die Ihr Browser an uns sendet, sogenannte Protokolldaten. Diese Protokolldaten k\u00f6nnen Informationen wie die Internetprotokolladresse (\u201eIP\u201c) Ihres Computers, die Browserversion, die von Ihnen besuchten Seiten unseres Dienstes, die Uhrzeit und das Datum Ihres Besuchs, die auf diesen Seiten verbrachte Zeit und andere Statistiken enthalten.<\/p>\n\n\n\n<h2 class=\"wp-block-heading\">Kekse<\/h2>\n\n\n\n<p>Cookies sind Dateien mit kleinen Datenmengen, die \u00fcblicherweise eine anonyme eindeutige Kennung verwenden. Diese werden von der von Ihnen besuchten Website an Ihren Browser gesendet und auf der Festplatte Ihres Computers gespeichert.<\/p>\n\n\n\n<p>Unsere Website verwendet diese \u201eCookies\u201c, um Informationen zu sammeln und unseren Service zu verbessern. Sie haben die M\u00f6glichkeit, diese Cookies entweder zu akzeptieren oder abzulehnen, und wissen, wann ein Cookie an Ihren Computer gesendet wird. Wenn Sie unsere Cookies ablehnen, k\u00f6nnen Sie m\u00f6glicherweise einige Teile unseres Dienstes nicht nutzen.<\/p>\n\n\n\n<h2 class=\"wp-block-heading\">Dienstleister<\/h2>\n\n\n\n<p>Aus folgenden Gr\u00fcnden k\u00f6nnen wir Drittunternehmen und Einzelpersonen besch\u00e4ftigen:<\/p>\n\n\n\n<ul class=\"wp-block-list\">\n<li>Um unseren Service zu erleichtern;<\/li>\n\n\n\n<li>Um den Service in unserem Namen bereitzustellen;<\/li>\n\n\n\n<li>Zur Erbringung dienstbezogener Dienstleistungen; oder<\/li>\n\n\n\n<li>Um uns bei der Analyse der Nutzung unseres Dienstes zu unterst\u00fctzen.<\/li>\n<\/ul>\n\n\n\n<p>Wir m\u00f6chten unsere Servicenutzer dar\u00fcber informieren, dass diese Dritten Zugriff auf Ihre pers\u00f6nlichen Daten haben. Der Zweck besteht darin, die ihnen \u00fcbertragenen Aufgaben in unserem Namen auszuf\u00fchren. Sie sind jedoch verpflichtet, die Informationen nicht weiterzugeben oder f\u00fcr andere Zwecke zu verwenden.<\/p>\n\n\n\n<h2 class=\"wp-block-heading\">Sicherheit<\/h2>\n\n\n\n<p>Wir sch\u00e4tzen Ihr Vertrauen in die Bereitstellung Ihrer personenbezogenen Daten und sind daher bestrebt, kommerziell akzeptable Mittel zum Schutz dieser Daten einzusetzen. Bedenken Sie jedoch, dass keine Methode der \u00dcbertragung \u00fcber das Internet oder Methode der elektronischen Speicherung 100% sicher und zuverl\u00e4ssig ist und wir ihre absolute Sicherheit nicht garantieren k\u00f6nnen.<\/p>\n\n\n\n<h2 class=\"wp-block-heading\">Links zu anderen Websites<\/h2>\n\n\n\n<p>Unser Service kann Links zu anderen Websites enthalten. Wenn Sie auf einen Link eines Drittanbieters klicken, werden Sie zu dieser Website weitergeleitet. Bitte beachten Sie, dass diese externen Seiten nicht von uns betrieben werden. Wir empfehlen Ihnen daher dringend, die Datenschutzrichtlinien dieser Websites zu lesen. Wir haben keine Kontrolle \u00fcber die Inhalte, Datenschutzrichtlinien oder Praktiken von Websites oder Diensten Dritter und \u00fcbernehmen keine Verantwortung daf\u00fcr.<\/p>\n\n\n\n<p>Privatsph\u00e4re von Kindern<\/p>\n\n\n\n<p>Unsere Dienste richten sich nicht an Personen unter 13 Jahren. Wir erfassen wissentlich keine personenbezogenen Daten von Kindern unter 13 Jahren. Sollten wir feststellen, dass ein Kind unter 13 Jahren uns personenbezogene Daten zur Verf\u00fcgung gestellt hat, l\u00f6schen wir diese unverz\u00fcglich von unseren Servern. Wenn Sie ein Elternteil oder Erziehungsberechtigter sind und wissen, dass Ihr Kind uns personenbezogene Daten zur Verf\u00fcgung gestellt hat, kontaktieren Sie uns bitte, damit wir die erforderlichen Ma\u00dfnahmen ergreifen k\u00f6nnen.<\/p>\n\n\n\n<h2 class=\"wp-block-heading\">\u00c4nderungen dieser Datenschutzrichtlinie<\/h2>\n\n\n\n<p>Wir k\u00f6nnen unsere Datenschutzrichtlinie von Zeit zu Zeit aktualisieren. Wir empfehlen Ihnen daher, diese Seite regelm\u00e4\u00dfig auf etwaige \u00c4nderungen zu \u00fcberpr\u00fcfen. Wir werden Sie \u00fcber alle \u00c4nderungen informieren, indem wir die neue Datenschutzrichtlinie auf dieser Seite ver\u00f6ffentlichen. Diese \u00c4nderungen treten sofort nach der Ver\u00f6ffentlichung auf dieser Seite in Kraft.<\/p>\n\n\n\n<h2 class=\"wp-block-heading\">Kontaktiere uns<\/h2>\n\n\n\n<p>Wenn Sie Fragen oder Anregungen zu unserer Datenschutzrichtlinie haben, z\u00f6gern Sie nicht, uns zu kontaktieren.<\/p>","protected":false},"excerpt":{"rendered":"<p>Justmobs operates the\u00a0justmobs.com\u00a0website, which provides the SERVICE. This page is used to inform website visitors regarding our policies with the collection, use, and disclosure of Personal Information if anyone decided to use our Service, the mobzin website. If you choose to use our Service, then you agree to the collection and use of information in [&hellip;]<\/p>\n","protected":false},"author":4,"featured_media":0,"parent":0,"menu_order":0,"comment_status":"closed","ping_status":"open","template":"","meta":{"footnotes":""},"class_list":["post-3","page","type-page","status-publish"],"_links":{"self":[{"href":"https:\/\/justmobs.com\/de\/wp-json\/wp\/v2\/pages\/3","targetHints":{"allow":["GET"]}}],"collection":[{"href":"https:\/\/justmobs.com\/de\/wp-json\/wp\/v2\/pages"}],"about":[{"href":"https:\/\/justmobs.com\/de\/wp-json\/wp\/v2\/types\/page"}],"author":[{"embeddable":true,"href":"https:\/\/justmobs.com\/de\/wp-json\/wp\/v2\/users\/4"}],"replies":[{"embeddable":true,"href":"https:\/\/justmobs.com\/de\/wp-json\/wp\/v2\/comments?post=3"}],"version-history":[{"count":2,"href":"https:\/\/justmobs.com\/de\/wp-json\/wp\/v2\/pages\/3\/revisions"}],"predecessor-version":[{"id":5125,"href":"https:\/\/justmobs.com\/de\/wp-json\/wp\/v2\/pages\/3\/revisions\/5125"}],"wp:attachment":[{"href":"https:\/\/justmobs.com\/de\/wp-json\/wp\/v2\/media?parent=3"}],"curies":[{"name":"wp","href":"https:\/\/api.w.org\/{rel}","templated":true}]}}