{"id":4507,"date":"2021-01-15T11:45:26","date_gmt":"2021-01-15T11:45:26","guid":{"rendered":"https:\/\/smartmag.theme-sphere.com\/health\/typography-post-elements\/"},"modified":"2021-01-15T11:45:26","modified_gmt":"2021-01-15T11:45:26","slug":"typografie-post-elemente","status":"publish","type":"page","link":"https:\/\/justmobs.com\/de\/typografie-post-elemente\/","title":{"rendered":"Typografische Elemente"},"content":{"rendered":"<p>Diese Seite zeigt Typografie und textbezogene Elemente der Beitr\u00e4ge und Seiten im Standard-WordPress-Editor. Weitere Elemente finden Sie im <a href=\"https:\/\/smartmag.theme-sphere.com\/good-news\/welcome-to-the-future-of-wordpress-with-gutenberg\/\" target=\"_blank\" rel=\"noreferrer noopener\"><strong>Gutenberg-Stile<\/strong><\/a> Post.<\/p>\n\n\n\n<p>\u00dcbungsfotoautomat, Stumptown-Einkaufstasche, Banksy, Elit Small Batch Freegan Sed. Craft Beer, Elit Seitan <a href=\"#\">\u00dcbung<\/a>, Fotokabine und 8-Bit-Gr\u00fcnkohl-Chips proident Chillwave Deep V Laborum.<\/p>\n\n\n\n<hr class=\"wp-block-separator is-style-wide\"\/>\n\n\n\n<p><strong>1. Standard-Pullquote<\/strong><\/p>\n\n\n\n<figure class=\"wp-block-pullquote\"><blockquote><p>Nur ein Viertel der jungen Erwachsenen verf\u00fcgt \u00fcber finanzielles Wissen. Sie m\u00f6chten sie nicht mit schrecklichen Ratschl\u00e4gen \u00fcberfordern.<\/p><cite>James Matthews<\/cite><\/blockquote><\/figure>\n\n\n\n<p>Der normale Pullquote-Stil ist nur mit dem Gutenberg-Editor verf\u00fcgbar.<\/p>\n\n\n\n<p><strong>2. Pullquotes Modern<\/strong><\/p>\n\n\n\n<p>Das moderne Zitat ist sowohl im klassischen als auch im Gutenberg-Editor verf\u00fcgbar. Im Gutenberg-Editor ist es in der Stilvariante \u201eGro\u00df\u201c verf\u00fcgbar, w\u00e4hrend es im klassischen Editor unter \u201eWeitere Stile\u201c als \u201eModernes Zitat\u201c verf\u00fcgbar ist.<\/p>\n\n\n\n<figure class=\"wp-block-pullquote is-style-modern\"><blockquote><p>Viele denken, Konzentration bedeute, zu dem, worauf man sich konzentrieren muss, Ja zu sagen. Aber das ist \u00fcberhaupt nicht der Fall. Es bedeutet, Nein zu den hundert anderen guten Ideen zu sagen, die es gibt. Man muss sorgf\u00e4ltig ausw\u00e4hlen.<\/p><cite>Shane Doe<\/cite><\/blockquote><\/figure>\n\n\n\n<p><strong>3. Farbige Zitate<\/strong><\/p>\n\n\n\n<p>Mit dieser Option in Gutenberg k\u00f6nnen Sie jede der Farboptionen sowohl f\u00fcr die Hintergrund- als auch f\u00fcr die Textfarbe verwenden.<\/p>\n\n\n\n<figure class=\"wp-block-pullquote has-background has-vivid-red-background-color is-style-solid-color\" style=\"background-color:#00789a\"><blockquote class=\"has-text-color has-white-color\"><p>Nur ein Viertel der jungen Erwachsenen verf\u00fcgt \u00fcber finanzielles Wissen. Sie m\u00f6chten sie nicht mit schrecklichen Ratschl\u00e4gen \u00fcberfordern.<\/p><cite><span class=\"has-inline-color has-white-color\">Shane Doe<\/span><\/cite><\/blockquote><\/figure>\n\n\n\n<p><strong>4. Blockquote-Standard<\/strong><\/p>\n\n\n\n<blockquote class=\"wp-block-quote is-layout-flow wp-block-quote-is-layout-flow\"><p>Viele denken, Konzentration bedeute, zu dem, worauf man sich konzentrieren muss, Ja zu sagen. Aber das ist \u00fcberhaupt nicht der Fall. Es bedeutet, Nein zu den hundert anderen guten Ideen zu sagen, die es gibt. Man muss sorgf\u00e4ltig ausw\u00e4hlen.<\/p><cite>Shane Doe<\/cite><\/blockquote>\n\n\n\n<p><strong>5. Blockzitat gro\u00df<\/strong><\/p>\n\n\n\n<blockquote class=\"wp-block-quote is-style-large is-layout-flow wp-block-quote-is-layout-flow\"><p>Die Leute denken, Konzentration bedeutet, zu dem, worauf man sich konzentrieren muss, Ja zu sagen. Aber das ist \u00fcberhaupt nicht die Bedeutung. <\/p><\/blockquote>\n\n\n\n<p>Tonx Cray Commodo, \u00dcbung, von denen Sie wahrscheinlich noch nie geh\u00f6rt haben, Bart-Cred. Selfies, iPhone-Kickstarter, Essig trinken, Jeansshorts, Fixie-Konsum.<\/p>\n\n\n\n<hr class=\"wp-block-separator is-style-dots\"\/>\n\n\n\n<figure class=\"wp-block-pullquote alignright\"><blockquote><p>Hier ist ein rechtsb\u00fcndiges Zitat, um etwas aus dem Artikel zu zeigen.<\/p><cite>Shane Doe<\/cite><\/blockquote><\/figure>\n\n\n\n<p><strong>Zitat rechtsb\u00fcndig<\/strong>. Doctor Spectrum, Kilowog, Lieberman, Flash Gordon, Wasp, die Rose, Guy Gardner, Deadpool, Spawn, Master Chief Guardian, Magog, Ant-Man.\u201c Metamorpho, Trey Langstrom, Red Guardian, \u201eHellcat, Jane Foster, Betty Brant, Stacy x Hellcat, Emma Frost, Inertia Toad, Quasar?\u201c Deadpool, \u201eFancy Dan, Crimson Crusader, Carnage, White Queen, Hyperion.\u201c <\/p>\n\n\n\n<p>Arcanna, Captain Italy Thing, Phoenix, Jennifer Kale, Robbie Burchill, \u201eDie Rosenbrut, Einhorn Elektra.\u201c<\/p>\n\n\n\n<h2 class=\"wp-block-heading\">Normale Listen<\/h2>\n\n\n\n<p>\u00dcbungsfotoautomat, Stumptown-Einkaufstasche, Banksy, Elit Small Batch Freegan Sed. Craft Beer, Elit Seitan&nbsp;<a href=\"#\">\u00dcbung<\/a>, Fotokabine und 8-Bit-Gr\u00fcnkohl-Chips proident Chillwave Deep V Laborum.<\/p>\n\n\n\n<ul class=\"wp-block-list\"><li>Aliquam erat volutpat<\/li><li>\u00dcbung Fotokabine Stumptown Einkaufstasche Banksy<\/li><li>Tempor duis Single-Origin-Kaffee<\/li><li>Magnis dis parturient montes<\/li><\/ul>\n\n\n\n<h2 class=\"wp-block-heading\">Nummerierte Listen<\/h2>\n\n\n\n<p>Plaid Stumptown ma\u00dfgeschneidert, Biodiesel-Minibart, High Life-Inzidenz, retro, nachhaltig, 90er, Echo Park Tumblr. Fotoautomat und 8-Bit-Gr\u00fcnkohlchips proident, Chillwave, Deep V Laborum.<\/p>\n\n\n\n<ol class=\"wp-block-list\"><li>Aliquam erat volutpat<\/li><li>\u00dcbung Fotokabine Stumptown Einkaufstasche Banksy<\/li><li>Tempor duis Single-Origin-Kaffee<\/li><li>Magnis dis parturient montes<\/li><\/ol>\n\n\n\n<h1 class=\"wp-block-heading\">\u00dcberschrift 1<\/h1>\n\n\n\n<p>Meh Synth Schlitz, Tempor, zwei Single-Origin-Kaffees und eine ethnische Fingerbart-G\u00fcrteltasche der n\u00e4chsten Stufe, Nostrud.<\/p>\n\n\n\n<h2 class=\"wp-block-heading\">\u00dcberschrift 2<\/h2>\n\n\n\n<p>Ich bin der Meinung, dass die ganze Zeit ein Fehler ist, und l\u00fcge nicht, ich werde nichts mehr sagen, ich werde nichts mehr sagen, alles ist falsch.<\/p>\n\n\n\n<h3 class=\"wp-block-heading\">\u00dcberschrift 3<\/h3>\n\n\n\n<p>Ich bin der Meinung, dass die ganze Zeit ein Fehler ist, und l\u00fcge nicht, ich werde nichts mehr sagen, ich werde nichts mehr sagen, alles ist falsch.<\/p>\n\n\n\n<h4 class=\"wp-block-heading\">\u00dcberschrift 4<\/h4>\n\n\n\n<p>\u00dcbungs-Fotoautomat, Stumptown-Einkaufstasche, Banksy, Elite-Kleinserie, Freegan-Sed.<\/p>\n\n\n\n<h5 class=\"wp-block-heading\">\u00dcberschrift 5<\/h5>\n\n\n\n<p>Fotoautomaten-Animation, 8-Bit-Hella, PBR 3, Wolf, Mond, Bart, Helvetica.<\/p>\n\n\n\n<h6 class=\"wp-block-heading\">\u00dcberschrift 6<\/h6>\n\n\n\n<p>Meh Synth Schlitz, Tempor, zwei Single-Origin-Kaffees und eine ethnische Fingerbart-G\u00fcrteltasche der n\u00e4chsten Stufe, Nostrud.<\/p>\n\n\n\n<h3 class=\"wp-block-heading\">G\u00e4ngige Grundstile<\/h3>\n\n\n\n<p>\u00dcbungsfoto&nbsp;<strong>Fettgedruckter Text<\/strong>&nbsp;Einkaufstasche&nbsp;<em>die Kursivschrift<\/em>, elit kleine farbige sed.&nbsp;<a href=\"#\">Ein Link hier<\/a>&nbsp;Elite Seitan&nbsp;<a href=\"#\">\u00dcbung<\/a>, Foto&nbsp;<del>durchgestrichen<\/del>&nbsp;et 8-Bit-Gr\u00fcnkohl-Inline-Code:&nbsp;<code>strip_tags()<\/code>&nbsp;und weitermachen.<\/p>\n\n\n\n<pre class=\"wp-block-preformatted\">Funktion Codebeispiel($text) { $text = Rechenbeispiel($text); return $text; }<\/pre>\n\n\n\n<p class=\"has-drop-cap\">Beispiel f\u00fcr Initialen hier. Scarlet Witch, Fenris, Colossus, Lockjaw, Wolverine, Abomination, The New Sentinels, Rogue, Wonder Girl, Dreadknight, Shriek, Ahab. Darkman, Shadow King, Ghost Rider, Falcon, Neuropath, Montana Shape, Baron Zemo?<\/p>\n\n\n\n<p>Suchen Sie nach weiteren Stilen und Elementen? Siehe <a href=\"https:\/\/smartmag.theme-sphere.com\/good-news\/welcome-to-the-future-of-wordpress-with-gutenberg\/\" target=\"_blank\" rel=\"noreferrer noopener\"><strong>Gutenberg-Stile<\/strong><\/a> Post.<\/p>","protected":false},"excerpt":{"rendered":"<p>This page shows typography and text related elements of the posts and pages in the default WordPress editor. You can see other elements in the Gutenberg Styles post. Exercitation photo booth stumptown tote bag Banksy, elit small batch freegan sed. Craft beer elit seitan exercitation, photo booth et 8-bit kale chips proident chillwave deep v [&hellip;]<\/p>\n","protected":false},"author":4,"featured_media":0,"parent":0,"menu_order":0,"comment_status":"closed","ping_status":"closed","template":"","meta":{"footnotes":""},"class_list":["post-4507","page","type-page","status-publish"],"_links":{"self":[{"href":"https:\/\/justmobs.com\/de\/wp-json\/wp\/v2\/pages\/4507","targetHints":{"allow":["GET"]}}],"collection":[{"href":"https:\/\/justmobs.com\/de\/wp-json\/wp\/v2\/pages"}],"about":[{"href":"https:\/\/justmobs.com\/de\/wp-json\/wp\/v2\/types\/page"}],"author":[{"embeddable":true,"href":"https:\/\/justmobs.com\/de\/wp-json\/wp\/v2\/users\/4"}],"replies":[{"embeddable":true,"href":"https:\/\/justmobs.com\/de\/wp-json\/wp\/v2\/comments?post=4507"}],"version-history":[{"count":0,"href":"https:\/\/justmobs.com\/de\/wp-json\/wp\/v2\/pages\/4507\/revisions"}],"wp:attachment":[{"href":"https:\/\/justmobs.com\/de\/wp-json\/wp\/v2\/media?parent=4507"}],"curies":[{"name":"wp","href":"https:\/\/api.w.org\/{rel}","templated":true}]}}