{"id":4507,"date":"2021-01-15T11:45:26","date_gmt":"2021-01-15T11:45:26","guid":{"rendered":"https:\/\/smartmag.theme-sphere.com\/health\/typography-post-elements\/"},"modified":"2021-01-15T11:45:26","modified_gmt":"2021-01-15T11:45:26","slug":"elementos-de-publicacion-tipografica","status":"publish","type":"page","link":"https:\/\/justmobs.com\/es\/elementos-de-publicacion-tipografica\/","title":{"rendered":"Elementos tipogr\u00e1ficos"},"content":{"rendered":"<p>Esta p\u00e1gina muestra la tipograf\u00eda y los elementos de texto de las entradas y p\u00e1ginas en el editor predeterminado de WordPress. Puedes ver otros elementos en el... <a href=\"https:\/\/smartmag.theme-sphere.com\/good-news\/welcome-to-the-future-of-wordpress-with-gutenberg\/\" target=\"_blank\" rel=\"noreferrer noopener\"><strong>Estilos de Gutenberg<\/strong><\/a> correo.<\/p>\n\n\n\n<p>Bolsa de tela Stumptown para fotomat\u00f3n de ejercicio, Banksy, Elit Small Batch Freegan Sed. Cerveza artesanal Elit Seitan. <a href=\"#\">ejercicio<\/a>, fotomat\u00f3n y chips de col rizada de 8 bits proident chillwave deep v laborum.<\/p>\n\n\n\n<hr class=\"wp-block-separator is-style-wide\"\/>\n\n\n\n<p><strong>1. Cita destacada predeterminada<\/strong><\/p>\n\n\n\n<figure class=\"wp-block-pullquote\"><blockquote><p>Solo una cuarta parte de los adultos j\u00f3venes tienen conocimientos financieros. No conviene abrumarlos con malos consejos.<\/p><cite>James Matthews<\/cite><\/blockquote><\/figure>\n\n\n\n<p>El estilo de cita normal solo est\u00e1 disponible con el Editor Gutenberg.<\/p>\n\n\n\n<p><strong>2. Citas destacadas modernas<\/strong><\/p>\n\n\n\n<p>La cita moderna est\u00e1 disponible tanto en el editor cl\u00e1sico como en el de Gutenberg. En el editor de Gutenberg, est\u00e1 disponible en la variante de estilo Grande, mientras que en el editor cl\u00e1sico, est\u00e1 disponible en &quot;M\u00e1s estilos&quot; como Cita moderna.<\/p>\n\n\n\n<figure class=\"wp-block-pullquote is-style-modern\"><blockquote><p>La gente cree que concentrarse significa decir que s\u00ed a lo que hay que enfocar. Pero no es eso en absoluto. Significa decir que no a las cien buenas ideas que existen. Hay que elegir con cuidado.<\/p><cite>Shane Doe<\/cite><\/blockquote><\/figure>\n\n\n\n<p><strong>3. Citas destacadas en color<\/strong><\/p>\n\n\n\n<p>Puede utilizar cualquiera de las opciones de color tanto en el color de fondo como en el color del texto con esta opci\u00f3n en Gutenberg.<\/p>\n\n\n\n<figure class=\"wp-block-pullquote has-background has-vivid-red-background-color is-style-solid-color\" style=\"background-color:#00789a\"><blockquote class=\"has-text-color has-white-color\"><p>Solo una cuarta parte de los adultos j\u00f3venes tienen conocimientos financieros. No conviene abrumarlos con malos consejos.<\/p><cite><span class=\"has-inline-color has-white-color\">Shane Doe<\/span><\/cite><\/blockquote><\/figure>\n\n\n\n<p><strong>4. Cita en bloque predeterminada<\/strong><\/p>\n\n\n\n<blockquote class=\"wp-block-quote is-layout-flow wp-block-quote-is-layout-flow\"><p>La gente cree que concentrarse significa decir que s\u00ed a lo que hay que enfocar. Pero no es eso en absoluto. Significa decir que no a las cien buenas ideas que existen. Hay que elegir con cuidado.<\/p><cite>Shane Doe<\/cite><\/blockquote>\n\n\n\n<p><strong>5. Cita en bloque grande<\/strong><\/p>\n\n\n\n<blockquote class=\"wp-block-quote is-style-large is-layout-flow wp-block-quote-is-layout-flow\"><p>La gente cree que concentrarse significa decir que s\u00ed a aquello en lo que uno debe concentrarse. Pero no es eso en absoluto. <\/p><\/blockquote>\n\n\n\n<p>Tonx Cray Commodo, ejercicio del que probablemente no hayas o\u00eddo hablar, barba cred. Selfies en iPhone Kickstarter, bebiendo vinagre, shorts vaqueros, fixie consequat.<\/p>\n\n\n\n<hr class=\"wp-block-separator is-style-dots\"\/>\n\n\n\n<figure class=\"wp-block-pullquote alignright\"><blockquote><p>A continuaci\u00f3n se muestra una cita extra\u00edda alineada a la derecha para mostrar algo del art\u00edculo.<\/p><cite>Shane Doe<\/cite><\/blockquote><\/figure>\n\n\n\n<p><strong>Cita destacada alineada a la derecha<\/strong>Doctor Spectrum, Kilowog, Lieberman, Flash Gordon, Wasp, The Rose Guy, Gardner, Deadpool, Engendro, Jefe Maestro, Guardi\u00e1n, Magog, Ant-Man. Metamorfo, Trey Langstrom, Guardi\u00e1n Rojo, Hellcat, Jane Foster, Betty Brant, Stacy X Hellcat, Emma Frost, Inercia, Toad, Quasar. Deadpool, Fancy Dan, Crimson Crusader, Carnage, Reina Blanca, Hyperion. <\/p>\n\n\n\n<p>Arcanna capit\u00e1n italia cosa f\u00e9nix jennifer kale robbie burchill, \u201cla rosa engendro, unicornio elektra\u201d.<\/p>\n\n\n\n<h2 class=\"wp-block-heading\">Listas normales<\/h2>\n\n\n\n<p>Bolsa de tela Stumptown para fotomat\u00f3n de ejercicio, Banksy, Elit Small Batch Freegan Sed. Cerveza artesanal Elit Seitan.&nbsp;<a href=\"#\">ejercicio<\/a>, fotomat\u00f3n y chips de col rizada de 8 bits proident chillwave deep v laborum.<\/p>\n\n\n\n<ul class=\"wp-block-list\"><li>Aliquam erat volutpat<\/li><li>Fotomat\u00f3n de ejercicio bolso de mano stumptown Banksy<\/li><li>Caf\u00e9 Tempor Duis de origen \u00fanico<\/li><li>Magnis dis parturient montes<\/li><\/ul>\n\n\n\n<h2 class=\"wp-block-heading\">Listas numeradas<\/h2>\n\n\n\n<p>Minibarba de biodi\u00e9sel a medida de Stumptown, High Life, estilo retro sostenible de los 90, Echo Park, Tumblr. Fotomat\u00f3n y chips de col rizada de 8 bits, producto chillwave, deep v laborum.<\/p>\n\n\n\n<ol class=\"wp-block-list\"><li>Aliquam erat volutpat<\/li><li>Fotomat\u00f3n de ejercicio bolso de mano stumptown Banksy<\/li><li>Caf\u00e9 Tempor Duis de origen \u00fanico<\/li><li>Magnis dis parturient montes<\/li><\/ol>\n\n\n\n<h1 class=\"wp-block-heading\">T\u00edtulo 1<\/h1>\n\n\n\n<p>Meh synth Schlitz, dos caf\u00e9s de origen \u00fanico temporales y una ri\u00f1onera con bigote \u00e9tnico de nivel superior nostrud.<\/p>\n\n\n\n<h2 class=\"wp-block-heading\">T\u00edtulo 2<\/h2>\n\n\n\n<p>Sed ut perspiciatis unde omnis iste natus error sit voluptatem accusantium doloremque laudantium, totam rem aperiam, eaque ipsa.<\/p>\n\n\n\n<h3 class=\"wp-block-heading\">T\u00edtulo 3<\/h3>\n\n\n\n<p>Sed ut perspiciatis unde omnis iste natus error sit voluptatem accusantium doloremque laudantium, totam rem aperiam, eaque ipsa.<\/p>\n\n\n\n<h4 class=\"wp-block-heading\">T\u00edtulo 4<\/h4>\n\n\n\n<p>Bolsa de mano de Stumptown para fotomat\u00f3n de ejercicio de Banksy, elit small batch freegan sed.<\/p>\n\n\n\n<h5 class=\"wp-block-heading\">T\u00edtulo 5<\/h5>\n\n\n\n<p>Fotomat\u00f3n anim 8 bits hella, PBR 3 lobo luna barba Helv\u00e9tica.<\/p>\n\n\n\n<h6 class=\"wp-block-heading\">T\u00edtulo 6<\/h6>\n\n\n\n<p>Meh synth Schlitz, dos caf\u00e9s de origen \u00fanico temporales y una ri\u00f1onera con bigote \u00e9tnico de nivel superior nostrud.<\/p>\n\n\n\n<h3 class=\"wp-block-heading\">Estilos b\u00e1sicos comunes<\/h3>\n\n\n\n<p>Foto de ejercicio&nbsp;<strong>texto en negrita<\/strong>&nbsp;bolsa de mano&nbsp;<em>la cursiva<\/em>, elit peque\u00f1o sed coloreado.&nbsp;<a href=\"#\">Un enlace aqu\u00ed<\/a>&nbsp;seit\u00e1n de \u00e9lite&nbsp;<a href=\"#\">ejercicio<\/a>, foto&nbsp;<del>tachado<\/del>&nbsp;y c\u00f3digo en l\u00ednea de kale de 8 bits:&nbsp;<code>etiquetas_de_tira()<\/code>&nbsp;y seguir adelante.<\/p>\n\n\n\n<pre class=\"wp-block-preformatted\">funci\u00f3n c\u00f3digo_muestra($text) { $text = calcular_muestra($text); devolver $text; }<\/pre>\n\n\n\n<p class=\"has-drop-cap\">Ejemplo de may\u00fasculas aqu\u00ed. Bruja Escarlata, Fenris, Coloso, Lockjaw, Wolverine, Abominaci\u00f3n, Los Nuevos Centinelas, P\u00edcara, Chica Maravilla, Caballero del Terror, Shriek, Ahab. Hombre Oscuro, Rey Sombra, Jinete Fantasma, Halc\u00f3n, Neuropata, Montana, \u00bfforma, Bar\u00f3n Zemo?<\/p>\n\n\n\n<p>\u00bfBuscas m\u00e1s estilos y elementos? Ver <a href=\"https:\/\/smartmag.theme-sphere.com\/good-news\/welcome-to-the-future-of-wordpress-with-gutenberg\/\" target=\"_blank\" rel=\"noreferrer noopener\"><strong>Estilos de Gutenberg<\/strong><\/a> correo.<\/p>","protected":false},"excerpt":{"rendered":"<p>This page shows typography and text related elements of the posts and pages in the default WordPress editor. You can see other elements in the Gutenberg Styles post. Exercitation photo booth stumptown tote bag Banksy, elit small batch freegan sed. Craft beer elit seitan exercitation, photo booth et 8-bit kale chips proident chillwave deep v [&hellip;]<\/p>\n","protected":false},"author":4,"featured_media":0,"parent":0,"menu_order":0,"comment_status":"closed","ping_status":"closed","template":"","meta":{"footnotes":""},"class_list":["post-4507","page","type-page","status-publish"],"_links":{"self":[{"href":"https:\/\/justmobs.com\/es\/wp-json\/wp\/v2\/pages\/4507","targetHints":{"allow":["GET"]}}],"collection":[{"href":"https:\/\/justmobs.com\/es\/wp-json\/wp\/v2\/pages"}],"about":[{"href":"https:\/\/justmobs.com\/es\/wp-json\/wp\/v2\/types\/page"}],"author":[{"embeddable":true,"href":"https:\/\/justmobs.com\/es\/wp-json\/wp\/v2\/users\/4"}],"replies":[{"embeddable":true,"href":"https:\/\/justmobs.com\/es\/wp-json\/wp\/v2\/comments?post=4507"}],"version-history":[{"count":0,"href":"https:\/\/justmobs.com\/es\/wp-json\/wp\/v2\/pages\/4507\/revisions"}],"wp:attachment":[{"href":"https:\/\/justmobs.com\/es\/wp-json\/wp\/v2\/media?parent=4507"}],"curies":[{"name":"gracias","href":"https:\/\/api.w.org\/{rel}","templated":true}]}}