{"id":3,"date":"2022-10-24T23:31:41","date_gmt":"2022-10-24T23:31:41","guid":{"rendered":"https:\/\/justmobs.com\/?page_id=3"},"modified":"2024-05-14T21:54:35","modified_gmt":"2024-05-14T21:54:35","slug":"politique-de-confidentialite","status":"publish","type":"page","link":"https:\/\/justmobs.com\/fr\/politique-de-confidentialite\/","title":{"rendered":"politique de confidentialit\u00e9"},"content":{"rendered":"<p>Justmobs exploite le\u00a0<a href=\"https:\/\/gohow.co\/\" target=\"_blank\" rel=\"noreferrer noopener\"><\/a><a href=\"https:\/\/justmobs.com\/fr\/\">justmobs.com<\/a>\u00a0site Web, qui fournit le SERVICE.<\/p>\n\n\n\n<p>Cette page est utilis\u00e9e pour informer les visiteurs du site Web de nos politiques en mati\u00e8re de collecte, d&#039;utilisation et de divulgation d&#039;informations personnelles si quelqu&#039;un d\u00e9cide d&#039;utiliser notre service, le site Web mobzin.<\/p>\n\n\n\n<p>Si vous choisissez d&#039;utiliser notre service, vous acceptez la collecte et l&#039;utilisation d&#039;informations en relation avec cette politique. Les informations personnelles que nous collectons sont utilis\u00e9es pour fournir et am\u00e9liorer le service. Nous n\u2019utiliserons ni ne partagerons vos informations avec qui que ce soit, sauf dans les cas d\u00e9crits dans la pr\u00e9sente politique de confidentialit\u00e9.<\/p>\n\n\n\n<p>Les termes utilis\u00e9s dans cette politique de confidentialit\u00e9 ont la m\u00eame signification que dans nos conditions g\u00e9n\u00e9rales, accessibles \u00e0 l&#039;adresse\u00a0<a href=\"https:\/\/justmobs.com\/fr\/\">justmobs.com<\/a>, sauf indication contraire dans la pr\u00e9sente politique de confidentialit\u00e9.<\/p>\n\n\n\n<h2 class=\"wp-block-heading\">Collecte et utilisation des informations<\/h2>\n\n\n\n<p>Pour une meilleure exp\u00e9rience lors de l&#039;utilisation de notre Service, nous pouvons vous demander de nous fournir certaines informations personnellement identifiables, y compris, mais sans s&#039;y limiter, votre nom, votre num\u00e9ro de t\u00e9l\u00e9phone et votre adresse postale. Les informations que nous collectons seront utilis\u00e9es pour vous contacter ou vous identifier.<\/p>\n\n\n\n<h2 class=\"wp-block-heading\">Donn\u00e9es du journal<\/h2>\n\n\n\n<p>Nous souhaitons vous informer que chaque fois que vous visitez notre service, nous collectons des informations que votre navigateur nous envoie, appel\u00e9es donn\u00e9es de journal. Ces donn\u00e9es de journal peuvent inclure des informations telles que l&#039;adresse de protocole Internet (\u00ab\u00a0IP\u00a0\u00bb) de votre ordinateur, la version du navigateur, les pages de notre service que vous visitez, l&#039;heure et la date de votre visite, le temps pass\u00e9 sur ces pages et d&#039;autres statistiques.<\/p>\n\n\n\n<h2 class=\"wp-block-heading\">Biscuits<\/h2>\n\n\n\n<p>Les cookies sont des fichiers contenant de petites quantit\u00e9s de donn\u00e9es qui sont couramment utilis\u00e9es comme identifiant unique anonyme. Ceux-ci sont envoy\u00e9s \u00e0 votre navigateur depuis le site Internet que vous visitez et sont stock\u00e9s sur le disque dur de votre ordinateur.<\/p>\n\n\n\n<p>Notre site Web utilise ces \u00ab cookies \u00bb pour collecter des informations et am\u00e9liorer notre Service. Vous avez la possibilit\u00e9 d&#039;accepter ou de refuser ces cookies, et de savoir quand un cookie est envoy\u00e9 sur votre ordinateur. Si vous choisissez de refuser nos cookies, vous ne pourrez peut-\u00eatre pas utiliser certaines parties de notre Service.<\/p>\n\n\n\n<h2 class=\"wp-block-heading\">Les fournisseurs de services<\/h2>\n\n\n\n<p>Nous pouvons employer des soci\u00e9t\u00e9s tierces et des particuliers pour les raisons suivantes\u00a0:<\/p>\n\n\n\n<ul class=\"wp-block-list\">\n<li>Pour faciliter notre Service\u00a0;<\/li>\n\n\n\n<li>Pour fournir le Service en notre nom\u00a0;<\/li>\n\n\n\n<li>Pour ex\u00e9cuter des services li\u00e9s au Service\u00a0; ou<\/li>\n\n\n\n<li>Pour nous aider \u00e0 analyser la mani\u00e8re dont notre Service est utilis\u00e9.<\/li>\n<\/ul>\n\n\n\n<p>Nous souhaitons informer les utilisateurs de nos services que ces tiers ont acc\u00e8s \u00e0 vos informations personnelles. La raison est d\u2019accomplir les t\u00e2ches qui leur sont assign\u00e9es en notre nom. Ils sont toutefois tenus de ne pas divulguer ni utiliser ces informations \u00e0 d\u2019autres fins.<\/p>\n\n\n\n<h2 class=\"wp-block-heading\">S\u00e9curit\u00e9<\/h2>\n\n\n\n<p>Nous appr\u00e9cions votre confiance en nous fournissant vos informations personnelles, c&#039;est pourquoi nous nous effor\u00e7ons d&#039;utiliser des moyens commercialement acceptables pour les prot\u00e9ger. Mais rappelez-vous qu&#039;aucune m\u00e9thode de transmission sur Internet ou m\u00e9thode de stockage \u00e9lectronique n&#039;est 100% s\u00fbre et fiable, et nous ne pouvons garantir sa s\u00e9curit\u00e9 absolue.<\/p>\n\n\n\n<h2 class=\"wp-block-heading\">Liens vers d&#039;autres sites<\/h2>\n\n\n\n<p>Notre Service peut contenir des liens vers d&#039;autres sites. Si vous cliquez sur un lien tiers, vous serez dirig\u00e9 vers ce site. Notez que ces sites externes ne sont pas exploit\u00e9s par nous. Par cons\u00e9quent, nous vous conseillons fortement de consulter la politique de confidentialit\u00e9 de ces sites Web. Nous n&#039;avons aucun contr\u00f4le et n&#039;assumons aucune responsabilit\u00e9 quant au contenu, aux politiques de confidentialit\u00e9 ou aux pratiques de tout site ou service tiers.<\/p>\n\n\n\n<p>Confidentialit\u00e9 des enfants<\/p>\n\n\n\n<p>Nos services ne s&#039;adressent pas aux personnes de moins de 13 ans. Nous ne collectons pas sciemment d&#039;informations personnelles identifiables aupr\u00e8s d&#039;enfants de moins de 13 ans. Si nous d\u00e9couvrons qu&#039;un enfant de moins de 13 ans nous a fourni des informations personnelles, nous les supprimons imm\u00e9diatement de nos serveurs. Si vous \u00eates un parent ou un tuteur et que vous savez que votre enfant nous a fourni des informations personnelles, veuillez nous contacter afin que nous puissions prendre les mesures n\u00e9cessaires.<\/p>\n\n\n\n<h2 class=\"wp-block-heading\">Modifications de cette politique de confidentialit\u00e9<\/h2>\n\n\n\n<p>Nous pouvons mettre \u00e0 jour notre politique de confidentialit\u00e9 de temps \u00e0 autre. Ainsi, nous vous conseillons de consulter p\u00e9riodiquement cette page pour tout changement. Nous vous informerons de tout changement en publiant la nouvelle politique de confidentialit\u00e9 sur cette page. Ces modifications entrent en vigueur imm\u00e9diatement, apr\u00e8s leur publication sur cette page.<\/p>\n\n\n\n<h2 class=\"wp-block-heading\">Contactez-nous<\/h2>\n\n\n\n<p>Si vous avez des questions ou des suggestions concernant notre politique de confidentialit\u00e9, n&#039;h\u00e9sitez pas \u00e0 nous contacter.<\/p>","protected":false},"excerpt":{"rendered":"<p>Justmobs operates the\u00a0justmobs.com\u00a0website, which provides the SERVICE. This page is used to inform website visitors regarding our policies with the collection, use, and disclosure of Personal Information if anyone decided to use our Service, the mobzin website. If you choose to use our Service, then you agree to the collection and use of information in [&hellip;]<\/p>\n","protected":false},"author":4,"featured_media":0,"parent":0,"menu_order":0,"comment_status":"closed","ping_status":"open","template":"","meta":{"footnotes":""},"class_list":["post-3","page","type-page","status-publish"],"_links":{"self":[{"href":"https:\/\/justmobs.com\/fr\/wp-json\/wp\/v2\/pages\/3","targetHints":{"allow":["GET"]}}],"collection":[{"href":"https:\/\/justmobs.com\/fr\/wp-json\/wp\/v2\/pages"}],"about":[{"href":"https:\/\/justmobs.com\/fr\/wp-json\/wp\/v2\/types\/page"}],"author":[{"embeddable":true,"href":"https:\/\/justmobs.com\/fr\/wp-json\/wp\/v2\/users\/4"}],"replies":[{"embeddable":true,"href":"https:\/\/justmobs.com\/fr\/wp-json\/wp\/v2\/comments?post=3"}],"version-history":[{"count":2,"href":"https:\/\/justmobs.com\/fr\/wp-json\/wp\/v2\/pages\/3\/revisions"}],"predecessor-version":[{"id":5125,"href":"https:\/\/justmobs.com\/fr\/wp-json\/wp\/v2\/pages\/3\/revisions\/5125"}],"wp:attachment":[{"href":"https:\/\/justmobs.com\/fr\/wp-json\/wp\/v2\/media?parent=3"}],"curies":[{"name":"wp","href":"https:\/\/api.w.org\/{rel}","templated":true}]}}