{"id":4507,"date":"2021-01-15T11:45:26","date_gmt":"2021-01-15T11:45:26","guid":{"rendered":"https:\/\/smartmag.theme-sphere.com\/health\/typography-post-elements\/"},"modified":"2021-01-15T11:45:26","modified_gmt":"2021-01-15T11:45:26","slug":"elements-de-publication-typographiques","status":"publish","type":"page","link":"https:\/\/justmobs.com\/fr\/elements-de-publication-typographiques\/","title":{"rendered":"\u00c9l\u00e9ments typographiques"},"content":{"rendered":"<p>Cette page pr\u00e9sente la typographie et les \u00e9l\u00e9ments textuels des articles et pages dans l&#039;\u00e9diteur WordPress par d\u00e9faut. Vous pouvez consulter d&#039;autres \u00e9l\u00e9ments dans la section <a href=\"https:\/\/smartmag.theme-sphere.com\/good-news\/welcome-to-the-future-of-wordpress-with-gutenberg\/\" target=\"_blank\" rel=\"noreferrer noopener\"><strong>Styles Gutenberg<\/strong><\/a> poste.<\/p>\n\n\n\n<p>Sac fourre-tout Stumptown pour photomaton Exercitation, Banksy, sed Freegan Elite en petite quantit\u00e9, bi\u00e8re artisanale et seitan Elite. <a href=\"#\">exercice<\/a>, photo booth et chips de chou fris\u00e9 8 bits proident chillwave deep v laborum.<\/p>\n\n\n\n<hr class=\"wp-block-separator is-style-wide\"\/>\n\n\n\n<p><strong>1. Citation par d\u00e9faut<\/strong><\/p>\n\n\n\n<figure class=\"wp-block-pullquote\"><blockquote><p>Seul un quart des jeunes adultes poss\u00e8dent des connaissances financi\u00e8res. Il ne faut pas les submerger de mauvais conseils.<\/p><cite>James Matthews<\/cite><\/blockquote><\/figure>\n\n\n\n<p>Le style de citation normal n&#039;est disponible qu&#039;avec l&#039;\u00e9diteur Gutenberg.<\/p>\n\n\n\n<p><strong>2. Citations modernes<\/strong><\/p>\n\n\n\n<p>La citation moderne est disponible dans l&#039;\u00e9diteur classique et dans l&#039;\u00e9diteur Gutenberg. Dans l&#039;\u00e9diteur Gutenberg, elle est disponible en version Grand style, tandis que dans l&#039;\u00e9diteur classique, elle est disponible sous \u00ab\u00a0Plus de styles\u00a0\u00bb en tant que citation moderne.<\/p>\n\n\n\n<figure class=\"wp-block-pullquote is-style-modern\"><blockquote><p>On pense souvent que se concentrer, c&#039;est accepter ce sur quoi on doit se concentrer. Mais ce n&#039;est pas du tout le cas. Cela signifie dire non \u00e0 la centaine d&#039;autres bonnes id\u00e9es qui existent. Il faut choisir avec soin.<\/p><cite>Shane Doe<\/cite><\/blockquote><\/figure>\n\n\n\n<p><strong>3. Citations color\u00e9es<\/strong><\/p>\n\n\n\n<p>Vous pouvez utiliser n&#039;importe laquelle des options de couleur sur la couleur d&#039;arri\u00e8re-plan et de texte avec cette option dans Gutenberg.<\/p>\n\n\n\n<figure class=\"wp-block-pullquote has-background has-vivid-red-background-color is-style-solid-color\" style=\"background-color:#00789a\"><blockquote class=\"has-text-color has-white-color\"><p>Seul un quart des jeunes adultes poss\u00e8dent des connaissances financi\u00e8res. Il ne faut pas les submerger de mauvais conseils.<\/p><cite><span class=\"has-inline-color has-white-color\">Shane Doe<\/span><\/cite><\/blockquote><\/figure>\n\n\n\n<p><strong>4. Citation par d\u00e9faut<\/strong><\/p>\n\n\n\n<blockquote class=\"wp-block-quote is-layout-flow wp-block-quote-is-layout-flow\"><p>On pense souvent que se concentrer, c&#039;est accepter ce sur quoi on doit se concentrer. Mais ce n&#039;est pas du tout le cas. Cela signifie dire non \u00e0 la centaine d&#039;autres bonnes id\u00e9es qui existent. Il faut choisir avec soin.<\/p><cite>Shane Doe<\/cite><\/blockquote>\n\n\n\n<p><strong>5. Citation en bloc grande taille<\/strong><\/p>\n\n\n\n<blockquote class=\"wp-block-quote is-style-large is-layout-flow wp-block-quote-is-layout-flow\"><p>On pense souvent que se concentrer signifie dire oui \u00e0 ce sur quoi on doit se concentrer. Mais ce n&#039;est pas du tout le cas. <\/p><\/blockquote>\n\n\n\n<p>Tonx cray commodo, exercice dont vous n&#039;avez probablement jamais entendu parler, barbe cr\u00e9dit\u00e9e. Selfies iPhone Kickstarter, boire du vinaigre, short en jean fixie consequat.<\/p>\n\n\n\n<hr class=\"wp-block-separator is-style-dots\"\/>\n\n\n\n<figure class=\"wp-block-pullquote alignright\"><blockquote><p>Voici une citation align\u00e9e \u00e0 droite pour montrer quelque chose de l&#039;article.<\/p><cite>Shane Doe<\/cite><\/blockquote><\/figure>\n\n\n\n<p><strong>Citation tir\u00e9e align\u00e9e \u00e0 droite<\/strong>. Docteur Spectre Kilowog Lieberman Flash Gordon Gu\u00eape Le gars de la rose Gardner Deadpool Engeance Ma\u00eetre Gardien en chef, Magog Ant-Man. \u00bb M\u00e9tamorpho Trey Langstrom Gardien rouge, \u00ab Hellcat, Jane Foster Betty Brant Stacy X Hellcat Emma Frost Inertia Toad Quasar ? \u00bb Deadpool, \u00ab Fancy Dan Crimson Crusader, Carnage White Queen Hyperion. \u00bb <\/p>\n\n\n\n<p>Arcanna capitaine Italie chose phoenix jennifer kale robbie burchill, \u00ab la prog\u00e9niture de la rose, la licorne elektra \u00bb.<\/p>\n\n\n\n<h2 class=\"wp-block-heading\">Listes normales<\/h2>\n\n\n\n<p>Sac fourre-tout Stumptown pour photomaton Exercitation, Banksy, sed Freegan Elite en petite quantit\u00e9, bi\u00e8re artisanale et seitan Elite.&nbsp;<a href=\"#\">exercice<\/a>, photo booth et chips de chou fris\u00e9 8 bits proident chillwave deep v laborum.<\/p>\n\n\n\n<ul class=\"wp-block-list\"><li>Aliquam erat volutpat<\/li><li>Sac fourre-tout Stumptown pour cabine photo d&#039;exercice Banksy<\/li><li>Caf\u00e9 d&#039;origine unique Tempor duis<\/li><li>Magnis dis parturient montes<\/li><\/ul>\n\n\n\n<h2 class=\"wp-block-heading\">Listes num\u00e9rot\u00e9es<\/h2>\n\n\n\n<p>Plaid stumptown sur mesure, mini barbe biodiesel High Life incidence r\u00e9tro durable ann\u00e9es 90 Echo Park Tumblr. Photomaton et chips de chou fris\u00e9 8 bits proident chillwave deep v laborum.<\/p>\n\n\n\n<ol class=\"wp-block-list\"><li>Aliquam erat volutpat<\/li><li>Sac fourre-tout Stumptown pour cabine photo d&#039;exercice Banksy<\/li><li>Caf\u00e9 d&#039;origine unique Tempor duis<\/li><li>Magnis dis parturient montes<\/li><\/ol>\n\n\n\n<h1 class=\"wp-block-heading\">Titre 1<\/h1>\n\n\n\n<p>Meh synth Schlitz, tempor deux caf\u00e9s d&#039;origine unique et un sac banane ethnique de niveau sup\u00e9rieur, nostrud.<\/p>\n\n\n\n<h2 class=\"wp-block-heading\">Titre 2<\/h2>\n\n\n\n<p>Sed ut perspiciatis unde omnis iste natus error sit voluptatem accusantium doloremque laudantium, totam rem aperiam, eaque ipsa.<\/p>\n\n\n\n<h3 class=\"wp-block-heading\">Titre 3<\/h3>\n\n\n\n<p>Sed ut perspiciatis unde omnis iste natus error sit voluptatem accusantium doloremque laudantium, totam rem aperiam, eaque ipsa.<\/p>\n\n\n\n<h4 class=\"wp-block-heading\">Titre 4<\/h4>\n\n\n\n<p>Sac fourre-tout pour photomaton d&#039;exercice Stumptown Banksy, elit petit lot freegan sed.<\/p>\n\n\n\n<h5 class=\"wp-block-heading\">Titre 5<\/h5>\n\n\n\n<p>Photomaton anim\u00e9 8 bits hella, PBR 3 loup lune barbe Helvetica.<\/p>\n\n\n\n<h6 class=\"wp-block-heading\">Titre 6<\/h6>\n\n\n\n<p>Meh synth Schlitz, tempor deux caf\u00e9s d&#039;origine unique et un sac banane ethnique de niveau sup\u00e9rieur, nostrud.<\/p>\n\n\n\n<h3 class=\"wp-block-heading\">Styles de base courants<\/h3>\n\n\n\n<p>Photo d&#039;exercice&nbsp;<strong>texte en gras<\/strong>&nbsp;sac fourre-tout&nbsp;<em>les italiques<\/em>, elit petit sed color\u00e9.&nbsp;<a href=\"#\">Un lien ici<\/a>&nbsp;seitan d&#039;\u00e9lite&nbsp;<a href=\"#\">exercice<\/a>, photo&nbsp;<del>barr\u00e9<\/del>&nbsp;et un code en ligne Kale 8 bits\u00a0:&nbsp;<code>strip_tags()<\/code>&nbsp;et continuer.<\/p>\n\n\n\n<pre class=\"wp-block-preformatted\">fonction code_sample($text) { $text = compute_sample($text); return $text; }<\/pre>\n\n\n\n<p class=\"has-drop-cap\">Exemple de lettrines ici. Sorci\u00e8re rouge, Fenris, Colosse, Gueule de bois, Wolverine, Abomination, Les nouvelles sentinelles, Rogue, Wonder Girl, Chevalier de l&#039;effroi, Hurlement, Achab. Darkman, Roi des ombres, Cavalier fant\u00f4me, Faucon, Neuropathe, Montana, Forme, Baron Zemo ?<\/p>\n\n\n\n<p>Vous cherchez d&#039;autres styles et \u00e9l\u00e9ments\u00a0? Voir <a href=\"https:\/\/smartmag.theme-sphere.com\/good-news\/welcome-to-the-future-of-wordpress-with-gutenberg\/\" target=\"_blank\" rel=\"noreferrer noopener\"><strong>Styles Gutenberg<\/strong><\/a> poste.<\/p>","protected":false},"excerpt":{"rendered":"<p>This page shows typography and text related elements of the posts and pages in the default WordPress editor. You can see other elements in the Gutenberg Styles post. Exercitation photo booth stumptown tote bag Banksy, elit small batch freegan sed. Craft beer elit seitan exercitation, photo booth et 8-bit kale chips proident chillwave deep v [&hellip;]<\/p>\n","protected":false},"author":4,"featured_media":0,"parent":0,"menu_order":0,"comment_status":"closed","ping_status":"closed","template":"","meta":{"footnotes":""},"class_list":["post-4507","page","type-page","status-publish"],"_links":{"self":[{"href":"https:\/\/justmobs.com\/fr\/wp-json\/wp\/v2\/pages\/4507","targetHints":{"allow":["GET"]}}],"collection":[{"href":"https:\/\/justmobs.com\/fr\/wp-json\/wp\/v2\/pages"}],"about":[{"href":"https:\/\/justmobs.com\/fr\/wp-json\/wp\/v2\/types\/page"}],"author":[{"embeddable":true,"href":"https:\/\/justmobs.com\/fr\/wp-json\/wp\/v2\/users\/4"}],"replies":[{"embeddable":true,"href":"https:\/\/justmobs.com\/fr\/wp-json\/wp\/v2\/comments?post=4507"}],"version-history":[{"count":0,"href":"https:\/\/justmobs.com\/fr\/wp-json\/wp\/v2\/pages\/4507\/revisions"}],"wp:attachment":[{"href":"https:\/\/justmobs.com\/fr\/wp-json\/wp\/v2\/media?parent=4507"}],"curies":[{"name":"wp","href":"https:\/\/api.w.org\/{rel}","templated":true}]}}