{"id":3,"date":"2022-10-24T23:31:41","date_gmt":"2022-10-24T23:31:41","guid":{"rendered":"https:\/\/justmobs.com\/?page_id=3"},"modified":"2024-05-14T21:54:35","modified_gmt":"2024-05-14T21:54:35","slug":"politika-privatnosti","status":"publish","type":"page","link":"https:\/\/justmobs.com\/hr\/politika-privatnosti\/","title":{"rendered":"Politika privatnosti"},"content":{"rendered":"<p>Justmobs upravlja\u00a0<a href=\"https:\/\/gohow.co\/\" target=\"_blank\" rel=\"noreferrer noopener\"><\/a><a href=\"https:\/\/justmobs.com\/hr\/\">justmobs.com<\/a>\u00a0web stranica, koja pru\u017ea USLUGU.<\/p>\n\n\n\n<p>Ova stranica slu\u017ei za informiranje posjetitelja web stranice o na\u0161im pravilima o prikupljanju, kori\u0161tenju i otkrivanju osobnih podataka ako se netko odlu\u010di koristiti na\u0161om Uslugom, web stranicom mobzin.<\/p>\n\n\n\n<p>Ako odlu\u010dite koristiti na\u0161u uslugu, onda se sla\u017eete s prikupljanjem i kori\u0161tenjem informacija u vezi s ovom politikom. Osobni podaci koje prikupljamo koriste se za pru\u017eanje i pobolj\u0161anje usluge. Va\u0161e podatke ne\u0107emo koristiti niti dijeliti ni s kim osim na na\u010din opisan u ovim Pravilima privatnosti.<\/p>\n\n\n\n<p>Pojmovi kori\u0161teni u ovoj Politici privatnosti imaju isto zna\u010denje kao u na\u0161im Uvjetima i odredbama, koji su dostupni na\u00a0<a href=\"https:\/\/justmobs.com\/hr\/\">justmobs.com<\/a>, osim ako nije druga\u010dije definirano ovim Pravilima privatnosti.<\/p>\n\n\n\n<h2 class=\"wp-block-heading\">Prikupljanje i kori\u0161tenje informacija<\/h2>\n\n\n\n<p>Za bolje iskustvo tijekom kori\u0161tenja na\u0161e usluge, mo\u017eemo od vas tra\u017eiti da nam dostavite odre\u0111ene osobne podatke, uklju\u010duju\u0107i ali ne ograni\u010davaju\u0107i se na va\u0161e ime, broj telefona i po\u0161tansku adresu. Podaci koje prikupljamo koristit \u0107e se za kontaktiranje ili identifikaciju.<\/p>\n\n\n\n<h2 class=\"wp-block-heading\">Podaci zapisnika<\/h2>\n\n\n\n<p>\u017delimo vas obavijestiti da kad god posjetite na\u0161u uslugu, prikupljamo informacije koje nam va\u0161 preglednik \u0161alje, a koje se nazivaju podaci zapisnika. Ovi podaci dnevnika mogu uklju\u010divati informacije kao \u0161to su adresa internetskog protokola (&quot;IP&quot;) va\u0161eg ra\u010dunala, verzija preglednika, stranice na\u0161e usluge koje posje\u0107ujete, vrijeme i datum va\u0161e posjete, vrijeme provedeno na tim stranicama i druge statistike.<\/p>\n\n\n\n<h2 class=\"wp-block-heading\">Kola\u010di\u0107i<\/h2>\n\n\n\n<p>Kola\u010di\u0107i su datoteke s malim koli\u010dinama podataka koje se obi\u010dno koriste kao anonimni jedinstveni identifikator. Oni se \u0161alju va\u0161em pregledniku s web stranice koju posjetite i pohranjuju se na tvrdi disk va\u0161eg ra\u010dunala.<\/p>\n\n\n\n<p>Na\u0161a web stranica koristi ove &quot;kola\u010di\u0107e&quot; za prikupljanje informacija i pobolj\u0161anje na\u0161e usluge. Imate mogu\u0107nost prihvatiti ili odbiti ove kola\u010di\u0107e i znati kada se kola\u010di\u0107 \u0161alje na va\u0161e ra\u010dunalo. Ako odlu\u010dite odbiti na\u0161e kola\u010di\u0107e, mo\u017eda ne\u0107ete mo\u0107i koristiti neke dijelove na\u0161e usluge.<\/p>\n\n\n\n<h2 class=\"wp-block-heading\">Pru\u017eatelji usluga<\/h2>\n\n\n\n<p>Mo\u017eemo zaposliti tvrtke i pojedince tre\u0107e strane iz sljede\u0107ih razloga:<\/p>\n\n\n\n<ul class=\"wp-block-list\">\n<li>Kako bismo olak\u0161ali na\u0161u uslugu;<\/li>\n\n\n\n<li>Za pru\u017eanje usluge u na\u0161e ime;<\/li>\n\n\n\n<li>Za obavljanje usluga povezanih s uslugama; ili<\/li>\n\n\n\n<li>Kako bi nam pomogli u analizi kako se na\u0161a Usluga koristi.<\/li>\n<\/ul>\n\n\n\n<p>\u017delimo obavijestiti na\u0161e korisnike usluga da ove tre\u0107e strane imaju pristup va\u0161im osobnim podacima. Razlog je da u na\u0161e ime obavljaju zadatke koji su im dodijeljeni. Me\u0111utim, du\u017eni su ne otkrivati niti koristiti podatke u bilo koju drugu svrhu.<\/p>\n\n\n\n<h2 class=\"wp-block-heading\">Sigurnost<\/h2>\n\n\n\n<p>Cijenimo va\u0161e povjerenje u pru\u017eanju va\u0161ih osobnih podataka, stoga nastojimo koristiti komercijalno prihvatljive na\u010dine njihove za\u0161tite. No zapamtite da nijedna metoda prijenosa putem interneta ili metoda elektroni\u010dke pohrane nije 100% sigurna i pouzdana i ne mo\u017eemo jam\u010diti njezinu apsolutnu sigurnost.<\/p>\n\n\n\n<h2 class=\"wp-block-heading\">Veze na druge stranice<\/h2>\n\n\n\n<p>Na\u0161a usluga mo\u017ee sadr\u017eavati poveznice na druge stranice. Ako kliknete na poveznicu tre\u0107e strane, bit \u0107ete preusmjereni na tu stranicu. Imajte na umu da ovim vanjskim stranicama ne upravljamo mi. Stoga vam toplo savjetujemo da pregledate Politiku privatnosti ovih web stranica. Nemamo kontrolu i ne preuzimamo nikakvu odgovornost za sadr\u017eaj, pravila o privatnosti ili praksu bilo kojih stranica ili usluga tre\u0107ih strana.<\/p>\n\n\n\n<p>Privatnost djece<\/p>\n\n\n\n<p>Na\u0161e se usluge ne obra\u0107aju nikome mla\u0111em od 13 godina. Ne prikupljamo svjesno osobne podatke koji bi mogli identificirati djecu mla\u0111u od 13 godina. U slu\u010daju da otkrijemo da nam je dijete mla\u0111e od 13 godina dalo osobne podatke, odmah ih bri\u0161emo s na\u0161ih poslu\u017eitelja. Ukoliko ste roditelj ili skrbnik i znate da nam je va\u0161e dijete dostavilo osobne podatke, molimo da nas kontaktirate kako bismo mogli poduzeti potrebne radnje.<\/p>\n\n\n\n<h2 class=\"wp-block-heading\">Promjene ove Politike privatnosti<\/h2>\n\n\n\n<p>S vremena na vrijeme mo\u017eemo a\u017eurirati na\u0161u Politiku privatnosti. Stoga vam savjetujemo da povremeno pregledate ovu stranicu radi eventualnih promjena. Obavijestit \u0107emo vas o svim promjenama objavljivanjem novih Pravila privatnosti na ovoj stranici. Ove promjene stupaju na snagu odmah nakon objave na ovoj stranici.<\/p>\n\n\n\n<h2 class=\"wp-block-heading\">Kontaktirajte nas<\/h2>\n\n\n\n<p>Ako imate bilo kakvih pitanja ili prijedloga o na\u0161im Pravilima privatnosti, slobodno nas kontaktirajte.<\/p>","protected":false},"excerpt":{"rendered":"<p>Justmobs operates the\u00a0justmobs.com\u00a0website, which provides the SERVICE. This page is used to inform website visitors regarding our policies with the collection, use, and disclosure of Personal Information if anyone decided to use our Service, the mobzin website. If you choose to use our Service, then you agree to the collection and use of information in [&hellip;]<\/p>\n","protected":false},"author":4,"featured_media":0,"parent":0,"menu_order":0,"comment_status":"closed","ping_status":"open","template":"","meta":{"footnotes":""},"class_list":["post-3","page","type-page","status-publish"],"_links":{"self":[{"href":"https:\/\/justmobs.com\/hr\/wp-json\/wp\/v2\/pages\/3","targetHints":{"allow":["GET"]}}],"collection":[{"href":"https:\/\/justmobs.com\/hr\/wp-json\/wp\/v2\/pages"}],"about":[{"href":"https:\/\/justmobs.com\/hr\/wp-json\/wp\/v2\/types\/page"}],"author":[{"embeddable":true,"href":"https:\/\/justmobs.com\/hr\/wp-json\/wp\/v2\/users\/4"}],"replies":[{"embeddable":true,"href":"https:\/\/justmobs.com\/hr\/wp-json\/wp\/v2\/comments?post=3"}],"version-history":[{"count":2,"href":"https:\/\/justmobs.com\/hr\/wp-json\/wp\/v2\/pages\/3\/revisions"}],"predecessor-version":[{"id":5125,"href":"https:\/\/justmobs.com\/hr\/wp-json\/wp\/v2\/pages\/3\/revisions\/5125"}],"wp:attachment":[{"href":"https:\/\/justmobs.com\/hr\/wp-json\/wp\/v2\/media?parent=3"}],"curies":[{"name":"radni list","href":"https:\/\/api.w.org\/{rel}","templated":true}]}}