{"id":4507,"date":"2021-01-15T11:45:26","date_gmt":"2021-01-15T11:45:26","guid":{"rendered":"https:\/\/smartmag.theme-sphere.com\/health\/typography-post-elements\/"},"modified":"2021-01-15T11:45:26","modified_gmt":"2021-01-15T11:45:26","slug":"elementi-tipografske-objave","status":"publish","type":"page","link":"https:\/\/justmobs.com\/hr\/elementi-tipografske-objave\/","title":{"rendered":"Elementi tipografije"},"content":{"rendered":"<p>Ova stranica prikazuje tipografiju i elemente vezane uz tekst objava i stranica u zadanom WordPress ure\u0111iva\u010du. Ostale elemente mo\u017eete vidjeti u <a href=\"https:\/\/smartmag.theme-sphere.com\/good-news\/welcome-to-the-future-of-wordpress-with-gutenberg\/\" target=\"_blank\" rel=\"noreferrer noopener\"><strong>Gutenbergovi stilovi<\/strong><\/a> objava.<\/p>\n\n\n\n<p>Foto kabina za vje\u017ebanje, torba iz Stumptowna, Banksy, elitna mala serija freegan sed. Craft pivo elit seitan <a href=\"#\">vje\u017eba<\/a>, kabina za fotografije i 8-bitni \u010dips od kelja proident chillwave deep u laborum.<\/p>\n\n\n\n<hr class=\"wp-block-separator is-style-wide\"\/>\n\n\n\n<p><strong>1. Zadani Pullquote<\/strong><\/p>\n\n\n\n<figure class=\"wp-block-pullquote\"><blockquote><p>Samo \u010detvrtina mladih odraslih osoba je financijski pismena. Ne \u017eelite ih preopteretiti lo\u0161im savjetima.<\/p><cite>James Matthews<\/cite><\/blockquote><\/figure>\n\n\n\n<p>Uobi\u010dajeni stil pullquote dostupan je samo s Gutenberg editorom.<\/p>\n\n\n\n<p><strong>2. Pullquotes Modern<\/strong><\/p>\n\n\n\n<p>Moderni citat dostupan je i u klasi\u010dnom i u Gutenberg editoru. U Gutenberg editoru dostupan je kao velika varijanta stila, dok je u klasi\u010dnom editoru dostupan pod Vi\u0161e stilova kao Moderni citat.<\/p>\n\n\n\n<figure class=\"wp-block-pullquote is-style-modern\"><blockquote><p>Ljudi misle da fokus zna\u010di re\u0107i da onome na \u0161to se mora\u0161 usredoto\u010diti. Ali to uop\u0107e nije ono \u0161to zna\u010di. To zna\u010di re\u0107i ne stotinama drugih dobrih ideja koje postoje. Mora\u0161 pa\u017eljivo birati.<\/p><cite>Shane Doe<\/cite><\/blockquote><\/figure>\n\n\n\n<p><strong>3. Obojeni citati<\/strong><\/p>\n\n\n\n<p>S ovom opcijom u Gutenbergu mo\u017eete koristiti bilo koju od opcija boja i za pozadinu i za boju teksta.<\/p>\n\n\n\n<figure class=\"wp-block-pullquote has-background has-vivid-red-background-color is-style-solid-color\" style=\"background-color:#00789a\"><blockquote class=\"has-text-color has-white-color\"><p>Samo \u010detvrtina mladih odraslih osoba je financijski pismena. Ne \u017eelite ih preopteretiti lo\u0161im savjetima.<\/p><cite><span class=\"has-inline-color has-white-color\">Shane Doe<\/span><\/cite><\/blockquote><\/figure>\n\n\n\n<p><strong>4. Zadana vrijednost blokovnog citata<\/strong><\/p>\n\n\n\n<blockquote class=\"wp-block-quote is-layout-flow wp-block-quote-is-layout-flow\"><p>Ljudi misle da fokus zna\u010di re\u0107i da onome na \u0161to se mora\u0161 usredoto\u010diti. Ali to uop\u0107e nije ono \u0161to zna\u010di. To zna\u010di re\u0107i ne stotinama drugih dobrih ideja koje postoje. Mora\u0161 pa\u017eljivo birati.<\/p><cite>Shane Doe<\/cite><\/blockquote>\n\n\n\n<p><strong>5. Veliki blok citata<\/strong><\/p>\n\n\n\n<blockquote class=\"wp-block-quote is-style-large is-layout-flow wp-block-quote-is-layout-flow\"><p>Ljudi misle da fokus zna\u010di re\u0107i da onome na \u0161to se mora\u0161 usredoto\u010diti. Ali to uop\u0107e nije ono \u0161to zna\u010di. <\/p><\/blockquote>\n\n\n\n<p>Tonx cray commodo, vje\u017eba vjerojatno niste \u010duli za njih brada kred. Selfiji iPhone Kickstarter, pijenje octa traperice fixie consequat.<\/p>\n\n\n\n<hr class=\"wp-block-separator is-style-dots\"\/>\n\n\n\n<figure class=\"wp-block-pullquote alignright\"><blockquote><p>Evo desno poravnatog citata koji prikazuje ne\u0161to iz \u010dlanka.<\/p><cite>Shane Doe<\/cite><\/blockquote><\/figure>\n\n\n\n<p><strong>Pullquote poravnat desno<\/strong>. Doktor Spectrum kilowog Lieberman Flash Gordon Wasp Ru\u017ei\u010dasti Tip Gardner Deadpool Spawn Glavni Glavni \u010cuvar, Magog Ant-Man.\u201d Metamorpho Trey Langstrom Crveni \u010cuvar, \u201eHellcat, Jane Foster Betty Brant Stacy x Hellcat Emma Frost Inercija \u017daba Kvazar?\u201c Deadpool, \u201eOtmjeni Dan Grimizni Kri\u017ear, Pokolj Bijela Kraljica Hyperion.\u201c <\/p>\n\n\n\n<p>Arcanna kapetanica Italija stvar Phoenix Jennifer Kale Robbie Burchill, \u201eru\u017eino mrijesto, jednorog Elektra.\u201c<\/p>\n\n\n\n<h2 class=\"wp-block-heading\">Normalni popisi<\/h2>\n\n\n\n<p>Foto kabina za vje\u017ebanje, torba iz Stumptowna, Banksy, elitna mala serija freegan sed. Craft pivo elit seitan&nbsp;<a href=\"#\">vje\u017eba<\/a>, kabina za fotografije i 8-bitni \u010dips od kelja proident chillwave deep u laborum.<\/p>\n\n\n\n<ul class=\"wp-block-list\"><li>Aliquam erat volutpat<\/li><li>Exercitation photo booth stumptown velika torba Banksy<\/li><li>Tempor duis kava jednog porijekla<\/li><li>Magnis dis parturient montes<\/li><\/ul>\n\n\n\n<h2 class=\"wp-block-heading\">Numerirani popisi<\/h2>\n\n\n\n<p>Karirani Stumptown po mjeri, biodizel mini brada High Life incidence retro odr\u017eivo 90-e Echo Park Tumblr. Foto kabina i 8-bitni \u010dips od kelja proident chillwave deep v laborum.<\/p>\n\n\n\n<ol class=\"wp-block-list\"><li>Aliquam erat volutpat<\/li><li>Exercitation photo booth stumptown velika torba Banksy<\/li><li>Tempor duis kava jednog porijekla<\/li><li>Magnis dis parturient montes<\/li><\/ol>\n\n\n\n<h1 class=\"wp-block-heading\">Naslov 1<\/h1>\n\n\n\n<p>Meh synth Schlitz, tempor dvije kave jednog porijekla i etni\u010dka torbica za struk sljede\u0107e razine s prstima, nostrud.<\/p>\n\n\n\n<h2 class=\"wp-block-heading\">Naslov 2<\/h2>\n\n\n\n<p>Sed ut perspiciatis unde omnis iste natus error sit voluptatem Accusantium doloremque laudantium, totam rem aperiam, eaque ipsa.<\/p>\n\n\n\n<h3 class=\"wp-block-heading\">Naslov 3<\/h3>\n\n\n\n<p>Sed ut perspiciatis unde omnis iste natus error sit voluptatem Accusantium doloremque laudantium, totam rem aperiam, eaque ipsa.<\/p>\n\n\n\n<h4 class=\"wp-block-heading\">Naslov 4<\/h4>\n\n\n\n<p>Vje\u017ebanje foto kabina Stumptown torba Banksy, elit mala serija freegan sed.<\/p>\n\n\n\n<h5 class=\"wp-block-heading\">Naslov 5<\/h5>\n\n\n\n<p>Animacija iz foto kabine 8-bitna Hella, PBR 3 vu\u010dja mjese\u010deva brada Helvetica.<\/p>\n\n\n\n<h6 class=\"wp-block-heading\">Naslov 6<\/h6>\n\n\n\n<p>Meh synth Schlitz, tempor dvije kave jednog porijekla i etni\u010dka torbica za struk sljede\u0107e razine s prstima, nostrud.<\/p>\n\n\n\n<h3 class=\"wp-block-heading\">Uobi\u010dajeni osnovni stilovi<\/h3>\n\n\n\n<p>Fotografija vje\u017ebanja&nbsp;<strong>podebljani tekst<\/strong>&nbsp;velika torba&nbsp;<em>kurziv<\/em>, elit male boje sed.&nbsp;<a href=\"#\">Link ovdje<\/a>&nbsp;elitni seitan&nbsp;<a href=\"#\">vje\u017eba<\/a>, fotografija&nbsp;<del>precrtano<\/del>&nbsp;et 8-bitni kale inline kod:&nbsp;<code>strip_tags()<\/code>&nbsp;i idemo dalje.<\/p>\n\n\n\n<pre class=\"wp-block-preformatted\">uzorak_koda_funkcije($tekst) { $tekst = izra\u010dunaj_uzorak($tekst); vrati $tekst; }<\/pre>\n\n\n\n<p class=\"has-drop-cap\">Primjer velikih slova ovdje. Grimizna vje\u0161tica Fenris Colossus lockjaw Wolverine abomination the new Sentinels Rogue, wonder girl dreadknight shriek ahab. Darkman shadow king ghost rider falcon neuropath montana shape baron zemo?<\/p>\n\n\n\n<p>Tra\u017eite vi\u0161e stilova i elemenata? Pogledajte <a href=\"https:\/\/smartmag.theme-sphere.com\/good-news\/welcome-to-the-future-of-wordpress-with-gutenberg\/\" target=\"_blank\" rel=\"noreferrer noopener\"><strong>Gutenbergovi stilovi<\/strong><\/a> objava.<\/p>","protected":false},"excerpt":{"rendered":"<p>This page shows typography and text related elements of the posts and pages in the default WordPress editor. You can see other elements in the Gutenberg Styles post. Exercitation photo booth stumptown tote bag Banksy, elit small batch freegan sed. Craft beer elit seitan exercitation, photo booth et 8-bit kale chips proident chillwave deep v [&hellip;]<\/p>\n","protected":false},"author":4,"featured_media":0,"parent":0,"menu_order":0,"comment_status":"closed","ping_status":"closed","template":"","meta":{"footnotes":""},"class_list":["post-4507","page","type-page","status-publish"],"_links":{"self":[{"href":"https:\/\/justmobs.com\/hr\/wp-json\/wp\/v2\/pages\/4507","targetHints":{"allow":["GET"]}}],"collection":[{"href":"https:\/\/justmobs.com\/hr\/wp-json\/wp\/v2\/pages"}],"about":[{"href":"https:\/\/justmobs.com\/hr\/wp-json\/wp\/v2\/types\/page"}],"author":[{"embeddable":true,"href":"https:\/\/justmobs.com\/hr\/wp-json\/wp\/v2\/users\/4"}],"replies":[{"embeddable":true,"href":"https:\/\/justmobs.com\/hr\/wp-json\/wp\/v2\/comments?post=4507"}],"version-history":[{"count":0,"href":"https:\/\/justmobs.com\/hr\/wp-json\/wp\/v2\/pages\/4507\/revisions"}],"wp:attachment":[{"href":"https:\/\/justmobs.com\/hr\/wp-json\/wp\/v2\/media?parent=4507"}],"curies":[{"name":"radni list","href":"https:\/\/api.w.org\/{rel}","templated":true}]}}