{"id":3,"date":"2022-10-24T23:31:41","date_gmt":"2022-10-24T23:31:41","guid":{"rendered":"https:\/\/justmobs.com\/?page_id=3"},"modified":"2024-05-14T21:54:35","modified_gmt":"2024-05-14T21:54:35","slug":"adatvedelmi-iranyelvek","status":"publish","type":"page","link":"https:\/\/justmobs.com\/hu\/adatvedelmi-iranyelvek\/","title":{"rendered":"Adatv\u00e9delmi ir\u00e1nyelvek"},"content":{"rendered":"<p>Justmobs m\u0171k\u00f6dteti a\u00a0<a href=\"https:\/\/gohow.co\/\" target=\"_blank\" rel=\"noreferrer noopener\"><\/a><a href=\"https:\/\/justmobs.com\/hu\/\">justmobs.com<\/a>\u00a0weboldal, amely a SZOLG\u00c1LTAT\u00c1ST ny\u00fajtja.<\/p>\n\n\n\n<p>Ezt az oldalt arra haszn\u00e1ljuk, hogy t\u00e1j\u00e9koztassuk a webhely l\u00e1togat\u00f3it a szem\u00e9lyes adatok gy\u0171jt\u00e9s\u00e9re, felhaszn\u00e1l\u00e1s\u00e1ra \u00e9s k\u00f6zz\u00e9t\u00e9tel\u00e9re vonatkoz\u00f3 ir\u00e1nyelveinkr\u0151l, ha valaki \u00fagy d\u00f6nt, hogy ig\u00e9nybe veszi Szolg\u00e1ltat\u00e1sunkat, a mobzin webhelyet.<\/p>\n\n\n\n<p>Ha \u00fagy d\u00f6nt, hogy ig\u00e9nybe veszi Szolg\u00e1ltat\u00e1sunkat, akkor elfogadja a jelen szab\u00e1lyzattal kapcsolatos inform\u00e1ci\u00f3k gy\u0171jt\u00e9s\u00e9t \u00e9s felhaszn\u00e1l\u00e1s\u00e1t. Az \u00e1ltalunk gy\u0171jt\u00f6tt Szem\u00e9lyes adatokat a Szolg\u00e1ltat\u00e1s ny\u00fajt\u00e1s\u00e1ra \u00e9s fejleszt\u00e9s\u00e9re haszn\u00e1ljuk fel. Az \u00d6n adatait nem haszn\u00e1ljuk fel \u00e9s nem osztjuk meg senkivel, kiv\u00e9ve a jelen Adatv\u00e9delmi szab\u00e1lyzatban le\u00edrtakat.<\/p>\n\n\n\n<p>A jelen Adatv\u00e9delmi nyilatkozatban haszn\u00e1lt kifejez\u00e9sek jelent\u00e9se megegyezik az \u00c1ltal\u00e1nos Szerz\u0151d\u00e9si Felt\u00e9teleinkben szerepl\u0151 kifejez\u00e9sekkel, amelyek a k\u00f6vetkez\u0151 c\u00edmen \u00e9rhet\u0151k el.\u00a0<a href=\"https:\/\/justmobs.com\/hu\/\">justmobs.com<\/a>, hacsak a jelen Adatv\u00e9delmi szab\u00e1lyzat m\u00e1sk\u00e9nt nem rendelkezik.<\/p>\n\n\n\n<h2 class=\"wp-block-heading\">Inform\u00e1ci\u00f3gy\u0171jt\u00e9s \u00e9s -felhaszn\u00e1l\u00e1s<\/h2>\n\n\n\n<p>A Szolg\u00e1ltat\u00e1sunk haszn\u00e1lata sor\u00e1n ny\u00fajtott jobb \u00e9lm\u00e9ny \u00e9rdek\u00e9ben megk\u00f6vetelhetj\u00fck, hogy adjon meg sz\u00e1munkra bizonyos szem\u00e9lyazonos\u00edt\u00e1sra alkalmas adatokat, bele\u00e9rtve, de nem kiz\u00e1r\u00f3lagosan az \u00d6n nev\u00e9t, telefonsz\u00e1m\u00e1t \u00e9s postai c\u00edm\u00e9t. Az \u00e1ltalunk gy\u0171jt\u00f6tt inform\u00e1ci\u00f3kat az \u00d6nnel val\u00f3 kapcsolatfelv\u00e9telre vagy az \u00d6n azonos\u00edt\u00e1s\u00e1ra haszn\u00e1ljuk fel.<\/p>\n\n\n\n<h2 class=\"wp-block-heading\">Napl\u00f3 adatok<\/h2>\n\n\n\n<p>T\u00e1j\u00e9koztatjuk, hogy amikor megl\u00e1togatja Szolg\u00e1ltat\u00e1sunkat, olyan inform\u00e1ci\u00f3kat gy\u0171jt\u00fcnk, amelyeket az \u00d6n b\u00f6ng\u00e9sz\u0151je k\u00fcld nek\u00fcnk, \u00e9s ezeket Napl\u00f3adatoknak nevezz\u00fck. Ezek a napl\u00f3adatok tartalmazhatnak olyan inform\u00e1ci\u00f3kat, mint p\u00e9ld\u00e1ul az \u00d6n sz\u00e1m\u00edt\u00f3g\u00e9p\u00e9nek Internet Protokoll (&quot;IP&quot;) c\u00edme, b\u00f6ng\u00e9sz\u0151 verzi\u00f3ja, Szolg\u00e1ltat\u00e1sunk \u00e1ltal felkeresett oldalak, l\u00e1togat\u00e1s\u00e1nak id\u0151pontja \u00e9s d\u00e1tuma, az oldalakon elt\u00f6lt\u00f6tt id\u0151 \u00e9s egy\u00e9b statisztik\u00e1k.<\/p>\n\n\n\n<h2 class=\"wp-block-heading\">Cookie-k<\/h2>\n\n\n\n<p>A s\u00fctik kis mennyis\u00e9g\u0171 adatot tartalmaz\u00f3 f\u00e1jlok, amelyeket \u00e1ltal\u00e1ban n\u00e9vtelen egyedi azonos\u00edt\u00f3k\u00e9nt haszn\u00e1lnak. Ezeket az \u00d6n \u00e1ltal megl\u00e1togatott webhely k\u00fcldi el a b\u00f6ng\u00e9sz\u0151j\u00e9nek, \u00e9s a sz\u00e1m\u00edt\u00f3g\u00e9pe merevlemez\u00e9n t\u00e1rolja.<\/p>\n\n\n\n<p>Weboldalunk ezeket a \u201ecookie-kat\u201d inform\u00e1ci\u00f3gy\u0171jt\u00e9sre \u00e9s szolg\u00e1ltat\u00e1sunk fejleszt\u00e9s\u00e9re haszn\u00e1lja. Lehet\u0151s\u00e9ge van arra, hogy elfogadja vagy elutas\u00edtsa ezeket a s\u00fctiket, \u00e9s tudja, mikor k\u00fcldenek cookie-t a sz\u00e1m\u00edt\u00f3g\u00e9p\u00e9re. Ha \u00fagy d\u00f6nt, hogy elutas\u00edtja a s\u00fctiket, el\u0151fordulhat, hogy nem tudja majd haszn\u00e1lni Szolg\u00e1ltat\u00e1sunk egyes r\u00e9szeit.<\/p>\n\n\n\n<h2 class=\"wp-block-heading\">Szolg\u00e1ltat\u00f3k<\/h2>\n\n\n\n<p>A k\u00f6vetkez\u0151 okok miatt alkalmazhatunk k\u00fcls\u0151 c\u00e9geket \u00e9s mag\u00e1nszem\u00e9lyeket:<\/p>\n\n\n\n<ul class=\"wp-block-list\">\n<li>Szolg\u00e1ltat\u00e1sunk megk\u00f6nny\u00edt\u00e9se \u00e9rdek\u00e9ben;<\/li>\n\n\n\n<li>a Szolg\u00e1ltat\u00e1s ny\u00fajt\u00e1sa a nev\u00fcnkben;<\/li>\n\n\n\n<li>Szolg\u00e1ltat\u00e1ssal kapcsolatos szolg\u00e1ltat\u00e1sok v\u00e9gz\u00e9s\u00e9re; vagy<\/li>\n\n\n\n<li>Hogy seg\u00edtsen nek\u00fcnk a Szolg\u00e1ltat\u00e1sunk haszn\u00e1lat\u00e1nak elemz\u00e9s\u00e9ben.<\/li>\n<\/ul>\n\n\n\n<p>T\u00e1j\u00e9koztatjuk Szolg\u00e1ltat\u00e1saink felhaszn\u00e1l\u00f3it, hogy ezek a harmadik felek hozz\u00e1f\u00e9rhetnek az \u00d6n Szem\u00e9lyes adataihoz. Ennek oka az, hogy a r\u00e1juk b\u00edzott feladatokat a mi nev\u00fcnkben v\u00e9gezz\u00fck el. K\u00f6telesek azonban, hogy az inform\u00e1ci\u00f3kat semmilyen m\u00e1s c\u00e9lra ne hozz\u00e1k nyilv\u00e1noss\u00e1gra \u00e9s ne haszn\u00e1lj\u00e1k fel.<\/p>\n\n\n\n<h2 class=\"wp-block-heading\">Biztons\u00e1g<\/h2>\n\n\n\n<p>Nagyra \u00e9rt\u00e9kelj\u00fck szem\u00e9lyes adatainak rendelkez\u00e9s\u00fcnkre bocs\u00e1t\u00e1sa ir\u00e1nti bizalm\u00e1t, ez\u00e9rt igyeksz\u00fcnk kereskedelmileg elfogadhat\u00f3 eszk\u00f6z\u00f6ket alkalmazni azok v\u00e9delm\u00e9re. De ne feledje, hogy az interneten kereszt\u00fcli tov\u00e1bb\u00edt\u00e1s vagy az elektronikus t\u00e1rol\u00e1s egyik m\u00f3dja sem biztons\u00e1gos \u00e9s megb\u00edzhat\u00f3, \u00e9s nem tudjuk garant\u00e1lni az abszol\u00fat biztons\u00e1got.<\/p>\n\n\n\n<h2 class=\"wp-block-heading\">M\u00e1s oldalakra mutat\u00f3 hivatkoz\u00e1sok<\/h2>\n\n\n\n<p>Szolg\u00e1ltat\u00e1sunk tartalmazhat m\u00e1s oldalakra mutat\u00f3 hivatkoz\u00e1sokat. Ha r\u00e1kattint egy harmadik f\u00e9lt\u0151l sz\u00e1rmaz\u00f3 hivatkoz\u00e1sra, akkor az adott webhelyre ir\u00e1ny\u00edtja \u00e1t. Vegye figyelembe, hogy ezeket a k\u00fcls\u0151 oldalakat nem mi \u00fczemeltetj\u00fck. Ez\u00e9rt nyomat\u00e9kosan javasoljuk, hogy tekintse \u00e1t ezen webhelyek adatv\u00e9delmi szab\u00e1lyzat\u00e1t. Nincs befoly\u00e1sunk harmadik felek webhelyeinek vagy szolg\u00e1ltat\u00e1sainak tartalm\u00e1ra, adatv\u00e9delmi szab\u00e1lyzataira vagy gyakorlataira, \u00e9s nem v\u00e1llalunk felel\u0151ss\u00e9get azok\u00e9rt.<\/p>\n\n\n\n<p>Gyermekek mag\u00e1n\u00e9lete<\/p>\n\n\n\n<p>Szolg\u00e1ltat\u00e1saink 13 \u00e9ven aluliak sz\u00e1m\u00e1ra nem sz\u00f3lnak. Tudatosan nem gy\u0171jt\u00fcnk szem\u00e9lyazonos\u00edt\u00e1sra alkalmas adatokat 13 \u00e9ven aluli gyermekekt\u0151l. Ha azt \u00e9szlelj\u00fck, hogy egy 13 \u00e9ven aluli gyermek adott \u00e1t nek\u00fcnk szem\u00e9lyes adatokat, azonnal t\u00f6r\u00f6lj\u00fck ezeket szervereinkr\u0151l. Ha \u00d6n sz\u00fcl\u0151 vagy gy\u00e1m, \u00e9s tudat\u00e1ban van annak, hogy gyermeke szem\u00e9lyes adatokat adott meg nek\u00fcnk, k\u00e9rj\u00fck, vegye fel vel\u00fcnk a kapcsolatot, hogy meg tudjuk tenni a sz\u00fcks\u00e9ges l\u00e9p\u00e9seket.<\/p>\n\n\n\n<h2 class=\"wp-block-heading\">Jelen adatv\u00e9delmi szab\u00e1lyzat v\u00e1ltoz\u00e1sai<\/h2>\n\n\n\n<p>Id\u0151r\u0151l id\u0151re friss\u00edthetj\u00fck Adatv\u00e9delmi szab\u00e1lyzatunkat. Ez\u00e9rt azt tan\u00e1csoljuk, hogy rendszeresen tekintse \u00e1t ezt az oldalt b\u00e1rmilyen v\u00e1ltoz\u00e1s miatt. Minden v\u00e1ltoz\u00e1sr\u00f3l az \u00faj adatv\u00e9delmi szab\u00e1lyzat k\u00f6zz\u00e9t\u00e9tel\u00e9vel \u00e9rtes\u00edtj\u00fck ezen az oldalon. Ezek a v\u00e1ltoztat\u00e1sok ezen az oldalon val\u00f3 k\u00f6zz\u00e9t\u00e9tel\u00fck ut\u00e1n azonnal hat\u00e1lyba l\u00e9pnek.<\/p>\n\n\n\n<h2 class=\"wp-block-heading\">L\u00e9pjen kapcsolatba vel\u00fcnk<\/h2>\n\n\n\n<p>Ha b\u00e1rmilyen k\u00e9rd\u00e9se vagy javaslata van az adatv\u00e9delmi szab\u00e1lyzatunkkal kapcsolatban, ne habozzon kapcsolatba l\u00e9pni vel\u00fcnk.<\/p>","protected":false},"excerpt":{"rendered":"<p>Justmobs operates the\u00a0justmobs.com\u00a0website, which provides the SERVICE. This page is used to inform website visitors regarding our policies with the collection, use, and disclosure of Personal Information if anyone decided to use our Service, the mobzin website. If you choose to use our Service, then you agree to the collection and use of information in [&hellip;]<\/p>\n","protected":false},"author":4,"featured_media":0,"parent":0,"menu_order":0,"comment_status":"closed","ping_status":"open","template":"","meta":{"footnotes":""},"class_list":["post-3","page","type-page","status-publish"],"_links":{"self":[{"href":"https:\/\/justmobs.com\/hu\/wp-json\/wp\/v2\/pages\/3","targetHints":{"allow":["GET"]}}],"collection":[{"href":"https:\/\/justmobs.com\/hu\/wp-json\/wp\/v2\/pages"}],"about":[{"href":"https:\/\/justmobs.com\/hu\/wp-json\/wp\/v2\/types\/page"}],"author":[{"embeddable":true,"href":"https:\/\/justmobs.com\/hu\/wp-json\/wp\/v2\/users\/4"}],"replies":[{"embeddable":true,"href":"https:\/\/justmobs.com\/hu\/wp-json\/wp\/v2\/comments?post=3"}],"version-history":[{"count":2,"href":"https:\/\/justmobs.com\/hu\/wp-json\/wp\/v2\/pages\/3\/revisions"}],"predecessor-version":[{"id":5125,"href":"https:\/\/justmobs.com\/hu\/wp-json\/wp\/v2\/pages\/3\/revisions\/5125"}],"wp:attachment":[{"href":"https:\/\/justmobs.com\/hu\/wp-json\/wp\/v2\/media?parent=3"}],"curies":[{"name":"munkaf\u00fczet","href":"https:\/\/api.w.org\/{rel}","templated":true}]}}