{"id":4507,"date":"2021-01-15T11:45:26","date_gmt":"2021-01-15T11:45:26","guid":{"rendered":"https:\/\/smartmag.theme-sphere.com\/health\/typography-post-elements\/"},"modified":"2021-01-15T11:45:26","modified_gmt":"2021-01-15T11:45:26","slug":"tipografiai-bejegyzeselemek","status":"publish","type":"page","link":"https:\/\/justmobs.com\/hu\/tipografiai-bejegyzeselemek\/","title":{"rendered":"Tipogr\u00e1fiai elemek"},"content":{"rendered":"<p>Ez az oldal a bejegyz\u00e9sek \u00e9s oldalak tipogr\u00e1fiai \u00e9s sz\u00f6veges elemeit mutatja az alap\u00e9rtelmezett WordPress szerkeszt\u0151ben. Tov\u00e1bbi elemeket itt tekinthet meg: <a href=\"https:\/\/smartmag.theme-sphere.com\/good-news\/welcome-to-the-future-of-wordpress-with-gutenberg\/\" target=\"_blank\" rel=\"noreferrer noopener\"><strong>Gutenberg st\u00edlusok<\/strong><\/a> poszt.<\/p>\n\n\n\n<p>Edz\u00e9s fot\u00f3f\u00fclke stumptown t\u00e1ska Banksy, elit kis t\u00e9tel\u0171 freegan sed. K\u00e9zm\u0171ves s\u00f6r elit seitan <a href=\"#\">gyakorlat<\/a>, photo booth et 8 bites kelk\u00e1poszta chips proident chillwave deep v laborum.<\/p>\n\n\n\n<hr class=\"wp-block-separator is-style-wide\"\/>\n\n\n\n<p><strong>1. Alap\u00e9rtelmezett Pullquote<\/strong><\/p>\n\n\n\n<figure class=\"wp-block-pullquote\"><blockquote><p>A fiatal feln\u0151tteknek csak a negyede j\u00e1rtas p\u00e9nz\u00fcgyileg. Nem akarjuk \u0151ket sz\u00f6rny\u0171 tan\u00e1csokkal el\u00e1rasztani.<\/p><cite>James Matthews<\/cite><\/blockquote><\/figure>\n\n\n\n<p>A norm\u00e1l pullquote st\u00edlus csak a Gutenberg Editorral \u00e9rhet\u0151 el.<\/p>\n\n\n\n<p><strong>2. Pullquotes Modern<\/strong><\/p>\n\n\n\n<p>A modern id\u00e9zet mind a klasszikus, mind a Gutenberg szerkeszt\u0151ben el\u00e9rhet\u0151. A Gutenberg szerkeszt\u0151ben Nagy st\u00edlusv\u00e1ltozatk\u00e9nt \u00e9rhet\u0151 el, m\u00edg a klasszikus szerkeszt\u0151ben a Tov\u00e1bbi st\u00edlusok alatt Modern id\u00e9zetk\u00e9nt.<\/p>\n\n\n\n<figure class=\"wp-block-pullquote is-style-modern\"><blockquote><p>Az emberek azt hiszik, hogy a f\u00f3kusz azt jelenti, hogy igent mondunk arra a dologra, amire \u00f6sszpontos\u00edtanunk kell. De ez egy\u00e1ltal\u00e1n nem ezt jelenti. Azt jelenti, hogy nemet mondunk a sz\u00e1z m\u00e1sik j\u00f3 \u00f6tletre, ami l\u00e9tezik. Gondosan kell v\u00e1lasztanunk.<\/p><cite>Shane Doe<\/cite><\/blockquote><\/figure>\n\n\n\n<p><strong>3. Sz\u00ednes id\u00e9zetek<\/strong><\/p>\n\n\n\n<p>A Gutenbergben ezzel a be\u00e1ll\u00edt\u00e1ssal b\u00e1rmelyik sz\u00ednbe\u00e1ll\u00edt\u00e1st haszn\u00e1lhatod mind a h\u00e1tt\u00e9r, mind a sz\u00f6veg sz\u00edn\u00e9hez.<\/p>\n\n\n\n<figure class=\"wp-block-pullquote has-background has-vivid-red-background-color is-style-solid-color\" style=\"background-color:#00789a\"><blockquote class=\"has-text-color has-white-color\"><p>A fiatal feln\u0151tteknek csak a negyede j\u00e1rtas p\u00e9nz\u00fcgyileg. Nem akarjuk \u0151ket sz\u00f6rny\u0171 tan\u00e1csokkal el\u00e1rasztani.<\/p><cite><span class=\"has-inline-color has-white-color\">Shane Doe<\/span><\/cite><\/blockquote><\/figure>\n\n\n\n<p><strong>4. Alap\u00e9rtelmezett blokkid\u00e9zet<\/strong><\/p>\n\n\n\n<blockquote class=\"wp-block-quote is-layout-flow wp-block-quote-is-layout-flow\"><p>Az emberek azt hiszik, hogy a f\u00f3kusz azt jelenti, hogy igent mondunk arra a dologra, amire \u00f6sszpontos\u00edtanunk kell. De ez egy\u00e1ltal\u00e1n nem ezt jelenti. Azt jelenti, hogy nemet mondunk a sz\u00e1z m\u00e1sik j\u00f3 \u00f6tletre, ami l\u00e9tezik. Gondosan kell v\u00e1lasztanunk.<\/p><cite>Shane Doe<\/cite><\/blockquote>\n\n\n\n<p><strong>5. Nagy blokkid\u00e9zet<\/strong><\/p>\n\n\n\n<blockquote class=\"wp-block-quote is-style-large is-layout-flow wp-block-quote-is-layout-flow\"><p>Az emberek azt hiszik, hogy a f\u00f3kusz azt jelenti, hogy igent mondunk arra a dologra, amire \u00f6sszpontos\u00edtanunk kell. De ez egy\u00e1ltal\u00e1n nem ezt jelenti. <\/p><\/blockquote>\n\n\n\n<p>Tonx cray commodo, testmozg\u00e1s, val\u00f3sz\u00edn\u0171leg m\u00e9g nem hallott\u00e1l r\u00f3luk, szak\u00e1ll, hitel. Szelfik iPhone Kickstarteren, ecetiv\u00e1s, farmernadr\u00e1g, fixie consequat.<\/p>\n\n\n\n<hr class=\"wp-block-separator is-style-dots\"\/>\n\n\n\n<figure class=\"wp-block-pullquote alignright\"><blockquote><p>Itt egy jobbra igaz\u00edtott id\u00e9zet, hogy bemutassak valamit a cikkb\u0151l.<\/p><cite>Shane Doe<\/cite><\/blockquote><\/figure>\n\n\n\n<p><strong>Jobbra igaz\u00edtott id\u00e9zet<\/strong>\u201e\u2026 Doktor spektrum kilowog lieberman flash gordon dar\u00e1zs a r\u00f3zsa sr\u00e1c gardner deadpool spawn master chief \u0151rz\u0151, magog hangyaember.\u201d Metamorpho trey langstrom red Guardian, \u201ehellcat, jane foster betty brant stacy x hellcat emma frost tehetetlens\u00e9g varangy kv\u00e1zar?\u201d Deadpool, \u201ek\u00edv\u00e1ncsi vagy dan crimson crusader, m\u00e9sz\u00e1rl\u00e1s feh\u00e9r kir\u00e1lyn\u0151 hyperion.\u201d <\/p>\n\n\n\n<p>Arcanna, Olaszorsz\u00e1g kapit\u00e1nya, F\u0151nix, Jennifer Kale, Robbie Burchill, \u201eA r\u00f3zsa spawn, Elektra unikornis\u201d.<\/p>\n\n\n\n<h2 class=\"wp-block-heading\">Norm\u00e1l list\u00e1k<\/h2>\n\n\n\n<p>Edz\u00e9s fot\u00f3f\u00fclke stumptown t\u00e1ska Banksy, elit kis t\u00e9tel\u0171 freegan sed. K\u00e9zm\u0171ves s\u00f6r elit seitan&nbsp;<a href=\"#\">gyakorlat<\/a>, photo booth et 8 bites kelk\u00e1poszta chips proident chillwave deep v laborum.<\/p>\n\n\n\n<ul class=\"wp-block-list\"><li>Aliquam erat volutpat<\/li><li>Gyakorl\u00f3 fot\u00f3f\u00fclke stumptown t\u00e1ska Banksy<\/li><li>Tempor duis egyetlen eredet\u0171 k\u00e1v\u00e9<\/li><li>Magnis dis parturient montes<\/li><\/ul>\n\n\n\n<h2 class=\"wp-block-heading\">Sz\u00e1mozott list\u00e1k<\/h2>\n\n\n\n<p>Kock\u00e1s stumptown, egyedi biod\u00edzel mini szak\u00e1ll, High Life el\u0151fordul\u00e1s, retro, fenntarthat\u00f3, 90-es \u00e9vekbeli Echo Park Tumblr. Photo booth \u00e9s 8 bites kelk\u00e1poszta chips, proident chillwave, m\u00e9ly v laborum.<\/p>\n\n\n\n<ol class=\"wp-block-list\"><li>Aliquam erat volutpat<\/li><li>Gyakorl\u00f3 fot\u00f3f\u00fclke stumptown t\u00e1ska Banksy<\/li><li>Tempor duis egyetlen eredet\u0171 k\u00e1v\u00e9<\/li><li>Magnis dis parturient montes<\/li><\/ol>\n\n\n\n<h1 class=\"wp-block-heading\">1. c\u00edmsor<\/h1>\n\n\n\n<p>Meh szintetiz\u00e1tor Schlitz, ideiglenes k\u00e9t egy eredet\u0171 k\u00e1v\u00e9 \u00e9s egy k\u00f6vetkez\u0151 szint\u0171 etnikai ujjlenyomat-tart\u00f3 \u00f6vt\u00e1ska nostrud.<\/p>\n\n\n\n<h2 class=\"wp-block-heading\">2. c\u00edmsor<\/h2>\n\n\n\n<p>Sed ut perspiciatis unde omnis iste natus error sit voluptatem accusantium doloremque laudantium, totam rem aperiam, eaque ipsa.<\/p>\n\n\n\n<h3 class=\"wp-block-heading\">3. c\u00edmsor<\/h3>\n\n\n\n<p>Sed ut perspiciatis unde omnis iste natus error sit voluptatem accusantium doloremque laudantium, totam rem aperiam, eaque ipsa.<\/p>\n\n\n\n<h4 class=\"wp-block-heading\">4. c\u00edmsor<\/h4>\n\n\n\n<p>Exercitation fot\u00f3f\u00fclke stumptown t\u00e1ska Banksy, elit kis t\u00e9tel\u0171 freegan sed.<\/p>\n\n\n\n<h5 class=\"wp-block-heading\">5. c\u00edmsor<\/h5>\n\n\n\n<p>Photo booth anim\u00e1ci\u00f3 8 bites hella, PBR 3 farkas holdszak\u00e1ll Helvetica.<\/p>\n\n\n\n<h6 class=\"wp-block-heading\">6. c\u00edmsor<\/h6>\n\n\n\n<p>Meh szintetiz\u00e1tor Schlitz, ideiglenes k\u00e9t egy eredet\u0171 k\u00e1v\u00e9 \u00e9s egy k\u00f6vetkez\u0151 szint\u0171 etnikai ujjlenyomat-tart\u00f3 \u00f6vt\u00e1ska nostrud.<\/p>\n\n\n\n<h3 class=\"wp-block-heading\">\u00c1ltal\u00e1nos alapst\u00edlusok<\/h3>\n\n\n\n<p>Edz\u00e9sfot\u00f3&nbsp;<strong>f\u00e9lk\u00f6v\u00e9r sz\u00f6veg<\/strong>&nbsp;t\u00e1ska&nbsp;<em>a d\u0151lt bet\u0171s<\/em>, elit apr\u00f3 sz\u00ednes szed.&nbsp;<a href=\"#\">Egy link itt<\/a>&nbsp;elit seit\u00e1n&nbsp;<a href=\"#\">gyakorlat<\/a>, fot\u00f3&nbsp;<del>\u00e1th\u00faz\u00e1s<\/del>&nbsp;\u00e9s 8 bites kelk\u00e1poszta be\u00e1gyazott k\u00f3d:&nbsp;<code>strip_tags()<\/code>&nbsp;\u00e9s tov\u00e1bbl\u00e9pve.<\/p>\n\n\n\n<pre class=\"wp-block-preformatted\">function k\u00f3d_minta($sz\u00f6veg) { $sz\u00f6veg = sz\u00e1m\u00edt\u00e1si_minta($sz\u00f6veg); return $sz\u00f6veg; }<\/pre>\n\n\n\n<p class=\"has-drop-cap\">P\u00e9lda az inici\u00e1l\u00e9kra itt. Skarl\u00e1t boszork\u00e1ny, Fenris, Kolosszus, Sz\u00e1jz\u00e1rnyas rozsom\u00e1k, F\u00f6rtelmess\u00e9g, Az \u00faj \u0151rszemek, Gazember, Csodal\u00e1ny, Retteglovag, S\u00f3lyom, Neuropata, Montana, Alak, Baron Zemo?<\/p>\n\n\n\n<p>Tov\u00e1bbi st\u00edlusokat \u00e9s elemeket keres? L\u00e1sd <a href=\"https:\/\/smartmag.theme-sphere.com\/good-news\/welcome-to-the-future-of-wordpress-with-gutenberg\/\" target=\"_blank\" rel=\"noreferrer noopener\"><strong>Gutenberg st\u00edlusok<\/strong><\/a> poszt.<\/p>","protected":false},"excerpt":{"rendered":"<p>This page shows typography and text related elements of the posts and pages in the default WordPress editor. You can see other elements in the Gutenberg Styles post. Exercitation photo booth stumptown tote bag Banksy, elit small batch freegan sed. Craft beer elit seitan exercitation, photo booth et 8-bit kale chips proident chillwave deep v [&hellip;]<\/p>\n","protected":false},"author":4,"featured_media":0,"parent":0,"menu_order":0,"comment_status":"closed","ping_status":"closed","template":"","meta":{"footnotes":""},"class_list":["post-4507","page","type-page","status-publish"],"_links":{"self":[{"href":"https:\/\/justmobs.com\/hu\/wp-json\/wp\/v2\/pages\/4507","targetHints":{"allow":["GET"]}}],"collection":[{"href":"https:\/\/justmobs.com\/hu\/wp-json\/wp\/v2\/pages"}],"about":[{"href":"https:\/\/justmobs.com\/hu\/wp-json\/wp\/v2\/types\/page"}],"author":[{"embeddable":true,"href":"https:\/\/justmobs.com\/hu\/wp-json\/wp\/v2\/users\/4"}],"replies":[{"embeddable":true,"href":"https:\/\/justmobs.com\/hu\/wp-json\/wp\/v2\/comments?post=4507"}],"version-history":[{"count":0,"href":"https:\/\/justmobs.com\/hu\/wp-json\/wp\/v2\/pages\/4507\/revisions"}],"wp:attachment":[{"href":"https:\/\/justmobs.com\/hu\/wp-json\/wp\/v2\/media?parent=4507"}],"curies":[{"name":"munkaf\u00fczet","href":"https:\/\/api.w.org\/{rel}","templated":true}]}}