{"id":565,"date":"2021-01-17T11:50:11","date_gmt":"2021-01-17T11:50:11","guid":{"rendered":"https:\/\/smartmag.theme-sphere.com\/health\/get-in-touch\/"},"modified":"2021-01-17T11:50:11","modified_gmt":"2021-01-17T11:50:11","slug":"lepj-kapcsolatba","status":"publish","type":"page","link":"https:\/\/justmobs.com\/hu\/lepj-kapcsolatba\/","title":{"rendered":"Kapcsolatfelv\u00e9tel"},"content":{"rendered":"<p>A Lorem Ipsum Press licenc\u00e9t a\u00a0<a rel=\"noopener\" href=\"#\" target=\"_blank\">Bionetwork Kft.<\/a>\u00a0Irod\u00e1nk a c\u00e9g \u00e9p\u00fclet\u00e9ben tal\u00e1lhat\u00f3.<\/p>\n\n\n\n<p><strong>C\u00edm:<\/strong> Lorem 15 Str., 4844, Ipsum, \u00e1llam, Egyes\u00fclt Kir\u00e1lys\u00e1g<br><strong>Telefon:<\/strong> +30-2106019311<\/p>\n\n\n\n<hr class=\"wp-block-separator is-style-wide\"\/>\n\n\n\n<h2 class=\"wp-block-heading\">Kapcsolatfelv\u00e9teli \u0171rlap<\/h2>\n\n\n\n<p>Ez a p\u00e9lda\u0171rlap a Contact Form 7 integr\u00e1ci\u00f3nkkal k\u00e9sz\u00fclt.<\/p>\n\n\n\n<div class=\"wp-block-contact-form-7-contact-form-selector\"><p class=\"wpcf7-contact-form-not-found\"><strong>Hiba:<\/strong> Kapcsolatfelv\u00e9teli \u0171rlap nem tal\u00e1lhat\u00f3.<\/p><\/div>","protected":false},"excerpt":{"rendered":"<p>A Lorem Ipsum Press a Bionetwork Ltd. enged\u00e9ly\u00e9vel m\u0171k\u00f6dik. Irod\u00e1nk a c\u00e9g \u00e9p\u00fclet\u00e9ben tal\u00e1lhat\u00f3. C\u00edm: Lorem 15 Str., 4844, Ipsum, \u00c1llam, Egyes\u00fclt Kir\u00e1lys\u00e1g Telefon: +30-2106019311 Kapcsolatfelv\u00e9teli \u0171rlap Ez a p\u00e9lda\u0171rlap a Contact Form 7 integr\u00e1ci\u00f3j\u00e1val k\u00e9sz\u00fclt.<\/p>","protected":false},"author":4,"featured_media":0,"parent":0,"menu_order":0,"comment_status":"closed","ping_status":"closed","template":"","meta":{"footnotes":""},"class_list":["post-565","page","type-page","status-publish"],"_links":{"self":[{"href":"https:\/\/justmobs.com\/hu\/wp-json\/wp\/v2\/pages\/565","targetHints":{"allow":["GET"]}}],"collection":[{"href":"https:\/\/justmobs.com\/hu\/wp-json\/wp\/v2\/pages"}],"about":[{"href":"https:\/\/justmobs.com\/hu\/wp-json\/wp\/v2\/types\/page"}],"author":[{"embeddable":true,"href":"https:\/\/justmobs.com\/hu\/wp-json\/wp\/v2\/users\/4"}],"replies":[{"embeddable":true,"href":"https:\/\/justmobs.com\/hu\/wp-json\/wp\/v2\/comments?post=565"}],"version-history":[{"count":0,"href":"https:\/\/justmobs.com\/hu\/wp-json\/wp\/v2\/pages\/565\/revisions"}],"wp:attachment":[{"href":"https:\/\/justmobs.com\/hu\/wp-json\/wp\/v2\/media?parent=565"}],"curies":[{"name":"munkaf\u00fczet","href":"https:\/\/api.w.org\/{rel}","templated":true}]}}