{"id":3,"date":"2022-10-24T23:31:41","date_gmt":"2022-10-24T23:31:41","guid":{"rendered":"https:\/\/justmobs.com\/?page_id=3"},"modified":"2024-05-14T21:54:35","modified_gmt":"2024-05-14T21:54:35","slug":"politica-sulla-riservatezza","status":"publish","type":"page","link":"https:\/\/justmobs.com\/it\/politica-sulla-riservatezza\/","title":{"rendered":"politica sulla riservatezza"},"content":{"rendered":"<p>Justmobs gestisce il\u00a0<a href=\"https:\/\/gohow.co\/\" target=\"_blank\" rel=\"noreferrer noopener\"><\/a><a href=\"https:\/\/justmobs.com\/it\/\">justmobs.com<\/a>\u00a0sito web, che fornisce il SERVIZIO.<\/p>\n\n\n\n<p>Questa pagina viene utilizzata per informare i visitatori del sito Web in merito alle nostre politiche con la raccolta, l&#039;uso e la divulgazione di informazioni personali se qualcuno decide di utilizzare il nostro Servizio, il sito Web mobzin.<\/p>\n\n\n\n<p>Se scegli di utilizzare il nostro Servizio, accetti la raccolta e l&#039;utilizzo delle informazioni in relazione a questa politica. Le informazioni personali che raccogliamo vengono utilizzate per fornire e migliorare il Servizio. Non utilizzeremo n\u00e9 condivideremo le tue informazioni con nessuno ad eccezione di quanto descritto nella presente Informativa sulla privacy.<\/p>\n\n\n\n<p>I termini utilizzati nella presente Informativa sulla privacy hanno lo stesso significato dei nostri Termini e condizioni, accessibili all&#039;indirizzo\u00a0<a href=\"https:\/\/justmobs.com\/it\/\">justmobs.com<\/a>, se non diversamente definito nella presente Informativa sulla privacy.<\/p>\n\n\n\n<h2 class=\"wp-block-heading\">Raccolta e utilizzo delle informazioni<\/h2>\n\n\n\n<p>Per una migliore esperienza durante l&#039;utilizzo del nostro Servizio, potremmo richiederti di fornirci alcune informazioni di identificazione personale, inclusi ma non limitati al tuo nome, numero di telefono e indirizzo postale. Le informazioni che raccogliamo verranno utilizzate per contattarti o identificarti.<\/p>\n\n\n\n<h2 class=\"wp-block-heading\">Registra dati<\/h2>\n\n\n\n<p>Desideriamo informarti che ogni volta che visiti il nostro Servizio, raccogliamo informazioni che il tuo browser ci invia, chiamate Dati di registro. Questi dati di registro possono includere informazioni quali l&#039;indirizzo del protocollo Internet (&quot;IP&quot;) del tuo computer, la versione del browser, le pagine del nostro servizio che visiti, l&#039;ora e la data della tua visita, il tempo trascorso su tali pagine e altre statistiche.<\/p>\n\n\n\n<h2 class=\"wp-block-heading\">Biscotti<\/h2>\n\n\n\n<p>I cookie sono file con piccole quantit\u00e0 di dati che vengono comunemente utilizzati come identificatore univoco anonimo. Questi vengono inviati al tuo browser dal sito web che visiti e vengono memorizzati sul disco rigido del tuo computer.<\/p>\n\n\n\n<p>Il nostro sito Web utilizza questi &quot;cookie&quot; per raccogliere informazioni e migliorare il nostro servizio. Hai la possibilit\u00e0 di accettare o rifiutare questi cookie e sapere quando un cookie viene inviato al tuo computer. Se scegli di rifiutare i nostri cookie, potresti non essere in grado di utilizzare alcune parti del nostro Servizio.<\/p>\n\n\n\n<h2 class=\"wp-block-heading\">Fornitori di servizi<\/h2>\n\n\n\n<p>Potremmo impiegare societ\u00e0 e individui di terze parti per i seguenti motivi:<\/p>\n\n\n\n<ul class=\"wp-block-list\">\n<li>Per facilitare il nostro Servizio;<\/li>\n\n\n\n<li>Fornire il Servizio per nostro conto;<\/li>\n\n\n\n<li>Per eseguire servizi relativi al Servizio; O<\/li>\n\n\n\n<li>Per aiutarci ad analizzare come viene utilizzato il nostro Servizio.<\/li>\n<\/ul>\n\n\n\n<p>Vogliamo informare i nostri utenti del Servizio che queste terze parti hanno accesso alle tue informazioni personali. Il motivo \u00e8 eseguire i compiti loro assegnati per nostro conto. Tuttavia, sono obbligati a non divulgare o utilizzare le informazioni per nessun altro scopo.<\/p>\n\n\n\n<h2 class=\"wp-block-heading\">Sicurezza<\/h2>\n\n\n\n<p>Apprezziamo la tua fiducia nel fornirci le tue informazioni personali, quindi ci sforziamo di utilizzare mezzi commercialmente accettabili per proteggerle. Ma ricorda che nessun metodo di trasmissione su Internet o metodo di archiviazione elettronica \u00e8 sicuro e affidabile per 100% e non possiamo garantirne l&#039;assoluta sicurezza.<\/p>\n\n\n\n<h2 class=\"wp-block-heading\">Collegamenti ad altri siti<\/h2>\n\n\n\n<p>Il nostro Servizio pu\u00f2 contenere collegamenti ad altri siti. Se fai clic su un collegamento di terze parti, verrai indirizzato a quel sito. Tieni presente che questi siti esterni non sono gestiti da noi. Pertanto, ti consigliamo vivamente di rivedere la Privacy Policy di questi siti web. Non abbiamo alcun controllo e non ci assumiamo alcuna responsabilit\u00e0 per il contenuto, le politiche sulla privacy o le pratiche di siti o servizi di terze parti.<\/p>\n\n\n\n<p>Privacy dei bambini<\/p>\n\n\n\n<p>I nostri Servizi non si rivolgono a persone di et\u00e0 inferiore a 13 anni. Non raccogliamo consapevolmente informazioni personali identificabili da bambini di et\u00e0 inferiore a 13 anni. Nel caso in cui scoprissimo che un bambino di et\u00e0 inferiore a 13 anni ci ha fornito informazioni personali, le elimineremo immediatamente dai nostri server. Se sei un genitore o tutore e sei consapevole che tuo figlio ci ha fornito informazioni personali, ti preghiamo di contattarci in modo che potremo intraprendere le azioni necessarie.<\/p>\n\n\n\n<h2 class=\"wp-block-heading\">Modifiche alla presente Informativa sulla privacy<\/h2>\n\n\n\n<p>Potremmo aggiornare la nostra Informativa sulla privacy di tanto in tanto. Pertanto, ti consigliamo di rivedere periodicamente questa pagina per eventuali modifiche. Ti informeremo di eventuali modifiche pubblicando la nuova Informativa sulla privacy in questa pagina. Queste modifiche entreranno in vigore immediatamente, dopo essere state pubblicate su questa pagina.<\/p>\n\n\n\n<h2 class=\"wp-block-heading\">Contattaci<\/h2>\n\n\n\n<p>Se hai domande o suggerimenti sulla nostra Informativa sulla privacy, non esitare a contattarci.<\/p>","protected":false},"excerpt":{"rendered":"<p>Justmobs operates the\u00a0justmobs.com\u00a0website, which provides the SERVICE. This page is used to inform website visitors regarding our policies with the collection, use, and disclosure of Personal Information if anyone decided to use our Service, the mobzin website. If you choose to use our Service, then you agree to the collection and use of information in [&hellip;]<\/p>\n","protected":false},"author":4,"featured_media":0,"parent":0,"menu_order":0,"comment_status":"closed","ping_status":"open","template":"","meta":{"footnotes":""},"class_list":["post-3","page","type-page","status-publish"],"_links":{"self":[{"href":"https:\/\/justmobs.com\/it\/wp-json\/wp\/v2\/pages\/3","targetHints":{"allow":["GET"]}}],"collection":[{"href":"https:\/\/justmobs.com\/it\/wp-json\/wp\/v2\/pages"}],"about":[{"href":"https:\/\/justmobs.com\/it\/wp-json\/wp\/v2\/types\/page"}],"author":[{"embeddable":true,"href":"https:\/\/justmobs.com\/it\/wp-json\/wp\/v2\/users\/4"}],"replies":[{"embeddable":true,"href":"https:\/\/justmobs.com\/it\/wp-json\/wp\/v2\/comments?post=3"}],"version-history":[{"count":2,"href":"https:\/\/justmobs.com\/it\/wp-json\/wp\/v2\/pages\/3\/revisions"}],"predecessor-version":[{"id":5125,"href":"https:\/\/justmobs.com\/it\/wp-json\/wp\/v2\/pages\/3\/revisions\/5125"}],"wp:attachment":[{"href":"https:\/\/justmobs.com\/it\/wp-json\/wp\/v2\/media?parent=3"}],"curies":[{"name":"parola chiave","href":"https:\/\/api.w.org\/{rel}","templated":true}]}}