{"id":4507,"date":"2021-01-15T11:45:26","date_gmt":"2021-01-15T11:45:26","guid":{"rendered":"https:\/\/smartmag.theme-sphere.com\/health\/typography-post-elements\/"},"modified":"2021-01-15T11:45:26","modified_gmt":"2021-01-15T11:45:26","slug":"elementi-di-post-tipografici","status":"publish","type":"page","link":"https:\/\/justmobs.com\/it\/elementi-di-post-tipografici\/","title":{"rendered":"Elementi di tipografia"},"content":{"rendered":"<p>Questa pagina mostra gli elementi tipografici e testuali dei post e delle pagine nell&#039;editor predefinito di WordPress. Puoi vedere altri elementi nell&#039;editor predefinito di WordPress. <a href=\"https:\/\/smartmag.theme-sphere.com\/good-news\/welcome-to-the-future-of-wordpress-with-gutenberg\/\" target=\"_blank\" rel=\"noreferrer noopener\"><strong>Stili di Gutenberg<\/strong><\/a> inviare.<\/p>\n\n\n\n<p>Cabina fotografica per esercizi, borsa tote Stumptown, Banksy, piccola serie di Freegan Sed. Birra artigianale di seitan. <a href=\"#\">esercizio<\/a>, cabina fotografica e chip di cavolo riccio a 8 bit proident chillwave deep v laborum.<\/p>\n\n\n\n<hr class=\"wp-block-separator is-style-wide\"\/>\n\n\n\n<p><strong>1. Citazione predefinita<\/strong><\/p>\n\n\n\n<figure class=\"wp-block-pullquote\"><blockquote><p>Solo un quarto dei giovani adulti ha competenze finanziarie. Non vorrai certo sommergerli di consigli pessimi.<\/p><cite>Giacomo Matthews<\/cite><\/blockquote><\/figure>\n\n\n\n<p>Lo stile pullquote normale \u00e8 disponibile solo con l&#039;editor Gutenberg.<\/p>\n\n\n\n<p><strong>2. Pullquotes Modern<\/strong><\/p>\n\n\n\n<p>La citazione moderna \u00e8 disponibile sia nell&#039;editor classico che in quello Gutenberg. Nell&#039;editor Gutenberg \u00e8 disponibile nella variante di stile Grande, mentre nell&#039;editor classico \u00e8 disponibile nella sezione &quot;Altri stili&quot; come Citazione moderna.<\/p>\n\n\n\n<figure class=\"wp-block-pullquote is-style-modern\"><blockquote><p>La gente pensa che concentrarsi significhi dire di s\u00ec a ci\u00f2 su cui bisogna concentrarsi. Ma non \u00e8 affatto cos\u00ec. Significa dire di no alle altre cento buone idee che ci sono. Bisogna scegliere con attenzione.<\/p><cite>Shane Doe<\/cite><\/blockquote><\/figure>\n\n\n\n<p><strong>3. Citazioni colorate<\/strong><\/p>\n\n\n\n<p>Con questa opzione in Gutenberg puoi utilizzare qualsiasi opzione di colore sia per lo sfondo che per il testo.<\/p>\n\n\n\n<figure class=\"wp-block-pullquote has-background has-vivid-red-background-color is-style-solid-color\" style=\"background-color:#00789a\"><blockquote class=\"has-text-color has-white-color\"><p>Solo un quarto dei giovani adulti ha competenze finanziarie. Non vorrai certo sommergerli di consigli pessimi.<\/p><cite><span class=\"has-inline-color has-white-color\">Shane Doe<\/span><\/cite><\/blockquote><\/figure>\n\n\n\n<p><strong>4. Blocco citazione predefinito<\/strong><\/p>\n\n\n\n<blockquote class=\"wp-block-quote is-layout-flow wp-block-quote-is-layout-flow\"><p>La gente pensa che concentrarsi significhi dire di s\u00ec a ci\u00f2 su cui bisogna concentrarsi. Ma non \u00e8 affatto cos\u00ec. Significa dire di no alle altre cento buone idee che ci sono. Bisogna scegliere con attenzione.<\/p><cite>Shane Doe<\/cite><\/blockquote>\n\n\n\n<p><strong>5. Citazione grande<\/strong><\/p>\n\n\n\n<blockquote class=\"wp-block-quote is-style-large is-layout-flow wp-block-quote-is-layout-flow\"><p>La gente pensa che concentrarsi significhi dire di s\u00ec a ci\u00f2 su cui ci si deve concentrare. Ma non \u00e8 affatto cos\u00ec. <\/p><\/blockquote>\n\n\n\n<p>Tonx cray commodo, esercizio di cui probabilmente non hai mai sentito parlare, barba cred. Selfie iPhone Kickstarter, bere aceto, pantaloncini di jeans, fixie consequat.<\/p>\n\n\n\n<hr class=\"wp-block-separator is-style-dots\"\/>\n\n\n\n<figure class=\"wp-block-pullquote alignright\"><blockquote><p>Ecco una citazione allineata a destra per mostrare qualcosa dall&#039;articolo.<\/p><cite>Shane Doe<\/cite><\/blockquote><\/figure>\n\n\n\n<p><strong>Citazione allineata a destra<\/strong>. Dottor Spectrum Kilowog Lieberman Flash Gordon Wasp The Rose Guy Gardner Deadpool Spawn Master Chief Guardian, Magog Ant-Man.&quot; Metamorpho Trey Langstrom Red Guardian, &quot;Hellcat, Jane Foster Betty Brant Stacy x Hellcat Emma Frost Inertia Toad Quasar?&quot; Deadpool, &quot;Fancy Dan Crimson Crusader, Carnage White Queen Hyperion.&quot; <\/p>\n\n\n\n<p>Arcanna capitano italia cosa fenice jennifer kale robbie burchill, &quot;la progenie della rosa, unicorno elektra.&quot;<\/p>\n\n\n\n<h2 class=\"wp-block-heading\">Elenchi normali<\/h2>\n\n\n\n<p>Cabina fotografica per esercizi, borsa tote Stumptown, Banksy, piccola serie di Freegan Sed. Birra artigianale di seitan.&nbsp;<a href=\"#\">esercizio<\/a>, cabina fotografica e chip di cavolo riccio a 8 bit proident chillwave deep v laborum.<\/p>\n\n\n\n<ul class=\"wp-block-list\"><li>Aliquam erat volutpat<\/li><li>Borsa tote Stumptown per foto di esercizi Banksy<\/li><li>Caff\u00e8 monorigine Tempor duis<\/li><li>Magnis dis parturient montes<\/li><\/ul>\n\n\n\n<h2 class=\"wp-block-heading\">Elenchi numerati<\/h2>\n\n\n\n<p>Plaid Stumptown su misura, mini barba biodiesel High Life incidenza retr\u00f2 sostenibile anni &#039;90 Echo Park Tumblr. Cabina fotografica e patatine di cavolo riccio a 8 bit proident chillwave deep v laborum.<\/p>\n\n\n\n<ol class=\"wp-block-list\"><li>Aliquam erat volutpat<\/li><li>Borsa tote Stumptown per foto di esercizi Banksy<\/li><li>Caff\u00e8 monorigine Tempor duis<\/li><li>Magnis dis parturient montes<\/li><\/ol>\n\n\n\n<h1 class=\"wp-block-heading\">Titolo 1<\/h1>\n\n\n\n<p>Meh synth Schlitz, due caff\u00e8 monorigine tempor e un marsupio etnico di livello successivo con baffi Nostrud.<\/p>\n\n\n\n<h2 class=\"wp-block-heading\">Titolo 2<\/h2>\n\n\n\n<p>Sed ut perspiciatis unde omnis iste natus error sit voluptatem accusantium doloremque laudantium, totam rem aperiam, eaque ipsa.<\/p>\n\n\n\n<h3 class=\"wp-block-heading\">Titolo 3<\/h3>\n\n\n\n<p>Sed ut perspiciatis unde omnis iste natus error sit voluptatem accusantium doloremque laudantium, totam rem aperiam, eaque ipsa.<\/p>\n\n\n\n<h4 class=\"wp-block-heading\">Titolo 4<\/h4>\n\n\n\n<p>Borsa tote Stumptown per esercizi fotografici Banksy, piccola serie di elit freegan sed.<\/p>\n\n\n\n<h5 class=\"wp-block-heading\">Titolo 5<\/h5>\n\n\n\n<p>Animazione per cabina fotografica 8-bit hella, PBR 3 lupo luna barba Helvetica.<\/p>\n\n\n\n<h6 class=\"wp-block-heading\">Titolo 6<\/h6>\n\n\n\n<p>Meh synth Schlitz, due caff\u00e8 monorigine tempor e un marsupio etnico di livello successivo con baffi Nostrud.<\/p>\n\n\n\n<h3 class=\"wp-block-heading\">Stili di base comuni<\/h3>\n\n\n\n<p>Foto di esercizio&nbsp;<strong>testo in grassetto<\/strong>&nbsp;borsa tote&nbsp;<em>il corsivo<\/em>, elit piccolo colorato sed.&nbsp;<a href=\"#\">Un collegamento qui<\/a>&nbsp;seitan d&#039;\u00e9lite&nbsp;<a href=\"#\">esercizio<\/a>, foto&nbsp;<del>barrato<\/del>&nbsp;e codice inline kale a 8 bit:&nbsp;<code>strip_tags()<\/code>&nbsp;e andare avanti.<\/p>\n\n\n\n<pre class=\"wp-block-preformatted\">funzione codice_campione($testo) { $testo = compute_campione($testo); restituisci $testo; }<\/pre>\n\n\n\n<p class=\"has-drop-cap\">Esempio di capolettera qui. Scarlet Witch, Fenris Colosso, Lockjaw, Wolverine, Abominio, The New Sentinels, Rogue, Wonder Girl, Dreadknight, Shriek, Ahab. Darkman, Shadow King, Ghost Rider, Falcon, Neuropath, Montana, Shape, Barone Zemo?<\/p>\n\n\n\n<p>Cerchi altri stili ed elementi? Vedi <a href=\"https:\/\/smartmag.theme-sphere.com\/good-news\/welcome-to-the-future-of-wordpress-with-gutenberg\/\" target=\"_blank\" rel=\"noreferrer noopener\"><strong>Stili di Gutenberg<\/strong><\/a> inviare.<\/p>","protected":false},"excerpt":{"rendered":"<p>This page shows typography and text related elements of the posts and pages in the default WordPress editor. You can see other elements in the Gutenberg Styles post. Exercitation photo booth stumptown tote bag Banksy, elit small batch freegan sed. Craft beer elit seitan exercitation, photo booth et 8-bit kale chips proident chillwave deep v [&hellip;]<\/p>\n","protected":false},"author":4,"featured_media":0,"parent":0,"menu_order":0,"comment_status":"closed","ping_status":"closed","template":"","meta":{"footnotes":""},"class_list":["post-4507","page","type-page","status-publish"],"_links":{"self":[{"href":"https:\/\/justmobs.com\/it\/wp-json\/wp\/v2\/pages\/4507","targetHints":{"allow":["GET"]}}],"collection":[{"href":"https:\/\/justmobs.com\/it\/wp-json\/wp\/v2\/pages"}],"about":[{"href":"https:\/\/justmobs.com\/it\/wp-json\/wp\/v2\/types\/page"}],"author":[{"embeddable":true,"href":"https:\/\/justmobs.com\/it\/wp-json\/wp\/v2\/users\/4"}],"replies":[{"embeddable":true,"href":"https:\/\/justmobs.com\/it\/wp-json\/wp\/v2\/comments?post=4507"}],"version-history":[{"count":0,"href":"https:\/\/justmobs.com\/it\/wp-json\/wp\/v2\/pages\/4507\/revisions"}],"wp:attachment":[{"href":"https:\/\/justmobs.com\/it\/wp-json\/wp\/v2\/media?parent=4507"}],"curies":[{"name":"parola chiave","href":"https:\/\/api.w.org\/{rel}","templated":true}]}}