{"id":3,"date":"2022-10-24T23:31:41","date_gmt":"2022-10-24T23:31:41","guid":{"rendered":"https:\/\/justmobs.com\/?page_id=3"},"modified":"2024-05-14T21:54:35","modified_gmt":"2024-05-14T21:54:35","slug":"privatumo-politika","status":"publish","type":"page","link":"https:\/\/justmobs.com\/lt\/privatumo-politika\/","title":{"rendered":"Privatumo politika"},"content":{"rendered":"<p>Justmobs valdo\u00a0<a href=\"https:\/\/gohow.co\/\" target=\"_blank\" rel=\"noreferrer noopener\"><\/a><a href=\"https:\/\/justmobs.com\/lt\/\">justmobs.com<\/a>\u00a0svetain\u0119, kurioje teikiama PASLAUGA.<\/p>\n\n\n\n<p>\u0160is puslapis naudojamas informuoti svetain\u0117s lankytojus apie m\u016bs\u0173 politik\u0105, susijusi\u0105 su Asmenin\u0117s informacijos rinkimu, naudojimu ir atskleidimu, jei kas nors nuspr\u0119st\u0173 naudotis m\u016bs\u0173 paslauga, mobzin svetaine.<\/p>\n\n\n\n<p>Jei nuspr\u0119site naudotis m\u016bs\u0173 Paslauga, sutinkate, kad b\u016bt\u0173 renkama ir naudojama informacija, susijusi su \u0161ia politika. Asmenin\u0117 informacija, kuri\u0105 mes renkame, naudojama Paslaugai teikti ir tobulinti. J\u016bs\u0173 informacijos nenaudosime ir su niekuo nesidalinsime, i\u0161skyrus atvejus, apra\u0161ytus \u0161ioje privatumo politikoje.<\/p>\n\n\n\n<p>\u0160ioje privatumo politikoje vartojamos s\u0105vokos turi tokias pa\u010dias reik\u0161mes kaip ir m\u016bs\u0173 taisykl\u0117se ir s\u0105lygose, kurias galite rasti adresu\u00a0<a href=\"https:\/\/justmobs.com\/lt\/\">justmobs.com<\/a>, jei \u0161ioje privatumo politikoje nenurodyta kitaip.<\/p>\n\n\n\n<h2 class=\"wp-block-heading\">Informacijos rinkimas ir naudojimas<\/h2>\n\n\n\n<p>Nor\u0117dami gauti geresn\u0119 patirt\u012f naudojantis m\u016bs\u0173 paslauga, galime reikalauti, kad pateiktum\u0117te tam tikr\u0105 asmen\u012f identifikuojan\u010di\u0105 informacij\u0105, \u012fskaitant, bet tuo neapsiribojant, j\u016bs\u0173 vard\u0105, telefono numer\u012f ir pa\u0161to adres\u0105. Informacija, kuri\u0105 mes renkame, bus naudojama susisiekti su jumis arba identifikuoti jus.<\/p>\n\n\n\n<h2 class=\"wp-block-heading\">\u017durnalo duomenys<\/h2>\n\n\n\n<p>Norime jus informuoti, kad kiekvien\u0105 kart\u0105, kai lankot\u0117s m\u016bs\u0173 Paslaugoje, renkame informacij\u0105, kuri\u0105 mums siun\u010dia j\u016bs\u0173 nar\u0161ykl\u0117, kuri vadinama \u017eurnalo duomenimis. \u0160ie \u017eurnalo duomenys gali apimti toki\u0105 informacij\u0105 kaip j\u016bs\u0173 kompiuterio interneto protokolo (IP) adresas, nar\u0161ykl\u0117s versija, m\u016bs\u0173 Paslaugos puslapiai, kuriuose lankot\u0117s, j\u016bs\u0173 apsilankymo laikas ir data, laikas, praleistas tuose puslapiuose, ir kita statistika.<\/p>\n\n\n\n<h2 class=\"wp-block-heading\">Slapukai<\/h2>\n\n\n\n<p>Slapukai yra failai su nedideliu duomen\u0173 kiekiu, kurie da\u017eniausiai naudojami kaip anoniminis unikalus identifikatorius. Jie siun\u010diami \u012f j\u016bs\u0173 nar\u0161ykl\u0119 i\u0161 svetain\u0117s, kurioje lankot\u0117s, ir saugomos j\u016bs\u0173 kompiuterio stand\u017eiajame diske.<\/p>\n\n\n\n<p>M\u016bs\u0173 svetain\u0117 naudoja \u0161iuos \u201eslapukus\u201c informacijai rinkti ir Paslaugai tobulinti. J\u016bs turite galimyb\u0119 priimti arba atmesti \u0161iuos slapukus ir \u017einoti, kada slapukas siun\u010diamas \u012f j\u016bs\u0173 kompiuter\u012f. Jei nuspr\u0119site atsisakyti m\u016bs\u0173 slapuk\u0173, gali b\u016bti, kad negal\u0117site naudotis kai kuriomis m\u016bs\u0173 Paslaugos dalimis.<\/p>\n\n\n\n<h2 class=\"wp-block-heading\">Paslaug\u0173 tiek\u0117jai<\/h2>\n\n\n\n<p>Tre\u010di\u0173j\u0173 \u0161ali\u0173 \u012fmones ir asmenis galime \u012fdarbinti d\u0117l \u0161i\u0173 prie\u017eas\u010di\u0173:<\/p>\n\n\n\n<ul class=\"wp-block-list\">\n<li>Nor\u0117dami palengvinti m\u016bs\u0173 Paslaug\u0105;<\/li>\n\n\n\n<li>teikti Paslaug\u0105 m\u016bs\u0173 vardu;<\/li>\n\n\n\n<li>Teikti su Paslaugomis susijusias paslaugas; arba<\/li>\n\n\n\n<li>Nor\u0117dami pad\u0117ti mums analizuoti, kaip naudojama m\u016bs\u0173 Paslauga.<\/li>\n<\/ul>\n\n\n\n<p>Norime informuoti savo Paslaugos vartotojus, kad \u0161ios tre\u010diosios \u0161alys turi prieig\u0105 prie j\u016bs\u0173 asmenin\u0117s informacijos. Prie\u017eastis \u2013 atlikti jiems pavestas u\u017eduotis m\u016bs\u0173 vardu. Ta\u010diau jie privalo neatskleisti ir nenaudoti informacijos jokiais kitais tikslais.<\/p>\n\n\n\n<h2 class=\"wp-block-heading\">Saugumas<\/h2>\n\n\n\n<p>Vertiname j\u016bs\u0173 pasitik\u0117jim\u0105 teikiant mums savo asmenin\u0119 informacij\u0105, tod\u0117l siekiame naudoti komerci\u0161kai priimtinas priemones jai apsaugoti. Ta\u010diau atminkite, kad joks perdavimo internetu b\u016bdas ar elektroninio saugojimo b\u016bdas n\u0117ra 100% saugus ir patikimas, tod\u0117l negalime garantuoti visi\u0161ko jo saugumo.<\/p>\n\n\n\n<h2 class=\"wp-block-heading\">Nuorodos \u012f kitas svetaines<\/h2>\n\n\n\n<p>M\u016bs\u0173 Paslaugoje gali b\u016bti nuorod\u0173 \u012f kitas svetaines. Jei spustel\u0117site tre\u010diosios \u0161alies nuorod\u0105, b\u016bsite nukreipti \u012f t\u0105 svetain\u0119. Atminkite, kad \u0161ios i\u0161orin\u0117s svetain\u0117s n\u0117ra m\u016bs\u0173 valdomos. Tod\u0117l primygtinai rekomenduojame per\u017ei\u016br\u0117ti \u0161i\u0173 svetaini\u0173 privatumo politik\u0105. Mes nekontroliuojame ir neprisiimame atsakomyb\u0117s u\u017e bet koki\u0173 tre\u010di\u0173j\u0173 \u0161ali\u0173 svetaini\u0173 ar paslaug\u0173 turin\u012f, privatumo politik\u0105 ar praktik\u0105.<\/p>\n\n\n\n<p>Vaik\u0173 privatumas<\/p>\n\n\n\n<p>M\u016bs\u0173 Paslaugos n\u0117ra skirtos niekam iki 13 met\u0173 am\u017eiaus. S\u0105moningai nerenkame asmens identifikuojan\u010dios informacijos i\u0161 jaunesni\u0173 nei 13 met\u0173 vaik\u0173. Jei nustatome, kad vaikas iki 13 met\u0173 pateik\u0117 mums asmenin\u0119 informacij\u0105, nedelsdami j\u0105 i\u0161triname i\u0161 savo serveri\u0173. Jei esate vienas i\u0161 t\u0117v\u0173 ar glob\u0117j\u0173 ir \u017einote, kad j\u016bs\u0173 vaikas mums pateik\u0117 asmenin\u0119 informacij\u0105, susisiekite su mumis, kad gal\u0117tume atlikti reikiamus veiksmus.<\/p>\n\n\n\n<h2 class=\"wp-block-heading\">\u0160ios privatumo politikos pakeitimai<\/h2>\n\n\n\n<p>Retkar\u010diais galime atnaujinti savo privatumo politik\u0105. Tod\u0117l rekomenduojame periodi\u0161kai per\u017ei\u016br\u0117ti \u0161\u012f puslap\u012f, ar n\u0117ra pakeitim\u0173. Apie bet kokius pakeitimus prane\u0161ime \u0161iame puslapyje paskelbdami nauj\u0105 privatumo politik\u0105. \u0160ie pakeitimai \u012fsigalioja i\u0161 karto po j\u0173 paskelbimo \u0161iame puslapyje.<\/p>\n\n\n\n<h2 class=\"wp-block-heading\">Susisiekite su mumis<\/h2>\n\n\n\n<p>Jei turite klausim\u0173 ar pasi\u016blym\u0173 d\u0117l m\u016bs\u0173 privatumo politikos, nedvejodami susisiekite su mumis.<\/p>","protected":false},"excerpt":{"rendered":"<p>Justmobs operates the\u00a0justmobs.com\u00a0website, which provides the SERVICE. This page is used to inform website visitors regarding our policies with the collection, use, and disclosure of Personal Information if anyone decided to use our Service, the mobzin website. If you choose to use our Service, then you agree to the collection and use of information in [&hellip;]<\/p>\n","protected":false},"author":4,"featured_media":0,"parent":0,"menu_order":0,"comment_status":"closed","ping_status":"open","template":"","meta":{"footnotes":""},"class_list":["post-3","page","type-page","status-publish"],"_links":{"self":[{"href":"https:\/\/justmobs.com\/lt\/wp-json\/wp\/v2\/pages\/3","targetHints":{"allow":["GET"]}}],"collection":[{"href":"https:\/\/justmobs.com\/lt\/wp-json\/wp\/v2\/pages"}],"about":[{"href":"https:\/\/justmobs.com\/lt\/wp-json\/wp\/v2\/types\/page"}],"author":[{"embeddable":true,"href":"https:\/\/justmobs.com\/lt\/wp-json\/wp\/v2\/users\/4"}],"replies":[{"embeddable":true,"href":"https:\/\/justmobs.com\/lt\/wp-json\/wp\/v2\/comments?post=3"}],"version-history":[{"count":2,"href":"https:\/\/justmobs.com\/lt\/wp-json\/wp\/v2\/pages\/3\/revisions"}],"predecessor-version":[{"id":5125,"href":"https:\/\/justmobs.com\/lt\/wp-json\/wp\/v2\/pages\/3\/revisions\/5125"}],"wp:attachment":[{"href":"https:\/\/justmobs.com\/lt\/wp-json\/wp\/v2\/media?parent=3"}],"curies":[{"name":"wp","href":"https:\/\/api.w.org\/{rel}","templated":true}]}}