{"id":4507,"date":"2021-01-15T11:45:26","date_gmt":"2021-01-15T11:45:26","guid":{"rendered":"https:\/\/smartmag.theme-sphere.com\/health\/typography-post-elements\/"},"modified":"2021-01-15T11:45:26","modified_gmt":"2021-01-15T11:45:26","slug":"tipografijos-irasu-elementai","status":"publish","type":"page","link":"https:\/\/justmobs.com\/lt\/tipografijos-irasu-elementai\/","title":{"rendered":"Tipografijos elementai"},"content":{"rendered":"<p>\u0160iame puslapyje rodomi numatytojo \u201eWordPress\u201c redaktoriaus \u012fra\u0161\u0173 ir puslapi\u0173 tipografijos ir su tekstu susij\u0119 elementai. Kitus elementus galite pamatyti \u010dia. <a href=\"https:\/\/smartmag.theme-sphere.com\/good-news\/welcome-to-the-future-of-wordpress-with-gutenberg\/\" target=\"_blank\" rel=\"noreferrer noopener\"><strong>Gutenbergo stiliai<\/strong><\/a> pa\u0161tas.<\/p>\n\n\n\n<p>\u201eExercitation\u201c nuotrauk\u0173 b\u016bdel\u0117 \u201eStumptown\u201c krep\u0161ys \u201eBanksy\u201c, elit ma\u017ea partija \u201efreegan sed\u201c. amatinio alaus elit seitan <a href=\"#\">pratimas<\/a>, Photo Booth ir 8 bit\u0173 kop\u016bst\u0173 tra\u0161ku\u010diai proident chillwave deep v laborum.<\/p>\n\n\n\n<hr class=\"wp-block-separator is-style-wide\"\/>\n\n\n\n<p><strong>1. Numatytoji citata<\/strong><\/p>\n\n\n\n<figure class=\"wp-block-pullquote\"><blockquote><p>Tik ketvirtadalis jaun\u0173 suaugusi\u0173j\u0173 yra finansi\u0161kai ra\u0161tingi. Nenorite j\u0173 u\u017eversti baisiais patarimais.<\/p><cite>Jamesas Matthewsas<\/cite><\/blockquote><\/figure>\n\n\n\n<p>\u012eprastas citatos stilius galimas tik naudojant \u201eGutenberg Editor\u201c.<\/p>\n\n\n\n<p><strong>2. Pullquotes Modern<\/strong><\/p>\n\n\n\n<p>\u0160iuolaikin\u0117 citata pasiekiama tiek klasikin\u0117je, tiek \u201eGutenberg\u201c redaktoriuje. \u201eGutenberg\u201c redaktoriuje ji pasiekiama kaip didelio stiliaus variantas, o klasikiniame redaktoriuje \u2013 skiltyje \u201eDaugiau stili\u0173\u201c kaip moderni citata.<\/p>\n\n\n\n<figure class=\"wp-block-pullquote is-style-modern\"><blockquote><p>\u017dmon\u0117s mano, kad susikaupimas rei\u0161kia pasakyti \u201etaip\u201c tam dalykui, \u012f kur\u012f reikia sutelkti d\u0117mes\u012f. Bet tai visai ne tai rei\u0161kia. Tai rei\u0161kia pasakyti \u201ene\u201c \u0161imtui kit\u0173 ger\u0173 id\u0117j\u0173. Reikia rinktis atsargiai.<\/p><cite>Shane&#039;as Doe&#039;as<\/cite><\/blockquote><\/figure>\n\n\n\n<p><strong>3. Spalvotos citatos<\/strong><\/p>\n\n\n\n<p>Naudodami \u0161i\u0105 parinkt\u012f \u201eGutenberg\u201c programoje, galite naudoti bet kuri\u0105 i\u0161 spalv\u0173 parink\u010di\u0173 tiek fonui, tiek teksto spalvai.<\/p>\n\n\n\n<figure class=\"wp-block-pullquote has-background has-vivid-red-background-color is-style-solid-color\" style=\"background-color:#00789a\"><blockquote class=\"has-text-color has-white-color\"><p>Tik ketvirtadalis jaun\u0173 suaugusi\u0173j\u0173 yra finansi\u0161kai ra\u0161tingi. Nenorite j\u0173 u\u017eversti baisiais patarimais.<\/p><cite><span class=\"has-inline-color has-white-color\">Shane&#039;as Doe&#039;as<\/span><\/cite><\/blockquote><\/figure>\n\n\n\n<p><strong>4. Numatytasis blokini\u0173 citat\u0173 nustatymas<\/strong><\/p>\n\n\n\n<blockquote class=\"wp-block-quote is-layout-flow wp-block-quote-is-layout-flow\"><p>\u017dmon\u0117s mano, kad susikaupimas rei\u0161kia pasakyti \u201etaip\u201c tam dalykui, \u012f kur\u012f reikia sutelkti d\u0117mes\u012f. Bet tai visai ne tai rei\u0161kia. Tai rei\u0161kia pasakyti \u201ene\u201c \u0161imtui kit\u0173 ger\u0173 id\u0117j\u0173. Reikia rinktis atsargiai.<\/p><cite>Shane&#039;as Doe&#039;as<\/cite><\/blockquote>\n\n\n\n<p><strong>5. Didel\u0117 citata<\/strong><\/p>\n\n\n\n<blockquote class=\"wp-block-quote is-style-large is-layout-flow wp-block-quote-is-layout-flow\"><p>\u017dmon\u0117s mano, kad susikaupimas rei\u0161kia pasakyti \u201etaip\u201c tam dalykui, \u012f kur\u012f reikia sutelkti d\u0117mes\u012f. Bet tai visai ne tai. <\/p><\/blockquote>\n\n\n\n<p>\u201eTonx Cray Commodo\u201c, mank\u0161ta, apie kuri\u0105 tikriausiai negird\u0117jote, barzda, kreditas. Asmenuk\u0117s \u201eiPhone Kickstarter\u201c, acto g\u0117rimas, d\u017einsiniai \u0161ortai, fixie consequat.<\/p>\n\n\n\n<hr class=\"wp-block-separator is-style-dots\"\/>\n\n\n\n<figure class=\"wp-block-pullquote alignright\"><blockquote><p>Pateikiu de\u0161in\u0117je lygiuot\u0105 citat\u0105, kad parody\u010diau kai k\u0105 i\u0161 straipsnio.<\/p><cite>Shane&#039;as Doe&#039;as<\/cite><\/blockquote><\/figure>\n\n\n\n<p><strong>Citavimas sulygiuotas de\u0161in\u0117je<\/strong>\u201eDaktaras spektras kilowog lieberman blyksnis gordonas vapsva ro\u017e\u0117 vaikinas gardneris deadpool spawn meistras vyriausiasis glob\u0117jas, magogas skruzd\u0117liukas.\u201c Metamorfas trey langstrom raudonasis glob\u0117jas, \u201epragaro kat\u0117, jane foster betty brant stacy x pragaro kat\u0117 emma frost inercija rup\u016b\u017e\u0117 kvazaras?\u201c Deadpool, \u201ear \u012fdom\u016bs dan crimson crusader, carnage baltoji karalien\u0117 hyperion\u201c. <\/p>\n\n\n\n<p>\u201eArcanna\u201c, \u201eKapitonas Italija\u201c, \u201ePhoenix\u201c, \u201eJennifer Kale\u201c, \u201eRo\u017ei\u0173 spawn\u201c, \u201eVienaragis Elektra\u201c.<\/p>\n\n\n\n<h2 class=\"wp-block-heading\">\u012eprasti s\u0105ra\u0161ai<\/h2>\n\n\n\n<p>\u201eExercitation\u201c nuotrauk\u0173 b\u016bdel\u0117 \u201eStumptown\u201c krep\u0161ys \u201eBanksy\u201c, elit ma\u017ea partija \u201efreegan sed\u201c. amatinio alaus elit seitan&nbsp;<a href=\"#\">pratimas<\/a>, Photo Booth ir 8 bit\u0173 kop\u016bst\u0173 tra\u0161ku\u010diai proident chillwave deep v laborum.<\/p>\n\n\n\n<ul class=\"wp-block-list\"><li>Aliquam erat volutpat<\/li><li>Mank\u0161tos nuotrauk\u0173 kabinos stumptown krep\u0161ys Banksy<\/li><li>Tempor duis vienos kilm\u0117s kava<\/li><li>Magnis dis parturient montes<\/li><\/ul>\n\n\n\n<h2 class=\"wp-block-heading\">Sunumeruoti s\u0105ra\u0161ai<\/h2>\n\n\n\n<p>Languotas \u201eStumptown\u201c pagal u\u017esakym\u0105 pagamintas biodyzelino mini barzdel\u0117, \u201eHigh Life\u201c incidentas, retro, tvarus 90-\u0173j\u0173 \u201eEcho Park Tumblr\u201c. Nuotrauk\u0173 b\u016bdel\u0117 ir 8 bit\u0173 lapini\u0173 kop\u016bst\u0173 tra\u0161ku\u010diai, puikus, chillwave, gilus, v, darbas.<\/p>\n\n\n\n<ol class=\"wp-block-list\"><li>Aliquam erat volutpat<\/li><li>Mank\u0161tos nuotrauk\u0173 kabinos stumptown krep\u0161ys Banksy<\/li><li>Tempor duis vienos kilm\u0117s kava<\/li><li>Magnis dis parturient montes<\/li><\/ol>\n\n\n\n<h1 class=\"wp-block-heading\">1 antra\u0161t\u0117<\/h1>\n\n\n\n<p>Meh sintezatorius Schlitz, laikina dvi vienos kilm\u0117s kavos ir kito lygio etnin\u0117 pir\u0161tais u\u017esegama juosmens krep\u0161ys nostrud.<\/p>\n\n\n\n<h2 class=\"wp-block-heading\">2 antra\u0161t\u0117<\/h2>\n\n\n\n<p>Sed ut perspiciatis unde omnis iste natus klaida sit voluptatem accusantium doloremque laudantium, totam rem aperiam, eaque ipsa.<\/p>\n\n\n\n<h3 class=\"wp-block-heading\">3 antra\u0161t\u0117<\/h3>\n\n\n\n<p>Sed ut perspiciatis unde omnis iste natus klaida sit voluptatem accusantium doloremque laudantium, totam rem aperiam, eaque ipsa.<\/p>\n\n\n\n<h4 class=\"wp-block-heading\">4 antra\u0161t\u0117<\/h4>\n\n\n\n<p>\u201eExercitation\u201c nuotrauk\u0173 b\u016bdel\u0117 \u201eStumptown\u201c krep\u0161ys \u201eBanksy\u201c, elitin\u0117 ma\u017ea partija \u201efreegan sed\u201c.<\/p>\n\n\n\n<h5 class=\"wp-block-heading\">5 antra\u0161t\u0117<\/h5>\n\n\n\n<p>Nuotrauk\u0173 kabinos animacija 8 bit\u0173 hella, PBR 3 vilko m\u0117nulio barzda Helvetica.<\/p>\n\n\n\n<h6 class=\"wp-block-heading\">6 antra\u0161t\u0117<\/h6>\n\n\n\n<p>Meh sintezatorius Schlitz, laikina dvi vienos kilm\u0117s kavos ir kito lygio etnin\u0117 pir\u0161tais u\u017esegama juosmens krep\u0161ys nostrud.<\/p>\n\n\n\n<h3 class=\"wp-block-heading\">\u012eprasti pagrindiniai stiliai<\/h3>\n\n\n\n<p>Pratimo nuotrauka&nbsp;<strong>pary\u0161kintas tekstas<\/strong>&nbsp;krep\u0161ys&nbsp;<em>kursyvas<\/em>, elit ma\u017eos spalvotos sed.&nbsp;<a href=\"#\">Nuoroda \u010dia<\/a>&nbsp;elitinis seitanas&nbsp;<a href=\"#\">pratimas<\/a>, nuotrauka&nbsp;<del>perbrauktas<\/del>&nbsp;ir 8 bit\u0173 kop\u016bst\u0173 eilutinis kodas:&nbsp;<code>strip_tags()<\/code>&nbsp;ir juda toliau.<\/p>\n\n\n\n<pre class=\"wp-block-preformatted\">funkcija kodo_pavyzdys($tekstas) { $tekstas = apskai\u010diuoti_pavyzd\u012f($tekstas); gr\u0105\u017einti $tekst\u0105; }<\/pre>\n\n\n\n<p class=\"has-drop-cap\">Didinam\u0173j\u0173 did\u017ei\u0173j\u0173 raid\u017ei\u0173 pavyzdys. Skarlatinoji ragana Fenris Kolosas U\u017ekiet\u0117j\u0119s \u017dandikaulis Ernis Bjauryb\u0117 Naujieji sargybiniai Nes\u0105\u017eininga Nuostabioji Mergina Dreadnight klyksmas Ahab. Tamsos \u017emogus \u0160e\u0161\u0117li\u0173 Karalius Vaiduoklis Raitelis Sakalas Neuropatas Montana Forma Baronas Zemo?<\/p>\n\n\n\n<p>Ie\u0161kote daugiau stili\u0173 ir element\u0173? \u017dr. <a href=\"https:\/\/smartmag.theme-sphere.com\/good-news\/welcome-to-the-future-of-wordpress-with-gutenberg\/\" target=\"_blank\" rel=\"noreferrer noopener\"><strong>Gutenbergo stiliai<\/strong><\/a> pa\u0161tas.<\/p>","protected":false},"excerpt":{"rendered":"<p>This page shows typography and text related elements of the posts and pages in the default WordPress editor. You can see other elements in the Gutenberg Styles post. Exercitation photo booth stumptown tote bag Banksy, elit small batch freegan sed. Craft beer elit seitan exercitation, photo booth et 8-bit kale chips proident chillwave deep v [&hellip;]<\/p>\n","protected":false},"author":4,"featured_media":0,"parent":0,"menu_order":0,"comment_status":"closed","ping_status":"closed","template":"","meta":{"footnotes":""},"class_list":["post-4507","page","type-page","status-publish"],"_links":{"self":[{"href":"https:\/\/justmobs.com\/lt\/wp-json\/wp\/v2\/pages\/4507","targetHints":{"allow":["GET"]}}],"collection":[{"href":"https:\/\/justmobs.com\/lt\/wp-json\/wp\/v2\/pages"}],"about":[{"href":"https:\/\/justmobs.com\/lt\/wp-json\/wp\/v2\/types\/page"}],"author":[{"embeddable":true,"href":"https:\/\/justmobs.com\/lt\/wp-json\/wp\/v2\/users\/4"}],"replies":[{"embeddable":true,"href":"https:\/\/justmobs.com\/lt\/wp-json\/wp\/v2\/comments?post=4507"}],"version-history":[{"count":0,"href":"https:\/\/justmobs.com\/lt\/wp-json\/wp\/v2\/pages\/4507\/revisions"}],"wp:attachment":[{"href":"https:\/\/justmobs.com\/lt\/wp-json\/wp\/v2\/media?parent=4507"}],"curies":[{"name":"wp","href":"https:\/\/api.w.org\/{rel}","templated":true}]}}