{"id":4887,"date":"2023-09-28T03:29:20","date_gmt":"2023-09-28T03:29:20","guid":{"rendered":"https:\/\/justmobs.com\/?page_id=4887"},"modified":"2023-09-28T04:45:56","modified_gmt":"2023-09-28T04:45:56","slug":"privatumo-politika-2","status":"publish","type":"page","link":"https:\/\/justmobs.com\/lt\/privatumo-politika-2\/","title":{"rendered":"Privatumo politika"},"content":{"rendered":"<p>J\u016bs\u0173 privatumas mums svarbus. \u201eJustMobs\u201c politika gerbti j\u016bs\u0173 privatum\u0105, susijusi\u0105 su bet kokia informacija, kuri\u0105 galime surinkti i\u0161 j\u016bs\u0173 svetain\u0117je <a href=\"https:\/\/JustMobs.com\/\">JustMobs<\/a>, ir kitose mums priklausan\u010diose ir valdomose svetain\u0117se.<\/p>\n<p>Mes pra\u0161ome asmenin\u0117s informacijos tik tada, kai mums jos tikrai reikia norint suteikti jums paslaug\u0105. Tai darome s\u0105\u017einingomis ir teis\u0117tomis priemon\u0117mis, jums \u017einant ir sutikus. Taip pat pasakojame, kod\u0117l j\u012f renkame ir kaip jis bus naudojamas.<\/p>\n<p>Surinkt\u0105 informacij\u0105 saugome tik tiek, kiek reikia norint suteikti pra\u0161om\u0105 paslaug\u0105. Kai saugome duomenis, saugome juos komerci\u0161kai priimtinomis priemon\u0117mis, kad i\u0161vengtume praradimo ir vagyst\u0117s, taip pat neteis\u0117tos prieigos, atskleidimo, kopijavimo, naudojimo ar modifikavimo.<\/p>\n<p>Mes nesidaliname asmen\u012f identifikuojan\u010dia informacija vie\u0161ai ar su tre\u010diosiomis \u0161alimis, i\u0161skyrus atvejus, kai to reikalauja \u012fstatymai.<\/p>\n<p>M\u016bs\u0173 svetain\u0117je gali b\u016bti nuorod\u0173 \u012f i\u0161orines svetaines, kuri\u0173 nevaldome mes. Atminkite, kad mes nekontroliuojame \u0161i\u0173 svetaini\u0173 turinio ir praktikos ir negalime prisiimti atsakomyb\u0117s u\u017e atitinkam\u0105 privatumo politik\u0105.<\/p>\n<p>Galite laisvai atmesti m\u016bs\u0173 pra\u0161ym\u0105 d\u0117l j\u016bs\u0173 asmenin\u0117s informacijos, suprasdami, kad galime nesuteikti jums kai kuri\u0173 pageidaujam\u0173 paslaug\u0173.<\/p>\n<p>J\u016bs\u0173 tolesnis naudojimasis m\u016bs\u0173 svetaine bus laikomas sutinkantis su m\u016bs\u0173 praktika, susijusia su privatumu ir asmenine informacija. Jei turite klausim\u0173, kaip tvarkome vartotojo duomenis ir asmenin\u0119 informacij\u0105, susisiekite su mumis.<\/p>\n<h3>JustMobs slapuk\u0173 politika<\/h3>\n<h3>Kas yra slapukai?<\/h3>\n<p>Kaip \u012fprasta beveik visose profesionaliose svetain\u0117se, \u0161i svetain\u0117 naudoja slapukus, kurie yra ma\u017ei failai, atsisiun\u010diami \u012f j\u016bs\u0173 kompiuter\u012f, kad pagerint\u0173 j\u016bs\u0173 patirt\u012f. \u0160iame puslapyje apra\u0161oma, koki\u0105 informacij\u0105 jie renka, kaip j\u0105 naudojame ir kod\u0117l kartais reikia saugoti \u0161iuos slapukus. Taip pat pasidalinsime, kaip galite u\u017ekirsti keli\u0105 \u0161i\u0173 slapuk\u0173 saugojimui, ta\u010diau tai gali suma\u017einti arba \u201esugadinti\u201c tam tikrus svetain\u0117s funkcionalumo elementus.<\/p>\n<h3>Kaip naudojame slapukus?<\/h3>\n<p>Slapukus naudojame d\u0117l keli\u0173 prie\u017eas\u010di\u0173, kurios i\u0161samiai apra\u0161ytos toliau. Deja, daugeliu atvej\u0173 n\u0117ra standartini\u0173 parink\u010di\u0173, leid\u017eian\u010di\u0173 i\u0161jungti slapukus, visi\u0161kai nei\u0161jungus funkcij\u0173 ir funkcij\u0173, kurias jie prideda prie \u0161ios svetain\u0117s. Rekomenduojama palikti visus slapukus, jei nesate tikri, ar jie jums reikalingi, jei jie naudojami teikiant paslaug\u0105, kuri\u0105 naudojate.<\/p>\n<h3>I\u0161jungti slapukus<\/h3>\n<p>Galite u\u017ekirsti keli\u0105 slapuk\u0173 nustatymui koreguodami savo nar\u0161ykl\u0117s nustatymus (kaip tai padaryti, \u017er. nar\u0161ykl\u0117s \u017einyne). Atminkite, kad slapuk\u0173 i\u0161jungimas tur\u0117s \u012ftakos \u0161ios ir daugelio kit\u0173 lankom\u0173 svetaini\u0173 funkcionalumui. I\u0161jungus slapukus paprastai bus i\u0161jungtos tam tikros \u0161ios svetain\u0117s funkcijos ir funkcijos. Tod\u0117l slapuk\u0173 nerekomenduojama i\u0161jungti.<\/p>\n<h3>Mes nustatome slapukus<\/h3>\n<ul>\n<li>Su paskyra susij\u0119 slapukaiJei sukursite paskyr\u0105 pas mus, mes naudosime slapukus registravimosi procesui ir bendram administravimui valdyti. \u0160ie slapukai paprastai i\u0161trinami, kai atsijungiate, ta\u010diau kai kuriais atvejais jie gali likti ir po to, kad atsimint\u0173 j\u016bs\u0173 svetain\u0117s nuostatas, kai atsijungiate.<\/li>\n<li>Su prisijungimu susij\u0119 slapukai Mes naudojame slapukus, kai esate prisijung\u0119, kad gal\u0117tume prisiminti \u0161\u012f veiksm\u0105. Taip jums nereik\u0117s prisijungti kiekvien\u0105 kart\u0105, kai lankot\u0117s naujame puslapyje. \u0160ie slapukai paprastai pa\u0161alinami arba i\u0161valomi, kai atsijungiate, siekiant u\u017etikrinti, kad prisijung\u0119 gal\u0117tum\u0117te pasiekti tik apribotas funkcijas ir sritis.<\/li>\n<li>Slapukai, susij\u0119 su el. pa\u0161to naujienlai\u0161kiais\u0160i svetain\u0117 si\u016blo naujienlai\u0161ki\u0173 arba el. pa\u0161to prenumeratos paslaugas, o slapukai gali b\u016bti naudojami siekiant prisiminti, ar jau esate u\u017esiregistrav\u0119 ir ar rodyti tam tikrus prane\u0161imus, galiojan\u010dius tik u\u017esiprenumeravusiems\/neprenumeruojantiems vartotojams.<\/li>\n<li>Su u\u017esakym\u0173 apdorojimu susij\u0119 slapukai\u0160i svetain\u0117 si\u016blo elektronin\u0117s prekybos arba mok\u0117jimo priemones, o kai kurie slapukai yra b\u016btini, kad j\u016bs\u0173 u\u017esakymas b\u016bt\u0173 \u012fsimenamas tarp puslapi\u0173, kad gal\u0117tume tinkamai j\u012f apdoroti.<\/li>\n<li>Su apklausomis susij\u0119 slapukaiMes periodi\u0161kai si\u016blome apklausas ir klausimynus, kad pateiktume \u012fdomios informacijos, nauding\u0173 \u012franki\u0173 arba tiksliau suprastume savo vartotoj\u0173 baz\u0119. \u0160iose apklausose gali b\u016bti naudojami slapukai, siekiant prisiminti, kas jau dalyvavo apklausoje, arba pateikti tikslius rezultatus pakeitus puslapius.<\/li>\n<li>Su formomis susij\u0119 slapukaiKai pateikiate duomenis naudodami form\u0105, pvz., esan\u010dias kontakt\u0173 puslapiuose arba komentar\u0173 formose, slapukai gali b\u016bti nustatyti, kad prisimint\u0173 j\u016bs\u0173 vartotojo informacij\u0105 b\u016bsimai korespondencijai.<\/li>\n<li>Svetain\u0117s parink\u010di\u0173 slapukai Siekdami suteikti jums puiki\u0105 patirt\u012f \u0161ioje svetain\u0117je, suteikiame funkcij\u0105, leid\u017eian\u010di\u0105 nustatyti j\u016bs\u0173 nuostatas, kaip \u0161i svetain\u0117 veikt\u0173, kai j\u0105 naudojate. Kad prisimintume j\u016bs\u0173 nuostatas, turime nustatyti slapukus, kad \u0161i\u0105 informacij\u0105 b\u016bt\u0173 galima i\u0161kviesti kiekvien\u0105 kart\u0105, kai s\u0105veikaujate su puslapiu, kuriam \u012ftakos turi j\u016bs\u0173 nuostatos.<\/li>\n<\/ul>\n<h3>Personalizuota reklama<\/h3>\n<p>Vartotojai gali atsisakyti suasmenintos reklamos apsilank\u0119 adresu <a href=\"https:\/\/adssettings.google.com\/authenticated\">Skelbimo nustatymai<\/a>. Arba galite nukreipti vartotojus prieiti prie svetain\u0117s <a href=\"http:\/\/www.aboutads.info\">www.aboutads.info<\/a> i\u0161jungti tre\u010di\u0173j\u0173 \u0161ali\u0173 personalizuot\u0173 reklamos slapuk\u0173 naudojim\u0105.<\/p>\n<h3>Tre\u010di\u0173j\u0173 \u0161ali\u0173 slapukai<\/h3>\n<p>Kai kuriais ypatingais atvejais taip pat naudojame slapukus, kuriuos pateikia patikimos tre\u010diosios \u0161alys. Toliau pateiktame skyriuje apra\u0161oma, su kokiais tre\u010di\u0173j\u0173 \u0161ali\u0173 slapukais galite susidurti \u0161ioje svetain\u0117je.<\/p>\n<ul>\n<li>\u0160ioje svetain\u0117je naudojama \u201eGoogle Analytics\u201c, kuri yra vienas i\u0161 pla\u010diausiai paplitusi\u0173 ir patikimiausi\u0173 analiz\u0117s sprendim\u0173 \u017einiatinklyje, padedantis suprasti, kaip naudojat\u0117s svetaine ir kaip galime pagerinti j\u016bs\u0173 patirt\u012f. \u0160ie slapukai gali steb\u0117ti tokius dalykus, kaip, pavyzd\u017eiui, kiek laiko praleid\u017eiate svetain\u0117je ir lankomus puslapius, kad gal\u0117tume toliau kurti patraukl\u0173 turin\u012f.<\/li>\n<\/ul>\n<p>Daugiau informacijos apie Google Analytics slapukus rasite oficialiame Google Analytics puslapyje.<\/p>\n<ul>\n<li>Tre\u010di\u0173j\u0173 \u0161ali\u0173 analiz\u0117 naudojama \u0161ios svetain\u0117s naudojimui steb\u0117ti ir \u012fvertinti, kad gal\u0117tume toliau kurti patraukl\u0173 turin\u012f. \u0160ie slapukai gali steb\u0117ti tokius dalykus kaip laikas, kur\u012f praleid\u017eiate svetain\u0117je arba lankomi puslapiai, o tai padeda mums suprasti, kaip gal\u0117tume pagerinti svetain\u0119 u\u017e jus.<\/li>\n<li>Periodi\u0161kai i\u0161bandome naujas funkcijas ir subtiliai kei\u010diame svetain\u0117s i\u0161vaizd\u0105. Kai vis dar testuojame naujas funkcijas, \u0161ie slapukai gali b\u016bti naudojami siekiant u\u017etikrinti, kad b\u016bdami svetain\u0117je gautum\u0117te nuolatin\u0119 patirt\u012f, o mes suprantame, kuriuos optimizavimus m\u016bs\u0173 vartotojai vertina labiausiai.<\/li>\n<li>Kai parduodame produktus, svarbu suprasti statistik\u0105 apie tai, kiek m\u016bs\u0173 svetain\u0117s lankytoj\u0173 i\u0161 tikr\u0173j\u0173 perka, tod\u0117l \u0161ie slapukai stebi tokius duomenis. Tai jums svarbu, nes tai rei\u0161kia, kad galime tiksliai sudaryti verslo prognozes, leid\u017eian\u010dias analizuoti reklamos ir produkt\u0173 ka\u0161tus, kad u\u017etikrintume geriausi\u0105 \u012fmanom\u0105 kain\u0105.<\/li>\n<li>\u201eGoogle AdSense\u201c paslauga, kuri\u0105 naudojame reklamai teikti, naudoja \u201eDoubleClick\u201c slapuk\u0105, kad teikt\u0173 tinkamesnius skelbimus visame \u017einiatinklyje ir apribot\u0173 konkretaus skelbimo parodym\u0173 jums skai\u010di\u0173.<br \/>\nDaugiau informacijos apie \u201eGoogle AdSense\u201c rasite oficialiuose \u201eGoogle AdSense\u201c privatumo DUK.<\/li>\n<li>Naudojame skelbimus, kad kompensuotume \u0161ios svetain\u0117s eksploatavimo i\u0161laidas ir suteiktume finansavim\u0105 b\u016bsimai pl\u0117trai. \u0160ioje svetain\u0117je naudojami elgsenos reklamos slapukai yra skirti u\u017etikrinti, kad, jei \u012fmanoma, pateiktume jums aktualiausius skelbimus, anonimi\u0161kai sekdami j\u016bs\u0173 pom\u0117gius ir pateikdami pana\u0161ius dalykus, kurie jus gali sudominti.<\/li>\n<li>Keletas partneri\u0173 reklamuojasi m\u016bs\u0173 vardu, o filial\u0173 steb\u0117jimo slapukai papras\u010diausiai leid\u017eia mums pamatyti, ar m\u016bs\u0173 klientai prisijung\u0117 prie svetain\u0117s per vien\u0105 i\u0161 m\u016bs\u0173 partneri\u0173 svetaini\u0173, kad gal\u0117tume tinkamai juos kredituoti ir, jei reikia, leisti m\u016bs\u0173 susijusiems partneriams pasi\u016blyti bet koki\u0105 reklam\u0105, gali suteikti jums galimyb\u0119 \u012fsigyti.<\/li>\n<\/ul>\n<h3>Vartotojo \u012fsipareigojimas<\/h3>\n<p>Vartotojas \u012fsipareigoja tinkamai panaudoti turin\u012f ir informacij\u0105, kuri\u0105 JustMobs si\u016blo svetain\u0117je, d\u0117sningu, bet neapsiribojant:<\/p>\n<ul>\n<li>A) Neu\u017esiimti veikla, kuri yra neteis\u0117ta arba prie\u0161tarauja s\u0105\u017einingumui ir vie\u0161ajai tvarkai;<\/li>\n<li>B) neskleisk propagandos ar rasistinio, ksenofobinio ar blogo pob\u016bd\u017eio turinio, jokios nelegalios pornografijos, remian\u010dios terorizm\u0105 arba prie\u0161 \u017emogaus teises;<\/li>\n<li>C) Nedaryti \u017ealos JustMobs, jos tiek\u0117j\u0173 ar tre\u010di\u0173j\u0173 \u0161ali\u0173 fizin\u0117ms (aparatin\u0117ms) ir login\u0117ms (programin\u0117ms) sistemoms, \u012fvesti ar platinti kompiuterinius virusus ar bet kokias kitas technin\u0117s ar programin\u0117s \u012frangos sistemas, galin\u010dias sukelti pirmiau min\u0117t\u0105 \u017eal\u0105.<\/li>\n<\/ul>\n<h3>Daugiau informacijos<\/h3>\n<p>Tikim\u0117s, kad tai ai\u0161ku, ir, kaip min\u0117ta anks\u010diau, jei nesate tikri, ar jums to reikia, paprastai saugiau palikti slapukus \u012fjungtus, jei jie s\u0105veikauja su viena i\u0161 m\u016bs\u0173 svetain\u0117je naudojam\u0173 funkcij\u0173.<\/p>\n<p>\u0160i politika galioja nuo <strong>sausio m\u0117n<\/strong>\/<strong>2022<\/strong>.<\/p>","protected":false},"excerpt":{"rendered":"<p>A sua privacidade \u00e9 importante para n\u00f3s. \u00c9 pol\u00edtica do JustMobs respeitar a sua privacidade em rela\u00e7\u00e3o a qualquer informa\u00e7\u00e3o sua que possamos coletar no site JustMobs, e outros sites que possu\u00edmos e operamos. Solicitamos informa\u00e7\u00f5es pessoais apenas quando realmente precisamos delas para lhe fornecer um servi\u00e7o. Fazemo-lo por meios justos e legais, com o [&hellip;]<\/p>\n","protected":false},"author":4,"featured_media":0,"parent":0,"menu_order":0,"comment_status":"closed","ping_status":"closed","template":"","meta":{"footnotes":""},"class_list":["post-4887","page","type-page","status-publish"],"_links":{"self":[{"href":"https:\/\/justmobs.com\/lt\/wp-json\/wp\/v2\/pages\/4887","targetHints":{"allow":["GET"]}}],"collection":[{"href":"https:\/\/justmobs.com\/lt\/wp-json\/wp\/v2\/pages"}],"about":[{"href":"https:\/\/justmobs.com\/lt\/wp-json\/wp\/v2\/types\/page"}],"author":[{"embeddable":true,"href":"https:\/\/justmobs.com\/lt\/wp-json\/wp\/v2\/users\/4"}],"replies":[{"embeddable":true,"href":"https:\/\/justmobs.com\/lt\/wp-json\/wp\/v2\/comments?post=4887"}],"version-history":[{"count":2,"href":"https:\/\/justmobs.com\/lt\/wp-json\/wp\/v2\/pages\/4887\/revisions"}],"predecessor-version":[{"id":4926,"href":"https:\/\/justmobs.com\/lt\/wp-json\/wp\/v2\/pages\/4887\/revisions\/4926"}],"wp:attachment":[{"href":"https:\/\/justmobs.com\/lt\/wp-json\/wp\/v2\/media?parent=4887"}],"curies":[{"name":"wp","href":"https:\/\/api.w.org\/{rel}","templated":true}]}}