{"id":571,"date":"2021-01-17T11:58:11","date_gmt":"2021-01-17T11:58:11","guid":{"rendered":"https:\/\/smartmag.theme-sphere.com\/health\/our-authors\/"},"modified":"2021-01-17T11:58:11","modified_gmt":"2021-01-17T11:58:11","slug":"musu-autoriai","status":"publish","type":"page","link":"https:\/\/justmobs.com\/lt\/musu-autoriai\/","title":{"rendered":"M\u016bs\u0173 autoriai"},"content":{"rendered":"<p>Pateikiame vis\u0173 m\u016bs\u0173 autori\u0173 s\u0105ra\u0161\u0105.<\/p>","protected":false},"excerpt":{"rendered":"<p>Pateikiame vis\u0173 m\u016bs\u0173 autori\u0173 s\u0105ra\u0161\u0105.<\/p>","protected":false},"author":4,"featured_media":0,"parent":0,"menu_order":0,"comment_status":"closed","ping_status":"closed","template":"page-templates\/authors.php","meta":{"footnotes":""},"class_list":["post-571","page","type-page","status-publish"],"_links":{"self":[{"href":"https:\/\/justmobs.com\/lt\/wp-json\/wp\/v2\/pages\/571","targetHints":{"allow":["GET"]}}],"collection":[{"href":"https:\/\/justmobs.com\/lt\/wp-json\/wp\/v2\/pages"}],"about":[{"href":"https:\/\/justmobs.com\/lt\/wp-json\/wp\/v2\/types\/page"}],"author":[{"embeddable":true,"href":"https:\/\/justmobs.com\/lt\/wp-json\/wp\/v2\/users\/4"}],"replies":[{"embeddable":true,"href":"https:\/\/justmobs.com\/lt\/wp-json\/wp\/v2\/comments?post=571"}],"version-history":[{"count":0,"href":"https:\/\/justmobs.com\/lt\/wp-json\/wp\/v2\/pages\/571\/revisions"}],"wp:attachment":[{"href":"https:\/\/justmobs.com\/lt\/wp-json\/wp\/v2\/media?parent=571"}],"curies":[{"name":"wp","href":"https:\/\/api.w.org\/{rel}","templated":true}]}}