{"id":3,"date":"2022-10-24T23:31:41","date_gmt":"2022-10-24T23:31:41","guid":{"rendered":"https:\/\/justmobs.com\/?page_id=3"},"modified":"2024-05-14T21:54:35","modified_gmt":"2024-05-14T21:54:35","slug":"polityka-prywatnosci","status":"publish","type":"page","link":"https:\/\/justmobs.com\/pl\/polityka-prywatnosci\/","title":{"rendered":"Polityka prywatno\u015bci"},"content":{"rendered":"<p>Justmobs obs\u0142uguje\u00a0<a href=\"https:\/\/gohow.co\/\" target=\"_blank\" rel=\"noreferrer noopener\"><\/a><a href=\"https:\/\/justmobs.com\/pl\/\">justmobs.com<\/a>\u00a0stronie internetowej \u015bwiadcz\u0105cej US\u0141UG\u0118.<\/p>\n\n\n\n<p>Ta strona s\u0142u\u017cy do informowania odwiedzaj\u0105cych witryn\u0119 o naszych zasadach dotycz\u0105cych gromadzenia, wykorzystywania i ujawniania danych osobowych, je\u015bli kto\u015b zdecydowa\u0142 si\u0119 skorzysta\u0107 z naszej Us\u0142ugi, strony internetowej mobzin.<\/p>\n\n\n\n<p>Je\u015bli zdecydujesz si\u0119 skorzysta\u0107 z naszej Us\u0142ugi, wyra\u017casz zgod\u0119 na gromadzenie i wykorzystywanie informacji w zwi\u0105zku z niniejsz\u0105 polityk\u0105. Gromadzone przez nas Dane Osobowe s\u0142u\u017c\u0105 do \u015bwiadczenia i ulepszania Us\u0142ugi. Nie b\u0119dziemy wykorzystywa\u0107 ani udost\u0119pnia\u0107 Twoich danych nikomu, chyba \u017ce jest to opisane w niniejszej Polityce prywatno\u015bci.<\/p>\n\n\n\n<p>Terminy u\u017cyte w niniejszej Polityce Prywatno\u015bci maj\u0105 takie samo znaczenie jak w naszym Regulaminie, kt\u00f3ry jest dost\u0119pny pod adresem\u00a0<a href=\"https:\/\/justmobs.com\/pl\/\">justmobs.com<\/a>, chyba \u017ce w niniejszej Polityce Prywatno\u015bci okre\u015blono inaczej.<\/p>\n\n\n\n<h2 class=\"wp-block-heading\">Gromadzenie i wykorzystywanie informacji<\/h2>\n\n\n\n<p>Aby zapewni\u0107 lepsz\u0105 jako\u015b\u0107 korzystania z naszej Us\u0142ugi, mo\u017cemy wymaga\u0107 od Ciebie podania pewnych danych osobowych, w tym mi\u0119dzy innymi Twojego imienia i nazwiska, numeru telefonu i adresu pocztowego. Informacje, kt\u00f3re zbieramy, zostan\u0105 wykorzystane do skontaktowania si\u0119 z Tob\u0105 lub zidentyfikowania Ci\u0119.<\/p>\n\n\n\n<h2 class=\"wp-block-heading\">Dane dziennika<\/h2>\n\n\n\n<p>Chcemy Ci\u0119 poinformowa\u0107, \u017ce za ka\u017cdym razem, gdy odwiedzasz nasz Serwis, zbieramy informacje wysy\u0142ane do nas przez Twoj\u0105 przegl\u0105dark\u0119, zwane danymi dziennika. Dane dziennika mog\u0105 obejmowa\u0107 takie informacje, jak adres protoko\u0142u internetowego (\u201eIP\u201d) Twojego komputera, wersja przegl\u0105darki, strony naszego Serwisu, kt\u00f3re odwiedzasz, godzina i data Twojej wizyty, czas sp\u0119dzony na tych stronach oraz inne statystyki.<\/p>\n\n\n\n<h2 class=\"wp-block-heading\">Ciasteczka<\/h2>\n\n\n\n<p>Pliki cookies to pliki zawieraj\u0105ce niewielk\u0105 ilo\u015b\u0107 danych, kt\u00f3re powszechnie stanowi\u0105 anonimowy unikalny identyfikator. S\u0105 one wysy\u0142ane do Twojej przegl\u0105darki z odwiedzanej witryny i zapisywane na dysku twardym Twojego komputera.<\/p>\n\n\n\n<p>Nasza strona internetowa wykorzystuje te \u201epliki cookie\u201d w celu gromadzenia informacji i ulepszania naszej Us\u0142ugi. Masz mo\u017cliwo\u015b\u0107 zaakceptowania lub odrzucenia tych plik\u00f3w cookie i wiesz, kiedy plik cookie jest wysy\u0142any na Tw\u00f3j komputer. Je\u015bli zdecydujesz si\u0119 odrzuci\u0107 nasze pliki cookie, mo\u017cesz nie by\u0107 w stanie korzysta\u0107 z niekt\u00f3rych cz\u0119\u015bci naszej Us\u0142ugi.<\/p>\n\n\n\n<h2 class=\"wp-block-heading\">Us\u0142ugodawcy<\/h2>\n\n\n\n<p>Mo\u017cemy zatrudnia\u0107 firmy i osoby trzecie z nast\u0119puj\u0105cych powod\u00f3w:<\/p>\n\n\n\n<ul class=\"wp-block-list\">\n<li>Aby u\u0142atwi\u0107 korzystanie z naszej Us\u0142ugi;<\/li>\n\n\n\n<li>Aby \u015bwiadczy\u0107 Us\u0142ug\u0119 w naszym imieniu;<\/li>\n\n\n\n<li>Aby \u015bwiadczy\u0107 us\u0142ugi zwi\u0105zane z Us\u0142ug\u0105; Lub<\/li>\n\n\n\n<li>Aby pom\u00f3c nam w analizie sposobu korzystania z naszej Us\u0142ugi.<\/li>\n<\/ul>\n\n\n\n<p>Chcemy poinformowa\u0107 u\u017cytkownik\u00f3w naszych Us\u0142ug, \u017ce te osoby trzecie maj\u0105 dost\u0119p do Twoich danych osobowych. Powodem jest wykonywanie w naszym imieniu powierzonych im zada\u0144. S\u0105 jednak zobowi\u0105zani do nieujawniania i niewykorzystywania tych informacji w \u017cadnym innym celu.<\/p>\n\n\n\n<h2 class=\"wp-block-heading\">Bezpiecze\u0144stwo<\/h2>\n\n\n\n<p>Cenimy Twoje zaufanie w przekazywaniu nam swoich Danych osobowych, dlatego staramy si\u0119 stosowa\u0107 komercyjnie akceptowalne sposoby ich ochrony. Pami\u0119taj jednak, \u017ce \u017cadna metoda transmisji przez Internet ani metoda elektronicznego przechowywania nie jest bezpieczna i niezawodna 100% i nie mo\u017cemy zagwarantowa\u0107 jej ca\u0142kowitego bezpiecze\u0144stwa.<\/p>\n\n\n\n<h2 class=\"wp-block-heading\">Linki do innych stron<\/h2>\n\n\n\n<p>Nasz Serwis mo\u017ce zawiera\u0107 linki do innych stron. Je\u015bli klikniesz link strony trzeciej, zostaniesz przekierowany do tej witryny. Nale\u017cy pami\u0119ta\u0107, \u017ce te zewn\u0119trzne witryny nie s\u0105 przez nas obs\u0142ugiwane. Dlatego zdecydowanie zalecamy zapoznanie si\u0119 z Polityk\u0105 prywatno\u015bci tych witryn. Nie mamy kontroli i nie ponosimy \u017cadnej odpowiedzialno\u015bci za tre\u015b\u0107, polityk\u0119 prywatno\u015bci lub praktyki jakichkolwiek witryn lub us\u0142ug stron trzecich.<\/p>\n\n\n\n<p>Prywatno\u015b\u0107 dzieci<\/p>\n\n\n\n<p>Nasze Us\u0142ugi nie s\u0105 skierowane do os\u00f3b poni\u017cej 13 roku \u017cycia. Nie zbieramy \u015bwiadomie danych osobowych od dzieci poni\u017cej 13 roku \u017cycia. W przypadku odkrycia, \u017ce dziecko poni\u017cej 13 roku \u017cycia przekaza\u0142o nam dane osobowe, natychmiast usuwamy je z naszych serwer\u00f3w. Je\u015bli jeste\u015b rodzicem lub opiekunem i wiesz, \u017ce Twoje dziecko przekaza\u0142o nam dane osobowe, skontaktuj si\u0119 z nami, aby\u015bmy mogli podj\u0105\u0107 niezb\u0119dne dzia\u0142ania.<\/p>\n\n\n\n<h2 class=\"wp-block-heading\">Zmiany w niniejszej Polityce prywatno\u015bci<\/h2>\n\n\n\n<p>Od czasu do czasu mo\u017cemy aktualizowa\u0107 nasz\u0105 Polityk\u0119 prywatno\u015bci. Dlatego zalecamy okresowe przegl\u0105danie tej strony pod k\u0105tem jakichkolwiek zmian. O wszelkich zmianach poinformujemy Ci\u0119, publikuj\u0105c now\u0105 Polityk\u0119 prywatno\u015bci na tej stronie. Zmiany te obowi\u0105zuj\u0105 natychmiast po ich opublikowaniu na tej stronie.<\/p>\n\n\n\n<h2 class=\"wp-block-heading\">Skontaktuj si\u0119 z nami<\/h2>\n\n\n\n<p>Je\u015bli masz jakie\u015b pytania lub sugestie dotycz\u0105ce naszej Polityki prywatno\u015bci, nie wahaj si\u0119 z nami skontaktowa\u0107.<\/p>","protected":false},"excerpt":{"rendered":"<p>Justmobs operates the\u00a0justmobs.com\u00a0website, which provides the SERVICE. This page is used to inform website visitors regarding our policies with the collection, use, and disclosure of Personal Information if anyone decided to use our Service, the mobzin website. If you choose to use our Service, then you agree to the collection and use of information in [&hellip;]<\/p>\n","protected":false},"author":4,"featured_media":0,"parent":0,"menu_order":0,"comment_status":"closed","ping_status":"open","template":"","meta":{"footnotes":""},"class_list":["post-3","page","type-page","status-publish"],"_links":{"self":[{"href":"https:\/\/justmobs.com\/pl\/wp-json\/wp\/v2\/pages\/3","targetHints":{"allow":["GET"]}}],"collection":[{"href":"https:\/\/justmobs.com\/pl\/wp-json\/wp\/v2\/pages"}],"about":[{"href":"https:\/\/justmobs.com\/pl\/wp-json\/wp\/v2\/types\/page"}],"author":[{"embeddable":true,"href":"https:\/\/justmobs.com\/pl\/wp-json\/wp\/v2\/users\/4"}],"replies":[{"embeddable":true,"href":"https:\/\/justmobs.com\/pl\/wp-json\/wp\/v2\/comments?post=3"}],"version-history":[{"count":2,"href":"https:\/\/justmobs.com\/pl\/wp-json\/wp\/v2\/pages\/3\/revisions"}],"predecessor-version":[{"id":5125,"href":"https:\/\/justmobs.com\/pl\/wp-json\/wp\/v2\/pages\/3\/revisions\/5125"}],"wp:attachment":[{"href":"https:\/\/justmobs.com\/pl\/wp-json\/wp\/v2\/media?parent=3"}],"curies":[{"name":"wp","href":"https:\/\/api.w.org\/{rel}","templated":true}]}}