{"id":4507,"date":"2021-01-15T11:45:26","date_gmt":"2021-01-15T11:45:26","guid":{"rendered":"https:\/\/smartmag.theme-sphere.com\/health\/typography-post-elements\/"},"modified":"2021-01-15T11:45:26","modified_gmt":"2021-01-15T11:45:26","slug":"elementy-typografii-post","status":"publish","type":"page","link":"https:\/\/justmobs.com\/pl\/elementy-typografii-post\/","title":{"rendered":"Elementy typografii"},"content":{"rendered":"<p>Ta strona pokazuje elementy typograficzne i tekstowe wpis\u00f3w i stron w domy\u015blnym edytorze WordPress. Inne elementy mo\u017cesz zobaczy\u0107 w <a href=\"https:\/\/smartmag.theme-sphere.com\/good-news\/welcome-to-the-future-of-wordpress-with-gutenberg\/\" target=\"_blank\" rel=\"noreferrer noopener\"><strong>Style Gutenberga<\/strong><\/a> post.<\/p>\n\n\n\n<p>Budka fotograficzna do \u0107wicze\u0144, torba na zakupy Stumptown, Banksy, elitarny ma\u0142y sed freegan. Piwo rzemie\u015blnicze, elitarny seitan <a href=\"#\">\u0107wiczenia<\/a>, fotobudka i 8-bitowe chipsy z jarmu\u017cu zapewniaj\u0105 chillwave deep v laborum.<\/p>\n\n\n\n<hr class=\"wp-block-separator is-style-wide\"\/>\n\n\n\n<p><strong>1. Domy\u015blny cytat<\/strong><\/p>\n\n\n\n<figure class=\"wp-block-pullquote\"><blockquote><p>Tylko jedna czwarta m\u0142odych doros\u0142ych ma wiedz\u0119 finansow\u0105. Nie chcesz ich przyt\u0142oczy\u0107 okropnymi radami.<\/p><cite>James Matthews<\/cite><\/blockquote><\/figure>\n\n\n\n<p>Standardowy styl \u201epullquote\u201d dost\u0119pny jest wy\u0142\u0105cznie w Edytorze Gutenberga.<\/p>\n\n\n\n<p><strong>2. Nowoczesne cytaty<\/strong><\/p>\n\n\n\n<p>Nowoczesny cytat jest dost\u0119pny zar\u00f3wno w edytorze klasycznym, jak i w edytorze Gutenberg. W edytorze Gutenberg jest on dost\u0119pny w wersji \u201eDu\u017cy\u201d, a w edytorze klasycznym w sekcji \u201eWi\u0119cej styl\u00f3w\u201d jako \u201eNowoczesny cytat\u201d.<\/p>\n\n\n\n<figure class=\"wp-block-pullquote is-style-modern\"><blockquote><p>Ludzie my\u015bl\u0105, \u017ce skupienie oznacza powiedzenie \u201etak\u201d temu, na czym si\u0119 skupiasz. Ale to wcale nie to. Oznacza to powiedzenie \u201enie\u201d setkom innych dobrych pomys\u0142\u00f3w. Musisz wybiera\u0107 ostro\u017cnie.<\/p><cite>Shane Doe<\/cite><\/blockquote><\/figure>\n\n\n\n<p><strong>3. Kolorowe cytaty<\/strong><\/p>\n\n\n\n<p>Za pomoc\u0105 tej opcji w Gutenbergu mo\u017cesz u\u017cywa\u0107 dowolnych opcji kolor\u00f3w zar\u00f3wno dla koloru t\u0142a, jak i tekstu.<\/p>\n\n\n\n<figure class=\"wp-block-pullquote has-background has-vivid-red-background-color is-style-solid-color\" style=\"background-color:#00789a\"><blockquote class=\"has-text-color has-white-color\"><p>Tylko jedna czwarta m\u0142odych doros\u0142ych ma wiedz\u0119 finansow\u0105. Nie chcesz ich przyt\u0142oczy\u0107 okropnymi radami.<\/p><cite><span class=\"has-inline-color has-white-color\">Shane Doe<\/span><\/cite><\/blockquote><\/figure>\n\n\n\n<p><strong>4. Domy\u015blny cytat blokowy<\/strong><\/p>\n\n\n\n<blockquote class=\"wp-block-quote is-layout-flow wp-block-quote-is-layout-flow\"><p>Ludzie my\u015bl\u0105, \u017ce skupienie oznacza powiedzenie \u201etak\u201d temu, na czym si\u0119 skupiasz. Ale to wcale nie to. Oznacza to powiedzenie \u201enie\u201d setkom innych dobrych pomys\u0142\u00f3w. Musisz wybiera\u0107 ostro\u017cnie.<\/p><cite>Shane Doe<\/cite><\/blockquote>\n\n\n\n<p><strong>5. Du\u017cy cytat blokowy<\/strong><\/p>\n\n\n\n<blockquote class=\"wp-block-quote is-style-large is-layout-flow wp-block-quote-is-layout-flow\"><p>Ludzie my\u015bl\u0105, \u017ce skupienie oznacza powiedzenie \u201etak\u201d temu, na czym si\u0119 skupiamy. Ale to wcale nie to. <\/p><\/blockquote>\n\n\n\n<p>Tonx cray commodo, \u0107wiczenia, o kt\u00f3rych prawdopodobnie nie s\u0142ysza\u0142e\u015b, broda, kredyt. Selfie na iPhone&#039;a, Kickstarter, picie octu, d\u017cinsowe szorty, fixie consequat.<\/p>\n\n\n\n<hr class=\"wp-block-separator is-style-dots\"\/>\n\n\n\n<figure class=\"wp-block-pullquote alignright\"><blockquote><p>Oto cytat wyr\u00f3wnany do prawej pokazuj\u0105cy fragment artyku\u0142u.<\/p><cite>Shane Doe<\/cite><\/blockquote><\/figure>\n\n\n\n<p><strong>Wyr\u00f3wnanie cytatu do prawej<\/strong>Doktor Spectrum Kilowog Lieberman Flash Gordon Osa R\u00f3\u017cany Facet Gardner Deadpool Spawn Mistrz Szef Stra\u017cnik Magog Ant-Man.\u201d Metamorfo Trey Langstrom Czerwony Stra\u017cnik, \u201eHellcat, Jane Foster Betty Brant Stacy X Hellcat Emma Frost Bezw\u0142adno\u015b\u0107 Ropucha Kwazar?\u201d Deadpool, \u201eFantastyczny Dan Crimson Crusader, Carnage Bia\u0142a Kr\u00f3lowa Hyperion.\u201d <\/p>\n\n\n\n<p>Arcanna kapitan w\u0142ochy rzecz phoenix jennifer kale robbie burchill, \u201er\u00f3\u017cane pomioty, jednoro\u017cec elektra\u201d.<\/p>\n\n\n\n<h2 class=\"wp-block-heading\">Listy normalne<\/h2>\n\n\n\n<p>Budka fotograficzna do \u0107wicze\u0144, torba na zakupy Stumptown, Banksy, elitarny ma\u0142y sed freegan. Piwo rzemie\u015blnicze, elitarny seitan&nbsp;<a href=\"#\">\u0107wiczenia<\/a>, fotobudka i 8-bitowe chipsy z jarmu\u017cu zapewniaj\u0105 chillwave deep v laborum.<\/p>\n\n\n\n<ul class=\"wp-block-list\"><li>Aliquam erat volutpat<\/li><li>Torba na rami\u0119 Banksy do fotobudki do \u0107wicze\u0144 Stumptown<\/li><li>Kawa Tempor Duis jednego pochodzenia<\/li><li>Magnis dis parturient montes<\/li><\/ul>\n\n\n\n<h2 class=\"wp-block-heading\">Listy numerowane<\/h2>\n\n\n\n<p>Krata Stumptown na zam\u00f3wienie, minibroda na biodieselu, High Life Incission, retro, zr\u00f3wnowa\u017cony styl lat 90., Echo Park, Tumblr. Fotobudka i 8-bitowe chipsy z jarmu\u017cu, Proident Chillwave, Deep V Labrum.<\/p>\n\n\n\n<ol class=\"wp-block-list\"><li>Aliquam erat volutpat<\/li><li>Torba na rami\u0119 Banksy do fotobudki do \u0107wicze\u0144 Stumptown<\/li><li>Kawa Tempor Duis jednego pochodzenia<\/li><li>Magnis dis parturient montes<\/li><\/ol>\n\n\n\n<h1 class=\"wp-block-heading\">Nag\u0142\u00f3wek 1<\/h1>\n\n\n\n<p>Meh synth Schlitz, dwie kawy jednorodne i etniczna saszetka-nerka z w\u0105sami na najwy\u017cszym poziomie Nostrud.<\/p>\n\n\n\n<h2 class=\"wp-block-heading\">Nag\u0142\u00f3wek 2<\/h2>\n\n\n\n<p>Sed ut perspiciatis unde omnis iste natus error sit voluptatem accusantium doloremque laudantium, totam rem aperiam, eaque ipsa.<\/p>\n\n\n\n<h3 class=\"wp-block-heading\">Nag\u0142\u00f3wek 3<\/h3>\n\n\n\n<p>Sed ut perspiciatis unde omnis iste natus error sit voluptatem accusantium doloremque laudantium, totam rem aperiam, eaque ipsa.<\/p>\n\n\n\n<h4 class=\"wp-block-heading\">Nag\u0142\u00f3wek 4<\/h4>\n\n\n\n<p>Budka fotograficzna do \u0107wicze\u0144, torba typu tote bag, Banksy, elitarna ma\u0142a partia freegan sed.<\/p>\n\n\n\n<h5 class=\"wp-block-heading\">Nag\u0142\u00f3wek 5<\/h5>\n\n\n\n<p>Animacja do fotobudki 8-bit hella, PBR 3 wilk ksi\u0119\u017cyc broda Helvetica.<\/p>\n\n\n\n<h6 class=\"wp-block-heading\">Nag\u0142\u00f3wek 6<\/h6>\n\n\n\n<p>Meh synth Schlitz, dwie kawy jednorodne i etniczna saszetka-nerka z w\u0105sami na najwy\u017cszym poziomie Nostrud.<\/p>\n\n\n\n<h3 class=\"wp-block-heading\">Typowe podstawowe style<\/h3>\n\n\n\n<p>Zdj\u0119cie \u0107wicze\u0144&nbsp;<strong>pogrubiony tekst<\/strong>&nbsp;torba p\u0142\u00f3cienna&nbsp;<em>kursywa<\/em>, elitarne ma\u0142e kolorowe sed.&nbsp;<a href=\"#\">Link tutaj<\/a>&nbsp;elitarny seitan&nbsp;<a href=\"#\">\u0107wiczenia<\/a>, zdj\u0119cie&nbsp;<del>przekre\u015blenie<\/del>&nbsp;i 8-bitowy kod wbudowany kale:&nbsp;<code>strip_tags()<\/code>&nbsp;i ruszamy dalej.<\/p>\n\n\n\n<pre class=\"wp-block-preformatted\">kod_funkcji_sample($text) { $text = compute_sample($text); return $text; }<\/pre>\n\n\n\n<p class=\"has-drop-cap\">Przyk\u0142ad wielkich liter. Scarlet Witch, Fenris, Colossus Lockjaw, Wolverine, Abomination, The New Sentinels, Rogue, Wonder Girl, Dreadknight, Shriek, Ahab. Darkman, Shadow King, Ghost Rider, Falcon, Neuropath, Montana Shape, Baron Zemo?<\/p>\n\n\n\n<p>Szukasz wi\u0119cej styl\u00f3w i element\u00f3w? Zobacz <a href=\"https:\/\/smartmag.theme-sphere.com\/good-news\/welcome-to-the-future-of-wordpress-with-gutenberg\/\" target=\"_blank\" rel=\"noreferrer noopener\"><strong>Style Gutenberga<\/strong><\/a> post.<\/p>","protected":false},"excerpt":{"rendered":"<p>This page shows typography and text related elements of the posts and pages in the default WordPress editor. You can see other elements in the Gutenberg Styles post. Exercitation photo booth stumptown tote bag Banksy, elit small batch freegan sed. Craft beer elit seitan exercitation, photo booth et 8-bit kale chips proident chillwave deep v [&hellip;]<\/p>\n","protected":false},"author":4,"featured_media":0,"parent":0,"menu_order":0,"comment_status":"closed","ping_status":"closed","template":"","meta":{"footnotes":""},"class_list":["post-4507","page","type-page","status-publish"],"_links":{"self":[{"href":"https:\/\/justmobs.com\/pl\/wp-json\/wp\/v2\/pages\/4507","targetHints":{"allow":["GET"]}}],"collection":[{"href":"https:\/\/justmobs.com\/pl\/wp-json\/wp\/v2\/pages"}],"about":[{"href":"https:\/\/justmobs.com\/pl\/wp-json\/wp\/v2\/types\/page"}],"author":[{"embeddable":true,"href":"https:\/\/justmobs.com\/pl\/wp-json\/wp\/v2\/users\/4"}],"replies":[{"embeddable":true,"href":"https:\/\/justmobs.com\/pl\/wp-json\/wp\/v2\/comments?post=4507"}],"version-history":[{"count":0,"href":"https:\/\/justmobs.com\/pl\/wp-json\/wp\/v2\/pages\/4507\/revisions"}],"wp:attachment":[{"href":"https:\/\/justmobs.com\/pl\/wp-json\/wp\/v2\/media?parent=4507"}],"curies":[{"name":"wp","href":"https:\/\/api.w.org\/{rel}","templated":true}]}}