{"id":4887,"date":"2023-09-28T03:29:20","date_gmt":"2023-09-28T03:29:20","guid":{"rendered":"https:\/\/justmobs.com\/?page_id=4887"},"modified":"2023-09-28T04:45:56","modified_gmt":"2023-09-28T04:45:56","slug":"polityka-prywatnosci-2","status":"publish","type":"page","link":"https:\/\/justmobs.com\/pl\/polityka-prywatnosci-2\/","title":{"rendered":"Polityka prywatno\u015bci"},"content":{"rendered":"<p>Twoja prywatno\u015b\u0107 jest dla nas wa\u017cna. Polityk\u0105 JustMobs jest szanowanie Twojej prywatno\u015bci w odniesieniu do wszelkich informacji, kt\u00f3re mo\u017cemy od Ciebie zebra\u0107 na stronie <a href=\"https:\/\/JustMobs.com\/\">Tylko Moby<\/a>i inne witryny, kt\u00f3rych jeste\u015bmy w\u0142a\u015bcicielami i kt\u00f3rymi zarz\u0105dzamy.<\/p>\n<p>Prosimy o podanie danych osobowych tylko wtedy, gdy naprawd\u0119 ich potrzebujemy, aby \u015bwiadczy\u0107 Pa\u0144stwu us\u0142ug\u0119. Robimy to w spos\u00f3b uczciwy i zgodny z prawem, za Twoj\u0105 wiedz\u0105 i zgod\u0105. M\u00f3wimy r\u00f3wnie\u017c, dlaczego je zbieramy i w jaki spos\u00f3b b\u0119d\u0105 wykorzystywane.<\/p>\n<p>Przechowujemy zebrane informacje tylko tak d\u0142ugo, jak jest to konieczne do \u015bwiadczenia \u017c\u0105danej us\u0142ugi. Kiedy przechowujemy dane, chronimy je w komercyjnie akceptowalne \u015brodki, aby zapobiec utracie i kradzie\u017cy, a tak\u017ce nieuprawnionemu dost\u0119powi, ujawnieniu, kopiowaniu, wykorzystaniu lub modyfikacji.<\/p>\n<p>Nie udost\u0119pniamy danych osobowych publicznie ani stronom trzecim, chyba \u017ce jest to wymagane przez prawo.<\/p>\n<p>Na naszej stronie internetowej mog\u0105 znajdowa\u0107 si\u0119 linki do zewn\u0119trznych stron internetowych, kt\u00f3re nie s\u0105 przez nas obs\u0142ugiwane. Nale\u017cy pami\u0119ta\u0107, \u017ce nie mamy kontroli nad tre\u015bci\u0105 i praktykami tych witryn i nie mo\u017cemy przej\u0105\u0107 odpowiedzialno\u015bci za ich polityk\u0119 prywatno\u015bci.<\/p>\n<p>Mo\u017cesz odrzuci\u0107 nasz\u0105 pro\u015bb\u0119 o udost\u0119pnienie Twoich danych osobowych, maj\u0105c \u015bwiadomo\u015b\u0107, \u017ce mo\u017cemy nie by\u0107 w stanie zapewni\u0107 Ci niekt\u00f3rych po\u017c\u0105danych us\u0142ug.<\/p>\n<p>Dalsze korzystanie z naszej witryny internetowej b\u0119dzie uznane za akceptacj\u0119 naszych praktyk dotycz\u0105cych prywatno\u015bci i danych osobowych. Je\u015bli masz jakiekolwiek pytania dotycz\u0105ce sposobu, w jaki post\u0119pujemy z danymi u\u017cytkownik\u00f3w i danymi osobowymi, skontaktuj si\u0119 z nami.<\/p>\n<h3>Polityka plik\u00f3w cookie JustMobs<\/h3>\n<h3>Co to s\u0105 pliki cookie?<\/h3>\n<p>Zgodnie z powszechn\u0105 praktyk\u0105 w przypadku prawie wszystkich profesjonalnych witryn internetowych, ta witryna wykorzystuje pliki cookie, czyli ma\u0142e pliki pobierane na Tw\u00f3j komputer w celu poprawy komfortu korzystania z niej. Na tej stronie opisano, jakie informacje gromadz\u0105, w jaki spos\u00f3b je wykorzystujemy i dlaczego czasami musimy przechowywa\u0107 te pliki cookie. Powiemy Ci r\u00f3wnie\u017c, w jaki spos\u00f3b mo\u017cesz zapobiec przechowywaniu tych plik\u00f3w cookie, jednak\u017ce mo\u017ce to spowodowa\u0107 pogorszenie lub \u201ezepsucie\u201d niekt\u00f3rych element\u00f3w funkcjonalno\u015bci witryny.<\/p>\n<h3>Jak u\u017cywamy plik\u00f3w cookie?<\/h3>\n<p>U\u017cywamy plik\u00f3w cookie z wielu powod\u00f3w opisanych szczeg\u00f3\u0142owo poni\u017cej. Niestety, w wi\u0119kszo\u015bci przypadk\u00f3w nie ma standardowych opcji wy\u0142\u0105czania plik\u00f3w cookie bez ca\u0142kowitego wy\u0142\u0105czenia funkcjonalno\u015bci i funkcji dodawanych przez nie do tej witryny. Zaleca si\u0119 pozostawienie wszystkich plik\u00f3w cookies, je\u017celi nie jeste\u015b pewien, czy b\u0119d\u0105 Ci potrzebne na wypadek, gdyby by\u0142y wykorzystywane do \u015bwiadczenia us\u0142ugi, z kt\u00f3rej korzystasz.<\/p>\n<h3>Wy\u0142\u0105cz pliki cookie<\/h3>\n<p>Mo\u017cesz zapobiec zapisywaniu plik\u00f3w cookie, dostosowuj\u0105c ustawienia swojej przegl\u0105darki (wi\u0119cej informacji znajdziesz w Pomocy przegl\u0105darki). Nale\u017cy pami\u0119ta\u0107, \u017ce wy\u0142\u0105czenie plik\u00f3w cookie b\u0119dzie mia\u0142o wp\u0142yw na funkcjonalno\u015b\u0107 tej i wielu innych witryn, kt\u00f3re odwiedzasz. Wy\u0142\u0105czenie plik\u00f3w cookie zazwyczaj powoduje wy\u0142\u0105czenie niekt\u00f3rych funkcji i cech tej witryny. Dlatego zaleca si\u0119, aby nie wy\u0142\u0105cza\u0107 plik\u00f3w cookie.<\/p>\n<h3>Pliki cookie, kt\u00f3re ustawiamy<\/h3>\n<ul>\n<li>Pliki cookie zwi\u0105zane z kontem Je\u015bli utworzysz u nas konto, b\u0119dziemy u\u017cywa\u0107 plik\u00f3w cookie do zarz\u0105dzania procesem rejestracji i og\u00f3ln\u0105 administracj\u0105. Te pliki cookie s\u0105 zwykle usuwane po wylogowaniu, jednak w niekt\u00f3rych przypadkach mog\u0105 pozosta\u0107 p\u00f3\u017aniej, aby zapami\u0119ta\u0107 preferencje witryny po wylogowaniu.<\/li>\n<li>Pliki cookie zwi\u0105zane z logowaniem U\u017cywamy plik\u00f3w cookie, gdy jeste\u015b zalogowany, aby\u015bmy mogli zapami\u0119ta\u0107 t\u0119 czynno\u015b\u0107. Dzi\u0119ki temu nie musisz si\u0119 logowa\u0107 za ka\u017cdym razem, gdy odwiedzasz now\u0105 stron\u0119. Te pliki cookie s\u0105 zwykle usuwane lub kasowane po wylogowaniu si\u0119, aby mie\u0107 pewno\u015b\u0107, \u017ce dost\u0119p do ograniczonych funkcji i obszar\u00f3w b\u0119dzie mo\u017cliwy tylko po zalogowaniu.<\/li>\n<li>Pliki cookie zwi\u0105zane z biuletynami e-mailowymi Ta witryna oferuje us\u0142ugi subskrypcji biuletyn\u00f3w lub e-maili, a pliki cookie mog\u0105 by\u0107 wykorzystywane do zapami\u0119tywania, czy jeste\u015b ju\u017c zarejestrowany i czy wy\u015bwietla\u0107 okre\u015blone powiadomienia wa\u017cne tylko dla subskrybowanych\/niesubskrybowanych u\u017cytkownik\u00f3w.<\/li>\n<li>Pliki cookie zwi\u0105zane z przetwarzaniem zam\u00f3wie\u0144. Ta witryna oferuje funkcje handlu elektronicznego lub p\u0142atno\u015bci, a niekt\u00f3re pliki cookie s\u0105 niezb\u0119dne, aby zapewni\u0107 zapami\u0119tanie Twojego zam\u00f3wienia pomi\u0119dzy stronami i umo\u017cliwi\u0107 nam jego prawid\u0142owe przetworzenie.<\/li>\n<li>Pliki cookie zwi\u0105zane z ankietami Okresowo oferujemy ankiety i kwestionariusze w celu dostarczenia interesuj\u0105cych informacji, przydatnych narz\u0119dzi lub dok\u0142adniejszego zrozumienia naszej bazy u\u017cytkownik\u00f3w. Ankiety te mog\u0105 wykorzystywa\u0107 pliki cookie, aby zapami\u0119ta\u0107, kto ju\u017c wzi\u0105\u0142 udzia\u0142 w ankiecie lub zapewni\u0107 dok\u0142adne wyniki po zmianie strony.<\/li>\n<li>Pliki cookie zwi\u0105zane z formularzami Gdy przesy\u0142asz dane za po\u015brednictwem formularza, takiego jak te znajduj\u0105ce si\u0119 na stronach kontaktowych lub w formularzach komentarzy, mog\u0105 zosta\u0107 ustawione pliki cookie, kt\u00f3re zapami\u0119tuj\u0105 dane u\u017cytkownika na potrzeby przysz\u0142ej korespondencji.<\/li>\n<li>Pliki cookie preferencji witrynyAby zapewni\u0107 Ci doskona\u0142e wra\u017cenia z korzystania z tej witryny, zapewniamy funkcj\u0119 umo\u017cliwiaj\u0105c\u0105 ustawienie Twoich preferencji dotycz\u0105cych sposobu dzia\u0142ania tej witryny, gdy z niej korzystasz. Aby zapami\u0119ta\u0107 Twoje preferencje, musimy ustawi\u0107 pliki cookie, aby informacje te mog\u0142y zosta\u0107 wywo\u0142ane za ka\u017cdym razem, gdy wchodzisz w interakcj\u0119 ze stron\u0105, na kt\u00f3r\u0105 maj\u0105 wp\u0142yw Twoje preferencje.<\/li>\n<\/ul>\n<h3>Spersonalizowana reklama<\/h3>\n<p>U\u017cytkownicy mog\u0105 zrezygnowa\u0107 ze spersonalizowanych reklam, odwiedzaj\u0105c stron\u0119 <a href=\"https:\/\/adssettings.google.com\/authenticated\">Ustawienia reklam<\/a>. Alternatywnie mo\u017cesz skierowa\u0107 u\u017cytkownik\u00f3w do witryny <a href=\"http:\/\/www.aboutads.info\">www.aboutads.info<\/a> aby wy\u0142\u0105czy\u0107 korzystanie z plik\u00f3w cookie dotycz\u0105cych reklam spersonalizowanych stron trzecich.<\/p>\n<h3>Pliki cookie stron trzecich<\/h3>\n<p>W szczeg\u00f3lnych przypadkach u\u017cywamy tak\u017ce plik\u00f3w cookies dostarczonych przez zaufane strony trzecie. W poni\u017cszej sekcji szczeg\u00f3\u0142owo opisano, kt\u00f3re pliki cookie stron trzecich mo\u017cesz napotka\u0107 za po\u015brednictwem tej witryny.<\/p>\n<ul>\n<li>Ta strona korzysta z Google Analytics, kt\u00f3re jest jednym z najbardziej rozpowszechnionych i zaufanych rozwi\u0105za\u0144 analitycznych w Internecie, pomagaj\u0105cym nam zrozumie\u0107, w jaki spos\u00f3b korzystasz z witryny i w jaki spos\u00f3b mo\u017cemy poprawi\u0107 Twoje do\u015bwiadczenia. Te pliki cookie mog\u0105 \u015bledzi\u0107 takie rzeczy, jak czas sp\u0119dzony w witrynie i odwiedzane strony, aby\u015bmy mogli w dalszym ci\u0105gu tworzy\u0107 anga\u017cuj\u0105ce tre\u015bci.<\/li>\n<\/ul>\n<p>Wi\u0119cej informacji na temat plik\u00f3w cookie Google Analytics mo\u017cna znale\u017a\u0107 na oficjalnej stronie Google Analytics.<\/p>\n<ul>\n<li>Analizy stron trzecich s\u0142u\u017c\u0105 do \u015bledzenia i pomiaru wykorzystania tej witryny, dzi\u0119ki czemu mo\u017cemy w dalszym ci\u0105gu tworzy\u0107 anga\u017cuj\u0105ce tre\u015bci. Te pliki cookie mog\u0105 \u015bledzi\u0107 takie rzeczy, jak czas sp\u0119dzony w witrynie lub odwiedzane strony, co pomaga nam zrozumie\u0107, w jaki spos\u00f3b mo\u017cemy ulepszy\u0107 witryn\u0119 dla Ciebie.<\/li>\n<li>Okresowo testujemy nowe funkcje i wprowadzamy subtelne zmiany w wygl\u0105dzie witryny. Kiedy wci\u0105\u017c testujemy nowe funkcje, te pliki cookie mog\u0105 by\u0107 u\u017cywane, aby zapewni\u0107 sp\u00f3jne do\u015bwiadczenie podczas korzystania z witryny, a jednocze\u015bnie rozumiemy, kt\u00f3re optymalizacje najbardziej ceni\u0105 nasi u\u017cytkownicy.<\/li>\n<li>Sprzedaj\u0105c produkty, wa\u017cne jest, aby\u015bmy znali statystyki dotycz\u0105ce liczby os\u00f3b odwiedzaj\u0105cych nasz\u0105 witryn\u0119, kt\u00f3re faktycznie dokona\u0142y zakupu, i dlatego w\u0142a\u015bnie ten rodzaj danych b\u0119d\u0105 \u015bledzone przez te pliki cookie. Jest to dla Ciebie wa\u017cne, poniewa\u017c oznacza, \u017ce mo\u017cemy dok\u0142adnie sporz\u0105dza\u0107 prognozy biznesowe, kt\u00f3re pozwalaj\u0105 nam analizowa\u0107 koszty reklam i produkt\u00f3w, aby zapewni\u0107 najlepsz\u0105 mo\u017cliw\u0105 cen\u0119.<\/li>\n<li>Us\u0142uga Google AdSense, z kt\u00f3rej korzystamy do wy\u015bwietlania reklam, korzysta z pliku cookie DoubleClick, aby wy\u015bwietla\u0107 trafniejsze reklamy w Internecie i ogranicza\u0107 liczb\u0119 wy\u015bwietle\u0144 danej reklamy.<br \/>\nWi\u0119cej informacji na temat Google AdSense mo\u017cna znale\u017a\u0107 w oficjalnych odpowiedziach na cz\u0119sto zadawane pytania dotycz\u0105ce prywatno\u015bci w Google AdSense.<\/li>\n<li>U\u017cywamy reklam, aby zr\u00f3wnowa\u017cy\u0107 koszty prowadzenia tej witryny i zapewni\u0107 fundusze na przysz\u0142y rozw\u00f3j. Pliki cookie dotycz\u0105ce reklamy behawioralnej u\u017cywane na tej stronie maj\u0105 na celu zapewnienie, w miar\u0119 mo\u017cliwo\u015bci, dostarczania Ci najtrafniejszych reklam poprzez anonimowe \u015bledzenie Twoich zainteresowa\u0144 i prezentowanie podobnych rzeczy, kt\u00f3re mog\u0105 Ci\u0119 zainteresowa\u0107.<\/li>\n<li>Kilku partner\u00f3w reklamuje si\u0119 w naszym imieniu, a pliki cookie s\u0142u\u017c\u0105ce do \u015bledzenia partner\u00f3w pozwalaj\u0105 nam po prostu sprawdzi\u0107, czy nasi klienci weszli na witryn\u0119 za po\u015brednictwem witryn naszych partner\u00f3w, dzi\u0119ki czemu mo\u017cemy im odpowiednio przyzna\u0107 uznanie i, w stosownych przypadkach, umo\u017cliwi\u0107 naszym partnerom stowarzyszonym oferowanie wszelkich promocji, kt\u00f3re mo\u017ce umo\u017cliwi\u0107 Ci dokonanie zakupu.<\/li>\n<\/ul>\n<h3>Zaanga\u017cowanie u\u017cytkownika<\/h3>\n<p>U\u017cytkownik zobowi\u0105zuje si\u0119 do odpowiedniego wykorzystania tre\u015bci i informacji oferowanych przez JustMobs na stronie internetowej oraz o charakterze informacyjnym, ale nie ograniczaj\u0105cym:<\/p>\n<ul>\n<li>A) Nie anga\u017cowa\u0107 si\u0119 w dzia\u0142ania niezgodne z prawem lub sprzeczne z dobr\u0105 wiar\u0105 i porz\u0105dkiem publicznym;<\/li>\n<li>B) Nie rozpowszechniaj propagandy ani tre\u015bci o charakterze rasistowskim, ksenofobicznym lub z\u0142ym, \u017cadnego rodzaju nielegalnej pornografii, wspieraj\u0105cych terroryzm lub sprzecznych z prawami cz\u0142owieka;<\/li>\n<li>C) Nie powodowa\u0107 uszkodze\u0144 system\u00f3w fizycznych (sprz\u0119tu) i logicznych (oprogramowania) JustMobs, jej dostawc\u00f3w lub os\u00f3b trzecich, w celu wprowadzenia lub rozpowszechniania wirus\u00f3w komputerowych lub innego sprz\u0119tu lub system\u00f3w oprogramowania, kt\u00f3re mog\u0105 spowodowa\u0107 wy\u017cej wymienione szkody.<\/li>\n<\/ul>\n<h3>Wi\u0119cej informacji<\/h3>\n<p>Mamy nadziej\u0119, \u017ce to jasne i jak wspomniano wcze\u015bniej, je\u015bli jest co\u015b, czego nie jeste\u015b pewien, czy potrzebujesz, czy nie, zazwyczaj bezpieczniej jest pozostawi\u0107 w\u0142\u0105czon\u0105 obs\u0142ug\u0119 plik\u00f3w cookie na wypadek, gdyby wchodzi\u0142o to w interakcj\u0119 z jedn\u0105 z funkcji, kt\u00f3rych u\u017cywasz w naszej witrynie.<\/p>\n<p>Niniejsza polityka obowi\u0105zuje od <strong>Stycze\u0144<\/strong>\/<strong>2022<\/strong>.<\/p>","protected":false},"excerpt":{"rendered":"<p>A sua privacidade \u00e9 importante para n\u00f3s. \u00c9 pol\u00edtica do JustMobs respeitar a sua privacidade em rela\u00e7\u00e3o a qualquer informa\u00e7\u00e3o sua que possamos coletar no site JustMobs, e outros sites que possu\u00edmos e operamos. Solicitamos informa\u00e7\u00f5es pessoais apenas quando realmente precisamos delas para lhe fornecer um servi\u00e7o. Fazemo-lo por meios justos e legais, com o [&hellip;]<\/p>\n","protected":false},"author":4,"featured_media":0,"parent":0,"menu_order":0,"comment_status":"closed","ping_status":"closed","template":"","meta":{"footnotes":""},"class_list":["post-4887","page","type-page","status-publish"],"_links":{"self":[{"href":"https:\/\/justmobs.com\/pl\/wp-json\/wp\/v2\/pages\/4887","targetHints":{"allow":["GET"]}}],"collection":[{"href":"https:\/\/justmobs.com\/pl\/wp-json\/wp\/v2\/pages"}],"about":[{"href":"https:\/\/justmobs.com\/pl\/wp-json\/wp\/v2\/types\/page"}],"author":[{"embeddable":true,"href":"https:\/\/justmobs.com\/pl\/wp-json\/wp\/v2\/users\/4"}],"replies":[{"embeddable":true,"href":"https:\/\/justmobs.com\/pl\/wp-json\/wp\/v2\/comments?post=4887"}],"version-history":[{"count":2,"href":"https:\/\/justmobs.com\/pl\/wp-json\/wp\/v2\/pages\/4887\/revisions"}],"predecessor-version":[{"id":4926,"href":"https:\/\/justmobs.com\/pl\/wp-json\/wp\/v2\/pages\/4887\/revisions\/4926"}],"wp:attachment":[{"href":"https:\/\/justmobs.com\/pl\/wp-json\/wp\/v2\/media?parent=4887"}],"curies":[{"name":"wp","href":"https:\/\/api.w.org\/{rel}","templated":true}]}}