{"id":3,"date":"2022-10-24T23:31:41","date_gmt":"2022-10-24T23:31:41","guid":{"rendered":"https:\/\/justmobs.com\/?page_id=3"},"modified":"2024-05-14T21:54:35","modified_gmt":"2024-05-14T21:54:35","slug":"politica-de-confidentialitate","status":"publish","type":"page","link":"https:\/\/justmobs.com\/ro\/politica-de-confidentialitate\/","title":{"rendered":"Politica de confiden\u021bialitate"},"content":{"rendered":"<p>Justmobs opereaz\u0103\u00a0<a href=\"https:\/\/gohow.co\/\" target=\"_blank\" rel=\"noreferrer noopener\"><\/a><a href=\"https:\/\/justmobs.com\/ro\/\">justmobs.com<\/a>\u00a0site-ul web, care furnizeaz\u0103 SERVICIUL.<\/p>\n\n\n\n<p>Aceast\u0103 pagin\u0103 este utilizat\u0103 pentru a informa vizitatorii site-ului cu privire la politicile noastre cu privire la colectarea, utilizarea \u0219i dezv\u0103luirea informa\u021biilor personale, dac\u0103 cineva a decis s\u0103 foloseasc\u0103 Serviciul nostru, site-ul web mobzin.<\/p>\n\n\n\n<p>Dac\u0103 alege\u021bi s\u0103 utiliza\u021bi Serviciul nostru, atunci sunte\u021bi de acord cu colectarea \u0219i utilizarea informa\u021biilor \u00een leg\u0103tur\u0103 cu aceast\u0103 politic\u0103. Informa\u021biile personale pe care le colect\u0103m sunt utilizate pentru furnizarea \u0219i \u00eembun\u0103t\u0103\u021birea Serviciului. Nu vom folosi \u0219i nu vom \u00eemp\u0103rt\u0103\u0219i informa\u021biile dvs. cu nimeni, cu excep\u021bia celor descrise \u00een aceast\u0103 Politic\u0103 de confiden\u021bialitate.<\/p>\n\n\n\n<p>Termenii utiliza\u021bi \u00een aceast\u0103 Politic\u0103 de confiden\u021bialitate au acelea\u0219i semnifica\u021bii ca \u00een Termenii \u0219i condi\u021biile noastre, care este accesibil la\u00a0<a href=\"https:\/\/justmobs.com\/ro\/\">justmobs.com<\/a>, cu excep\u021bia cazului \u00een care este definit altfel \u00een aceast\u0103 Politic\u0103 de confiden\u021bialitate.<\/p>\n\n\n\n<h2 class=\"wp-block-heading\">Colectarea \u0219i utilizarea informa\u021biilor<\/h2>\n\n\n\n<p>Pentru o experien\u021b\u0103 mai bun\u0103 \u00een timpul utiliz\u0103rii Serviciului nostru, este posibil s\u0103 v\u0103 solicit\u0103m s\u0103 ne furniza\u021bi anumite informa\u021bii de identificare personal\u0103, inclusiv, dar f\u0103r\u0103 a se limita la, numele, num\u0103rul de telefon \u0219i adresa po\u0219tal\u0103. Informa\u021biile pe care le colect\u0103m vor fi folosite pentru a v\u0103 contacta sau a v\u0103 identifica.<\/p>\n\n\n\n<h2 class=\"wp-block-heading\">Date de jurnal<\/h2>\n\n\n\n<p>Dorim s\u0103 v\u0103 inform\u0103m c\u0103 ori de c\u00e2te ori vizita\u021bi Serviciul nostru, colect\u0103m informa\u021bii pe care ni le trimite browserul dumneavoastr\u0103 \u0219i care se numesc Date de jurnal. Aceste date de jurnal pot include informa\u021bii precum adresa de protocol de internet (\u201eIP\u201d) a computerului dumneavoastr\u0103, versiunea browserului, paginile Serviciului nostru pe care le vizita\u021bi, ora \u0219i data vizitei dumneavoastr\u0103, timpul petrecut pe acele pagini \u0219i alte statistici.<\/p>\n\n\n\n<h2 class=\"wp-block-heading\">Cookie-uri<\/h2>\n\n\n\n<p>Cookie-urile sunt fi\u0219iere cu cantit\u0103\u021bi mici de date care sunt utilizate \u00een mod obi\u0219nuit ca un identificator unic anonim. Acestea sunt trimise browserului dvs. de pe site-ul web pe care \u00eel vizita\u021bi \u0219i sunt stocate pe hard disk-ul computerului dvs.<\/p>\n\n\n\n<p>Site-ul nostru web folose\u0219te aceste \u201ecookie-uri\u201d pentru a colecta informa\u021bii \u0219i pentru a \u00eembun\u0103t\u0103\u021bi Serviciul nostru. Ave\u021bi op\u021biunea fie de a accepta, fie de a refuza aceste module cookie \u0219i de a \u0219ti c\u00e2nd este trimis un cookie c\u0103tre computerul dumneavoastr\u0103. Dac\u0103 alege\u021bi s\u0103 refuza\u021bi cookie-urile noastre, este posibil s\u0103 nu pute\u021bi utiliza unele p\u0103r\u021bi ale Serviciului nostru.<\/p>\n\n\n\n<h2 class=\"wp-block-heading\">Prestatori de servicii<\/h2>\n\n\n\n<p>Este posibil s\u0103 angaj\u0103m companii \u0219i persoane ter\u021be din urm\u0103toarele motive:<\/p>\n\n\n\n<ul class=\"wp-block-list\">\n<li>Pentru a facilita Serviciul nostru;<\/li>\n\n\n\n<li>Pentru a furniza Serviciul \u00een numele nostru;<\/li>\n\n\n\n<li>Pentru a presta servicii legate de Servicii; sau<\/li>\n\n\n\n<li>Pentru a ne ajuta s\u0103 analiz\u0103m modul \u00een care este utilizat Serviciul nostru.<\/li>\n<\/ul>\n\n\n\n<p>Dorim s\u0103 inform\u0103m utilizatorii serviciilor noastre c\u0103 ace\u0219ti ter\u021bi au acces la informa\u021biile dumneavoastr\u0103 personale. Motivul este de a \u00eendeplini sarcinile care le sunt atribuite \u00een numele nostru. Cu toate acestea, ace\u0219tia sunt obliga\u021bi s\u0103 nu dezv\u0103luie sau s\u0103 utilizeze informa\u021biile \u00een niciun alt scop.<\/p>\n\n\n\n<h2 class=\"wp-block-heading\">Securitate<\/h2>\n\n\n\n<p>Apreciem \u00eencrederea dumneavoastr\u0103 \u00een furnizarea informa\u021biilor dumneavoastr\u0103 personale, prin urmare ne str\u0103duim s\u0103 folosim mijloace acceptabile din punct de vedere comercial de a le proteja. Dar aminti\u021bi-v\u0103 c\u0103 nicio metod\u0103 de transmitere prin internet sau metod\u0103 de stocare electronic\u0103 nu este 100% sigur\u0103 \u0219i de \u00eencredere \u0219i nu putem garanta securitatea sa absolut\u0103.<\/p>\n\n\n\n<h2 class=\"wp-block-heading\">Link-uri c\u0103tre alte site-uri<\/h2>\n\n\n\n<p>Serviciul nostru poate con\u021bine link-uri c\u0103tre alte site-uri. Dac\u0103 face\u021bi clic pe un link ter\u021b\u0103 parte, ve\u021bi fi direc\u021bionat c\u0103tre acel site. Re\u021bine\u021bi c\u0103 aceste site-uri externe nu sunt operate de noi. Prin urmare, v\u0103 sf\u0103tuim insistent s\u0103 revizui\u021bi Politica de confiden\u021bialitate a acestor site-uri web. Nu avem control asupra \u0219i nu ne asum\u0103m nicio responsabilitate pentru con\u021binutul, politicile de confiden\u021bialitate sau practicile oric\u0103ror site-uri sau servicii ter\u021be.<\/p>\n\n\n\n<p>Confiden\u021bialitatea copiilor<\/p>\n\n\n\n<p>Serviciile noastre nu se adreseaz\u0103 nim\u0103nui cu v\u00e2rsta sub 13 ani. Nu colect\u0103m cu bun\u0103 \u0219tiin\u021b\u0103 informa\u021bii personale de identificare de la copiii sub 13 ani. \u00cen cazul \u00een care descoperim c\u0103 un copil sub 13 ani ne-a furnizat informa\u021bii personale, le \u0219tergem imediat de pe serverele noastre. Dac\u0103 sunte\u021bi p\u0103rinte sau tutore \u0219i \u0219ti\u021bi c\u0103 copilul dumneavoastr\u0103 ne-a furnizat informa\u021bii personale, v\u0103 rug\u0103m s\u0103 ne contacta\u021bi, astfel \u00eenc\u00e2t s\u0103 putem face ac\u021biunile necesare.<\/p>\n\n\n\n<h2 class=\"wp-block-heading\">Modific\u0103ri ale acestei politici de confiden\u021bialitate<\/h2>\n\n\n\n<p>Putem actualiza Politica noastr\u0103 de confiden\u021bialitate din c\u00e2nd \u00een c\u00e2nd. Astfel, v\u0103 sf\u0103tuim s\u0103 revizui\u021bi periodic aceast\u0103 pagin\u0103 pentru orice modific\u0103ri. V\u0103 vom anun\u021ba cu privire la orice modificare post\u00e2nd noua Politic\u0103 de confiden\u021bialitate pe aceast\u0103 pagin\u0103. Aceste modific\u0103ri sunt efective imediat, dup\u0103 ce sunt postate pe aceast\u0103 pagin\u0103.<\/p>\n\n\n\n<h2 class=\"wp-block-heading\">Contacta\u0163i-ne<\/h2>\n\n\n\n<p>Dac\u0103 ave\u021bi \u00eentreb\u0103ri sau sugestii despre politica noastr\u0103 de confiden\u021bialitate, nu ezita\u021bi s\u0103 ne contacta\u021bi.<\/p>","protected":false},"excerpt":{"rendered":"<p>Justmobs operates the\u00a0justmobs.com\u00a0website, which provides the SERVICE. This page is used to inform website visitors regarding our policies with the collection, use, and disclosure of Personal Information if anyone decided to use our Service, the mobzin website. If you choose to use our Service, then you agree to the collection and use of information in [&hellip;]<\/p>\n","protected":false},"author":4,"featured_media":0,"parent":0,"menu_order":0,"comment_status":"closed","ping_status":"open","template":"","meta":{"footnotes":""},"class_list":["post-3","page","type-page","status-publish"],"_links":{"self":[{"href":"https:\/\/justmobs.com\/ro\/wp-json\/wp\/v2\/pages\/3","targetHints":{"allow":["GET"]}}],"collection":[{"href":"https:\/\/justmobs.com\/ro\/wp-json\/wp\/v2\/pages"}],"about":[{"href":"https:\/\/justmobs.com\/ro\/wp-json\/wp\/v2\/types\/page"}],"author":[{"embeddable":true,"href":"https:\/\/justmobs.com\/ro\/wp-json\/wp\/v2\/users\/4"}],"replies":[{"embeddable":true,"href":"https:\/\/justmobs.com\/ro\/wp-json\/wp\/v2\/comments?post=3"}],"version-history":[{"count":2,"href":"https:\/\/justmobs.com\/ro\/wp-json\/wp\/v2\/pages\/3\/revisions"}],"predecessor-version":[{"id":5125,"href":"https:\/\/justmobs.com\/ro\/wp-json\/wp\/v2\/pages\/3\/revisions\/5125"}],"wp:attachment":[{"href":"https:\/\/justmobs.com\/ro\/wp-json\/wp\/v2\/media?parent=3"}],"curies":[{"name":"wp","href":"https:\/\/api.w.org\/{rel}","templated":true}]}}