{"id":4507,"date":"2021-01-15T11:45:26","date_gmt":"2021-01-15T11:45:26","guid":{"rendered":"https:\/\/smartmag.theme-sphere.com\/health\/typography-post-elements\/"},"modified":"2021-01-15T11:45:26","modified_gmt":"2021-01-15T11:45:26","slug":"elemente-de-tipografie-pentru-postari","status":"publish","type":"page","link":"https:\/\/justmobs.com\/ro\/elemente-de-tipografie-pentru-postari\/","title":{"rendered":"Elemente de tipografie"},"content":{"rendered":"<p>Aceast\u0103 pagin\u0103 afi\u0219eaz\u0103 elemente legate de tipografie \u0219i text ale post\u0103rilor \u0219i paginilor din editorul implicit WordPress. Pute\u021bi vedea alte elemente \u00een <a href=\"https:\/\/smartmag.theme-sphere.com\/good-news\/welcome-to-the-future-of-wordpress-with-gutenberg\/\" target=\"_blank\" rel=\"noreferrer noopener\"><strong>Stiluri Gutenberg<\/strong><\/a> post.<\/p>\n\n\n\n<p>Geant\u0103 tote Exerci\u021bii foto cabin\u0103 Stumptown Banksy, elit lot mic freegan sed. Bere artizanal\u0103 elit seitan. <a href=\"#\">exercita<\/a>, cabin\u0103 foto \u0219i chipsuri de kale pe 8 bi\u021bi proident chillwave deep v laborum.<\/p>\n\n\n\n<hr class=\"wp-block-separator is-style-wide\"\/>\n\n\n\n<p><strong>1. Citat implicit<\/strong><\/p>\n\n\n\n<figure class=\"wp-block-pullquote\"><blockquote><p>Doar un sfert dintre tinerii adul\u021bi au cuno\u0219tin\u021be financiare. Nu vrei s\u0103-i cople\u0219e\u0219ti cu sfaturi groaznice.<\/p><cite>James Matthews<\/cite><\/blockquote><\/figure>\n\n\n\n<p>Stilul normal de citare prin extragere este disponibil numai cu editorul Gutenberg.<\/p>\n\n\n\n<p><strong>2. Citate Moderne<\/strong><\/p>\n\n\n\n<p>Citatul modern este disponibil at\u00e2t \u00een editorul clasic, c\u00e2t \u0219i \u00een cel Gutenberg. \u00cen editorul Gutenberg, este disponibil ca variant\u0103 de stil Mare, \u00een timp ce \u00een editorul clasic, este disponibil \u00een Mai multe stiluri ca Citat modern.<\/p>\n\n\n\n<figure class=\"wp-block-pullquote is-style-modern\"><blockquote><p>Oamenii cred c\u0103 a te concentra \u00eenseamn\u0103 a spune da lucrului pe care trebuie s\u0103 te concentrezi. Dar nu asta \u00eenseamn\u0103 deloc. \u00censeamn\u0103 a spune nu celorlalte sute de idei bune care exist\u0103. Trebuie s\u0103 alegi cu grij\u0103.<\/p><cite>Shane Doe<\/cite><\/blockquote><\/figure>\n\n\n\n<p><strong>3. Citate colorate<\/strong><\/p>\n\n\n\n<p>Pute\u021bi utiliza oricare dintre op\u021biunile de culoare at\u00e2t pentru fundal, c\u00e2t \u0219i pentru text cu aceast\u0103 op\u021biune \u00een Gutenberg.<\/p>\n\n\n\n<figure class=\"wp-block-pullquote has-background has-vivid-red-background-color is-style-solid-color\" style=\"background-color:#00789a\"><blockquote class=\"has-text-color has-white-color\"><p>Doar un sfert dintre tinerii adul\u021bi au cuno\u0219tin\u021be financiare. Nu vrei s\u0103-i cople\u0219e\u0219ti cu sfaturi groaznice.<\/p><cite><span class=\"has-inline-color has-white-color\">Shane Doe<\/span><\/cite><\/blockquote><\/figure>\n\n\n\n<p><strong>4. Implicit citat bloc<\/strong><\/p>\n\n\n\n<blockquote class=\"wp-block-quote is-layout-flow wp-block-quote-is-layout-flow\"><p>Oamenii cred c\u0103 a te concentra \u00eenseamn\u0103 a spune da lucrului pe care trebuie s\u0103 te concentrezi. Dar nu asta \u00eenseamn\u0103 deloc. \u00censeamn\u0103 a spune nu celorlalte sute de idei bune care exist\u0103. Trebuie s\u0103 alegi cu grij\u0103.<\/p><cite>Shane Doe<\/cite><\/blockquote>\n\n\n\n<p><strong>5. Citat bloc mare<\/strong><\/p>\n\n\n\n<blockquote class=\"wp-block-quote is-style-large is-layout-flow wp-block-quote-is-layout-flow\"><p>Oamenii cred c\u0103 a te concentra \u00eenseamn\u0103 a spune da lucrului pe care trebuie s\u0103 te concentrezi. Dar nu asta \u00eenseamn\u0103 deloc. <\/p><\/blockquote>\n\n\n\n<p>Tonx cray commodo, exerci\u021bii de care probabil nu a\u021bi auzit de ei, barb\u0103 credibil\u0103. Selfie-uri pe iPhone Kickstarter, pantaloni scur\u021bi din blugi cu o\u021bet, consequat fixie.<\/p>\n\n\n\n<hr class=\"wp-block-separator is-style-dots\"\/>\n\n\n\n<figure class=\"wp-block-pullquote alignright\"><blockquote><p>Iat\u0103 un citat extras aliniat la dreapta pentru a ar\u0103ta ceva din articol.<\/p><cite>Shane Doe<\/cite><\/blockquote><\/figure>\n\n\n\n<p><strong>Citat aliniat la dreapta<\/strong>\u201e... Doctor Spectrum, Kilowog, Lieberman, Flash, Gordon, Wasp, Tipul cu Trandafirul, Gardner, Deadpool, Progenitorul Maestru al Gardianului, Magog, Omul-Furnic\u0103.\u201d Metamorpho, Trey Langstrom, Gardianul Ro\u0219u, \u201ePisica Iadului, Jane Foster, Betty Brant, Stacy X Pisica Iadului, Emma Frost, Broasca Iner\u021biei, Quasar?\u201d Deadpool, \u201eelegantul Dan Crimson Crusader, Carnage, Regina Alb\u0103, Hyperion.\u201d <\/p>\n\n\n\n<p>Arcanna, C\u0103pitanul Italia, Chestia Phoenix, Jennifer Kale, Robbie Burchill, \u201eOdrasla Trandafirului, Unicornul Elektra\u201d.<\/p>\n\n\n\n<h2 class=\"wp-block-heading\">Liste normale<\/h2>\n\n\n\n<p>Geant\u0103 tote Exerci\u021bii foto cabin\u0103 Stumptown Banksy, elit lot mic freegan sed. Bere artizanal\u0103 elit seitan.&nbsp;<a href=\"#\">exercita<\/a>, cabin\u0103 foto \u0219i chipsuri de kale pe 8 bi\u021bi proident chillwave deep v laborum.<\/p>\n\n\n\n<ul class=\"wp-block-list\"><li>Aliquam erat volutpat<\/li><li>Geant\u0103 tote pentru cabin\u0103 foto pentru exerci\u021bii Stumptown Banksy<\/li><li>Cafeaua de origine unic\u0103 Tempor dui<\/li><li>Magnificele munte ale f\u0103t\u0103rii<\/li><\/ul>\n\n\n\n<h2 class=\"wp-block-heading\">Liste numerotate<\/h2>\n\n\n\n<p>Plaid stumptown bespoke, mini barb\u0103 cu biodiesel, incidente High Life retro sustenabile anii &#039;90, Echo Park Tumblr. Cabin\u0103 foto \u0219i chipsuri de kale pe 8 bi\u021bi care produc chillwave cu v profund, munc\u0103.<\/p>\n\n\n\n<ol class=\"wp-block-list\"><li>Aliquam erat volutpat<\/li><li>Geant\u0103 tote pentru cabin\u0103 foto pentru exerci\u021bii Stumptown Banksy<\/li><li>Cafeaua de origine unic\u0103 Tempor dui<\/li><li>Magnificele munte ale f\u0103t\u0103rii<\/li><\/ol>\n\n\n\n<h1 class=\"wp-block-heading\">Titlul 1<\/h1>\n\n\n\n<p>Meh synth Schlitz, tempor dou\u0103 cafele de origine unic\u0103 \u0219i o borset\u0103 etnic\u0103 de nivel superior pentru degete, nostrud.<\/p>\n\n\n\n<h2 class=\"wp-block-heading\">Titlul 2<\/h2>\n\n\n\n<p>Sed ut perspiciatis unde omnis iste natus error sit voluptatem accusantium doloremque laudantium, totam rem aperiam, eaque ipsa.<\/p>\n\n\n\n<h3 class=\"wp-block-heading\">Titlul 3<\/h3>\n\n\n\n<p>Sed ut perspiciatis unde omnis iste natus error sit voluptatem accusantium doloremque laudantium, totam rem aperiam, eaque ipsa.<\/p>\n\n\n\n<h4 class=\"wp-block-heading\">Titlul 4<\/h4>\n\n\n\n<p>Geant\u0103 tote Exercitation Photo Booth Stumptown Banksy, elit loturi mici Freegan sed.<\/p>\n\n\n\n<h5 class=\"wp-block-heading\">Titlul 5<\/h5>\n\n\n\n<p>Cabin\u0103 foto animat\u0103 pe 8 bi\u021bi, PBR 3 lup, lun\u0103, barb\u0103 Helvetica.<\/p>\n\n\n\n<h6 class=\"wp-block-heading\">Titlul 6<\/h6>\n\n\n\n<p>Meh synth Schlitz, tempor dou\u0103 cafele de origine unic\u0103 \u0219i o borset\u0103 etnic\u0103 de nivel superior pentru degete, nostrud.<\/p>\n\n\n\n<h3 class=\"wp-block-heading\">Stiluri de baz\u0103 comune<\/h3>\n\n\n\n<p>Fotografie de exerci\u021bii&nbsp;<strong>text \u00eengro\u0219at<\/strong>&nbsp;geant\u0103 tote&nbsp;<em>italicele<\/em>, elit mici colorate sed.&nbsp;<a href=\"#\">Un link aici<\/a>&nbsp;seitan de elit\u0103&nbsp;<a href=\"#\">exercita<\/a>, fotografie&nbsp;<del>t\u0103iat cu o linie<\/del>&nbsp;Cod inline kale pe 8 bi\u021bi:&nbsp;<code>strip_tags()<\/code>&nbsp;\u0219i merg\u00e2nd mai departe.<\/p>\n\n\n\n<pre class=\"wp-block-preformatted\">cod_func\u021bie_e\u0219antion($text) { $text = compute_sample($text); returneaz\u0103 $text; }<\/pre>\n\n\n\n<p class=\"has-drop-cap\">Exemplu de letter-uri drop-aici. Scarlet Witch Fenris Colossus Lockjaw Wolverine Abomination The New Sentinels Rogue, Wonder Girl Dreadnight Shriek Ahab. Darkman Shadow King Ghost Rider Falcon Neuropath Montana Shadow Shadow Baron Zemo?<\/p>\n\n\n\n<p>Cau\u021bi mai multe stiluri \u0219i elemente? Vezi <a href=\"https:\/\/smartmag.theme-sphere.com\/good-news\/welcome-to-the-future-of-wordpress-with-gutenberg\/\" target=\"_blank\" rel=\"noreferrer noopener\"><strong>Stiluri Gutenberg<\/strong><\/a> post.<\/p>","protected":false},"excerpt":{"rendered":"<p>This page shows typography and text related elements of the posts and pages in the default WordPress editor. You can see other elements in the Gutenberg Styles post. Exercitation photo booth stumptown tote bag Banksy, elit small batch freegan sed. Craft beer elit seitan exercitation, photo booth et 8-bit kale chips proident chillwave deep v [&hellip;]<\/p>\n","protected":false},"author":4,"featured_media":0,"parent":0,"menu_order":0,"comment_status":"closed","ping_status":"closed","template":"","meta":{"footnotes":""},"class_list":["post-4507","page","type-page","status-publish"],"_links":{"self":[{"href":"https:\/\/justmobs.com\/ro\/wp-json\/wp\/v2\/pages\/4507","targetHints":{"allow":["GET"]}}],"collection":[{"href":"https:\/\/justmobs.com\/ro\/wp-json\/wp\/v2\/pages"}],"about":[{"href":"https:\/\/justmobs.com\/ro\/wp-json\/wp\/v2\/types\/page"}],"author":[{"embeddable":true,"href":"https:\/\/justmobs.com\/ro\/wp-json\/wp\/v2\/users\/4"}],"replies":[{"embeddable":true,"href":"https:\/\/justmobs.com\/ro\/wp-json\/wp\/v2\/comments?post=4507"}],"version-history":[{"count":0,"href":"https:\/\/justmobs.com\/ro\/wp-json\/wp\/v2\/pages\/4507\/revisions"}],"wp:attachment":[{"href":"https:\/\/justmobs.com\/ro\/wp-json\/wp\/v2\/media?parent=4507"}],"curies":[{"name":"wp","href":"https:\/\/api.w.org\/{rel}","templated":true}]}}