{"id":3,"date":"2022-10-24T23:31:41","date_gmt":"2022-10-24T23:31:41","guid":{"rendered":"https:\/\/justmobs.com\/?page_id=3"},"modified":"2024-05-14T21:54:35","modified_gmt":"2024-05-14T21:54:35","slug":"zasady-ochrany-osobnych-udajov","status":"publish","type":"page","link":"https:\/\/justmobs.com\/sk\/zasady-ochrany-osobnych-udajov\/","title":{"rendered":"Z\u00e1sady ochrany osobn\u00fdch \u00fadajov"},"content":{"rendered":"<p>Justmobs prev\u00e1dzkuje\u00a0<a href=\"https:\/\/gohow.co\/\" target=\"_blank\" rel=\"noreferrer noopener\"><\/a><a href=\"https:\/\/justmobs.com\/sk\/\">justmobs.com<\/a>\u00a0webov\u00fa str\u00e1nku, ktor\u00e1 poskytuje SLU\u017dBU.<\/p>\n\n\n\n<p>T\u00e1to str\u00e1nka sa pou\u017e\u00edva na informovanie n\u00e1v\u0161tevn\u00edkov webov\u00fdch str\u00e1nok o na\u0161ich z\u00e1sad\u00e1ch zhroma\u017e\u010fovania, pou\u017e\u00edvania a zverej\u0148ovania osobn\u00fdch \u00fadajov, ak sa niekto rozhodne pou\u017ei\u0165 na\u0161u slu\u017ebu, webov\u00fa str\u00e1nku mobzin.<\/p>\n\n\n\n<p>Ak sa rozhodnete pou\u017e\u00edva\u0165 na\u0161u Slu\u017ebu, s\u00fahlas\u00edte so zhroma\u017e\u010fovan\u00edm a pou\u017e\u00edvan\u00edm inform\u00e1ci\u00ed v s\u00favislosti s t\u00fdmito z\u00e1sadami. Osobn\u00e9 \u00fadaje, ktor\u00e9 zhroma\u017e\u010fujeme, sa pou\u017e\u00edvaj\u00fa na poskytovanie a zlep\u0161ovanie Slu\u017eby. Nebudeme pou\u017e\u00edva\u0165 ani zdie\u013ea\u0165 va\u0161e inform\u00e1cie s nik\u00fdm, s v\u00fdnimkou pr\u00edpadov pop\u00edsan\u00fdch v t\u00fdchto z\u00e1sad\u00e1ch ochrany osobn\u00fdch \u00fadajov.<\/p>\n\n\n\n<p>Pojmy pou\u017eit\u00e9 v t\u00fdchto Z\u00e1sad\u00e1ch ochrany osobn\u00fdch \u00fadajov maj\u00fa rovnak\u00fd v\u00fdznam ako v na\u0161ich Zmluvn\u00fdch podmienkach, ktor\u00e9 s\u00fa dostupn\u00e9 na\u00a0<a href=\"https:\/\/justmobs.com\/sk\/\">justmobs.com<\/a>, pokia\u013e nie je v t\u00fdchto Z\u00e1sad\u00e1ch ochrany osobn\u00fdch \u00fadajov uveden\u00e9 inak.<\/p>\n\n\n\n<h2 class=\"wp-block-heading\">Zhroma\u017e\u010fovanie a pou\u017e\u00edvanie inform\u00e1ci\u00ed<\/h2>\n\n\n\n<p>V z\u00e1ujme lep\u0161ieho z\u00e1\u017eitku pri pou\u017e\u00edvan\u00ed na\u0161ej Slu\u017eby m\u00f4\u017eeme od v\u00e1s po\u017eadova\u0165, aby ste n\u00e1m poskytli ur\u010dit\u00e9 osobn\u00e9 \u00fadaje, vr\u00e1tane, ale nie v\u00fdlu\u010dne, v\u00e1\u0161ho mena, telef\u00f3nneho \u010d\u00edsla a po\u0161tovej adresy. Inform\u00e1cie, ktor\u00e9 zhroma\u017e\u010fujeme, sa pou\u017eij\u00fa na kontaktovanie alebo identifik\u00e1ciu v\u00e1s.<\/p>\n\n\n\n<h2 class=\"wp-block-heading\">\u00dadaje denn\u00edka<\/h2>\n\n\n\n<p>Chceme v\u00e1s informova\u0165, \u017ee v\u017edy, ke\u010f nav\u0161t\u00edvite na\u0161u Slu\u017ebu, zhroma\u017e\u010fujeme inform\u00e1cie, ktor\u00e9 n\u00e1m posiela v\u00e1\u0161 prehliada\u010d a ktor\u00e9 sa naz\u00fdvaj\u00fa Log Data. Tieto \u00fadaje denn\u00edka m\u00f4\u017eu obsahova\u0165 inform\u00e1cie, ako je adresa internetov\u00e9ho protokolu (\u201cIP\u201d) v\u00e1\u0161ho po\u010d\u00edta\u010da, verzia prehliada\u010da, str\u00e1nky na\u0161ej Slu\u017eby, ktor\u00e9 nav\u0161t\u00edvite, \u010das a d\u00e1tum va\u0161ej n\u00e1v\u0161tevy, \u010das str\u00e1ven\u00fd na t\u00fdchto str\u00e1nkach a \u010fal\u0161ie \u0161tatistiky.<\/p>\n\n\n\n<h2 class=\"wp-block-heading\">Cookies<\/h2>\n\n\n\n<p>Cookies s\u00fa s\u00fabory s mal\u00fdm mno\u017estvom \u00fadajov, ktor\u00e9 sa be\u017ene pou\u017e\u00edvaj\u00fa ako anonymn\u00fd jedine\u010dn\u00fd identifik\u00e1tor. Tieto sa odosielaj\u00fa do v\u00e1\u0161ho prehliada\u010da z nav\u0161t\u00edvenej webovej lokality a ukladaj\u00fa sa na pevn\u00fd disk v\u00e1\u0161ho po\u010d\u00edta\u010da.<\/p>\n\n\n\n<p>Na\u0161a webov\u00e1 str\u00e1nka pou\u017e\u00edva tieto \u201ecookies\u201c na zhroma\u017e\u010fovanie inform\u00e1ci\u00ed a zlep\u0161ovanie na\u0161ej Slu\u017eby. M\u00e1te mo\u017enos\u0165 tieto s\u00fabory cookie prija\u0165 alebo odmietnu\u0165 a vedie\u0165, kedy sa s\u00fabor cookie odosiela do v\u00e1\u0161ho po\u010d\u00edta\u010da. Ak sa rozhodnete odmietnu\u0165 na\u0161e s\u00fabory cookie, mo\u017eno nebudete m\u00f4c\u0165 pou\u017e\u00edva\u0165 niektor\u00e9 \u010dasti na\u0161ej Slu\u017eby.<\/p>\n\n\n\n<h2 class=\"wp-block-heading\">Poskytovatelia slu\u017eieb<\/h2>\n\n\n\n<p>M\u00f4\u017eeme zamestn\u00e1va\u0165 spolo\u010dnosti a jednotlivcov tret\u00edch str\u00e1n z nasleduj\u00facich d\u00f4vodov:<\/p>\n\n\n\n<ul class=\"wp-block-list\">\n<li>Na u\u013eah\u010denie na\u0161ej Slu\u017eby;<\/li>\n\n\n\n<li>poskytova\u0165 Slu\u017ebu v na\u0161om mene;<\/li>\n\n\n\n<li>Vykon\u00e1va\u0165 slu\u017eby s\u00favisiace so slu\u017ebou; alebo<\/li>\n\n\n\n<li>Aby n\u00e1m pomohli analyzova\u0165, ako sa na\u0161a slu\u017eba pou\u017e\u00edva.<\/li>\n<\/ul>\n\n\n\n<p>Chceme informova\u0165 pou\u017e\u00edvate\u013eov na\u0161ich slu\u017eieb, \u017ee tieto tretie strany maj\u00fa pr\u00edstup k va\u0161im osobn\u00fdm \u00fadajom. D\u00f4vodom je plnenie im zveren\u00fdch \u00faloh v na\u0161om mene. S\u00fa v\u0161ak povinn\u00ed tieto inform\u00e1cie nezverejni\u0165 ani pou\u017ei\u0165 na \u017eiadny in\u00fd \u00fa\u010del.<\/p>\n\n\n\n<h2 class=\"wp-block-heading\">Bezpe\u010dnos\u0165<\/h2>\n\n\n\n<p>Cen\u00edme si va\u0161u d\u00f4veru, \u017ee n\u00e1m poskytujete va\u0161e osobn\u00e9 \u00fadaje, a preto sa sna\u017e\u00edme pou\u017e\u00edva\u0165 komer\u010dne prijate\u013en\u00e9 prostriedky na ich ochranu. Pam\u00e4tajte v\u0161ak, \u017ee \u017eiadny sp\u00f4sob prenosu cez internet alebo sp\u00f4sob elektronick\u00e9ho ukladania nie je 100% bezpe\u010dn\u00fd a spo\u013eahliv\u00fd a nem\u00f4\u017eeme zaru\u010di\u0165 jeho absol\u00fatnu bezpe\u010dnos\u0165.<\/p>\n\n\n\n<h2 class=\"wp-block-heading\">Odkazy na in\u00e9 str\u00e1nky<\/h2>\n\n\n\n<p>Na\u0161a slu\u017eba m\u00f4\u017ee obsahova\u0165 odkazy na in\u00e9 str\u00e1nky. Ak kliknete na odkaz tretej strany, budete presmerovan\u00ed na dan\u00fa str\u00e1nku. Upozor\u0148ujeme, \u017ee tieto extern\u00e9 str\u00e1nky neprev\u00e1dzkujeme. Preto v\u00e1m d\u00f4razne odpor\u00fa\u010dame, aby ste si pre\u010d\u00edtali Z\u00e1sady ochrany osobn\u00fdch \u00fadajov t\u00fdchto webov\u00fdch str\u00e1nok. Nem\u00e1me \u017eiadnu kontrolu a nepreber\u00e1me \u017eiadnu zodpovednos\u0165 za obsah, z\u00e1sady ochrany osobn\u00fdch \u00fadajov alebo postupy ak\u00fdchko\u013evek str\u00e1nok alebo slu\u017eieb tret\u00edch str\u00e1n.<\/p>\n\n\n\n<p>S\u00fakromie det\u00ed<\/p>\n\n\n\n<p>Na\u0161e slu\u017eby neoslovuj\u00fa nikoho mlad\u0161ieho ako 13 rokov. Vedome nezhroma\u017e\u010fujeme osobn\u00e9 \u00fadaje od det\u00ed mlad\u0161\u00edch ako 13 rokov. V pr\u00edpade, \u017ee zist\u00edme, \u017ee die\u0165a mlad\u0161ie ako 13 rokov n\u00e1m poskytlo osobn\u00e9 \u00fadaje, tieto okam\u017eite vyma\u017eeme z na\u0161ich serverov. Ak ste rodi\u010d alebo opatrovn\u00edk a viete, \u017ee n\u00e1m va\u0161e die\u0165a poskytlo osobn\u00e9 \u00fadaje, kontaktujte n\u00e1s, aby sme mohli vykona\u0165 potrebn\u00e9 kroky.<\/p>\n\n\n\n<h2 class=\"wp-block-heading\">Zmeny t\u00fdchto z\u00e1sad ochrany osobn\u00fdch \u00fadajov<\/h2>\n\n\n\n<p>Na\u0161e Z\u00e1sady ochrany osobn\u00fdch \u00fadajov m\u00f4\u017eeme z \u010dasu na \u010das aktualizova\u0165. Preto v\u00e1m odpor\u00fa\u010dame, aby ste t\u00fato str\u00e1nku pravidelne kontrolovali kv\u00f4li pr\u00edpadn\u00fdm zmen\u00e1m. O ak\u00fdchko\u013evek zmen\u00e1ch v\u00e1s budeme informova\u0165 zverejnen\u00edm nov\u00fdch Z\u00e1sad ochrany osobn\u00fdch \u00fadajov na tejto str\u00e1nke. Tieto zmeny s\u00fa \u00fa\u010dinn\u00e9 okam\u017eite po ich zverejnen\u00ed na tejto str\u00e1nke.<\/p>\n\n\n\n<h2 class=\"wp-block-heading\">Kontaktuj n\u00e1s<\/h2>\n\n\n\n<p>Ak m\u00e1te ak\u00e9ko\u013evek ot\u00e1zky alebo n\u00e1vrhy t\u00fdkaj\u00face sa na\u0161ich Z\u00e1sad ochrany osobn\u00fdch \u00fadajov, nev\u00e1hajte n\u00e1s kontaktova\u0165.<\/p>","protected":false},"excerpt":{"rendered":"<p>Justmobs operates the\u00a0justmobs.com\u00a0website, which provides the SERVICE. This page is used to inform website visitors regarding our policies with the collection, use, and disclosure of Personal Information if anyone decided to use our Service, the mobzin website. If you choose to use our Service, then you agree to the collection and use of information in [&hellip;]<\/p>\n","protected":false},"author":4,"featured_media":0,"parent":0,"menu_order":0,"comment_status":"closed","ping_status":"open","template":"","meta":{"footnotes":""},"class_list":["post-3","page","type-page","status-publish"],"_links":{"self":[{"href":"https:\/\/justmobs.com\/sk\/wp-json\/wp\/v2\/pages\/3","targetHints":{"allow":["GET"]}}],"collection":[{"href":"https:\/\/justmobs.com\/sk\/wp-json\/wp\/v2\/pages"}],"about":[{"href":"https:\/\/justmobs.com\/sk\/wp-json\/wp\/v2\/types\/page"}],"author":[{"embeddable":true,"href":"https:\/\/justmobs.com\/sk\/wp-json\/wp\/v2\/users\/4"}],"replies":[{"embeddable":true,"href":"https:\/\/justmobs.com\/sk\/wp-json\/wp\/v2\/comments?post=3"}],"version-history":[{"count":2,"href":"https:\/\/justmobs.com\/sk\/wp-json\/wp\/v2\/pages\/3\/revisions"}],"predecessor-version":[{"id":5125,"href":"https:\/\/justmobs.com\/sk\/wp-json\/wp\/v2\/pages\/3\/revisions\/5125"}],"wp:attachment":[{"href":"https:\/\/justmobs.com\/sk\/wp-json\/wp\/v2\/media?parent=3"}],"curies":[{"name":"pracovn\u00fd list","href":"https:\/\/api.w.org\/{rel}","templated":true}]}}