{"id":4507,"date":"2021-01-15T11:45:26","date_gmt":"2021-01-15T11:45:26","guid":{"rendered":"https:\/\/smartmag.theme-sphere.com\/health\/typography-post-elements\/"},"modified":"2021-01-15T11:45:26","modified_gmt":"2021-01-15T11:45:26","slug":"prvky-typografickeho-prispevku","status":"publish","type":"page","link":"https:\/\/justmobs.com\/sk\/prvky-typografickeho-prispevku\/","title":{"rendered":"Prvky typografie"},"content":{"rendered":"<p>T\u00e1to str\u00e1nka zobrazuje typografick\u00e9 a textov\u00e9 prvky pr\u00edspevkov a str\u00e1nok v predvolenom editore WordPress. Ostatn\u00e9 prvky si m\u00f4\u017eete pozrie\u0165 v <a href=\"https:\/\/smartmag.theme-sphere.com\/good-news\/welcome-to-the-future-of-wordpress-with-gutenberg\/\" target=\"_blank\" rel=\"noreferrer noopener\"><strong>Gutenbergove \u0161t\u00fdly<\/strong><\/a> pr\u00edspevok.<\/p>\n\n\n\n<p>Cvi\u010denie fotob\u00fadka ta\u0161ka Stumptown Banksy, elitn\u00e1 mal\u00e1 d\u00e1vka freegan sed. Remeseln\u00e9 pivo elitn\u00fd seitan <a href=\"#\">cvi\u010denie<\/a>, fotob\u00fadka a 8-bitov\u00e9 kelov\u00e9 \u010dipy proident chillwave deep v laborum.<\/p>\n\n\n\n<hr class=\"wp-block-separator is-style-wide\"\/>\n\n\n\n<p><strong>1. Predvolen\u00e1 cit\u00e1cia<\/strong><\/p>\n\n\n\n<figure class=\"wp-block-pullquote\"><blockquote><p>Finan\u010dne gramotn\u00e1 je len \u0161tvrtina mlad\u00fdch dospel\u00fdch. Nechcete ich predsa zahlti\u0165 hrozn\u00fdmi radami.<\/p><cite>James Matthews<\/cite><\/blockquote><\/figure>\n\n\n\n<p>Norm\u00e1lny \u0161t\u00fdl pullquote je dostupn\u00fd iba v editore Gutenberg.<\/p>\n\n\n\n<p><strong>2. Pullquotes Modern<\/strong><\/p>\n\n\n\n<p>Modern\u00fd cit\u00e1t je k dispoz\u00edcii v klasickom aj Gutenberg editore. V Gutenberg editore je k dispoz\u00edcii ako variant \u0161t\u00fdlu Ve\u013ek\u00fd, zatia\u013e \u010do v klasickom editore je k dispoz\u00edcii v \u010dasti \u010eal\u0161ie \u0161t\u00fdly ako Modern\u00fd cit\u00e1t.<\/p>\n\n\n\n<figure class=\"wp-block-pullquote is-style-modern\"><blockquote><p>\u013dudia si myslia, \u017ee s\u00fastredenie znamen\u00e1 poveda\u0165 \u00e1no veci, na ktor\u00fa sa mus\u00edte s\u00fastredi\u0165. Ale to v\u00f4bec nie je to, \u010do to znamen\u00e1. Znamen\u00e1 to poveda\u0165 nie stovke \u010fal\u0161\u00edch dobr\u00fdch n\u00e1padov, ktor\u00e9 existuj\u00fa. Mus\u00edte si starostlivo vybra\u0165.<\/p><cite>Shane Doe<\/cite><\/blockquote><\/figure>\n\n\n\n<p><strong>3. Farebn\u00e9 cit\u00e1ty<\/strong><\/p>\n\n\n\n<p>S touto mo\u017enos\u0165ou v Gutenbergu m\u00f4\u017eete pou\u017ei\u0165 \u013eubovo\u013en\u00fa z mo\u017enost\u00ed farieb na farbe pozadia aj textu.<\/p>\n\n\n\n<figure class=\"wp-block-pullquote has-background has-vivid-red-background-color is-style-solid-color\" style=\"background-color:#00789a\"><blockquote class=\"has-text-color has-white-color\"><p>Finan\u010dne gramotn\u00e1 je len \u0161tvrtina mlad\u00fdch dospel\u00fdch. Nechcete ich predsa zahlti\u0165 hrozn\u00fdmi radami.<\/p><cite><span class=\"has-inline-color has-white-color\">Shane Doe<\/span><\/cite><\/blockquote><\/figure>\n\n\n\n<p><strong>4. Predvolen\u00e1 blokov\u00e1 cit\u00e1cia<\/strong><\/p>\n\n\n\n<blockquote class=\"wp-block-quote is-layout-flow wp-block-quote-is-layout-flow\"><p>\u013dudia si myslia, \u017ee s\u00fastredenie znamen\u00e1 poveda\u0165 \u00e1no veci, na ktor\u00fa sa mus\u00edte s\u00fastredi\u0165. Ale to v\u00f4bec nie je to, \u010do to znamen\u00e1. Znamen\u00e1 to poveda\u0165 nie stovke \u010fal\u0161\u00edch dobr\u00fdch n\u00e1padov, ktor\u00e9 existuj\u00fa. Mus\u00edte si starostlivo vybra\u0165.<\/p><cite>Shane Doe<\/cite><\/blockquote>\n\n\n\n<p><strong>5. Ve\u013ek\u00fd blokov\u00fd cit\u00e1t<\/strong><\/p>\n\n\n\n<blockquote class=\"wp-block-quote is-style-large is-layout-flow wp-block-quote-is-layout-flow\"><p>\u013dudia si myslia, \u017ee s\u00fastredenie znamen\u00e1 poveda\u0165 \u00e1no veci, na ktor\u00fa sa mus\u00edte s\u00fastredi\u0165. Ale to v\u00f4bec nie je pravda. <\/p><\/blockquote>\n\n\n\n<p>Tonx cray commodo, cvi\u010denie, o ktorom si pravdepodobne nepo\u010dul, brada, kredit. Selfie pre iPhone na Kickstarteri, pitie octu, rif\u013eov\u00e9 \u0161ortky, fixie consequat.<\/p>\n\n\n\n<hr class=\"wp-block-separator is-style-dots\"\/>\n\n\n\n<figure class=\"wp-block-pullquote alignright\"><blockquote><p>Tu je cit\u00e1t zarovnan\u00fd doprava, ktor\u00fd ukazuje nie\u010do z \u010dl\u00e1nku.<\/p><cite>Shane Doe<\/cite><\/blockquote><\/figure>\n\n\n\n<p><strong>Cit\u00e1cia zarovnan\u00e1 vpravo<\/strong>\u201eDoktor Spectrum Kilowog Lieberman Flash Gordon Wasp Ru\u017eov\u00fd Guy Gardner Deadpool Spawn Master Chief Guardian, Magog Ant-Man.\u201c Metamorpho Trey Langstrom \u010cerven\u00fd Guardian, \u201eHellcat, Jane Foster Betty Brant Stacy x Hellcat Emma Frost Inertia Toad Quasar?\u201c Deadpool, \u201eFancy Dan Crimson Crusader, Carnage White Queen Hyperion.\u201c <\/p>\n\n\n\n<p>Arcanna kapit\u00e1n Taliansko vec Phoenix Jennifer Kale Robbie Burchill, \u201eru\u017eov\u00fd poter, jednoro\u017eec Elektra.\u201c<\/p>\n\n\n\n<h2 class=\"wp-block-heading\">Norm\u00e1lne zoznamy<\/h2>\n\n\n\n<p>Cvi\u010denie fotob\u00fadka ta\u0161ka Stumptown Banksy, elitn\u00e1 mal\u00e1 d\u00e1vka freegan sed. Remeseln\u00e9 pivo elitn\u00fd seitan&nbsp;<a href=\"#\">cvi\u010denie<\/a>, fotob\u00fadka a 8-bitov\u00e9 kelov\u00e9 \u010dipy proident chillwave deep v laborum.<\/p>\n\n\n\n<ul class=\"wp-block-list\"><li>Aliquam je volutpat<\/li><li>Exercita\u010dn\u00e1 fotob\u00fadka stumptown tote bag Banksy<\/li><li>Jednop\u00f4vodov\u00e1 k\u00e1va Tempor duis<\/li><li>Magnis dis parturient montes<\/li><\/ul>\n\n\n\n<h2 class=\"wp-block-heading\">\u010c\u00edslovan\u00e9 zoznamy<\/h2>\n\n\n\n<p>Kockovan\u00e1 kocka v \u0161t\u00fdle Stumptown, mini brada z bionafty, High Life, incidencia, retro, udr\u017eate\u013enos\u0165, 90. roky, Echo Park, Tumblr. Fotob\u00fadka a 8-bitov\u00e9 kelov\u00e9 lupienky, proident chillwave, hlbok\u00e9 v laborum.<\/p>\n\n\n\n<ol class=\"wp-block-list\"><li>Aliquam je volutpat<\/li><li>Exercita\u010dn\u00e1 fotob\u00fadka stumptown tote bag Banksy<\/li><li>Jednop\u00f4vodov\u00e1 k\u00e1va Tempor duis<\/li><li>Magnis dis parturient montes<\/li><\/ol>\n\n\n\n<h1 class=\"wp-block-heading\">Nadpis 1<\/h1>\n\n\n\n<p>Meh synth Schlitz, dve single-origin k\u00e1vy Tempor a \u013eadvinka next level etnickej farby s n\u00e1pisom fingerstache od Nostrud.<\/p>\n\n\n\n<h2 class=\"wp-block-heading\">Nadpis 2<\/h2>\n\n\n\n<p>Sed ut perspiciatis unde omnis iste natus error sit voluptatem accusantium doloremque laudantium, totam rem aperiam, eaque ipsa.<\/p>\n\n\n\n<h3 class=\"wp-block-heading\">Nadpis 3<\/h3>\n\n\n\n<p>Sed ut perspiciatis unde omnis iste natus error sit voluptatem accusantium doloremque laudantium, totam rem aperiam, eaque ipsa.<\/p>\n\n\n\n<h4 class=\"wp-block-heading\">Nadpis 4<\/h4>\n\n\n\n<p>Cvi\u010denie fotob\u00fadka Stumptown ta\u0161ka Banksy, elitn\u00e1 mal\u00e1 d\u00e1vka freegan sed.<\/p>\n\n\n\n<h5 class=\"wp-block-heading\">Nadpis 5<\/h5>\n\n\n\n<p>8-bitov\u00e1 anim\u00e1cia z fotob\u00fadky, Helvetica s vl\u010dou a mesa\u010dnou bradou PBR 3.<\/p>\n\n\n\n<h6 class=\"wp-block-heading\">Nadpis 6<\/h6>\n\n\n\n<p>Meh synth Schlitz, dve single-origin k\u00e1vy Tempor a \u013eadvinka next level etnickej farby s n\u00e1pisom fingerstache od Nostrud.<\/p>\n\n\n\n<h3 class=\"wp-block-heading\">Be\u017en\u00e9 z\u00e1kladn\u00e9 \u0161t\u00fdly<\/h3>\n\n\n\n<p>Cvi\u010dn\u00e1 fotografia&nbsp;<strong>tu\u010dn\u00fd text<\/strong>&nbsp;ta\u0161ka&nbsp;<em>kurz\u00edva<\/em>, elitn\u00e9 mal\u00e9 farebn\u00e9 sed.&nbsp;<a href=\"#\">Odkaz tu<\/a>&nbsp;elitn\u00fd seitan&nbsp;<a href=\"#\">cvi\u010denie<\/a>, fotografia&nbsp;<del>pre\u010diarknut\u00e9<\/del>&nbsp;a 8-bitov\u00fd k\u00f3d v k\u00f3de kale:&nbsp;<code>strip_tags()<\/code>&nbsp;a idem \u010falej.<\/p>\n\n\n\n<pre class=\"wp-block-preformatted\">funkcia k\u00f3du_vzorky($text) { $text = v\u00fdpo\u010det_vzorky($text); vr\u00e1ti\u0165 $text; }<\/pre>\n\n\n\n<p class=\"has-drop-cap\">Pr\u00edklad s inici\u00e1lami. \u0160arl\u00e1tov\u00e1 \u010darodejnica, Fenris, kolos, s\u0165ahovav\u00e1 \u010de\u013eus\u0165, Wolverine, Ohavnos\u0165, Nov\u00fd str\u00e1\u017eca, Tul\u00e1k, Z\u00e1zra\u010dn\u00e9 diev\u010da, Dreadknight, Vreskot, Ahab. Temn\u00fd mu\u017e, Tie\u0148ov\u00fd kr\u00e1\u013e, Ghost Rider, Falcon, Neuropat, Montana, Tvar, Bar\u00f3n Zemo?<\/p>\n\n\n\n<p>H\u013ead\u00e1te \u010fal\u0161ie \u0161t\u00fdly a prvky? Pozrite si <a href=\"https:\/\/smartmag.theme-sphere.com\/good-news\/welcome-to-the-future-of-wordpress-with-gutenberg\/\" target=\"_blank\" rel=\"noreferrer noopener\"><strong>Gutenbergove \u0161t\u00fdly<\/strong><\/a> pr\u00edspevok.<\/p>","protected":false},"excerpt":{"rendered":"<p>This page shows typography and text related elements of the posts and pages in the default WordPress editor. You can see other elements in the Gutenberg Styles post. Exercitation photo booth stumptown tote bag Banksy, elit small batch freegan sed. Craft beer elit seitan exercitation, photo booth et 8-bit kale chips proident chillwave deep v [&hellip;]<\/p>\n","protected":false},"author":4,"featured_media":0,"parent":0,"menu_order":0,"comment_status":"closed","ping_status":"closed","template":"","meta":{"footnotes":""},"class_list":["post-4507","page","type-page","status-publish"],"_links":{"self":[{"href":"https:\/\/justmobs.com\/sk\/wp-json\/wp\/v2\/pages\/4507","targetHints":{"allow":["GET"]}}],"collection":[{"href":"https:\/\/justmobs.com\/sk\/wp-json\/wp\/v2\/pages"}],"about":[{"href":"https:\/\/justmobs.com\/sk\/wp-json\/wp\/v2\/types\/page"}],"author":[{"embeddable":true,"href":"https:\/\/justmobs.com\/sk\/wp-json\/wp\/v2\/users\/4"}],"replies":[{"embeddable":true,"href":"https:\/\/justmobs.com\/sk\/wp-json\/wp\/v2\/comments?post=4507"}],"version-history":[{"count":0,"href":"https:\/\/justmobs.com\/sk\/wp-json\/wp\/v2\/pages\/4507\/revisions"}],"wp:attachment":[{"href":"https:\/\/justmobs.com\/sk\/wp-json\/wp\/v2\/media?parent=4507"}],"curies":[{"name":"pracovn\u00fd list","href":"https:\/\/api.w.org\/{rel}","templated":true}]}}