{"id":565,"date":"2021-01-17T11:50:11","date_gmt":"2021-01-17T11:50:11","guid":{"rendered":"https:\/\/smartmag.theme-sphere.com\/health\/get-in-touch\/"},"modified":"2021-01-17T11:50:11","modified_gmt":"2021-01-17T11:50:11","slug":"kontaktujte-nas","status":"publish","type":"page","link":"https:\/\/justmobs.com\/sk\/kontaktujte-nas\/","title":{"rendered":"Kontaktujte n\u00e1s"},"content":{"rendered":"<p>Lorem Ipsum Press m\u00e1 licenciu\u00a0<a rel=\"noopener\" href=\"#\" target=\"_blank\">Bionetwork s.r.o.<\/a>\u00a0Na\u0161a kancel\u00e1ria sa nach\u00e1dza v budove spolo\u010dnosti.<\/p>\n\n\n\n<p><strong>Adresa:<\/strong> Lorem 15 Str., 4844, Ipsum, \u0160t\u00e1t, Spojen\u00e9 kr\u00e1\u013eovstvo<br><strong>Telef\u00f3n:<\/strong> +30-2106019311<\/p>\n\n\n\n<hr class=\"wp-block-separator is-style-wide\"\/>\n\n\n\n<h2 class=\"wp-block-heading\">Kontaktn\u00fd formul\u00e1r<\/h2>\n\n\n\n<p>Tento vzorov\u00fd formul\u00e1r je vytvoren\u00fd pomocou na\u0161ej integr\u00e1cie s Contact Form 7.<\/p>\n\n\n\n<div class=\"wp-block-contact-form-7-contact-form-selector\"><p class=\"wpcf7-contact-form-not-found\"><strong>Chyba:<\/strong> Kontaktn\u00fd formul\u00e1r nebol n\u00e1jden\u00fd.<\/p><\/div>","protected":false},"excerpt":{"rendered":"<p>Lorem Ipsum Press is licensed by\u00a0Bionetwork Ltd.\u00a0Our office is located within the company&#8217;s building. Address: Lorem 15 Str., 4844, Ipsum, State, UKPhone: +30-2106019311 Contact Form This example form is built using our Contact Form 7 integration.<\/p>","protected":false},"author":4,"featured_media":0,"parent":0,"menu_order":0,"comment_status":"closed","ping_status":"closed","template":"","meta":{"footnotes":""},"class_list":["post-565","page","type-page","status-publish"],"_links":{"self":[{"href":"https:\/\/justmobs.com\/sk\/wp-json\/wp\/v2\/pages\/565","targetHints":{"allow":["GET"]}}],"collection":[{"href":"https:\/\/justmobs.com\/sk\/wp-json\/wp\/v2\/pages"}],"about":[{"href":"https:\/\/justmobs.com\/sk\/wp-json\/wp\/v2\/types\/page"}],"author":[{"embeddable":true,"href":"https:\/\/justmobs.com\/sk\/wp-json\/wp\/v2\/users\/4"}],"replies":[{"embeddable":true,"href":"https:\/\/justmobs.com\/sk\/wp-json\/wp\/v2\/comments?post=565"}],"version-history":[{"count":0,"href":"https:\/\/justmobs.com\/sk\/wp-json\/wp\/v2\/pages\/565\/revisions"}],"wp:attachment":[{"href":"https:\/\/justmobs.com\/sk\/wp-json\/wp\/v2\/media?parent=565"}],"curies":[{"name":"pracovn\u00fd list","href":"https:\/\/api.w.org\/{rel}","templated":true}]}}