{"id":3,"date":"2022-10-24T23:31:41","date_gmt":"2022-10-24T23:31:41","guid":{"rendered":"https:\/\/justmobs.com\/?page_id=3"},"modified":"2024-05-14T21:54:35","modified_gmt":"2024-05-14T21:54:35","slug":"politiko-zasebnosti","status":"publish","type":"page","link":"https:\/\/justmobs.com\/sl\/politiko-zasebnosti\/","title":{"rendered":"Politika zasebnosti"},"content":{"rendered":"<p>Justmobs upravlja\u00a0<a href=\"https:\/\/gohow.co\/\" target=\"_blank\" rel=\"noreferrer noopener\"><\/a><a href=\"https:\/\/justmobs.com\/sl\/\">justmobs.com<\/a>\u00a0spletne strani, ki zagotavlja STORITEV.<\/p>\n\n\n\n<p>Ta stran se uporablja za obve\u0161\u010danje obiskovalcev spletne strani o na\u0161ih pravilnikih o zbiranju, uporabi in razkritju osebnih podatkov, \u010de se kdo odlo\u010di za uporabo na\u0161e storitve, spletne strani mobzin.<\/p>\n\n\n\n<p>\u010ce se odlo\u010dite za uporabo na\u0161e storitve, se strinjate z zbiranjem in uporabo informacij v zvezi s to politiko. Osebni podatki, ki jih zbiramo, se uporabljajo za zagotavljanje in izbolj\u0161anje storitve. Va\u0161ih podatkov ne bomo uporabili ali delili z nikomer, razen kot je opisano v tem pravilniku o zasebnosti.<\/p>\n\n\n\n<p>Izrazi, uporabljeni v tej Politiki zasebnosti, imajo enak pomen kot v na\u0161ih Pravilih in pogojih, ki so dostopni na\u00a0<a href=\"https:\/\/justmobs.com\/sl\/\">justmobs.com<\/a>, razen \u010de ni druga\u010de dolo\u010deno v tem pravilniku o zasebnosti.<\/p>\n\n\n\n<h2 class=\"wp-block-heading\">Zbiranje in uporaba informacij<\/h2>\n\n\n\n<p>Za bolj\u0161o izku\u0161njo pri uporabi na\u0161e storitve lahko od vas zahtevamo, da nam posredujete dolo\u010dene osebne podatke, vklju\u010dno z va\u0161im imenom, telefonsko \u0161tevilko in po\u0161tnim naslovom, vendar ne omejeno nanje. Podatki, ki jih zbiramo, bodo uporabljeni za vzpostavitev stika z vami ali va\u0161o identifikacijo.<\/p>\n\n\n\n<h2 class=\"wp-block-heading\">Dnevni\u0161ki podatki<\/h2>\n\n\n\n<p>\u017delimo vas obvestiti, da vsaki\u010d, ko obi\u0161\u010dete na\u0161o storitev, zbiramo informacije, ki nam jih po\u0161lje va\u0161 brskalnik in se imenujejo dnevni\u0161ki podatki. Ti dnevni\u0161ki podatki lahko vklju\u010dujejo informacije, kot so naslov internetnega protokola (\u00bbIP\u00ab) va\u0161ega ra\u010dunalnika, razli\u010dica brskalnika, strani na\u0161e storitve, ki jih obi\u0161\u010dete, \u010das in datum va\u0161ega obiska, \u010das, porabljen na teh straneh, in druge statistike.<\/p>\n\n\n\n<h2 class=\"wp-block-heading\">Pi\u0161kotki<\/h2>\n\n\n\n<p>Pi\u0161kotki so datoteke z majhno koli\u010dino podatkov, ki se obi\u010dajno uporabljajo kot anonimni enoli\u010dni identifikator. Ti so poslani v va\u0161 brskalnik s spletnega mesta, ki ga obi\u0161\u010dete, in so shranjeni na trdem disku va\u0161ega ra\u010dunalnika.<\/p>\n\n\n\n<p>Na\u0161e spletno mesto uporablja te &quot;pi\u0161kotke&quot; za zbiranje informacij in izbolj\u0161anje na\u0161e storitve. Imate mo\u017enost, da sprejmete ali zavrnete te pi\u0161kotke in veste, kdaj je pi\u0161kotek poslan v va\u0161 ra\u010dunalnik. \u010ce se odlo\u010dite, da zavrnete na\u0161e pi\u0161kotke, morda ne boste mogli uporabljati nekaterih delov na\u0161e storitve.<\/p>\n\n\n\n<h2 class=\"wp-block-heading\">Ponudniki storitev<\/h2>\n\n\n\n<p>Lahko zaposlimo podjetja in posameznike tretjih oseb iz naslednjih razlogov:<\/p>\n\n\n\n<ul class=\"wp-block-list\">\n<li>Za olaj\u0161anje na\u0161e storitve;<\/li>\n\n\n\n<li>Za zagotavljanje storitve v na\u0161em imenu;<\/li>\n\n\n\n<li>Za izvajanje storitev, povezanih s storitvami; oz<\/li>\n\n\n\n<li>Za pomo\u010d pri analizi uporabe na\u0161e storitve.<\/li>\n<\/ul>\n\n\n\n<p>Uporabnike na\u0161ih storitev \u017eelimo obvestiti, da imajo te tretje osebe dostop do va\u0161ih osebnih podatkov. Razlog je, da v na\u0161em imenu opravljajo naloge, ki so jim dodeljene. Vendar se zavezujejo, da informacij ne bodo razkrili ali uporabili za noben drug namen.<\/p>\n\n\n\n<h2 class=\"wp-block-heading\">Varnost<\/h2>\n\n\n\n<p>Cenimo va\u0161e zaupanje, da nam posredujete svoje osebne podatke, zato si prizadevamo za njihovo za\u0161\u010dito uporabljati komercialno sprejemljive na\u010dine. Vendar ne pozabite, da nobena metoda prenosa prek interneta ali metoda elektronskega shranjevanja ni 100% varna in zanesljiva in ne moremo zagotoviti njene absolutne varnosti.<\/p>\n\n\n\n<h2 class=\"wp-block-heading\">Povezave do drugih spletnih mest<\/h2>\n\n\n\n<p>Na\u0161a storitev lahko vsebuje povezave do drugih spletnih mest. \u010ce kliknete povezavo tretje osebe, boste preusmerjeni na to spletno mesto. Upo\u0161tevajte, da teh zunanjih spletnih mest ne upravljamo mi. Zato vam toplo priporo\u010damo, da pregledate Politiko zasebnosti teh spletnih mest. Nimamo nadzora in ne prevzemamo odgovornosti za vsebino, pravilnike o zasebnosti ali prakse katerih koli spletnih mest ali storitev tretjih oseb.<\/p>\n\n\n\n<p>Zasebnost otrok<\/p>\n\n\n\n<p>Na\u0161e storitve ne obravnavajo nikogar, mlaj\u0161ega od 13 let. Zavestno ne zbiramo osebnih identifikacijskih podatkov otrok, mlaj\u0161ih od 13 let. V primeru, da odkrijemo, da nam je otrok, mlaj\u0161i od 13 let, posredoval osebne podatke, jih takoj izbri\u0161emo iz na\u0161ih stre\u017enikov. \u010ce ste star\u0161 ali skrbnik in veste, da nam je va\u0161 otrok posredoval osebne podatke, nas kontaktirajte, da bomo lahko ustrezno ukrepali.<\/p>\n\n\n\n<h2 class=\"wp-block-heading\">Spremembe tega pravilnika o zasebnosti<\/h2>\n\n\n\n<p>Na\u0161 pravilnik o zasebnosti lahko ob\u010dasno posodobimo. Zato vam svetujemo, da ob\u010dasno pregledate to stran za morebitne spremembe. O vseh spremembah vas bomo obvestili z objavo novega pravilnika o zasebnosti na tej strani. Te spremembe za\u010dnejo veljati takoj, ko so objavljene na tej strani.<\/p>\n\n\n\n<h2 class=\"wp-block-heading\">Kontaktiraj nas<\/h2>\n\n\n\n<p>\u010ce imate kakr\u0161na koli vpra\u0161anja ali predloge glede na\u0161ega pravilnika o zasebnosti, se obrnite na nas.<\/p>","protected":false},"excerpt":{"rendered":"<p>Justmobs operates the\u00a0justmobs.com\u00a0website, which provides the SERVICE. This page is used to inform website visitors regarding our policies with the collection, use, and disclosure of Personal Information if anyone decided to use our Service, the mobzin website. If you choose to use our Service, then you agree to the collection and use of information in [&hellip;]<\/p>\n","protected":false},"author":4,"featured_media":0,"parent":0,"menu_order":0,"comment_status":"closed","ping_status":"open","template":"","meta":{"footnotes":""},"class_list":["post-3","page","type-page","status-publish"],"_links":{"self":[{"href":"https:\/\/justmobs.com\/sl\/wp-json\/wp\/v2\/pages\/3","targetHints":{"allow":["GET"]}}],"collection":[{"href":"https:\/\/justmobs.com\/sl\/wp-json\/wp\/v2\/pages"}],"about":[{"href":"https:\/\/justmobs.com\/sl\/wp-json\/wp\/v2\/types\/page"}],"author":[{"embeddable":true,"href":"https:\/\/justmobs.com\/sl\/wp-json\/wp\/v2\/users\/4"}],"replies":[{"embeddable":true,"href":"https:\/\/justmobs.com\/sl\/wp-json\/wp\/v2\/comments?post=3"}],"version-history":[{"count":2,"href":"https:\/\/justmobs.com\/sl\/wp-json\/wp\/v2\/pages\/3\/revisions"}],"predecessor-version":[{"id":5125,"href":"https:\/\/justmobs.com\/sl\/wp-json\/wp\/v2\/pages\/3\/revisions\/5125"}],"wp:attachment":[{"href":"https:\/\/justmobs.com\/sl\/wp-json\/wp\/v2\/media?parent=3"}],"curies":[{"name":"delovni list","href":"https:\/\/api.w.org\/{rel}","templated":true}]}}