{"id":4507,"date":"2021-01-15T11:45:26","date_gmt":"2021-01-15T11:45:26","guid":{"rendered":"https:\/\/smartmag.theme-sphere.com\/health\/typography-post-elements\/"},"modified":"2021-01-15T11:45:26","modified_gmt":"2021-01-15T11:45:26","slug":"elementi-tipografske-objave","status":"publish","type":"page","link":"https:\/\/justmobs.com\/sl\/elementi-tipografske-objave\/","title":{"rendered":"Elementi tipografije"},"content":{"rendered":"<p>Ta stran prikazuje tipografijo in elemente, povezane z besedilom, objav in strani v privzetem urejevalniku WordPress. Druge elemente si lahko ogledate v <a href=\"https:\/\/smartmag.theme-sphere.com\/good-news\/welcome-to-the-future-of-wordpress-with-gutenberg\/\" target=\"_blank\" rel=\"noreferrer noopener\"><strong>Gutenbergovi slogi<\/strong><\/a> objava.<\/p>\n\n\n\n<p>Foto kabina za vadbo, torba za pisanje iz Stumptowna, Banksy, elitna majhna serija, freegan sed. Obrtno pivo elit seitan <a href=\"#\">vadba<\/a>, foto kabina in 8-bitni ohrovtov \u010dips proident chillwave deep v laborum.<\/p>\n\n\n\n<hr class=\"wp-block-separator is-style-wide\"\/>\n\n\n\n<p><strong>1. Privzeti Pullquote<\/strong><\/p>\n\n\n\n<figure class=\"wp-block-pullquote\"><blockquote><p>Le \u010detrtina mladih odraslih je finan\u010dno pismena. Ne \u017eelite jih preobremeniti z groznimi nasveti.<\/p><cite>James Matthews<\/cite><\/blockquote><\/figure>\n\n\n\n<p>Obi\u010dajni slog pullquote je na voljo samo v urejevalniku Gutenberg.<\/p>\n\n\n\n<p><strong>2. Pullquotes Modern<\/strong><\/p>\n\n\n\n<p>Sodoben citat je na voljo tako v klasi\u010dnem kot v Gutenbergovem urejevalniku. V Gutenbergovem urejevalniku je na voljo kot velika razli\u010dica sloga, v klasi\u010dnem urejevalniku pa v razdelku Ve\u010d slogov kot Sodoben citat.<\/p>\n\n\n\n<figure class=\"wp-block-pullquote is-style-modern\"><blockquote><p>Ljudje mislijo, da osredoto\u010denost pomeni re\u010di da stvari, na katero se mora\u0161 osredoto\u010diti. Ampak to sploh ni tisto, kar pomeni. Pomeni re\u010di ne sto drugim dobrim idejam, ki obstajajo. Izbrati mora\u0161 previdno.<\/p><cite>Shane Doe<\/cite><\/blockquote><\/figure>\n\n\n\n<p><strong>3. Barvni citati<\/strong><\/p>\n\n\n\n<p>S to mo\u017enostjo v Gutenbergu lahko uporabite katero koli od barvnih mo\u017enosti tako za ozadje kot za barvo besedila.<\/p>\n\n\n\n<figure class=\"wp-block-pullquote has-background has-vivid-red-background-color is-style-solid-color\" style=\"background-color:#00789a\"><blockquote class=\"has-text-color has-white-color\"><p>Le \u010detrtina mladih odraslih je finan\u010dno pismena. Ne \u017eelite jih preobremeniti z groznimi nasveti.<\/p><cite><span class=\"has-inline-color has-white-color\">Shane Doe<\/span><\/cite><\/blockquote><\/figure>\n\n\n\n<p><strong>4. Privzeto za blokovni citat<\/strong><\/p>\n\n\n\n<blockquote class=\"wp-block-quote is-layout-flow wp-block-quote-is-layout-flow\"><p>Ljudje mislijo, da osredoto\u010denost pomeni re\u010di da stvari, na katero se mora\u0161 osredoto\u010diti. Ampak to sploh ni tisto, kar pomeni. Pomeni re\u010di ne sto drugim dobrim idejam, ki obstajajo. Izbrati mora\u0161 previdno.<\/p><cite>Shane Doe<\/cite><\/blockquote>\n\n\n\n<p><strong>5. Veliki blokovni citat<\/strong><\/p>\n\n\n\n<blockquote class=\"wp-block-quote is-style-large is-layout-flow wp-block-quote-is-layout-flow\"><p>Ljudje mislijo, da osredoto\u010denost pomeni re\u010di da stvari, na katero se mora\u0161 osredoto\u010diti. Ampak to sploh ni tisto, kar pomeni. <\/p><\/blockquote>\n\n\n\n<p>Tonx cray commodo, telovadba, za katero verjetno \u0161e nisi sli\u0161al, brada, kredit. Selfiji iPhone Kickstarter, pitje kisa, kavbojke, fixie consequat.<\/p>\n\n\n\n<hr class=\"wp-block-separator is-style-dots\"\/>\n\n\n\n<figure class=\"wp-block-pullquote alignright\"><blockquote><p>Tukaj je desno poravnan citat, ki prikazuje nekaj iz \u010dlanka.<\/p><cite>Shane Doe<\/cite><\/blockquote><\/figure>\n\n\n\n<p><strong>Citat poravnan desno<\/strong>&quot;... Doktor Spectrum Kilowog Lieberman Flash Gordon Wasp Rose Guy Gardner Deadpool Spawn Master Chief Guardian, Magog Ant-Man.&quot; Metamorpho Trey Langstrom Red Guardian, &quot;Hellcat, Jane Foster Betty Brant Stacy x Hellcat Emma Frost Inercial Toad Quasar?&quot; Deadpool, &quot;Fancy Dan Crimson Crusader, Carnage White Queen Hyperion.&quot; <\/p>\n\n\n\n<p>Arcanna, kapitanka Italija, stvar Phoenixa, Jennifer Kale, Robbie Burchill, &quot;Ro\u017eni vrt, Samorog Elektra.&quot;<\/p>\n\n\n\n<h2 class=\"wp-block-heading\">Obi\u010dajni seznami<\/h2>\n\n\n\n<p>Foto kabina za vadbo, torba za pisanje iz Stumptowna, Banksy, elitna majhna serija, freegan sed. Obrtno pivo elit seitan&nbsp;<a href=\"#\">vadba<\/a>, foto kabina in 8-bitni ohrovtov \u010dips proident chillwave deep v laborum.<\/p>\n\n\n\n<ul class=\"wp-block-list\"><li>Aliquam je volutpat<\/li><li>Exercitation photo booth stumptown velika torba Banksy<\/li><li>Tempor duis kava enega izvora<\/li><li>Magnis dis parturient montes<\/li><\/ul>\n\n\n\n<h2 class=\"wp-block-heading\">O\u0161tevil\u010deni seznami<\/h2>\n\n\n\n<p>Karo, izdelano v stilu Stumptown, z biodizelsko mini brado, visokokakovostno, retro, trajnostno, iz 90-ih, Echo Park, Tumblr. Foto kabina in 8-bitni \u010dips iz ohrovta, proident chillwave deep v laborum.<\/p>\n\n\n\n<ol class=\"wp-block-list\"><li>Aliquam je volutpat<\/li><li>Exercitation photo booth stumptown velika torba Banksy<\/li><li>Tempor duis kava enega izvora<\/li><li>Magnis dis parturient montes<\/li><\/ol>\n\n\n\n<h1 class=\"wp-block-heading\">Naslov 1<\/h1>\n\n\n\n<p>Meh synth Schlitz, dve kavi enega porekla Tempor in etni\u010dna torbica za okoli pasu Next Level Fingerstache.<\/p>\n\n\n\n<h2 class=\"wp-block-heading\">Naslov 2<\/h2>\n\n\n\n<p>Sed ut perspiciatis unde omnis iste natus error sit voluptatem Accuantium doloremque laudantium, totam rem aperiam, eaque ipsa.<\/p>\n\n\n\n<h3 class=\"wp-block-heading\">Naslov 3<\/h3>\n\n\n\n<p>Sed ut perspiciatis unde omnis iste natus error sit voluptatem Accuantium doloremque laudantium, totam rem aperiam, eaque ipsa.<\/p>\n\n\n\n<h4 class=\"wp-block-heading\">Naslov 4<\/h4>\n\n\n\n<p>Foto kabina za vadbo, torba za nakupovanje v Stumptownu, Banksy, elitna majhna serija Freegan Sed.<\/p>\n\n\n\n<h5 class=\"wp-block-heading\">Naslov 5<\/h5>\n\n\n\n<p>Animacija iz foto kabine, 8-bitna Hella, PBR 3, vol\u010dja lunina brada, Helvetica.<\/p>\n\n\n\n<h6 class=\"wp-block-heading\">Naslov 6<\/h6>\n\n\n\n<p>Meh synth Schlitz, dve kavi enega porekla Tempor in etni\u010dna torbica za okoli pasu Next Level Fingerstache.<\/p>\n\n\n\n<h3 class=\"wp-block-heading\">Pogosti osnovni slogi<\/h3>\n\n\n\n<p>Fotografija vadbe&nbsp;<strong>krepko besedilo<\/strong>&nbsp;torba&nbsp;<em>po\u0161evni tisk<\/em>, elit majhne barvne sed.&nbsp;<a href=\"#\">Povezava tukaj<\/a>&nbsp;elitni seitan&nbsp;<a href=\"#\">vadba<\/a>, fotografija&nbsp;<del>pre\u010drtano<\/del>&nbsp;inline koda 8-bitnega ohrovta:&nbsp;<code>oznake_strip()<\/code>&nbsp;in gremo naprej.<\/p>\n\n\n\n<pre class=\"wp-block-preformatted\">vzorec_kode_funkcije($besedilo) { $besedilo = izra\u010dun_vzorca($besedilo); vrni $besedilo; }<\/pre>\n\n\n\n<p class=\"has-drop-cap\">Primer spu\u0161\u010danja velikih \u010drk tukaj. \u0160krlatna \u010darovnica Fenris Kolos Zaklenjena \u010deljust Volverin Gnusoba Novi Stra\u017earji Lopov, \u010cude\u017eno dekle Vitez strahu Krik Ahab. Temni mo\u017e Kralj senc Ghost Rider Sokol Nevropat Montana Oblika Barona Zema?<\/p>\n\n\n\n<p>I\u0161\u010dete ve\u010d stilov in elementov? Glejte <a href=\"https:\/\/smartmag.theme-sphere.com\/good-news\/welcome-to-the-future-of-wordpress-with-gutenberg\/\" target=\"_blank\" rel=\"noreferrer noopener\"><strong>Gutenbergovi slogi<\/strong><\/a> objava.<\/p>","protected":false},"excerpt":{"rendered":"<p>This page shows typography and text related elements of the posts and pages in the default WordPress editor. You can see other elements in the Gutenberg Styles post. Exercitation photo booth stumptown tote bag Banksy, elit small batch freegan sed. Craft beer elit seitan exercitation, photo booth et 8-bit kale chips proident chillwave deep v [&hellip;]<\/p>\n","protected":false},"author":4,"featured_media":0,"parent":0,"menu_order":0,"comment_status":"closed","ping_status":"closed","template":"","meta":{"footnotes":""},"class_list":["post-4507","page","type-page","status-publish"],"_links":{"self":[{"href":"https:\/\/justmobs.com\/sl\/wp-json\/wp\/v2\/pages\/4507","targetHints":{"allow":["GET"]}}],"collection":[{"href":"https:\/\/justmobs.com\/sl\/wp-json\/wp\/v2\/pages"}],"about":[{"href":"https:\/\/justmobs.com\/sl\/wp-json\/wp\/v2\/types\/page"}],"author":[{"embeddable":true,"href":"https:\/\/justmobs.com\/sl\/wp-json\/wp\/v2\/users\/4"}],"replies":[{"embeddable":true,"href":"https:\/\/justmobs.com\/sl\/wp-json\/wp\/v2\/comments?post=4507"}],"version-history":[{"count":0,"href":"https:\/\/justmobs.com\/sl\/wp-json\/wp\/v2\/pages\/4507\/revisions"}],"wp:attachment":[{"href":"https:\/\/justmobs.com\/sl\/wp-json\/wp\/v2\/media?parent=4507"}],"curies":[{"name":"delovni list","href":"https:\/\/api.w.org\/{rel}","templated":true}]}}