{"id":4884,"date":"2023-09-28T03:29:10","date_gmt":"2023-09-28T03:29:10","guid":{"rendered":"https:\/\/justmobs.com\/?page_id=4884"},"modified":"2023-09-28T04:46:47","modified_gmt":"2023-09-28T04:46:47","slug":"pogoji-uporabe","status":"publish","type":"page","link":"https:\/\/justmobs.com\/sl\/pogoji-uporabe\/","title":{"rendered":"Pogoji uporabe"},"content":{"rendered":"<h3 class=\"wp-block-heading\" id=\"1-termos\">1. Pogoji<\/h3>\n\n\n\n<p>Pri dostopu do spletne strani <a href=\"https:\/\/justmobs.com\/sl\/\">JustMobs<\/a>, se strinjate, da boste upo\u0161tevali te pogoje storitve, vse veljavne zakone in predpise ter se strinjate, da ste odgovorni za skladnost z morebitnimi veljavnimi lokalnimi zakoni. \u010ce se ne strinjate s katerim od teh pogojev, vam je prepovedana uporaba ali dostop do tega mesta. Gradivo na tem spletnem mestu je za\u0161\u010diteno z veljavno zakonodajo o avtorskih pravicah in blagovnih znamkah.<\/p>\n\n\n\n<h3 class=\"wp-block-heading\" id=\"2-uso-de-licenca\">2. Uporaba licence<\/h3>\n\n\n\n<p>Dovoljeno je za\u010dasno prenesti eno kopijo gradiva (informacij ali programske opreme) na spletno mesto JustMobs samo za osebni, nekomercialni prehodni ogled. To je podelitev licence, ne prenos lastninske pravice, in v skladu s to licenco ne smete:&nbsp;<\/p>\n\n\n\n<ol class=\"wp-block-list\">\n<li>spreminjati ali kopirati materiale;&nbsp;<\/li>\n\n\n\n<li>uporabljati materiale za kakr\u0161ne koli komercialne namene ali za javno prikazovanje (komercialno ali nekomercialno);&nbsp;<\/li>\n\n\n\n<li>posku\u0161ati dekompilirati ali izvajati obratni in\u017eeniring katere koli programske opreme na spletnem mestu JustMobs;&nbsp;<\/li>\n\n\n\n<li>odstraniti morebitne avtorske ali druge lastni\u0161ke oznake iz materialov; oz&nbsp;<\/li>\n\n\n\n<li>prenesti materiale na drugo osebo ali &#039;zrcaliti&#039; materiale na katerem koli drugem stre\u017eniku.<\/li>\n<\/ol>\n\n\n\n<p>Ta licenca samodejno preneha veljati, \u010de prekr\u0161ite katero koli od teh omejitev in jo lahko JustMobs kadar koli prekine. Po prekinitvi ogledovanja teh gradiv ali po prekinitvi te licence morate izbrisati vsa prenesena gradiva, ki jih imate v elektronski ali tiskani obliki.<\/p>\n\n\n\n<h3 class=\"wp-block-heading\" id=\"3-isencao-de-responsabilidade\">3. Zavrnitev odgovornosti<\/h3>\n\n\n\n<ol class=\"wp-block-list\">\n<li>Gradiva na spletni strani JustMobs so na voljo na podlagi &quot;tak\u0161na, kot so&quot;. JustMobs ne daje nobenih jamstev, izrecnih ali implicitnih, in s tem zavra\u010da in zanika vsa druga jamstva, vklju\u010dno, brez omejitev, implicitnih jamstev ali pogojev primernosti za prodajo, primernosti za dolo\u010den namen ali nekr\u0161itve intelektualne lastnine ali druge kr\u0161itve pravic.<\/li>\n\n\n\n<li>Poleg tega JustMobs ne jam\u010di ali daje nobenih izjav v zvezi s to\u010dnostjo, verjetnimi rezultati ali zanesljivostjo uporabe materialov na svojem spletnem mestu ali kako druga\u010de povezanih s tak\u0161nimi materiali ali na katerem koli mestu, povezanem s tem mestom.<\/li>\n<\/ol>\n\n\n\n<h3 class=\"wp-block-heading\" id=\"4-limitacoes\">4. Omejitve<\/h3>\n\n\n\n<p>JustMobs ali njegovi dobavitelji v nobenem primeru niso odgovorni za kakr\u0161no koli \u0161kodo (vklju\u010dno, brez omejitev, \u0161kodo zaradi izgube podatkov ali dobi\u010dka ali zaradi prekinitve poslovanja), ki bi nastala zaradi uporabe ali nezmo\u017enosti uporabe materialov na spletni strani JustMobs, tudi \u010de je bil JustMobs ali poobla\u0161\u010denec JustMobs ustno ali pisno obve\u0161\u010den o mo\u017enosti tovrstne \u0161kode. Ker nekatere jurisdikcije ne dovoljujejo omejitev implicitnih jamstev ali omejitev odgovornosti za posledi\u010dno ali naklju\u010dno \u0161kodo, te omejitve morda ne veljajo za vas.<\/p>\n\n\n\n<h3 class=\"wp-block-heading\" id=\"5-precisao-dos-materiais\">5. Natan\u010dnost materialov<\/h3>\n\n\n\n<p>Gradivo, ki se pojavlja na spletni strani JustMobs, lahko vklju\u010duje tehni\u010dne, tipografske ali fotografske napake. JustMobs ne jam\u010di, da so materiali na njegovi spletni strani to\u010dni, popolni ali aktualni. JustMobs lahko kadar koli brez predhodnega obvestila spremeni materiale na svoji spletni strani. Vendar se JustMobs ne zavezuje, da bo posodabljal materiale.<\/p>\n\n\n\n<h3 class=\"wp-block-heading\" id=\"6-links\">6. Povezave<\/h3>\n\n\n\n<p>JustMobs ni pregledal vseh spletnih mest, povezanih z njegovim spletnim mestom, in ni odgovoren za vsebino katerega koli povezanega spletnega mesta. Vklju\u010ditev katere koli povezave ne pomeni, da JustMobs podpira spletno mesto. Uporaba katere koli povezane strani je na lastno odgovornost uporabnika.<\/p>\n\n\n\n<h3 class=\"wp-block-heading\" id=\"modificacoes\">Spremembe<\/h3>\n\n\n\n<p>JustMobs lahko te pogoje storitve za svoje spletno mesto kadar koli spremeni brez predhodnega obvestila. Z uporabo te spletne strani se strinjate, da vas zavezuje trenutna razli\u010dica teh pogojev storitve.<\/p>\n\n\n\n<h3 class=\"wp-block-heading\" id=\"lei-aplicavel\">Veljavno pravo<\/h3>\n\n\n\n<p>Ta dolo\u010dila in pogoji urejajo in razlagajo v skladu z zakoni dru\u017ebe JustMobs, vi pa se nepreklicno podrejate izklju\u010dni pristojnosti sodi\u0161\u010d v tej dr\u017eavi ali na tej lokaciji.<\/p>","protected":false},"excerpt":{"rendered":"<p>1. Termos Ao acessar ao site JustMobs, concorda em cumprir estes termos de servi\u00e7o, todas as leis e regulamentos aplic\u00e1veis \u200b\u200be concorda que \u00e9 respons\u00e1vel pelo cumprimento de todas as leis locais aplic\u00e1veis. Se voc\u00ea n\u00e3o concordar com algum desses termos, est\u00e1 proibido de usar ou acessar este site. Os materiais contidos neste site s\u00e3o [&hellip;]<\/p>\n","protected":false},"author":4,"featured_media":0,"parent":0,"menu_order":0,"comment_status":"closed","ping_status":"closed","template":"","meta":{"footnotes":""},"class_list":["post-4884","page","type-page","status-publish"],"_links":{"self":[{"href":"https:\/\/justmobs.com\/sl\/wp-json\/wp\/v2\/pages\/4884","targetHints":{"allow":["GET"]}}],"collection":[{"href":"https:\/\/justmobs.com\/sl\/wp-json\/wp\/v2\/pages"}],"about":[{"href":"https:\/\/justmobs.com\/sl\/wp-json\/wp\/v2\/types\/page"}],"author":[{"embeddable":true,"href":"https:\/\/justmobs.com\/sl\/wp-json\/wp\/v2\/users\/4"}],"replies":[{"embeddable":true,"href":"https:\/\/justmobs.com\/sl\/wp-json\/wp\/v2\/comments?post=4884"}],"version-history":[{"count":3,"href":"https:\/\/justmobs.com\/sl\/wp-json\/wp\/v2\/pages\/4884\/revisions"}],"predecessor-version":[{"id":4927,"href":"https:\/\/justmobs.com\/sl\/wp-json\/wp\/v2\/pages\/4884\/revisions\/4927"}],"wp:attachment":[{"href":"https:\/\/justmobs.com\/sl\/wp-json\/wp\/v2\/media?parent=4884"}],"curies":[{"name":"delovni list","href":"https:\/\/api.w.org\/{rel}","templated":true}]}}