{"id":3,"date":"2022-10-24T23:31:41","date_gmt":"2022-10-24T23:31:41","guid":{"rendered":"https:\/\/justmobs.com\/?page_id=3"},"modified":"2024-05-14T21:54:35","modified_gmt":"2024-05-14T21:54:35","slug":"integritetspolicy","status":"publish","type":"page","link":"https:\/\/justmobs.com\/sv\/integritetspolicy\/","title":{"rendered":"Integritetspolicy"},"content":{"rendered":"<p>Justmobs driver\u00a0<a href=\"https:\/\/gohow.co\/\" target=\"_blank\" rel=\"noreferrer noopener\"><\/a><a href=\"https:\/\/justmobs.com\/sv\/\">justmobs.com<\/a>\u00a0webbplats, som tillhandah\u00e5ller TJ\u00c4NSTEN.<\/p>\n\n\n\n<p>Den h\u00e4r sidan anv\u00e4nds f\u00f6r att informera webbplatsbes\u00f6kare om v\u00e5r policy med insamling, anv\u00e4ndning och avsl\u00f6jande av personlig information om n\u00e5gon best\u00e4mt sig f\u00f6r att anv\u00e4nda v\u00e5r tj\u00e4nst, mobzin-webbplatsen.<\/p>\n\n\n\n<p>Om du v\u00e4ljer att anv\u00e4nda v\u00e5r tj\u00e4nst, samtycker du till insamling och anv\u00e4ndning av information i samband med denna policy. Personuppgifterna som vi samlar in anv\u00e4nds f\u00f6r att tillhandah\u00e5lla och f\u00f6rb\u00e4ttra Tj\u00e4nsten. Vi kommer inte att anv\u00e4nda eller dela din information med n\u00e5gon f\u00f6rutom enligt beskrivningen i denna integritetspolicy.<\/p>\n\n\n\n<p>Termerna som anv\u00e4nds i denna integritetspolicy har samma betydelse som i v\u00e5ra anv\u00e4ndarvillkor, som finns tillg\u00e4ngliga p\u00e5\u00a0<a href=\"https:\/\/justmobs.com\/sv\/\">justmobs.com<\/a>, om inte annat anges i denna integritetspolicy.<\/p>\n\n\n\n<h2 class=\"wp-block-heading\">Informationsinsamling och anv\u00e4ndning<\/h2>\n\n\n\n<p>F\u00f6r en b\u00e4ttre upplevelse n\u00e4r du anv\u00e4nder v\u00e5r tj\u00e4nst kan vi kr\u00e4va att du f\u00f6rser oss med viss personligt identifierbar information, inklusive men inte begr\u00e4nsat till ditt namn, telefonnummer och postadress. Informationen som vi samlar in kommer att anv\u00e4ndas f\u00f6r att kontakta eller identifiera dig.<\/p>\n\n\n\n<h2 class=\"wp-block-heading\">Logga data<\/h2>\n\n\n\n<p>Vi vill informera dig om att n\u00e4r du bes\u00f6ker v\u00e5r tj\u00e4nst samlar vi in information som din webbl\u00e4sare skickar till oss som kallas loggdata. Denna loggdata kan inneh\u00e5lla information som din dators Internet Protocol (\u201cIP\u201d) adress, webbl\u00e4sarversion, sidor i v\u00e5r tj\u00e4nst som du bes\u00f6ker, tid och datum f\u00f6r ditt bes\u00f6k, tiden som spenderats p\u00e5 dessa sidor och annan statistik.<\/p>\n\n\n\n<h2 class=\"wp-block-heading\">Sm\u00e5kakor<\/h2>\n\n\n\n<p>Cookies \u00e4r filer med sm\u00e5 m\u00e4ngder data som vanligtvis anv\u00e4nds som en anonym unik identifierare. Dessa skickas till din webbl\u00e4sare fr\u00e5n webbplatsen du bes\u00f6ker och lagras p\u00e5 din dators h\u00e5rddisk.<\/p>\n\n\n\n<p>V\u00e5r webbplats anv\u00e4nder dessa &quot;cookies&quot; f\u00f6r att samla in information och f\u00f6r att f\u00f6rb\u00e4ttra v\u00e5r tj\u00e4nst. Du har m\u00f6jlighet att antingen acceptera eller neka dessa cookies och vet n\u00e4r en cookie skickas till din dator. Om du v\u00e4ljer att v\u00e4gra v\u00e5ra cookies, kanske du inte kan anv\u00e4nda vissa delar av v\u00e5r tj\u00e4nst.<\/p>\n\n\n\n<h2 class=\"wp-block-heading\">Tj\u00e4nsteleverant\u00f6rer<\/h2>\n\n\n\n<p>Vi kan anst\u00e4lla tredjepartsf\u00f6retag och individer av f\u00f6ljande sk\u00e4l:<\/p>\n\n\n\n<ul class=\"wp-block-list\">\n<li>F\u00f6r att underl\u00e4tta v\u00e5r tj\u00e4nst;<\/li>\n\n\n\n<li>F\u00f6r att tillhandah\u00e5lla Tj\u00e4nsten f\u00f6r v\u00e5ra v\u00e4gnar;<\/li>\n\n\n\n<li>Att utf\u00f6ra tj\u00e4nsterelaterade tj\u00e4nster; eller<\/li>\n\n\n\n<li>F\u00f6r att hj\u00e4lpa oss att analysera hur v\u00e5r tj\u00e4nst anv\u00e4nds.<\/li>\n<\/ul>\n\n\n\n<p>Vi vill informera v\u00e5ra tj\u00e4nstanv\u00e4ndare om att dessa tredje parter har tillg\u00e5ng till din personliga information. Anledningen \u00e4r att utf\u00f6ra de uppgifter som tilldelats dem f\u00f6r v\u00e5r r\u00e4kning. De \u00e4r dock skyldiga att inte avsl\u00f6ja eller anv\u00e4nda informationen f\u00f6r n\u00e5got annat \u00e4ndam\u00e5l.<\/p>\n\n\n\n<h2 class=\"wp-block-heading\">s\u00e4kerhet<\/h2>\n\n\n\n<p>Vi v\u00e4rdes\u00e4tter ditt f\u00f6rtroende f\u00f6r att f\u00f6rse oss med din personliga information, d\u00e4rf\u00f6r str\u00e4var vi efter att anv\u00e4nda kommersiellt acceptabla metoder f\u00f6r att skydda den. Men kom ih\u00e5g att ingen metod f\u00f6r \u00f6verf\u00f6ring \u00f6ver internet, eller metod f\u00f6r elektronisk lagring \u00e4r 100% s\u00e4ker och p\u00e5litlig, och vi kan inte garantera dess absoluta s\u00e4kerhet.<\/p>\n\n\n\n<h2 class=\"wp-block-heading\">L\u00e4nkar till andra webbplatser<\/h2>\n\n\n\n<p>V\u00e5r tj\u00e4nst kan inneh\u00e5lla l\u00e4nkar till andra webbplatser. Om du klickar p\u00e5 en tredje parts l\u00e4nk kommer du att dirigeras till den webbplatsen. Observera att dessa externa webbplatser inte drivs av oss. D\u00e4rf\u00f6r rekommenderar vi starkt att du l\u00e4ser sekretesspolicyn f\u00f6r dessa webbplatser. Vi har ingen kontroll \u00f6ver, och tar inget ansvar f\u00f6r inneh\u00e5llet, integritetspolicyn eller praxis p\u00e5 tredje parts webbplatser eller tj\u00e4nster.<\/p>\n\n\n\n<p>Barns integritet<\/p>\n\n\n\n<p>V\u00e5ra tj\u00e4nster v\u00e4nder sig inte till n\u00e5gon under 13 \u00e5r. Vi samlar inte medvetet in personlig identifierbar information fr\u00e5n barn under 13. Om vi uppt\u00e4cker att ett barn under 13 \u00e5r har f\u00f6rsett oss med personlig information, tar vi omedelbart bort detta fr\u00e5n v\u00e5ra servrar. Om du \u00e4r f\u00f6r\u00e4lder eller v\u00e5rdnadshavare och \u00e4r medveten om att ditt barn har gett oss personlig information, v\u00e4nligen kontakta oss s\u00e5 att vi kan g\u00f6ra n\u00f6dv\u00e4ndiga \u00e5tg\u00e4rder.<\/p>\n\n\n\n<h2 class=\"wp-block-heading\">\u00c4ndringar av denna integritetspolicy<\/h2>\n\n\n\n<p>Vi kan uppdatera v\u00e5r integritetspolicy d\u00e5 och d\u00e5. D\u00e4rf\u00f6r rekommenderar vi att du granskar denna sida med j\u00e4mna mellanrum f\u00f6r eventuella \u00e4ndringar. Vi kommer att meddela dig om eventuella \u00e4ndringar genom att publicera den nya integritetspolicyn p\u00e5 denna sida. Dessa \u00e4ndringar tr\u00e4der i kraft omedelbart efter att de har publicerats p\u00e5 denna sida.<\/p>\n\n\n\n<h2 class=\"wp-block-heading\">Kontakta oss<\/h2>\n\n\n\n<p>Om du har n\u00e5gra fr\u00e5gor eller f\u00f6rslag om v\u00e5r integritetspolicy, tveka inte att kontakta oss.<\/p>","protected":false},"excerpt":{"rendered":"<p>Justmobs operates the\u00a0justmobs.com\u00a0website, which provides the SERVICE. This page is used to inform website visitors regarding our policies with the collection, use, and disclosure of Personal Information if anyone decided to use our Service, the mobzin website. If you choose to use our Service, then you agree to the collection and use of information in [&hellip;]<\/p>\n","protected":false},"author":4,"featured_media":0,"parent":0,"menu_order":0,"comment_status":"closed","ping_status":"open","template":"","meta":{"footnotes":""},"class_list":["post-3","page","type-page","status-publish"],"_links":{"self":[{"href":"https:\/\/justmobs.com\/sv\/wp-json\/wp\/v2\/pages\/3","targetHints":{"allow":["GET"]}}],"collection":[{"href":"https:\/\/justmobs.com\/sv\/wp-json\/wp\/v2\/pages"}],"about":[{"href":"https:\/\/justmobs.com\/sv\/wp-json\/wp\/v2\/types\/page"}],"author":[{"embeddable":true,"href":"https:\/\/justmobs.com\/sv\/wp-json\/wp\/v2\/users\/4"}],"replies":[{"embeddable":true,"href":"https:\/\/justmobs.com\/sv\/wp-json\/wp\/v2\/comments?post=3"}],"version-history":[{"count":2,"href":"https:\/\/justmobs.com\/sv\/wp-json\/wp\/v2\/pages\/3\/revisions"}],"predecessor-version":[{"id":5125,"href":"https:\/\/justmobs.com\/sv\/wp-json\/wp\/v2\/pages\/3\/revisions\/5125"}],"wp:attachment":[{"href":"https:\/\/justmobs.com\/sv\/wp-json\/wp\/v2\/media?parent=3"}],"curies":[{"name":"wp","href":"https:\/\/api.w.org\/{rel}","templated":true}]}}