{"id":4507,"date":"2021-01-15T11:45:26","date_gmt":"2021-01-15T11:45:26","guid":{"rendered":"https:\/\/smartmag.theme-sphere.com\/health\/typography-post-elements\/"},"modified":"2021-01-15T11:45:26","modified_gmt":"2021-01-15T11:45:26","slug":"typografiska-inlaggselement","status":"publish","type":"page","link":"https:\/\/justmobs.com\/sv\/typografiska-inlaggselement\/","title":{"rendered":"Typografiska element"},"content":{"rendered":"<p>Den h\u00e4r sidan visar typografi och textrelaterade element f\u00f6r inl\u00e4gg och sidor i WordPress standardredigerare. Du kan se andra element i <a href=\"https:\/\/smartmag.theme-sphere.com\/good-news\/welcome-to-the-future-of-wordpress-with-gutenberg\/\" target=\"_blank\" rel=\"noreferrer noopener\"><strong>Gutenberg-stilar<\/strong><\/a> posta.<\/p>\n\n\n\n<p>Tr\u00e4ningsfotob\u00e5s Stumptown tygv\u00e4ska Banksy, elit liten sats freegan sed. Craft beer elit seitan <a href=\"#\">ut\u00f6va<\/a>, fotob\u00e5s och 8-bitars gr\u00f6nk\u00e5lschips proident chillwave deep v laborum.<\/p>\n\n\n\n<hr class=\"wp-block-separator is-style-wide\"\/>\n\n\n\n<p><strong>1. Standard Pullquote<\/strong><\/p>\n\n\n\n<figure class=\"wp-block-pullquote\"><blockquote><p>Bara en fj\u00e4rdedel av unga vuxna \u00e4r ekonomiskt kunniga. Man vill inte \u00f6verv\u00e4ldiga dem med d\u00e5liga r\u00e5d.<\/p><cite>James Matthews<\/cite><\/blockquote><\/figure>\n\n\n\n<p>Den vanliga pullquote-stilen \u00e4r endast tillg\u00e4nglig med Gutenberg-redigeraren.<\/p>\n\n\n\n<p><strong>2. Pullquotes Modern<\/strong><\/p>\n\n\n\n<p>Det moderna citatet finns tillg\u00e4ngligt b\u00e5de i den klassiska editorn och Gutenberg-editorn. I Gutenberg-editorn \u00e4r det tillg\u00e4ngligt som varianten Stor stil medan det i den klassiska editorn \u00e4r tillg\u00e4ngligt under Fler stilar som Modernt citat.<\/p>\n\n\n\n<figure class=\"wp-block-pullquote is-style-modern\"><blockquote><p>Folk tror att fokus inneb\u00e4r att s\u00e4ga ja till det man m\u00e5ste fokusera p\u00e5. Men det \u00e4r inte alls vad det betyder. Det betyder att s\u00e4ga nej till de hundra andra bra id\u00e9er som finns. Man m\u00e5ste v\u00e4lja noggrant.<\/p><cite>Shane Doe<\/cite><\/blockquote><\/figure>\n\n\n\n<p><strong>3. F\u00e4rgade pullquotes<\/strong><\/p>\n\n\n\n<p>Du kan anv\u00e4nda vilket f\u00e4rgalternativ som helst f\u00f6r b\u00e5de bakgrunds- och textf\u00e4rg med det h\u00e4r alternativet i Gutenberg.<\/p>\n\n\n\n<figure class=\"wp-block-pullquote has-background has-vivid-red-background-color is-style-solid-color\" style=\"background-color:#00789a\"><blockquote class=\"has-text-color has-white-color\"><p>Bara en fj\u00e4rdedel av unga vuxna \u00e4r ekonomiskt kunniga. Man vill inte \u00f6verv\u00e4ldiga dem med d\u00e5liga r\u00e5d.<\/p><cite><span class=\"has-inline-color has-white-color\">Shane Doe<\/span><\/cite><\/blockquote><\/figure>\n\n\n\n<p><strong>4. Standardinst\u00e4llning f\u00f6r blockcitat<\/strong><\/p>\n\n\n\n<blockquote class=\"wp-block-quote is-layout-flow wp-block-quote-is-layout-flow\"><p>Folk tror att fokus inneb\u00e4r att s\u00e4ga ja till det man m\u00e5ste fokusera p\u00e5. Men det \u00e4r inte alls vad det betyder. Det betyder att s\u00e4ga nej till de hundra andra bra id\u00e9er som finns. Man m\u00e5ste v\u00e4lja noggrant.<\/p><cite>Shane Doe<\/cite><\/blockquote>\n\n\n\n<p><strong>5. Stort blockcitat<\/strong><\/p>\n\n\n\n<blockquote class=\"wp-block-quote is-style-large is-layout-flow wp-block-quote-is-layout-flow\"><p>Folk tror att fokus inneb\u00e4r att s\u00e4ga ja till det man m\u00e5ste fokusera p\u00e5. Men det \u00e4r inte alls vad det betyder. <\/p><\/blockquote>\n\n\n\n<p>Tonx cray commodo, tr\u00e4ning du har f\u00f6rmodligen inte h\u00f6rt talas om dem sk\u00e4gg cred. Selfies iPhone Kickstarter, dricka vin\u00e4ger jeansshorts fixie consequat.<\/p>\n\n\n\n<hr class=\"wp-block-separator is-style-dots\"\/>\n\n\n\n<figure class=\"wp-block-pullquote alignright\"><blockquote><p>H\u00e4r \u00e4r ett h\u00f6gerjusterat pullquote f\u00f6r att visa n\u00e5got fr\u00e5n artikeln.<\/p><cite>Shane Doe<\/cite><\/blockquote><\/figure>\n\n\n\n<p><strong>Pullquote justerat h\u00f6ger<\/strong>... Doktor Spectrum Kilowog Lieberman Flash Gordon Wasp The Rose Guy Gardner Deadpool Spawn Master Chief Guardian, Magog Ant-Man.\u201d Metamorpho Trey Langstrom Red Guardian, \u201cHellcat, Jane Foster Betty Brant Stacy X Hellcat Emma Frost Inerty Toad Quasar?\u201d Deadpool, \u201cFancy Dan Crimson Crusader, Carnage White Queen Hyperion.\u201d <\/p>\n\n\n\n<p>Arcanna kapten Italien ting Phoenix Jennifer Kale Robbie Burchill, &quot;Rosen spawn, Enh\u00f6rningen Elektra.&quot;<\/p>\n\n\n\n<h2 class=\"wp-block-heading\">Vanliga listor<\/h2>\n\n\n\n<p>Tr\u00e4ningsfotob\u00e5s Stumptown tygv\u00e4ska Banksy, elit liten sats freegan sed. Craft beer elit seitan&nbsp;<a href=\"#\">ut\u00f6va<\/a>, fotob\u00e5s och 8-bitars gr\u00f6nk\u00e5lschips proident chillwave deep v laborum.<\/p>\n\n\n\n<ul class=\"wp-block-list\"><li>Aliquam erat volutpat<\/li><li>Motionsfotob\u00e5s stumptown tygv\u00e4ska Banksy<\/li><li>Tempor duis kaffe med ett ursprung<\/li><li>Magnis dessa f\u00f6dande montes<\/li><\/ul>\n\n\n\n<h2 class=\"wp-block-heading\">Numrerade listor<\/h2>\n\n\n\n<p>Pl\u00e4d Stumptown specialdesignad, biodiesel mini-sk\u00e4gg High Life-incidens retro h\u00e5llbar 90-tals Echo Park Tumblr. Fotoautomat och 8-bitars gr\u00f6nk\u00e5lschips proident chillwave djup v laborum.<\/p>\n\n\n\n<ol class=\"wp-block-list\"><li>Aliquam erat volutpat<\/li><li>Motionsfotob\u00e5s stumptown tygv\u00e4ska Banksy<\/li><li>Tempor duis kaffe med ett ursprung<\/li><li>Magnis dessa f\u00f6dande montes<\/li><\/ol>\n\n\n\n<h1 class=\"wp-block-heading\">Rubrik 1<\/h1>\n\n\n\n<p>Meh synth Schlitz, Tempor Two single-origin-kaffe och en etnisk magv\u00e4ska med fingerstickning p\u00e5 n\u00e4sta niv\u00e5.<\/p>\n\n\n\n<h2 class=\"wp-block-heading\">Rubrik 2<\/h2>\n\n\n\n<p>Sed ut perspiciatis unde omnis iste natus error sit voluptatem accusantium doloremque laudantium, totam rem aperiam, eaque ipsa.<\/p>\n\n\n\n<h3 class=\"wp-block-heading\">Rubrik 3<\/h3>\n\n\n\n<p>Sed ut perspiciatis unde omnis iste natus error sit voluptatem accusantium doloremque laudantium, totam rem aperiam, eaque ipsa.<\/p>\n\n\n\n<h4 class=\"wp-block-heading\">Rubrik 4<\/h4>\n\n\n\n<p>Tr\u00e4ningsfotob\u00e5s Stumptown tygv\u00e4ska Banksy, elit liten sats freegan sed.<\/p>\n\n\n\n<h5 class=\"wp-block-heading\">Rubrik 5<\/h5>\n\n\n\n<p>Fotob\u00e5sanimation 8-bitars Hella, PBR 3 Wolf Moon Beard Helvetica.<\/p>\n\n\n\n<h6 class=\"wp-block-heading\">Rubrik 6<\/h6>\n\n\n\n<p>Meh synth Schlitz, Tempor Two single-origin-kaffe och en etnisk magv\u00e4ska med fingerstickning p\u00e5 n\u00e4sta niv\u00e5.<\/p>\n\n\n\n<h3 class=\"wp-block-heading\">Vanliga grundl\u00e4ggande stilar<\/h3>\n\n\n\n<p>Tr\u00e4ningsfoto&nbsp;<strong>fet text<\/strong>&nbsp;tygv\u00e4ska&nbsp;<em>kursiveringen<\/em>, elit liten f\u00e4rgad sed.&nbsp;<a href=\"#\">En l\u00e4nk h\u00e4r<\/a>&nbsp;elit seitan&nbsp;<a href=\"#\">ut\u00f6va<\/a>, foto&nbsp;<del>genomstruken<\/del>&nbsp;och 8-bitars kale inline-kod:&nbsp;<code>strip_tags()<\/code>&nbsp;och g\u00e5r vidare.<\/p>\n\n\n\n<pre class=\"wp-block-preformatted\">funktion kod_prov($text) { $text = ber\u00e4kna_prov($text); returnera $text; }<\/pre>\n\n\n\n<p class=\"has-drop-cap\">Exempel p\u00e5 versaler h\u00e4r. Scarlet Witch, Fenris Colossus, Lockjaw, Wolverine, Abyghal, The New Sentinels, Rogue, Wonder Girl, Dreadknight, Shriek, Ahab. Darkman, Shadow King, Ghost Rider, Falcon, Neuropat, Montana, Shape Baron Zemo?<\/p>\n\n\n\n<p>Letar du efter fler stilar och element? Se <a href=\"https:\/\/smartmag.theme-sphere.com\/good-news\/welcome-to-the-future-of-wordpress-with-gutenberg\/\" target=\"_blank\" rel=\"noreferrer noopener\"><strong>Gutenberg-stilar<\/strong><\/a> posta.<\/p>","protected":false},"excerpt":{"rendered":"<p>This page shows typography and text related elements of the posts and pages in the default WordPress editor. You can see other elements in the Gutenberg Styles post. Exercitation photo booth stumptown tote bag Banksy, elit small batch freegan sed. Craft beer elit seitan exercitation, photo booth et 8-bit kale chips proident chillwave deep v [&hellip;]<\/p>\n","protected":false},"author":4,"featured_media":0,"parent":0,"menu_order":0,"comment_status":"closed","ping_status":"closed","template":"","meta":{"footnotes":""},"class_list":["post-4507","page","type-page","status-publish"],"_links":{"self":[{"href":"https:\/\/justmobs.com\/sv\/wp-json\/wp\/v2\/pages\/4507","targetHints":{"allow":["GET"]}}],"collection":[{"href":"https:\/\/justmobs.com\/sv\/wp-json\/wp\/v2\/pages"}],"about":[{"href":"https:\/\/justmobs.com\/sv\/wp-json\/wp\/v2\/types\/page"}],"author":[{"embeddable":true,"href":"https:\/\/justmobs.com\/sv\/wp-json\/wp\/v2\/users\/4"}],"replies":[{"embeddable":true,"href":"https:\/\/justmobs.com\/sv\/wp-json\/wp\/v2\/comments?post=4507"}],"version-history":[{"count":0,"href":"https:\/\/justmobs.com\/sv\/wp-json\/wp\/v2\/pages\/4507\/revisions"}],"wp:attachment":[{"href":"https:\/\/justmobs.com\/sv\/wp-json\/wp\/v2\/media?parent=4507"}],"curies":[{"name":"wp","href":"https:\/\/api.w.org\/{rel}","templated":true}]}}