{"id":3,"date":"2022-10-24T23:31:41","date_gmt":"2022-10-24T23:31:41","guid":{"rendered":"https:\/\/justmobs.com\/?page_id=3"},"modified":"2024-05-14T21:54:35","modified_gmt":"2024-05-14T21:54:35","slug":"gizlilik-politikasi","status":"publish","type":"page","link":"https:\/\/justmobs.com\/tr\/gizlilik-politikasi\/","title":{"rendered":"Gizlilik Politikas\u0131"},"content":{"rendered":"<p>Justmobs&#039;un i\u015fletti\u011fi\u00a0<a href=\"https:\/\/gohow.co\/\" target=\"_blank\" rel=\"noreferrer noopener\"><\/a><a href=\"https:\/\/justmobs.com\/tr\/\">justmobs.com<\/a>\u00a0H\u0130ZMET sa\u011flayan web sitesi.<\/p>\n\n\n\n<p>Bu sayfa, herhangi birinin Hizmetimizi, mobzin web sitesini kullanmaya karar vermesi durumunda, web sitesi ziyaret\u00e7ilerini Ki\u015fisel Bilgilerin toplanmas\u0131, kullan\u0131lmas\u0131 ve if\u015fa edilmesine ili\u015fkin politikalar\u0131m\u0131z hakk\u0131nda bilgilendirmek i\u00e7in kullan\u0131l\u0131r.<\/p>\n\n\n\n<p>Hizmetimizi kullanmay\u0131 se\u00e7erseniz bu politikayla ilgili bilgilerin toplanmas\u0131n\u0131 ve kullan\u0131lmas\u0131n\u0131 kabul etmi\u015f olursunuz. Toplad\u0131\u011f\u0131m\u0131z Ki\u015fisel Bilgiler, Hizmeti sa\u011flamak ve geli\u015ftirmek i\u00e7in kullan\u0131l\u0131r. Bilgilerinizi bu Gizlilik Politikas\u0131nda a\u00e7\u0131klanan durumlar d\u0131\u015f\u0131nda kimseyle kullanmayaca\u011f\u0131z veya payla\u015fmayaca\u011f\u0131z.<\/p>\n\n\n\n<p>Bu Gizlilik Politikas\u0131nda kullan\u0131lan terimler, adresinden eri\u015filebilen \u015eartlar ve Ko\u015fullar\u0131m\u0131zla ayn\u0131 anlamlara sahiptir.\u00a0<a href=\"https:\/\/justmobs.com\/tr\/\">justmobs.com<\/a>Bu Gizlilik Politikas\u0131nda aksi belirtilmedi\u011fi s\u00fcrece.<\/p>\n\n\n\n<h2 class=\"wp-block-heading\">Bilgi Toplama ve Kullanma<\/h2>\n\n\n\n<p>Hizmetimizi kullan\u0131rken daha iyi bir deneyim sa\u011flamak i\u00e7in, ad\u0131n\u0131z, telefon numaran\u0131z ve posta adresiniz dahil ancak bunlarla s\u0131n\u0131rl\u0131 olmamak \u00fczere, ki\u015fisel olarak tan\u0131mlanabilecek belirli bilgileri bize sa\u011flaman\u0131z\u0131 isteyebiliriz. Toplad\u0131\u011f\u0131m\u0131z bilgiler sizinle ileti\u015fim kurmak veya kimli\u011finizi belirlemek i\u00e7in kullan\u0131lacakt\u0131r.<\/p>\n\n\n\n<h2 class=\"wp-block-heading\">Veri G\u00fcnl\u00fc\u011f\u00fc<\/h2>\n\n\n\n<p>Hizmetimizi her ziyaret etti\u011finizde, taray\u0131c\u0131n\u0131z\u0131n bize g\u00f6nderdi\u011fi ve G\u00fcnl\u00fck Verileri ad\u0131 verilen bilgileri toplad\u0131\u011f\u0131m\u0131z\u0131 size bildirmek isteriz. Bu G\u00fcnl\u00fck Verileri, bilgisayar\u0131n\u0131z\u0131n \u0130nternet Protokol\u00fc (\u201cIP\u201d) adresi, taray\u0131c\u0131 s\u00fcr\u00fcm\u00fc, Hizmetimizin ziyaret etti\u011finiz sayfalar\u0131, ziyaretinizin saati ve tarihi, bu sayfalarda ge\u00e7irilen s\u00fcre ve di\u011fer istatistikler gibi bilgileri i\u00e7erebilir.<\/p>\n\n\n\n<h2 class=\"wp-block-heading\">Kurabiye<\/h2>\n\n\n\n<p>\u00c7erezler, genellikle anonim ve benzersiz bir tan\u0131mlay\u0131c\u0131 olarak kullan\u0131lan, k\u00fc\u00e7\u00fck miktarda veri i\u00e7eren dosyalard\u0131r. Bunlar, ziyaret etti\u011finiz web sitesinden taray\u0131c\u0131n\u0131za g\u00f6nderilir ve bilgisayar\u0131n\u0131z\u0131n sabit diskinde saklan\u0131r.<\/p>\n\n\n\n<p>Web sitemiz bu \u201c\u00e7erezleri\u201d bilgi toplamak ve Hizmetimizi geli\u015ftirmek i\u00e7in kullan\u0131r. Bu \u00e7erezleri kabul etme veya reddetme se\u00e7ene\u011finiz vard\u0131r ve bilgisayar\u0131n\u0131za ne zaman bir \u00e7erez g\u00f6nderilece\u011fini bilirsiniz. \u00c7erezlerimizi reddetmeyi se\u00e7erseniz Hizmetimizin baz\u0131 b\u00f6l\u00fcmlerini kullanamayabilirsiniz.<\/p>\n\n\n\n<h2 class=\"wp-block-heading\">Servis sa\u011flay\u0131c\u0131lar\u0131<\/h2>\n\n\n\n<p>A\u015fa\u011f\u0131daki nedenlerden dolay\u0131 \u00fc\u00e7\u00fcnc\u00fc taraf \u015firketleri ve bireyleri istihdam edebiliriz:<\/p>\n\n\n\n<ul class=\"wp-block-list\">\n<li>Hizmetimizi kolayla\u015ft\u0131rmak i\u00e7in;<\/li>\n\n\n\n<li>Hizmeti bizim ad\u0131m\u0131za sa\u011flamak i\u00e7in;<\/li>\n\n\n\n<li>Hizmetle ilgili hizmetleri ger\u00e7ekle\u015ftirmek i\u00e7in; veya<\/li>\n\n\n\n<li>Hizmetimizin nas\u0131l kullan\u0131ld\u0131\u011f\u0131n\u0131 analiz etmemize yard\u0131mc\u0131 olmak.<\/li>\n<\/ul>\n\n\n\n<p>Hizmet kullan\u0131c\u0131lar\u0131m\u0131za, bu \u00fc\u00e7\u00fcnc\u00fc taraflar\u0131n Ki\u015fisel Bilgilerinize eri\u015febildi\u011fini bildirmek istiyoruz. Sebebi ise kendilerine verilen g\u00f6revleri bizim ad\u0131m\u0131za yerine getirmektir. Ancak bilgileri ba\u015fka herhangi bir ama\u00e7la a\u00e7\u0131klamamak veya kullanmamakla y\u00fck\u00fcml\u00fcd\u00fcrler.<\/p>\n\n\n\n<h2 class=\"wp-block-heading\">G\u00fcvenlik<\/h2>\n\n\n\n<p>Ki\u015fisel Bilgilerinizi bize sa\u011flama konusunda g\u00fcveninize de\u011fer veriyoruz ve bu nedenle, bu bilgileri korumak i\u00e7in ticari olarak kabul edilebilir y\u00f6ntemleri kullanmaya \u00e7al\u0131\u015f\u0131yoruz. Ancak internet \u00fczerinden hi\u00e7bir iletim y\u00f6nteminin veya elektronik depolama y\u00f6nteminin 100% g\u00fcvenli ve g\u00fcvenilir olmad\u0131\u011f\u0131n\u0131 ve mutlak g\u00fcvenli\u011fini garanti edemedi\u011fimizi unutmay\u0131n.<\/p>\n\n\n\n<h2 class=\"wp-block-heading\">Di\u011fer Sitelere Ba\u011flant\u0131lar<\/h2>\n\n\n\n<p>Hizmetimiz di\u011fer sitelere ba\u011flant\u0131lar i\u00e7erebilir. \u00dc\u00e7\u00fcnc\u00fc taraf bir ba\u011flant\u0131ya t\u0131klarsan\u0131z o siteye y\u00f6nlendirilirsiniz. Bu harici sitelerin bizim taraf\u0131m\u0131zdan i\u015fletilmedi\u011fini unutmay\u0131n. Bu nedenle bu web sitelerinin Gizlilik Politikas\u0131n\u0131 incelemenizi \u00f6nemle tavsiye ederiz. Herhangi bir \u00fc\u00e7\u00fcnc\u00fc taraf site veya hizmetin i\u00e7eri\u011fi, gizlilik politikalar\u0131 veya uygulamalar\u0131 \u00fczerinde hi\u00e7bir kontrol\u00fcm\u00fcz yoktur ve bunlar konusunda hi\u00e7bir sorumluluk kabul etmeyiz.<\/p>\n\n\n\n<p>\u00c7ocuklar\u0131n Gizlili\u011fi<\/p>\n\n\n\n<p>Hizmetlerimiz 13 ya\u015f\u0131n alt\u0131ndaki ki\u015filere y\u00f6nelik de\u011fildir. 13 ya\u015f\u0131n alt\u0131ndaki \u00e7ocuklardan bilerek ki\u015fisel olarak tan\u0131mlanabilir bilgiler toplam\u0131yoruz. 13 ya\u015f\u0131n alt\u0131ndaki bir \u00e7ocu\u011fun bize ki\u015fisel bilgiler sa\u011flad\u0131\u011f\u0131n\u0131 tespit etmemiz durumunda, bu bilgileri derhal sunucular\u0131m\u0131zdan sileriz. Ebeveyn veya vasi iseniz ve \u00e7ocu\u011funuzun bize ki\u015fisel bilgiler verdi\u011fini biliyorsan\u0131z, gerekli i\u015flemleri yapabilmemiz i\u00e7in l\u00fctfen bizimle ileti\u015fime ge\u00e7in.<\/p>\n\n\n\n<h2 class=\"wp-block-heading\">Bu Gizlilik Politikas\u0131ndaki De\u011fi\u015fiklikler<\/h2>\n\n\n\n<p>Gizlilik Politikam\u0131z\u0131 zaman zaman g\u00fcncelleyebiliriz. Bu nedenle herhangi bir de\u011fi\u015fiklik olup olmad\u0131\u011f\u0131n\u0131 g\u00f6rmek i\u00e7in bu sayfay\u0131 periyodik olarak incelemenizi \u00f6neririz. Yeni Gizlilik Politikas\u0131n\u0131 bu sayfada yay\u0131nlayarak sizi herhangi bir de\u011fi\u015fiklik konusunda bilgilendirece\u011fiz. Bu de\u011fi\u015fiklikler bu sayfada yay\u0131nland\u0131ktan hemen sonra y\u00fcr\u00fcrl\u00fc\u011fe girer.<\/p>\n\n\n\n<h2 class=\"wp-block-heading\">Bize Ula\u015f\u0131n<\/h2>\n\n\n\n<p>Gizlilik Politikam\u0131z hakk\u0131nda herhangi bir sorunuz veya \u00f6neriniz varsa bizimle ileti\u015fime ge\u00e7mekten \u00e7ekinmeyin.<\/p>","protected":false},"excerpt":{"rendered":"<p>Justmobs operates the\u00a0justmobs.com\u00a0website, which provides the SERVICE. This page is used to inform website visitors regarding our policies with the collection, use, and disclosure of Personal Information if anyone decided to use our Service, the mobzin website. If you choose to use our Service, then you agree to the collection and use of information in [&hellip;]<\/p>\n","protected":false},"author":4,"featured_media":0,"parent":0,"menu_order":0,"comment_status":"closed","ping_status":"open","template":"","meta":{"footnotes":""},"class_list":["post-3","page","type-page","status-publish"],"_links":{"self":[{"href":"https:\/\/justmobs.com\/tr\/wp-json\/wp\/v2\/pages\/3","targetHints":{"allow":["GET"]}}],"collection":[{"href":"https:\/\/justmobs.com\/tr\/wp-json\/wp\/v2\/pages"}],"about":[{"href":"https:\/\/justmobs.com\/tr\/wp-json\/wp\/v2\/types\/page"}],"author":[{"embeddable":true,"href":"https:\/\/justmobs.com\/tr\/wp-json\/wp\/v2\/users\/4"}],"replies":[{"embeddable":true,"href":"https:\/\/justmobs.com\/tr\/wp-json\/wp\/v2\/comments?post=3"}],"version-history":[{"count":2,"href":"https:\/\/justmobs.com\/tr\/wp-json\/wp\/v2\/pages\/3\/revisions"}],"predecessor-version":[{"id":5125,"href":"https:\/\/justmobs.com\/tr\/wp-json\/wp\/v2\/pages\/3\/revisions\/5125"}],"wp:attachment":[{"href":"https:\/\/justmobs.com\/tr\/wp-json\/wp\/v2\/media?parent=3"}],"curies":[{"name":"wp","href":"https:\/\/api.w.org\/{rel}","templated":true}]}}