{"id":4507,"date":"2021-01-15T11:45:26","date_gmt":"2021-01-15T11:45:26","guid":{"rendered":"https:\/\/smartmag.theme-sphere.com\/health\/typography-post-elements\/"},"modified":"2021-01-15T11:45:26","modified_gmt":"2021-01-15T11:45:26","slug":"tipografi-gonderi-ogeleri","status":"publish","type":"page","link":"https:\/\/justmobs.com\/tr\/tipografi-gonderi-ogeleri\/","title":{"rendered":"Tipografi \u00d6\u011feleri"},"content":{"rendered":"<p>Bu sayfa, varsay\u0131lan WordPress d\u00fczenleyicisindeki g\u00f6nderilerin ve sayfalar\u0131n tipografi ve metinle ilgili \u00f6\u011felerini g\u00f6sterir. Di\u011fer \u00f6\u011feleri \u015furada g\u00f6rebilirsiniz: <a href=\"https:\/\/smartmag.theme-sphere.com\/good-news\/welcome-to-the-future-of-wordpress-with-gutenberg\/\" target=\"_blank\" rel=\"noreferrer noopener\"><strong>Gutenberg Stilleri<\/strong><\/a> postalamak.<\/p>\n\n\n\n<p>Egzersiz foto\u011fraf kabini stumptown tote \u00e7anta Banksy, elit k\u00fc\u00e7\u00fck parti freegan sed. Craft bira elit seitan <a href=\"#\">egzersiz yapmak<\/a>, foto\u011fraf kabini ve 8-bit lahana cipsi proident chillwave derin v emek.<\/p>\n\n\n\n<hr class=\"wp-block-separator is-style-wide\"\/>\n\n\n\n<p><strong>1. Varsay\u0131lan Al\u0131nt\u0131<\/strong><\/p>\n\n\n\n<figure class=\"wp-block-pullquote\"><blockquote><p>Gen\u00e7 yeti\u015fkinlerin yaln\u0131zca d\u00f6rtte biri finansal okuryazarl\u0131\u011fa sahip. Onlar\u0131 berbat tavsiyelerle bo\u011fmak istemezsiniz.<\/p><cite>James Matthews<\/cite><\/blockquote><\/figure>\n\n\n\n<p>Normal al\u0131nt\u0131 stili yaln\u0131zca Gutenberg Edit\u00f6r\u00fc&#039;nde kullan\u0131labilir.<\/p>\n\n\n\n<p><strong>2. Modern Al\u0131nt\u0131lar<\/strong><\/p>\n\n\n\n<p>Modern al\u0131nt\u0131 hem klasik hem de Gutenberg edit\u00f6r\u00fcnde mevcuttur. Gutenberg edit\u00f6r\u00fcnde B\u00fcy\u00fck stil varyant\u0131 olarak, klasik edit\u00f6rde ise Daha Fazla Stil alt\u0131nda Modern Al\u0131nt\u0131 olarak mevcuttur.<\/p>\n\n\n\n<figure class=\"wp-block-pullquote is-style-modern\"><blockquote><p>\u0130nsanlar odaklanman\u0131n, odaklanman\u0131z gereken \u015feye evet demek anlam\u0131na geldi\u011fini san\u0131yor. Ama asl\u0131nda hi\u00e7 de \u00f6yle de\u011fil. Odaklanmak, var olan y\u00fczlerce iyi fikre hay\u0131r demek anlam\u0131na geliyor. Dikkatlice se\u00e7melisiniz.<\/p><cite>Shane Doe<\/cite><\/blockquote><\/figure>\n\n\n\n<p><strong>3. Renkli Al\u0131nt\u0131lar<\/strong><\/p>\n\n\n\n<p>Bu se\u00e7enek ile Gutenberg&#039;de hem arka plan hem de metin renginde istedi\u011finiz renk se\u00e7ene\u011fini kullanabilirsiniz.<\/p>\n\n\n\n<figure class=\"wp-block-pullquote has-background has-vivid-red-background-color is-style-solid-color\" style=\"background-color:#00789a\"><blockquote class=\"has-text-color has-white-color\"><p>Gen\u00e7 yeti\u015fkinlerin yaln\u0131zca d\u00f6rtte biri finansal okuryazarl\u0131\u011fa sahip. Onlar\u0131 berbat tavsiyelerle bo\u011fmak istemezsiniz.<\/p><cite><span class=\"has-inline-color has-white-color\">Shane Doe<\/span><\/cite><\/blockquote><\/figure>\n\n\n\n<p><strong>4. Blok Al\u0131nt\u0131 Varsay\u0131lan\u0131<\/strong><\/p>\n\n\n\n<blockquote class=\"wp-block-quote is-layout-flow wp-block-quote-is-layout-flow\"><p>\u0130nsanlar odaklanman\u0131n, odaklanman\u0131z gereken \u015feye evet demek anlam\u0131na geldi\u011fini san\u0131yor. Ama asl\u0131nda hi\u00e7 de \u00f6yle de\u011fil. Odaklanmak, var olan y\u00fczlerce iyi fikre hay\u0131r demek anlam\u0131na geliyor. Dikkatlice se\u00e7melisiniz.<\/p><cite>Shane Doe<\/cite><\/blockquote>\n\n\n\n<p><strong>5. B\u00fcy\u00fck Al\u0131nt\u0131<\/strong><\/p>\n\n\n\n<blockquote class=\"wp-block-quote is-style-large is-layout-flow wp-block-quote-is-layout-flow\"><p>\u0130nsanlar odaklanman\u0131n, odaklanman\u0131z gereken \u015feye evet demek anlam\u0131na geldi\u011fini san\u0131yor. Ama asl\u0131nda hi\u00e7 de \u00f6yle de\u011fil. <\/p><\/blockquote>\n\n\n\n<p>Tonx cray commodo, egzersiz muhtemelen duymad\u0131\u011f\u0131n\u0131z sakal kredisi. Selfie&#039;ler iPhone Kickstarter, i\u00e7me sirkesi kot \u015fort fixie consequat.<\/p>\n\n\n\n<hr class=\"wp-block-separator is-style-dots\"\/>\n\n\n\n<figure class=\"wp-block-pullquote alignright\"><blockquote><p>\u0130\u015fte makaleden bir \u015fey g\u00f6stermek i\u00e7in sa\u011fa hizalanm\u0131\u015f bir al\u0131nt\u0131.<\/p><cite>Shane Doe<\/cite><\/blockquote><\/figure>\n\n\n\n<p><strong>Al\u0131nt\u0131 sa\u011fa hizalanm\u0131\u015f<\/strong>. Doktor Spectrum Kilowog Lieberman Flash Gordon Wasp G\u00fcl Adam Gardner Deadpool Spawn Ba\u015f Muhaf\u0131z, Magog Kar\u0131nca Adam.\u201d Metamorfoz Trey Langstrom K\u0131rm\u0131z\u0131 Muhaf\u0131z, \u201cCehennem Kedisi, Jane Foster Betty Brant Stacy X Cehennem Kedisi Emma Frost Eylemsizlik Kurba\u011fas\u0131 Kuasar?\u201d Deadpool, \u201cS\u00fcsl\u00fc Dan Crimson Ha\u00e7l\u0131, Katliam Beyaz Krali\u00e7e Hyperion.\u201d <\/p>\n\n\n\n<p>Arcanna kaptan italya \u015fey phoenix jennifer kale robbie burchill, \u201cg\u00fcl yavrusu, tek boynuzlu at elektra.\u201d<\/p>\n\n\n\n<h2 class=\"wp-block-heading\">Normal Listeler<\/h2>\n\n\n\n<p>Egzersiz foto\u011fraf kabini stumptown tote \u00e7anta Banksy, elit k\u00fc\u00e7\u00fck parti freegan sed. Craft bira elit seitan&nbsp;<a href=\"#\">egzersiz yapmak<\/a>, foto\u011fraf kabini ve 8-bit lahana cipsi proident chillwave derin v emek.<\/p>\n\n\n\n<ul class=\"wp-block-list\"><li>Aliquam erat volutpat<\/li><li>Egzersiz foto\u011fraf kabini stumptown \u00e7antas\u0131 Banksy<\/li><li>Tempor duis tek k\u00f6kenli kahve<\/li><li>Magnis dis parturient montes<\/li><\/ul>\n\n\n\n<h2 class=\"wp-block-heading\">Numaraland\u0131r\u0131lm\u0131\u015f Listeler<\/h2>\n\n\n\n<p>Ekose stumptown \u00f6zel yap\u0131m, biyodizel mini sakal High Life olay\u0131 retro s\u00fcrd\u00fcr\u00fclebilir 90&#039;lar Echo Park Tumblr. Foto\u011fraf kabini ve 8 bitlik lahana cipsi proident chillwave deep v laborum.<\/p>\n\n\n\n<ol class=\"wp-block-list\"><li>Aliquam erat volutpat<\/li><li>Egzersiz foto\u011fraf kabini stumptown \u00e7antas\u0131 Banksy<\/li><li>Tempor duis tek k\u00f6kenli kahve<\/li><li>Magnis dis parturient montes<\/li><\/ol>\n\n\n\n<h1 class=\"wp-block-heading\">Ba\u015fl\u0131k 1<\/h1>\n\n\n\n<p>Meh synth Schlitz, tempor iki tek orijinli kahve ve bir sonraki seviye etnik parmak b\u0131y\u0131\u011f\u0131 bel \u00e7antas\u0131 nostrud.<\/p>\n\n\n\n<h2 class=\"wp-block-heading\">Ba\u015fl\u0131k 2<\/h2>\n\n\n\n<p>Her \u015feyde bir tak\u0131m do\u011fal hatalar var ve bunlar tamamen doloremque laudantium, tam olarak ayn\u0131 \u015fey de\u011fil, ayn\u0131 \u015fekilde.<\/p>\n\n\n\n<h3 class=\"wp-block-heading\">Ba\u015fl\u0131k 3<\/h3>\n\n\n\n<p>Her \u015feyde bir tak\u0131m do\u011fal hatalar var ve bunlar tamamen doloremque laudantium, tam olarak ayn\u0131 \u015fey de\u011fil, ayn\u0131 \u015fekilde.<\/p>\n\n\n\n<h4 class=\"wp-block-heading\">Ba\u015fl\u0131k 4<\/h4>\n\n\n\n<p>Egzersiz foto\u011fraf kabini stumptown tote \u00e7anta Banksy, elit k\u00fc\u00e7\u00fck parti freegan sed.<\/p>\n\n\n\n<h5 class=\"wp-block-heading\">Ba\u015fl\u0131k 5<\/h5>\n\n\n\n<p>Photo booth anim 8-bit hella, PBR 3 kurt ay sakal\u0131 Helvetica.<\/p>\n\n\n\n<h6 class=\"wp-block-heading\">Ba\u015fl\u0131k 6<\/h6>\n\n\n\n<p>Meh synth Schlitz, tempor iki tek orijinli kahve ve bir sonraki seviye etnik parmak b\u0131y\u0131\u011f\u0131 bel \u00e7antas\u0131 nostrud.<\/p>\n\n\n\n<h3 class=\"wp-block-heading\">Ortak Temel Stiller<\/h3>\n\n\n\n<p>Egzersiz foto\u011fraf\u0131&nbsp;<strong>kal\u0131n metin<\/strong>&nbsp;tote \u00e7anta&nbsp;<em>italikler<\/em>, elit k\u00fc\u00e7\u00fck renkli sed.&nbsp;<a href=\"#\">Burada bir ba\u011flant\u0131<\/a>&nbsp;elit seitan&nbsp;<a href=\"#\">egzersiz yapmak<\/a>, foto\u011fraf&nbsp;<del>\u00fcst\u00fc \u00e7izili<\/del>&nbsp;ve 8-bit kale sat\u0131r i\u00e7i kodu:&nbsp;<code>\u015ferit_etiketler()<\/code>&nbsp;ve devam ediyoruz.<\/p>\n\n\n\n<pre class=\"wp-block-preformatted\">fonksiyon kod_\u00f6rne\u011fi($metin) { $metin = hesaplama_\u00f6rne\u011fi($metin); $metin&#039;i d\u00f6nd\u00fcr; }<\/pre>\n\n\n\n<p class=\"has-drop-cap\">Burada b\u00fcy\u00fck harfle ba\u015flayan bir \u00f6rnek var. K\u0131z\u0131l Cad\u0131 Fenris Colossus Lockjaw Wolverine Abomination The New Sentinels Rogue Wonder Girl Dreadknight Shriek Ahab. Karanl\u0131k Adam Shadow King Ghost Rider Falcon Neuropath Montana Shape Baron Zemo?<\/p>\n\n\n\n<p>Daha fazla stil ve \u00f6\u011fe mi ar\u0131yorsunuz? <a href=\"https:\/\/smartmag.theme-sphere.com\/good-news\/welcome-to-the-future-of-wordpress-with-gutenberg\/\" target=\"_blank\" rel=\"noreferrer noopener\"><strong>Gutenberg Stilleri<\/strong><\/a> postalamak.<\/p>","protected":false},"excerpt":{"rendered":"<p>This page shows typography and text related elements of the posts and pages in the default WordPress editor. You can see other elements in the Gutenberg Styles post. Exercitation photo booth stumptown tote bag Banksy, elit small batch freegan sed. Craft beer elit seitan exercitation, photo booth et 8-bit kale chips proident chillwave deep v [&hellip;]<\/p>\n","protected":false},"author":4,"featured_media":0,"parent":0,"menu_order":0,"comment_status":"closed","ping_status":"closed","template":"","meta":{"footnotes":""},"class_list":["post-4507","page","type-page","status-publish"],"_links":{"self":[{"href":"https:\/\/justmobs.com\/tr\/wp-json\/wp\/v2\/pages\/4507","targetHints":{"allow":["GET"]}}],"collection":[{"href":"https:\/\/justmobs.com\/tr\/wp-json\/wp\/v2\/pages"}],"about":[{"href":"https:\/\/justmobs.com\/tr\/wp-json\/wp\/v2\/types\/page"}],"author":[{"embeddable":true,"href":"https:\/\/justmobs.com\/tr\/wp-json\/wp\/v2\/users\/4"}],"replies":[{"embeddable":true,"href":"https:\/\/justmobs.com\/tr\/wp-json\/wp\/v2\/comments?post=4507"}],"version-history":[{"count":0,"href":"https:\/\/justmobs.com\/tr\/wp-json\/wp\/v2\/pages\/4507\/revisions"}],"wp:attachment":[{"href":"https:\/\/justmobs.com\/tr\/wp-json\/wp\/v2\/media?parent=4507"}],"curies":[{"name":"wp","href":"https:\/\/api.w.org\/{rel}","templated":true}]}}