{"id":565,"date":"2021-01-17T11:50:11","date_gmt":"2021-01-17T11:50:11","guid":{"rendered":"https:\/\/smartmag.theme-sphere.com\/health\/get-in-touch\/"},"modified":"2021-01-17T11:50:11","modified_gmt":"2021-01-17T11:50:11","slug":"iletisime-gecin","status":"publish","type":"page","link":"https:\/\/justmobs.com\/tr\/iletisime-gecin\/","title":{"rendered":"\u0130leti\u015fime Ge\u00e7in"},"content":{"rendered":"<p>Lorem Ipsum Press&#039;in lisans\u0131 \u015fu \u015fekildedir:\u00a0<a rel=\"noopener\" href=\"#\" target=\"_blank\">Bionetwork Ltd.<\/a>\u00a0Ofisimiz \u015firket binas\u0131 i\u00e7erisinde yer almaktad\u0131r.<\/p>\n\n\n\n<p><strong>Adres:<\/strong> Lorem 15 Str., 4844, Ipsum, Eyalet, Birle\u015fik Krall\u0131k<br><strong>Telefon:<\/strong> +30-2106019311<\/p>\n\n\n\n<hr class=\"wp-block-separator is-style-wide\"\/>\n\n\n\n<h2 class=\"wp-block-heading\">\u0130leti\u015fim Formu<\/h2>\n\n\n\n<p>Bu \u00f6rnek form, Contact Form 7 entegrasyonumuzu kullanarak olu\u015fturulmu\u015ftur.<\/p>\n\n\n\n<div class=\"wp-block-contact-form-7-contact-form-selector\"><p class=\"wpcf7-contact-form-not-found\"><strong>Hata:<\/strong> \u0130leti\u015fim formu bulunamad\u0131.<\/p><\/div>","protected":false},"excerpt":{"rendered":"<p>Lorem Ipsum Press is licensed by\u00a0Bionetwork Ltd.\u00a0Our office is located within the company&#8217;s building. Address: Lorem 15 Str., 4844, Ipsum, State, UKPhone: +30-2106019311 Contact Form This example form is built using our Contact Form 7 integration.<\/p>","protected":false},"author":4,"featured_media":0,"parent":0,"menu_order":0,"comment_status":"closed","ping_status":"closed","template":"","meta":{"footnotes":""},"class_list":["post-565","page","type-page","status-publish"],"_links":{"self":[{"href":"https:\/\/justmobs.com\/tr\/wp-json\/wp\/v2\/pages\/565","targetHints":{"allow":["GET"]}}],"collection":[{"href":"https:\/\/justmobs.com\/tr\/wp-json\/wp\/v2\/pages"}],"about":[{"href":"https:\/\/justmobs.com\/tr\/wp-json\/wp\/v2\/types\/page"}],"author":[{"embeddable":true,"href":"https:\/\/justmobs.com\/tr\/wp-json\/wp\/v2\/users\/4"}],"replies":[{"embeddable":true,"href":"https:\/\/justmobs.com\/tr\/wp-json\/wp\/v2\/comments?post=565"}],"version-history":[{"count":0,"href":"https:\/\/justmobs.com\/tr\/wp-json\/wp\/v2\/pages\/565\/revisions"}],"wp:attachment":[{"href":"https:\/\/justmobs.com\/tr\/wp-json\/wp\/v2\/media?parent=565"}],"curies":[{"name":"wp","href":"https:\/\/api.w.org\/{rel}","templated":true}]}}