{"id":3,"date":"2022-10-24T23:31:41","date_gmt":"2022-10-24T23:31:41","guid":{"rendered":"https:\/\/justmobs.com\/?page_id=3"},"modified":"2024-05-14T21:54:35","modified_gmt":"2024-05-14T21:54:35","slug":"chinh-sach-bao-mat","status":"publish","type":"page","link":"https:\/\/justmobs.com\/vi\/chinh-sach-bao-mat\/","title":{"rendered":"Ch\u00ednh s\u00e1ch b\u1ea3o m\u1eadt"},"content":{"rendered":"<p>Justmobs v\u1eadn h\u00e0nh\u00a0<a href=\"https:\/\/gohow.co\/\" target=\"_blank\" rel=\"noreferrer noopener\"><\/a><a href=\"https:\/\/justmobs.com\/vi\/\">justmobs.com<\/a>\u00a0trang web cung c\u1ea5p D\u1ecaCH V\u1ee4.<\/p>\n\n\n\n<p>Trang n\u00e0y \u0111\u01b0\u1ee3c s\u1eed d\u1ee5ng \u0111\u1ec3 th\u00f4ng b\u00e1o cho kh\u00e1ch truy c\u1eadp trang web v\u1ec1 c\u00e1c ch\u00ednh s\u00e1ch c\u1ee7a ch\u00fang t\u00f4i v\u1ec1 vi\u1ec7c thu th\u1eadp, s\u1eed d\u1ee5ng v\u00e0 ti\u1ebft l\u1ed9 Th\u00f4ng tin c\u00e1 nh\u00e2n n\u1ebfu c\u00f3 ai quy\u1ebft \u0111\u1ecbnh s\u1eed d\u1ee5ng D\u1ecbch v\u1ee5 c\u1ee7a ch\u00fang t\u00f4i, trang web mobzin.<\/p>\n\n\n\n<p>N\u1ebfu b\u1ea1n ch\u1ecdn s\u1eed d\u1ee5ng D\u1ecbch v\u1ee5 c\u1ee7a ch\u00fang t\u00f4i th\u00ec b\u1ea1n \u0111\u1ed3ng \u00fd v\u1edbi vi\u1ec7c thu th\u1eadp v\u00e0 s\u1eed d\u1ee5ng th\u00f4ng tin li\u00ean quan \u0111\u1ebfn ch\u00ednh s\u00e1ch n\u00e0y. Th\u00f4ng tin c\u00e1 nh\u00e2n m\u00e0 ch\u00fang t\u00f4i thu th\u1eadp \u0111\u01b0\u1ee3c s\u1eed d\u1ee5ng \u0111\u1ec3 cung c\u1ea5p v\u00e0 c\u1ea3i thi\u1ec7n D\u1ecbch v\u1ee5. Ch\u00fang t\u00f4i s\u1ebd kh\u00f4ng s\u1eed d\u1ee5ng ho\u1eb7c chia s\u1ebb th\u00f4ng tin c\u1ee7a b\u1ea1n v\u1edbi b\u1ea5t k\u1ef3 ai ngo\u1ea1i tr\u1eeb nh\u1eefng tr\u01b0\u1eddng h\u1ee3p \u0111\u01b0\u1ee3c m\u00f4 t\u1ea3 trong Ch\u00ednh s\u00e1ch quy\u1ec1n ri\u00eang t\u01b0 n\u00e0y.<\/p>\n\n\n\n<p>C\u00e1c \u0111i\u1ec1u kho\u1ea3n \u0111\u01b0\u1ee3c s\u1eed d\u1ee5ng trong Ch\u00ednh s\u00e1ch quy\u1ec1n ri\u00eang t\u01b0 n\u00e0y c\u00f3 c\u00f9ng \u00fd ngh\u0129a nh\u01b0 trong \u0110i\u1ec1u kho\u1ea3n v\u00e0 \u0110i\u1ec1u ki\u1ec7n c\u1ee7a ch\u00fang t\u00f4i, c\u00f3 th\u1ec3 truy c\u1eadp \u0111\u01b0\u1ee3c t\u1ea1i\u00a0<a href=\"https:\/\/justmobs.com\/vi\/\">justmobs.com<\/a>, tr\u1eeb khi \u0111\u01b0\u1ee3c quy \u0111\u1ecbnh kh\u00e1c trong Ch\u00ednh s\u00e1ch quy\u1ec1n ri\u00eang t\u01b0 n\u00e0y.<\/p>\n\n\n\n<h2 class=\"wp-block-heading\">Thu th\u1eadp v\u00e0 s\u1eed d\u1ee5ng th\u00f4ng tin<\/h2>\n\n\n\n<p>\u0110\u1ec3 c\u00f3 tr\u1ea3i nghi\u1ec7m t\u1ed1t h\u01a1n khi s\u1eed d\u1ee5ng D\u1ecbch v\u1ee5 c\u1ee7a ch\u00fang t\u00f4i, ch\u00fang t\u00f4i c\u00f3 th\u1ec3 y\u00eau c\u1ea7u b\u1ea1n cung c\u1ea5p cho ch\u00fang t\u00f4i m\u1ed9t s\u1ed1 th\u00f4ng tin nh\u1eadn d\u1ea1ng c\u00e1 nh\u00e2n nh\u1ea5t \u0111\u1ecbnh, bao g\u1ed3m nh\u01b0ng kh\u00f4ng gi\u1edbi h\u1ea1n \u1edf t\u00ean, s\u1ed1 \u0111i\u1ec7n tho\u1ea1i v\u00e0 \u0111\u1ecba ch\u1ec9 g\u1eedi th\u01b0 c\u1ee7a b\u1ea1n. Th\u00f4ng tin m\u00e0 ch\u00fang t\u00f4i thu th\u1eadp s\u1ebd \u0111\u01b0\u1ee3c s\u1eed d\u1ee5ng \u0111\u1ec3 li\u00ean h\u1ec7 ho\u1eb7c nh\u1eadn d\u1ea1ng b\u1ea1n.<\/p>\n\n\n\n<h2 class=\"wp-block-heading\">D\u1eef li\u1ec7u nh\u1eadt k\u00fd<\/h2>\n\n\n\n<p>Ch\u00fang t\u00f4i mu\u1ed1n th\u00f4ng b\u00e1o cho b\u1ea1n r\u1eb1ng b\u1ea5t c\u1ee9 khi n\u00e0o b\u1ea1n truy c\u1eadp D\u1ecbch v\u1ee5 c\u1ee7a ch\u00fang t\u00f4i, ch\u00fang t\u00f4i s\u1ebd thu th\u1eadp th\u00f4ng tin m\u00e0 tr\u00ecnh duy\u1ec7t c\u1ee7a b\u1ea1n g\u1eedi cho ch\u00fang t\u00f4i \u0111\u01b0\u1ee3c g\u1ecdi l\u00e0 D\u1eef li\u1ec7u nh\u1eadt k\u00fd. D\u1eef li\u1ec7u nh\u1eadt k\u00fd n\u00e0y c\u00f3 th\u1ec3 bao g\u1ed3m th\u00f4ng tin nh\u01b0 \u0111\u1ecba ch\u1ec9 Giao th\u1ee9c Internet (\u201cIP\u201d) tr\u00ean m\u00e1y t\u00ednh c\u1ee7a b\u1ea1n, phi\u00ean b\u1ea3n tr\u00ecnh duy\u1ec7t, c\u00e1c trang D\u1ecbch v\u1ee5 c\u1ee7a ch\u00fang t\u00f4i m\u00e0 b\u1ea1n truy c\u1eadp, ng\u00e0y v\u00e0 gi\u1edd b\u1ea1n truy c\u1eadp, th\u1eddi gian d\u00e0nh cho c\u00e1c trang \u0111\u00f3 v\u00e0 c\u00e1c s\u1ed1 li\u1ec7u th\u1ed1ng k\u00ea kh\u00e1c.<\/p>\n\n\n\n<h2 class=\"wp-block-heading\">B\u00e1nh quy<\/h2>\n\n\n\n<p>Cookie l\u00e0 c\u00e1c t\u1ec7p c\u00f3 l\u01b0\u1ee3ng nh\u1ecf d\u1eef li\u1ec7u th\u01b0\u1eddng \u0111\u01b0\u1ee3c s\u1eed d\u1ee5ng l\u00e0m m\u00e3 \u0111\u1ecbnh danh duy nh\u1ea5t \u1ea9n danh. Ch\u00fang \u0111\u01b0\u1ee3c g\u1eedi t\u1edbi tr\u00ecnh duy\u1ec7t c\u1ee7a b\u1ea1n t\u1eeb trang web b\u1ea1n truy c\u1eadp v\u00e0 \u0111\u01b0\u1ee3c l\u01b0u tr\u1eef tr\u00ean \u1ed5 c\u1ee9ng m\u00e1y t\u00ednh c\u1ee7a b\u1ea1n.<\/p>\n\n\n\n<p>Trang web c\u1ee7a ch\u00fang t\u00f4i s\u1eed d\u1ee5ng c\u00e1c \u201ccookie\u201d n\u00e0y \u0111\u1ec3 thu th\u1eadp th\u00f4ng tin v\u00e0 c\u1ea3i thi\u1ec7n D\u1ecbch v\u1ee5 c\u1ee7a ch\u00fang t\u00f4i. B\u1ea1n c\u00f3 t\u00f9y ch\u1ecdn ch\u1ea5p nh\u1eadn ho\u1eb7c t\u1eeb ch\u1ed1i c\u00e1c cookie n\u00e0y v\u00e0 bi\u1ebft khi n\u00e0o cookie \u0111\u01b0\u1ee3c g\u1eedi \u0111\u1ebfn m\u00e1y t\u00ednh c\u1ee7a b\u1ea1n. N\u1ebfu b\u1ea1n ch\u1ecdn t\u1eeb ch\u1ed1i cookie c\u1ee7a ch\u00fang t\u00f4i, b\u1ea1n c\u00f3 th\u1ec3 kh\u00f4ng s\u1eed d\u1ee5ng \u0111\u01b0\u1ee3c m\u1ed9t s\u1ed1 ph\u1ea7n trong D\u1ecbch v\u1ee5 c\u1ee7a ch\u00fang t\u00f4i.<\/p>\n\n\n\n<h2 class=\"wp-block-heading\">C\u00e1c nh\u00e0 cung c\u1ea5p d\u1ecbch v\u1ee5<\/h2>\n\n\n\n<p>Ch\u00fang t\u00f4i c\u00f3 th\u1ec3 tuy\u1ec3n d\u1ee5ng c\u00e1c c\u00f4ng ty v\u00e0 c\u00e1 nh\u00e2n b\u00ean th\u1ee9 ba v\u00ec nh\u1eefng l\u00fd do sau:<\/p>\n\n\n\n<ul class=\"wp-block-list\">\n<li>\u0110\u1ec3 t\u1ea1o \u0111i\u1ec1u ki\u1ec7n thu\u1eadn l\u1ee3i cho D\u1ecbch v\u1ee5 c\u1ee7a ch\u00fang t\u00f4i;<\/li>\n\n\n\n<li>\u0110\u1ec3 cung c\u1ea5p D\u1ecbch v\u1ee5 thay m\u1eb7t ch\u00fang t\u00f4i;<\/li>\n\n\n\n<li>\u0110\u1ec3 th\u1ef1c hi\u1ec7n c\u00e1c d\u1ecbch v\u1ee5 li\u00ean quan \u0111\u1ebfn D\u1ecbch v\u1ee5; ho\u1eb7c<\/li>\n\n\n\n<li>\u0110\u1ec3 h\u1ed7 tr\u1ee3 ch\u00fang t\u00f4i ph\u00e2n t\u00edch c\u00e1ch D\u1ecbch v\u1ee5 c\u1ee7a ch\u00fang t\u00f4i \u0111\u01b0\u1ee3c s\u1eed d\u1ee5ng.<\/li>\n<\/ul>\n\n\n\n<p>Ch\u00fang t\u00f4i mu\u1ed1n th\u00f4ng b\u00e1o cho ng\u01b0\u1eddi d\u00f9ng D\u1ecbch v\u1ee5 c\u1ee7a m\u00ecnh r\u1eb1ng c\u00e1c b\u00ean th\u1ee9 ba n\u00e0y c\u00f3 quy\u1ec1n truy c\u1eadp v\u00e0o Th\u00f4ng tin c\u00e1 nh\u00e2n c\u1ee7a b\u1ea1n. L\u00fd do l\u00e0 \u0111\u1ec3 thay m\u1eb7t ch\u00fang t\u00f4i th\u1ef1c hi\u1ec7n nhi\u1ec7m v\u1ee5 \u0111\u01b0\u1ee3c giao. Tuy nhi\u00ean, h\u1ecd c\u00f3 ngh\u0129a v\u1ee5 kh\u00f4ng ti\u1ebft l\u1ed9 ho\u1eb7c s\u1eed d\u1ee5ng th\u00f4ng tin cho b\u1ea5t k\u1ef3 m\u1ee5c \u0111\u00edch n\u00e0o kh\u00e1c.<\/p>\n\n\n\n<h2 class=\"wp-block-heading\">B\u1ea3o v\u1ec7<\/h2>\n\n\n\n<p>Ch\u00fang t\u00f4i \u0111\u00e1nh gi\u00e1 cao s\u1ef1 tin t\u01b0\u1edfng c\u1ee7a b\u1ea1n trong vi\u1ec7c cung c\u1ea5p cho ch\u00fang t\u00f4i Th\u00f4ng tin c\u00e1 nh\u00e2n c\u1ee7a b\u1ea1n, do \u0111\u00f3 ch\u00fang t\u00f4i \u0111ang c\u1ed1 g\u1eafng s\u1eed d\u1ee5ng c\u00e1c ph\u01b0\u01a1ng ti\u1ec7n \u0111\u01b0\u1ee3c ch\u1ea5p nh\u1eadn v\u1ec1 m\u1eb7t th\u01b0\u01a1ng m\u1ea1i \u0111\u1ec3 b\u1ea3o v\u1ec7 th\u00f4ng tin \u0111\u00f3. Nh\u01b0ng h\u00e3y nh\u1edb r\u1eb1ng kh\u00f4ng c\u00f3 ph\u01b0\u01a1ng th\u1ee9c truy\u1ec1n qua internet ho\u1eb7c ph\u01b0\u01a1ng ph\u00e1p l\u01b0u tr\u1eef \u0111i\u1ec7n t\u1eed n\u00e0o l\u00e0 100% an to\u00e0n v\u00e0 \u0111\u00e1ng tin c\u1eady v\u00e0 ch\u00fang t\u00f4i kh\u00f4ng th\u1ec3 \u0111\u1ea3m b\u1ea3o t\u00ednh b\u1ea3o m\u1eadt tuy\u1ec7t \u0111\u1ed1i c\u1ee7a n\u00f3.<\/p>\n\n\n\n<h2 class=\"wp-block-heading\">Li\u00ean k\u1ebft \u0111\u1ebfn c\u00e1c trang web kh\u00e1c<\/h2>\n\n\n\n<p>D\u1ecbch v\u1ee5 c\u1ee7a ch\u00fang t\u00f4i c\u00f3 th\u1ec3 ch\u1ee9a c\u00e1c li\u00ean k\u1ebft \u0111\u1ebfn c\u00e1c trang web kh\u00e1c. N\u1ebfu b\u1ea1n nh\u1ea5p v\u00e0o li\u00ean k\u1ebft c\u1ee7a b\u00ean th\u1ee9 ba, b\u1ea1n s\u1ebd \u0111\u01b0\u1ee3c d\u1eabn \u0111\u1ebfn trang web \u0111\u00f3. L\u01b0u \u00fd r\u1eb1ng c\u00e1c trang web b\u00ean ngo\u00e0i n\u00e0y kh\u00f4ng do ch\u00fang t\u00f4i \u0111i\u1ec1u h\u00e0nh. Do \u0111\u00f3, ch\u00fang t\u00f4i th\u1ef1c s\u1ef1 khuy\u00ean b\u1ea1n n\u00ean xem l\u1ea1i Ch\u00ednh s\u00e1ch quy\u1ec1n ri\u00eang t\u01b0 c\u1ee7a c\u00e1c trang web n\u00e0y. Ch\u00fang t\u00f4i kh\u00f4ng c\u00f3 quy\u1ec1n ki\u1ec3m so\u00e1t v\u00e0 kh\u00f4ng ch\u1ecbu tr\u00e1ch nhi\u1ec7m v\u1ec1 n\u1ed9i dung, ch\u00ednh s\u00e1ch b\u1ea3o m\u1eadt ho\u1eb7c th\u00f4ng l\u1ec7 c\u1ee7a b\u1ea5t k\u1ef3 trang web ho\u1eb7c d\u1ecbch v\u1ee5 b\u00ean th\u1ee9 ba n\u00e0o.<\/p>\n\n\n\n<p>Quy\u1ec1n ri\u00eang t\u01b0 c\u1ee7a tr\u1ebb em<\/p>\n\n\n\n<p>D\u1ecbch v\u1ee5 c\u1ee7a ch\u00fang t\u00f4i kh\u00f4ng \u0111\u1ec1 c\u1eadp \u0111\u1ebfn b\u1ea5t k\u1ef3 ai d\u01b0\u1edbi 13 tu\u1ed5i. Ch\u00fang t\u00f4i kh\u00f4ng c\u1ed1 \u00fd thu th\u1eadp th\u00f4ng tin nh\u1eadn d\u1ea1ng c\u00e1 nh\u00e2n t\u1eeb tr\u1ebb em d\u01b0\u1edbi 13 tu\u1ed5i. Trong tr\u01b0\u1eddng h\u1ee3p ch\u00fang t\u00f4i ph\u00e1t hi\u1ec7n ra r\u1eb1ng m\u1ed9t \u0111\u1ee9a tr\u1ebb d\u01b0\u1edbi 13 tu\u1ed5i \u0111\u00e3 cung c\u1ea5p th\u00f4ng tin c\u00e1 nh\u00e2n cho ch\u00fang t\u00f4i, ch\u00fang t\u00f4i s\u1ebd x\u00f3a ngay th\u00f4ng tin n\u00e0y kh\u1ecfi m\u00e1y ch\u1ee7 c\u1ee7a m\u00ecnh. N\u1ebfu b\u1ea1n l\u00e0 cha m\u1eb9 ho\u1eb7c ng\u01b0\u1eddi gi\u00e1m h\u1ed9 v\u00e0 b\u1ea1n bi\u1ebft r\u1eb1ng con b\u1ea1n \u0111\u00e3 cung c\u1ea5p th\u00f4ng tin c\u00e1 nh\u00e2n cho ch\u00fang t\u00f4i, vui l\u00f2ng li\u00ean h\u1ec7 v\u1edbi ch\u00fang t\u00f4i \u0111\u1ec3 ch\u00fang t\u00f4i c\u00f3 th\u1ec3 th\u1ef1c hi\u1ec7n c\u00e1c h\u00e0nh \u0111\u1ed9ng c\u1ea7n thi\u1ebft.<\/p>\n\n\n\n<h2 class=\"wp-block-heading\">Nh\u1eefng thay \u0111\u1ed5i \u0111\u1ed1i v\u1edbi Ch\u00ednh s\u00e1ch quy\u1ec1n ri\u00eang t\u01b0 n\u00e0y<\/h2>\n\n\n\n<p>Th\u1ec9nh tho\u1ea3ng ch\u00fang t\u00f4i c\u00f3 th\u1ec3 c\u1eadp nh\u1eadt Ch\u00ednh s\u00e1ch quy\u1ec1n ri\u00eang t\u01b0 c\u1ee7a m\u00ecnh. V\u00ec v\u1eady, ch\u00fang t\u00f4i khuy\u00ean b\u1ea1n n\u00ean xem l\u1ea1i trang n\u00e0y \u0111\u1ecbnh k\u1ef3 \u0111\u1ec3 bi\u1ebft b\u1ea5t k\u1ef3 thay \u0111\u1ed5i n\u00e0o. Ch\u00fang t\u00f4i s\u1ebd th\u00f4ng b\u00e1o cho b\u1ea1n v\u1ec1 b\u1ea5t k\u1ef3 thay \u0111\u1ed5i n\u00e0o b\u1eb1ng c\u00e1ch \u0111\u0103ng Ch\u00ednh s\u00e1ch quy\u1ec1n ri\u00eang t\u01b0 m\u1edbi tr\u00ean trang n\u00e0y. Nh\u1eefng thay \u0111\u1ed5i n\u00e0y c\u00f3 hi\u1ec7u l\u1ef1c ngay l\u1eadp t\u1ee9c sau khi ch\u00fang \u0111\u01b0\u1ee3c \u0111\u0103ng tr\u00ean trang n\u00e0y.<\/p>\n\n\n\n<h2 class=\"wp-block-heading\">Li\u00ean h\u1ec7 ch\u00fang t\u00f4i<\/h2>\n\n\n\n<p>N\u1ebfu b\u1ea1n c\u00f3 b\u1ea5t k\u1ef3 c\u00e2u h\u1ecfi ho\u1eb7c \u0111\u1ec1 xu\u1ea5t n\u00e0o v\u1ec1 Ch\u00ednh s\u00e1ch quy\u1ec1n ri\u00eang t\u01b0 c\u1ee7a ch\u00fang t\u00f4i, \u0111\u1eebng ng\u1ea7n ng\u1ea1i li\u00ean h\u1ec7 v\u1edbi ch\u00fang t\u00f4i.<\/p>","protected":false},"excerpt":{"rendered":"<p>Justmobs operates the\u00a0justmobs.com\u00a0website, which provides the SERVICE. This page is used to inform website visitors regarding our policies with the collection, use, and disclosure of Personal Information if anyone decided to use our Service, the mobzin website. If you choose to use our Service, then you agree to the collection and use of information in [&hellip;]<\/p>\n","protected":false},"author":4,"featured_media":0,"parent":0,"menu_order":0,"comment_status":"closed","ping_status":"open","template":"","meta":{"footnotes":""},"class_list":["post-3","page","type-page","status-publish"],"_links":{"self":[{"href":"https:\/\/justmobs.com\/vi\/wp-json\/wp\/v2\/pages\/3","targetHints":{"allow":["GET"]}}],"collection":[{"href":"https:\/\/justmobs.com\/vi\/wp-json\/wp\/v2\/pages"}],"about":[{"href":"https:\/\/justmobs.com\/vi\/wp-json\/wp\/v2\/types\/page"}],"author":[{"embeddable":true,"href":"https:\/\/justmobs.com\/vi\/wp-json\/wp\/v2\/users\/4"}],"replies":[{"embeddable":true,"href":"https:\/\/justmobs.com\/vi\/wp-json\/wp\/v2\/comments?post=3"}],"version-history":[{"count":2,"href":"https:\/\/justmobs.com\/vi\/wp-json\/wp\/v2\/pages\/3\/revisions"}],"predecessor-version":[{"id":5125,"href":"https:\/\/justmobs.com\/vi\/wp-json\/wp\/v2\/pages\/3\/revisions\/5125"}],"wp:attachment":[{"href":"https:\/\/justmobs.com\/vi\/wp-json\/wp\/v2\/media?parent=3"}],"curies":[{"name":"wp","href":"https:\/\/api.w.org\/{rel}","templated":true}]}}