{"id":4507,"date":"2021-01-15T11:45:26","date_gmt":"2021-01-15T11:45:26","guid":{"rendered":"https:\/\/smartmag.theme-sphere.com\/health\/typography-post-elements\/"},"modified":"2021-01-15T11:45:26","modified_gmt":"2021-01-15T11:45:26","slug":"cac-yeu-to-bai-dang-ve-kieu-chu","status":"publish","type":"page","link":"https:\/\/justmobs.com\/vi\/cac-yeu-to-bai-dang-ve-kieu-chu\/","title":{"rendered":"C\u00e1c y\u1ebfu t\u1ed1 ki\u1ec3u ch\u1eef"},"content":{"rendered":"<p>Trang n\u00e0y hi\u1ec3n th\u1ecb c\u00e1c y\u1ebfu t\u1ed1 li\u00ean quan \u0111\u1ebfn ki\u1ec3u ch\u1eef v\u00e0 v\u0103n b\u1ea3n c\u1ee7a b\u00e0i vi\u1ebft v\u00e0 trang trong tr\u00ecnh ch\u1ec9nh s\u1eeda WordPress m\u1eb7c \u0111\u1ecbnh. B\u1ea1n c\u00f3 th\u1ec3 xem c\u00e1c y\u1ebfu t\u1ed1 kh\u00e1c trong <a href=\"https:\/\/smartmag.theme-sphere.com\/good-news\/welcome-to-the-future-of-wordpress-with-gutenberg\/\" target=\"_blank\" rel=\"noreferrer noopener\"><strong>Ki\u1ec3u Gutenberg<\/strong><\/a> b\u01b0u ki\u1ec7n.<\/p>\n\n\n\n<p>Bu\u1ed3ng ch\u1ee5p \u1ea3nh t\u1eadp th\u1ec3 d\u1ee5c T\u00fai tote Stumptown Banksy, elit l\u00f4 nh\u1ecf freegan sed. Bia th\u1ee7 c\u00f4ng elit seitan <a href=\"#\">b\u00e0i t\u1eadp<\/a>, photo Booth v\u00e0 c\u1ea3i xo\u0103n 8-bit khoai t\u00e2y chi\u00ean t\u1ea1o c\u1ea3m gi\u00e1c l\u1ea1nh l\u1ebdo s\u00e2u s\u1eafc trong ph\u00f2ng l\u00e0m vi\u1ec7c.<\/p>\n\n\n\n<hr class=\"wp-block-separator is-style-wide\"\/>\n\n\n\n<p><strong>1. Tr\u00edch d\u1eabn m\u1eb7c \u0111\u1ecbnh<\/strong><\/p>\n\n\n\n<figure class=\"wp-block-pullquote\"><blockquote><p>Ch\u1ec9 m\u1ed9t ph\u1ea7n t\u01b0 s\u1ed1 ng\u01b0\u1eddi tr\u1ebb tu\u1ed5i c\u00f3 hi\u1ec3u bi\u1ebft v\u1ec1 t\u00e0i ch\u00ednh. B\u1ea1n kh\u00f4ng mu\u1ed1n l\u00e0m h\u1ecd cho\u00e1ng ng\u1ee3p v\u1edbi nh\u1eefng l\u1eddi khuy\u00ean t\u1ed3i t\u1ec7.<\/p><cite>James Matthews<\/cite><\/blockquote><\/figure>\n\n\n\n<p>Ki\u1ec3u tr\u00edch d\u1eabn th\u00f4ng th\u01b0\u1eddng ch\u1ec9 kh\u1ea3 d\u1ee5ng v\u1edbi Tr\u00ecnh so\u1ea1n th\u1ea3o Gutenberg.<\/p>\n\n\n\n<p><strong>2. Tr\u00edch d\u1eabn hi\u1ec7n \u0111\u1ea1i<\/strong><\/p>\n\n\n\n<p>Tr\u00edch d\u1eabn hi\u1ec7n \u0111\u1ea1i c\u00f3 s\u1eb5n trong c\u1ea3 tr\u00ecnh so\u1ea1n th\u1ea3o c\u1ed5 \u0111i\u1ec3n v\u00e0 Gutenberg. Trong tr\u00ecnh so\u1ea1n th\u1ea3o Gutenberg, tr\u00edch d\u1eabn n\u00e0y c\u00f3 s\u1eb5n d\u01b0\u1edbi d\u1ea1ng ki\u1ec3u L\u1edbn, trong khi trong tr\u00ecnh so\u1ea1n th\u1ea3o c\u1ed5 \u0111i\u1ec3n, tr\u00edch d\u1eabn n\u00e0y c\u00f3 s\u1eb5n trong m\u1ee5c Ki\u1ec3u Kh\u00e1c d\u01b0\u1edbi d\u1ea1ng Tr\u00edch d\u1eabn Hi\u1ec7n \u0111\u1ea1i.<\/p>\n\n\n\n<figure class=\"wp-block-pullquote is-style-modern\"><blockquote><p>M\u1ecdi ng\u01b0\u1eddi ngh\u0129 r\u1eb1ng t\u1eadp trung ngh\u0129a l\u00e0 n\u00f3i &quot;c\u00f3&quot; v\u1edbi \u0111i\u1ec1u m\u00ecnh ph\u1ea3i t\u1eadp trung. Nh\u01b0ng th\u1ef1c ra kh\u00f4ng ph\u1ea3i v\u1eady. N\u00f3 ngh\u0129a l\u00e0 n\u00f3i &quot;kh\u00f4ng&quot; v\u1edbi h\u00e0ng tr\u0103m \u00fd t\u01b0\u1edfng hay ho kh\u00e1c. B\u1ea1n ph\u1ea3i l\u1ef1a ch\u1ecdn th\u1eadt k\u1ef9 l\u01b0\u1ee1ng.<\/p><cite>Shane Doe<\/cite><\/blockquote><\/figure>\n\n\n\n<p><strong>3. Tr\u00edch d\u1eabn m\u00e0u<\/strong><\/p>\n\n\n\n<p>B\u1ea1n c\u00f3 th\u1ec3 s\u1eed d\u1ee5ng b\u1ea5t k\u1ef3 t\u00f9y ch\u1ecdn m\u00e0u n\u00e0o cho c\u1ea3 m\u00e0u n\u1ec1n v\u00e0 m\u00e0u ch\u1eef v\u1edbi t\u00f9y ch\u1ecdn n\u00e0y trong Gutenberg.<\/p>\n\n\n\n<figure class=\"wp-block-pullquote has-background has-vivid-red-background-color is-style-solid-color\" style=\"background-color:#00789a\"><blockquote class=\"has-text-color has-white-color\"><p>Ch\u1ec9 m\u1ed9t ph\u1ea7n t\u01b0 s\u1ed1 ng\u01b0\u1eddi tr\u1ebb tu\u1ed5i c\u00f3 hi\u1ec3u bi\u1ebft v\u1ec1 t\u00e0i ch\u00ednh. B\u1ea1n kh\u00f4ng mu\u1ed1n l\u00e0m h\u1ecd cho\u00e1ng ng\u1ee3p v\u1edbi nh\u1eefng l\u1eddi khuy\u00ean t\u1ed3i t\u1ec7.<\/p><cite><span class=\"has-inline-color has-white-color\">Shane Doe<\/span><\/cite><\/blockquote><\/figure>\n\n\n\n<p><strong>4. Blockquote M\u1eb7c \u0111\u1ecbnh<\/strong><\/p>\n\n\n\n<blockquote class=\"wp-block-quote is-layout-flow wp-block-quote-is-layout-flow\"><p>M\u1ecdi ng\u01b0\u1eddi ngh\u0129 r\u1eb1ng t\u1eadp trung ngh\u0129a l\u00e0 n\u00f3i &quot;c\u00f3&quot; v\u1edbi \u0111i\u1ec1u m\u00ecnh ph\u1ea3i t\u1eadp trung. Nh\u01b0ng th\u1ef1c ra kh\u00f4ng ph\u1ea3i v\u1eady. N\u00f3 ngh\u0129a l\u00e0 n\u00f3i &quot;kh\u00f4ng&quot; v\u1edbi h\u00e0ng tr\u0103m \u00fd t\u01b0\u1edfng hay ho kh\u00e1c. B\u1ea1n ph\u1ea3i l\u1ef1a ch\u1ecdn th\u1eadt k\u1ef9 l\u01b0\u1ee1ng.<\/p><cite>Shane Doe<\/cite><\/blockquote>\n\n\n\n<p><strong>5. Blockquote L\u1edbn<\/strong><\/p>\n\n\n\n<blockquote class=\"wp-block-quote is-style-large is-layout-flow wp-block-quote-is-layout-flow\"><p>M\u1ecdi ng\u01b0\u1eddi ngh\u0129 r\u1eb1ng t\u1eadp trung c\u00f3 ngh\u0129a l\u00e0 n\u00f3i &quot;c\u00f3&quot; v\u1edbi \u0111i\u1ec1u m\u00ecnh ph\u1ea3i t\u1eadp trung v\u00e0o. Nh\u01b0ng th\u1ef1c ra kh\u00f4ng ph\u1ea3i v\u1eady. <\/p><\/blockquote>\n\n\n\n<p>Tonx cray commodo, b\u00e0i t\u1eadp m\u00e0 b\u1ea1n c\u00f3 th\u1ec3 ch\u01b0a t\u1eebng nghe \u0111\u1ebfn, r\u00e2u uy t\u00edn. \u1ea2nh t\u1ef1 s\u01b0\u1edbng tr\u00ean iPhone Kickstarter, qu\u1ea7n jean ng\u1eafn gi\u1ea5m u\u1ed1ng fixie consequat.<\/p>\n\n\n\n<hr class=\"wp-block-separator is-style-dots\"\/>\n\n\n\n<figure class=\"wp-block-pullquote alignright\"><blockquote><p>\u0110\u00e2y l\u00e0 m\u1ed9t tr\u00edch d\u1eabn c\u0103n ph\u1ea3i \u0111\u1ec3 hi\u1ec3n th\u1ecb n\u1ed9i dung trong b\u00e0i vi\u1ebft.<\/p><cite>Shane Doe<\/cite><\/blockquote><\/figure>\n\n\n\n<p><strong>Tr\u00edch d\u1eabn c\u0103n ph\u1ea3i<\/strong>. B\u00e1c s\u0129 Spectrum Kilowog Lieberman Flash Gordon Wasp The Rose Guy Gardner Deadpool Sinh ra Master Chief Guardian, Magog Ant-Man.\u201d Metamorpho Trey Langstrom Red Guardian, \u201cHellcat, Jane Foster Betty Brant Stacy X Hellcat Emma Frost Inertia Toad Quasar?\u201d Deadpool, \u201cFancy Dan Crimson Crusader, Carnage White Queen Hyperion.\u201d <\/p>\n\n\n\n<p>Arcanna, thuy\u1ec1n tr\u01b0\u1edfng \u00dd, phoenix, jennifer kale, robbie burchill, \u201choa h\u1ed3ng \u0111\u1ebb tr\u1ee9ng, k\u1ef3 l\u00e2n elektra.\u201d<\/p>\n\n\n\n<h2 class=\"wp-block-heading\">Danh s\u00e1ch b\u00ecnh th\u01b0\u1eddng<\/h2>\n\n\n\n<p>Bu\u1ed3ng ch\u1ee5p \u1ea3nh t\u1eadp th\u1ec3 d\u1ee5c T\u00fai tote Stumptown Banksy, elit l\u00f4 nh\u1ecf freegan sed. Bia th\u1ee7 c\u00f4ng elit seitan&nbsp;<a href=\"#\">b\u00e0i t\u1eadp<\/a>, photo Booth v\u00e0 c\u1ea3i xo\u0103n 8-bit khoai t\u00e2y chi\u00ean t\u1ea1o c\u1ea3m gi\u00e1c l\u1ea1nh l\u1ebdo s\u00e2u s\u1eafc trong ph\u00f2ng l\u00e0m vi\u1ec7c.<\/p>\n\n\n\n<ul class=\"wp-block-list\"><li>Aliquam erat volutpat<\/li><li>K\u00edch th\u00edch bu\u1ed3ng ch\u1ee5p \u1ea3nh Stumptown t\u00fai tote Banksy<\/li><li>C\u00e0 ph\u00ea nguy\u00ean ch\u1ea5t Tempor duis<\/li><li>Magnis dis parturient montes<\/li><\/ul>\n\n\n\n<h2 class=\"wp-block-heading\">Danh s\u00e1ch \u0111\u01b0\u1ee3c \u0111\u00e1nh s\u1ed1<\/h2>\n\n\n\n<p>Plaid stumptown bespoke, biodiesel mini beard High Life incidence retro b\u1ec1n v\u1eefng th\u1eadp ni\u00ean 90 Echo Park Tumblr. Photo booth et 8-bit kale chips proident chillwave deep v laborum.<\/p>\n\n\n\n<ol class=\"wp-block-list\"><li>Aliquam erat volutpat<\/li><li>K\u00edch th\u00edch bu\u1ed3ng ch\u1ee5p \u1ea3nh Stumptown t\u00fai tote Banksy<\/li><li>C\u00e0 ph\u00ea nguy\u00ean ch\u1ea5t Tempor duis<\/li><li>Magnis dis parturient montes<\/li><\/ol>\n\n\n\n<h1 class=\"wp-block-heading\">Ti\u00eau \u0111\u1ec1 1<\/h1>\n\n\n\n<p>Meh synth Schlitz, t\u1ea1m th\u1eddi hai lo\u1ea1i c\u00e0 ph\u00ea nguy\u00ean ch\u1ea5t v\u00e0 m\u1ed9t chi\u1ebfc t\u00fai \u0111eo h\u00f4ng c\u00f3 h\u00ecnh ng\u00f3n tay d\u00e2n t\u1ed9c c\u1ea5p \u0111\u1ed9 ti\u1ebfp theo nostrud.<\/p>\n\n\n\n<h2 class=\"wp-block-heading\">Ti\u00eau \u0111\u1ec1 2<\/h2>\n\n\n\n<p>Sed ut perspiciatis unde omnis iste natus error sit voluptatem acusantium doloremque laudantium, totam rem aperiam, eaque ipsa.<\/p>\n\n\n\n<h3 class=\"wp-block-heading\">Ti\u00eau \u0111\u1ec1 3<\/h3>\n\n\n\n<p>Sed ut perspiciatis unde omnis iste natus error sit voluptatem acusantium doloremque laudantium, totam rem aperiam, eaque ipsa.<\/p>\n\n\n\n<h4 class=\"wp-block-heading\">Ti\u00eau \u0111\u1ec1 4<\/h4>\n\n\n\n<p>T\u00fai tote ch\u1ee5p \u1ea3nh t\u1eadp th\u1ec3 d\u1ee5c Stumptown Banksy, elit l\u00f4 nh\u1ecf freegan sed.<\/p>\n\n\n\n<h5 class=\"wp-block-heading\">Ti\u00eau \u0111\u1ec1 5<\/h5>\n\n\n\n<p>Photo booth ho\u1ea1t h\u00ecnh 8-bit hella, PBR 3 s\u00f3i m\u1eb7t tr\u0103ng r\u00e2u Helvetica.<\/p>\n\n\n\n<h6 class=\"wp-block-heading\">Ti\u00eau \u0111\u1ec1 6<\/h6>\n\n\n\n<p>Meh synth Schlitz, t\u1ea1m th\u1eddi hai lo\u1ea1i c\u00e0 ph\u00ea nguy\u00ean ch\u1ea5t v\u00e0 m\u1ed9t chi\u1ebfc t\u00fai \u0111eo h\u00f4ng c\u00f3 h\u00ecnh ng\u00f3n tay d\u00e2n t\u1ed9c c\u1ea5p \u0111\u1ed9 ti\u1ebfp theo nostrud.<\/p>\n\n\n\n<h3 class=\"wp-block-heading\">C\u00e1c ki\u1ec3u c\u01a1 b\u1ea3n ph\u1ed5 bi\u1ebfn<\/h3>\n\n\n\n<p>\u1ea2nh t\u1eadp th\u1ec3 d\u1ee5c&nbsp;<strong>v\u0103n b\u1ea3n in \u0111\u1eadm<\/strong>&nbsp;t\u00fai tote&nbsp;<em>ch\u1eef nghi\u00eang<\/em>, elit nh\u1ecf m\u00e0u sed.&nbsp;<a href=\"#\">M\u1ed9t li\u00ean k\u1ebft \u1edf \u0111\u00e2y<\/a>&nbsp;seitan th\u01b0\u1ee3ng h\u1ea1ng&nbsp;<a href=\"#\">b\u00e0i t\u1eadp<\/a>, \u1ea3nh&nbsp;<del>g\u1ea1ch ngang<\/del>&nbsp;v\u00e0 m\u00e3 n\u1ed9i tuy\u1ebfn kale 8-bit:&nbsp;<code>strip_tags()<\/code>&nbsp;v\u00e0 ti\u1ebfp t\u1ee5c ti\u1ebfn l\u00ean.<\/p>\n\n\n\n<pre class=\"wp-block-preformatted\">h\u00e0m code_sample($text) { $text = compute_sample($text); tr\u1ea3 v\u1ec1 $text; }<\/pre>\n\n\n\n<p class=\"has-drop-cap\">V\u00ed d\u1ee5 v\u1ec1 ch\u1eef hoa \u0111\u1ea7u d\u00f2ng \u1edf \u0111\u00e2y. Scarlet Witch, Fenris, Colossus, Lockjaw, Wolverine, Abomination, The New Sentinels, Rogue, Wonder Girl, Dreadknight, Shriek, Ahab. Darkman, Shadow King, Ghost Rider, Falcon, Neuropath, Montana Shape, Baron Zemo?<\/p>\n\n\n\n<p>B\u1ea1n \u0111ang t\u00ecm ki\u1ebfm th\u00eam nhi\u1ec1u phong c\u00e1ch v\u00e0 y\u1ebfu t\u1ed1? Xem <a href=\"https:\/\/smartmag.theme-sphere.com\/good-news\/welcome-to-the-future-of-wordpress-with-gutenberg\/\" target=\"_blank\" rel=\"noreferrer noopener\"><strong>Ki\u1ec3u Gutenberg<\/strong><\/a> b\u01b0u ki\u1ec7n.<\/p>","protected":false},"excerpt":{"rendered":"<p>This page shows typography and text related elements of the posts and pages in the default WordPress editor. You can see other elements in the Gutenberg Styles post. Exercitation photo booth stumptown tote bag Banksy, elit small batch freegan sed. Craft beer elit seitan exercitation, photo booth et 8-bit kale chips proident chillwave deep v [&hellip;]<\/p>\n","protected":false},"author":4,"featured_media":0,"parent":0,"menu_order":0,"comment_status":"closed","ping_status":"closed","template":"","meta":{"footnotes":""},"class_list":["post-4507","page","type-page","status-publish"],"_links":{"self":[{"href":"https:\/\/justmobs.com\/vi\/wp-json\/wp\/v2\/pages\/4507","targetHints":{"allow":["GET"]}}],"collection":[{"href":"https:\/\/justmobs.com\/vi\/wp-json\/wp\/v2\/pages"}],"about":[{"href":"https:\/\/justmobs.com\/vi\/wp-json\/wp\/v2\/types\/page"}],"author":[{"embeddable":true,"href":"https:\/\/justmobs.com\/vi\/wp-json\/wp\/v2\/users\/4"}],"replies":[{"embeddable":true,"href":"https:\/\/justmobs.com\/vi\/wp-json\/wp\/v2\/comments?post=4507"}],"version-history":[{"count":0,"href":"https:\/\/justmobs.com\/vi\/wp-json\/wp\/v2\/pages\/4507\/revisions"}],"wp:attachment":[{"href":"https:\/\/justmobs.com\/vi\/wp-json\/wp\/v2\/media?parent=4507"}],"curies":[{"name":"wp","href":"https:\/\/api.w.org\/{rel}","templated":true}]}}